{"id":22,"date":"2019-02-10T10:24:16","date_gmt":"2019-02-10T08:24:16","guid":{"rendered":"https:\/\/blogi.eoppimispalvelut.fi\/blogini\/?page_id=22"},"modified":"2019-03-21T13:32:50","modified_gmt":"2019-03-21T11:32:50","slug":"osaamiseni-ja-kokemukseni","status":"publish","type":"page","link":"https:\/\/blogi.eoppimispalvelut.fi\/blogini\/osaamiseni-ja-kokemukseni\/","title":{"rendered":"Osaamiseni ja kokemukseni"},"content":{"rendered":"<p>&nbsp;<\/p>\n<p>Koulutustaustaltani olen valtiotieteiden maisteri Helsingin yliopistosta, josta valmistuin vuonna 1996 p\u00e4\u00e4aineen ollessa poliittinen historia. Silloinen el\u00e4m\u00e4ntilanteeni johdatteli mut Rovaniemelle ja Lapin yliopistoon, josta valmistuinkin hallintotieteiden maisteriksi vuonna 2000, p\u00e4\u00e4aineena oli hallintotiede. Laajoina sivuaineina olen opiskellut julkisoikeutta (60 op), sosiaalipolitiikkaa (60 op) ja sosiologiaa (60 op). N\u00e4iden lis\u00e4ksi olen suoritanut abrobatur tasoiset opintokokonaisuudet kansantaloustieteest\u00e4, valtio-opista, talous- ja sosiaalihistoriasta sek\u00e4 k\u00e4yt\u00e4nn\u00f6llisest\u00e4 filosofiasta. T\u00e4ll\u00e4 hetkell\u00e4 p\u00e4ivit\u00e4n osaamistani suorittamalla avoimessa yliopistossa kasvatustieteiden perusopintokokonaisuutta.<\/p>\n<p>Ty\u00f6kokemusta on erilaisista kehitt\u00e4mis- ja arviointihankkeista yliopistosta, j\u00e4rjest\u00f6 ja kuntapuolelta. Tutkijana olen ollut vajaa 10 vuotta, sitten on suunnittelijan pestej\u00e4 eri sektoreilta. Olen my\u00f6s t\u00e4ydent\u00e4nyt osaamistani erilaisilla t\u00e4ydennyskoulutuksilla, kuten esimerkiksi projektiosaajakoulutus ja nyt yrit\u00e4n p\u00e4\u00e4st\u00e4 paremmin k\u00e4siksi digiasioihin Lapin ammattikorkeakoulun j\u00e4rjest\u00e4m\u00e4n digiassari-valmennuksen turvin.<\/p>\n<p>Vahvuuksiini kuuluvat tiedon laaja-alainen hallinta, analysointi, ongelmanratkaisukyky sek\u00e4 esiin nousseiden havaintojen ty\u00f6st\u00e4minen sujuvaan ja luettavaan muotoon.<\/p>\n<p>Minulla on hyv\u00e4 tuntemus verkostoty\u00f6n menetelmist\u00e4, hankehallinnointi- ja suunnitteluteht\u00e4vist\u00e4 sek\u00e4 ty\u00f6llisyyden edist\u00e4misen palveluista ja palveluverkostoista. Tietotekniset valmiuteni ovat hyv\u00e4t ja olen tottunut k\u00e4ytt\u00e4m\u00e4\u00e4n ty\u00f6ss\u00e4ni s\u00e4\u00e4nn\u00f6llisesti erilaisia s\u00e4hk\u00f6isi\u00e4 tietokantoja ja rekistereit\u00e4 ja kuten jo totesinkin niin nyt olen p\u00e4ivitt\u00e4m\u00e4ss\u00e4 ajantasalle digitaalisia valmiuksiani.<\/p>\n<p>Voit tutustua my\u00f6s LinkedIn profiiliini:\u00a0<a href=\"https:\/\/www.linkedin.com\/in\/jari-martikainen\/\">https:\/\/www.linkedin.com\/in\/jari-martikainen\/<\/a><\/p>\n","protected":false},"excerpt":{"rendered":"<p>&nbsp; Koulutustaustaltani olen valtiotieteiden maisteri Helsingin yliopistosta, josta valmistuin vuonna 1996 p\u00e4\u00e4aineen ollessa poliittinen historia. Silloinen el\u00e4m\u00e4ntilanteeni johdatteli mut Rovaniemelle ja Lapin yliopistoon, josta valmistuinkin hallintotieteiden maisteriksi vuonna 2000, p\u00e4\u00e4aineena oli hallintotiede. Laajoina sivuaineina olen opiskellut julkisoikeutta (60 op), sosiaalipolitiikkaa (60 op) ja sosiologiaa (60 op). N\u00e4iden lis\u00e4ksi olen suoritanut abrobatur tasoiset opintokokonaisuudet kansantaloustieteest\u00e4, valtio-opista, &hellip; <\/p>\n<p><a class=\"more-link btn\" href=\"https:\/\/blogi.eoppimispalvelut.fi\/blogini\/osaamiseni-ja-kokemukseni\/\">Jatka lukemista<\/a><\/p>\n","protected":false},"author":3624,"featured_media":0,"parent":0,"menu_order":2,"comment_status":"closed","ping_status":"closed","template":"","meta":{"_monsterinsights_skip_tracking":false,"_monsterinsights_sitenote_active":false,"_monsterinsights_sitenote_note":"","_monsterinsights_sitenote_category":0,"footnotes":""},"class_list":["post-22","page","type-page","status-publish","hentry","nodate","item-wrap"],"_links":{"self":[{"href":"https:\/\/blogi.eoppimispalvelut.fi\/blogini\/wp-json\/wp\/v2\/pages\/22","targetHints":{"allow":["GET"]}}],"collection":[{"href":"https:\/\/blogi.eoppimispalvelut.fi\/blogini\/wp-json\/wp\/v2\/pages"}],"about":[{"href":"https:\/\/blogi.eoppimispalvelut.fi\/blogini\/wp-json\/wp\/v2\/types\/page"}],"author":[{"embeddable":true,"href":"https:\/\/blogi.eoppimispalvelut.fi\/blogini\/wp-json\/wp\/v2\/users\/3624"}],"replies":[{"embeddable":true,"href":"https:\/\/blogi.eoppimispalvelut.fi\/blogini\/wp-json\/wp\/v2\/comments?post=22"}],"version-history":[{"count":11,"href":"https:\/\/blogi.eoppimispalvelut.fi\/blogini\/wp-json\/wp\/v2\/pages\/22\/revisions"}],"predecessor-version":[{"id":286,"href":"https:\/\/blogi.eoppimispalvelut.fi\/blogini\/wp-json\/wp\/v2\/pages\/22\/revisions\/286"}],"wp:attachment":[{"href":"https:\/\/blogi.eoppimispalvelut.fi\/blogini\/wp-json\/wp\/v2\/media?parent=22"}],"curies":[{"name":"wp","href":"https:\/\/api.w.org\/{rel}","templated":true}]}}