{"id":112,"date":"2018-05-09T22:24:16","date_gmt":"2018-05-09T19:24:16","guid":{"rendered":"https:\/\/blogi.eoppimispalvelut.fi\/caritakahlos\/?page_id=112"},"modified":"2018-05-18T19:07:05","modified_gmt":"2018-05-18T16:07:05","slug":"112-2","status":"publish","type":"page","link":"https:\/\/blogi.eoppimispalvelut.fi\/caritakahlos\/ensimmainen-hoitotyon-tyoharjoittelujakso-opiskelijan-paivakirja\/112-2\/","title":{"rendered":"&#8220;Min\u00e4 haluan oppia k-a-i-k-e-n&#8221;  ja ensimm\u00e4inen verin\u00e4ytteenotto"},"content":{"rendered":"","protected":true},"excerpt":{"rendered":"","protected":true},"author":2417,"featured_media":0,"parent":72,"menu_order":4,"comment_status":"open","ping_status":"closed","template":"","meta":{"_monsterinsights_skip_tracking":false,"_monsterinsights_sitenote_active":false,"_monsterinsights_sitenote_note":"","_monsterinsights_sitenote_category":0,"footnotes":""},"class_list":["post-112","page","type-page","status-publish","post-password-required","hentry"],"_links":{"self":[{"href":"https:\/\/blogi.eoppimispalvelut.fi\/caritakahlos\/wp-json\/wp\/v2\/pages\/112","targetHints":{"allow":["GET"]}}],"collection":[{"href":"https:\/\/blogi.eoppimispalvelut.fi\/caritakahlos\/wp-json\/wp\/v2\/pages"}],"about":[{"href":"https:\/\/blogi.eoppimispalvelut.fi\/caritakahlos\/wp-json\/wp\/v2\/types\/page"}],"author":[{"embeddable":true,"href":"https:\/\/blogi.eoppimispalvelut.fi\/caritakahlos\/wp-json\/wp\/v2\/users\/2417"}],"replies":[{"embeddable":true,"href":"https:\/\/blogi.eoppimispalvelut.fi\/caritakahlos\/wp-json\/wp\/v2\/comments?post=112"}],"version-history":[{"count":3,"href":"https:\/\/blogi.eoppimispalvelut.fi\/caritakahlos\/wp-json\/wp\/v2\/pages\/112\/revisions"}],"predecessor-version":[{"id":114,"href":"https:\/\/blogi.eoppimispalvelut.fi\/caritakahlos\/wp-json\/wp\/v2\/pages\/112\/revisions\/114"}],"up":[{"embeddable":true,"href":"https:\/\/blogi.eoppimispalvelut.fi\/caritakahlos\/wp-json\/wp\/v2\/pages\/72"}],"wp:attachment":[{"href":"https:\/\/blogi.eoppimispalvelut.fi\/caritakahlos\/wp-json\/wp\/v2\/media?parent=112"}],"curies":[{"name":"wp","href":"https:\/\/api.w.org\/{rel}","templated":true}]}}