{"id":242,"date":"2018-05-27T00:32:54","date_gmt":"2018-05-26T21:32:54","guid":{"rendered":"https:\/\/blogi.eoppimispalvelut.fi\/caritakahlos\/?page_id=242"},"modified":"2018-05-27T00:44:57","modified_gmt":"2018-05-26T21:44:57","slug":"empatiakyky-kun-asetin-itseni-potilaan-asemaan-ja-mietin-milta-minusta-tuntui","status":"publish","type":"page","link":"https:\/\/blogi.eoppimispalvelut.fi\/caritakahlos\/ensimmainen-hoitotyon-tyoharjoittelujakso-opiskelijan-paivakirja\/empatiakyky-kun-asetin-itseni-potilaan-asemaan-ja-mietin-milta-minusta-tuntui\/","title":{"rendered":"Empatiakyky &#8211; kun asetin itseni potilaan asemaan ja mietin, milt\u00e4 minusta tuntui"},"content":{"rendered":"<p><span style=\"color: #000000\">To 24.5.2018 (7-15)<\/span><\/p>\n<p><em>P\u00e4iv\u00e4, jona opin ja harjoittelin taas uutta ja ennenkaikkea tunnistin oman empatiakykyni k\u00e4yt\u00e4nn\u00f6n hoitoty\u00f6ss\u00e4. Illalla sairastuin ik\u00e4v\u00e4kseni vatsatautiin, mink\u00e4 vuoksi my\u00f6s postaus tulee nyt parin p\u00e4iv\u00e4n viiveell\u00e4.<\/em><\/p>\n<p><span style=\"color: #ff00ff\">Sit\u00e4 oli niin kertakaikkisen lamaantunut kun kotiuduin t\u00e4n\u00e4\u00e4n ty\u00f6harjoittelup\u00e4iv\u00e4n j\u00e4lkeen. Muksut k\u00e4vin nappaamassa tarhasta mukaan ja ajelin kotiin. Kotona kuljin huoneesta toiseen yritt\u00e4en saada jotain aikaiseksi, mutta nelj\u00e4 tuntia kulutin tyhj\u00e4\u00e4 toimittaen ja yritt\u00e4en pysytell\u00e4 hereill\u00e4. Kun mukulat (joiksi omia pikku kullannuppuja tykk\u00e4\u00e4n leikkis\u00e4sti kutsua) saatiin peitelty\u00e4 ja pusuteltua s\u00e4nkyihin klo 20 aikaan, olin valmis itsekin y\u00f6unille. P\u00e4\u00e4sin s\u00e4nkyyn ja jumittelin kumminkin sinnill\u00e4 l\u00e4pp\u00e4rill\u00e4 22 asti, kun huono olo yll\u00e4tti ja p\u00e4\u00e4tin iske\u00e4 viimein p\u00e4\u00e4n tyynyyn ja alkaa unille. <\/span><\/p>\n<p><span style=\"color: #ff00ff\">No p\u00e4\u00e4n sain aseteltua tyynyyn, muuta en ehtinyt kun sai juosta <em>oksennus\u00e4mp\u00e4rin<\/em> luokse. Raju kaaressa lent\u00e4v\u00e4 oksennus ei ollut mit\u00e4\u00e4n sen rinnalla, millaisen paniikinomaisen tunteen itse oksentaminen minussa laukaisee. Saa siin\u00e4 puoliso olla aika k\u00e4rpp\u00e4n\u00e4 silittelem\u00e4ss\u00e4 ja rauhoittelemassa kun meik\u00e4l\u00e4inen laatottaa. Sit\u00e4h\u00e4n tulee suusta, nen\u00e4st\u00e4, silmist\u00e4 ja melkein korvistakin &#8211; ja <em>tekee kipe\u00e4\u00e4<\/em> (tietysti kun sit\u00e4 yritt\u00e4\u00e4 pid\u00e4tt\u00e4\u00e4 tulemasta). Eli jonkin vatsataudin olin jostain onnistunut nappaamaan toiveikkaan torstain p\u00e4\u00e4tteeksi ja ilmoittelinkin sitten osaston y\u00f6k\u00f6lle, ettei minua tarvitsisi odotella seuraavana &#8211; eik\u00e4 my\u00f6sk\u00e4\u00e4n sit\u00e4 seuraavana p\u00e4iv\u00e4n\u00e4 aamuvuoroon. Seuraava oksennus tuli klo 1, jonka j\u00e4lkeen sain onneksi nukkua.<\/span><\/p>\n<p><span style=\"color: #ff00ff\">Seuraavana aamuna klo 9 pakkailin sy\u00f6tetyt naperot auton takapenkille ja l\u00e4hdin hakemaan opiskeluterveydenhuollosta sairaslomatodistusta. Olo oli jo parempi, ei en\u00e4\u00e4 oksettanut, mutta muutoin oli kyll\u00e4 jopa krapulaa kuvastava olotila kun jokapaikkaa s\u00e4rki ja olo oli voimaton. Mit\u00e4\u00e4n ei tehnyt mieli, mutta kyll\u00e4 iltaa kohden grillilt\u00e4 haettu hampurilainen upposi hyvin! \ud83d\ude42<\/span><\/p>\n<p><span style=\"color: #ff00ff\">T\u00e4st\u00e4 tulikin nyt t\u00e4mm\u00f6inen &#8220;kokemukseni oksennustaudista&#8221;-postaus, vaikka tarkoituksena oli siltikin laitella yl\u00f6s n\u00e4it\u00e4 torstaina ty\u00f6harjoittelussa tekemi\u00e4ni ja oppimiani asioita. Koska kirjoitan nyt parin p\u00e4iv\u00e4n viiveell\u00e4, en valitettavasti muista l\u00e4hesk\u00e4\u00e4n kaikkea, mit\u00e4 torstaip\u00e4iv\u00e4 piti sis\u00e4ll\u00e4\u00e4n. Mutta ainakin p\u00e4\u00e4sin nyt ensimm\u00e4ist\u00e4 kertaa harjoittelemaan <em><span style=\"color: #000000\">limaimua<\/span>,\u00a0<\/em>eli helpotin potilaan oloa poistamalla paksua limaa suusta ja nielulta siihen tarkoitetulla imulaitteella. Lis\u00e4ksi olin mukana seuraamassa, kun potilaan avanne oli vuotanut ja h\u00e4nelle vaihdettiin uusi <em><span style=\"color: #000000\">avannepussi<\/span><\/em>. <\/span><\/p>\n<p><span style=\"color: #ff00ff\">Henkil\u00f6kohtainen onnistumisen kokemus p\u00e4iv\u00e4ss\u00e4 oli kun sain hyvin huonokuntoisen, mutta hoitajien keskuudessa aggressiiviseksi ja ei-yhteisty\u00f6kykyiseksi mielletyn potilaan rauhoittumaan aamupesujen ajaksi. Olen miettinyt paljon kyseist\u00e4 potilasta ja sit\u00e4, kuinka sekava h\u00e4n mielest\u00e4ni on (&#8220;onko h\u00e4n en\u00e4\u00e4 t\u00e4ss\u00e4 maailmassa&#8221;) ja koska puhe ei suju ja katsekin katsoo jonnekin kaukaisuuteen, on vaikea tiet\u00e4\u00e4 esim. n\u00e4keek\u00f6 h\u00e4n mit\u00e4\u00e4n. Olenkin ottanut asiakseni aina l\u00e4hestyess\u00e4ni t\u00e4t\u00e4 kyseist\u00e4 potilasta <span style=\"color: #000000\"><em>puhuttelemalla h\u00e4nt\u00e4 aina nimell\u00e4. Joka kerta kerron h\u00e4nelle uudelleen, miss\u00e4 h\u00e4n on, kuka min\u00e4 olen ja mit\u00e4 seuraavaksi tehd\u00e4\u00e4n.<\/em> <\/span><\/span><\/p>\n<p><span style=\"color: #ff00ff\">Jotkin tilanteet tai toimenpiteet, vaikkapa ihan nyt n\u00e4m\u00e4 aamupesut tai verenpaineen mittaus voivat tuntua esimerkiksi t\u00e4st\u00e4 potilaasta todella hermostuttavilta ja j\u00e4nnitt\u00e4vilt\u00e4, mik\u00e4 n\u00e4kyy h\u00e4nen koko kehossaan. H\u00e4n j\u00e4ykistyy, vapisee ja k\u00e4det tarraavat tiukasti &#8220;turva&#8221;-otteella nipist\u00e4en, mist\u00e4 hyv\u00e4ns\u00e4 nyt vain otteen saavat! <em><span style=\"color: #000000\">Olen huomannut ett\u00e4 matalalla, rauhallisella \u00e4\u00e4nell\u00e4 ja puhelulla voi p\u00e4\u00e4st\u00e4 pitk\u00e4lle, mutta t\u00e4t\u00e4 voi my\u00f6s tukea turvallisella kosketuksella<\/span>.<\/em> Vahva, hieman painava ja turvallinen silitys p\u00e4\u00e4st\u00e4 ja olkap\u00e4ist\u00e4, hartioista. <\/span><\/p>\n<p><span style=\"color: #ff00ff\">Kun torstai-aamun aamupesussa olin ehk\u00e4p\u00e4 kuudes (!) tilanteeseen pyydetty hoitaja, joista 4 piteli potilasta raajoista (ly\u00f6ntien ja potkujen varalta) ja yksi suoritti pesua, l\u00f6ysin oman paikkani juurikin<em><span style=\"color: #000000\"> potilaan vierelt\u00e4<\/span><\/em> rauhoittelemasta. Olin\u00a0<\/span><span style=\"color: #ff00ff\">\u00e4imistynyt,<\/span><span style=\"color: #ff00ff\">\u00a0kun huomasin huoneeseen tullessani hoitajien keskin\u00e4isen vuorovaikutuksen ja sananvaihdon (esim. &#8220;pid\u00e4 sin\u00e4 siit\u00e4, min\u00e4 otan t\u00e4st\u00e4 ja varokaa voi tulla potkuja ja iskuja&#8221;), mutta kukaan ei miss\u00e4\u00e4n vaiheessa <span style=\"color: #000000\"><em>minun n\u00e4hd\u00e4kseni<\/em><\/span>, huomioinut t\u00e4t\u00e4 pelokasta ja h\u00e4mill\u00e4\u00e4n ollutta i\u00e4k\u00e4st\u00e4 vuodepotilasta! Ja niin min\u00e4 aloitin j\u00e4lleen puhuttelemalla nimell\u00e4, kertomalla miss\u00e4 h\u00e4n on ja mit\u00e4 tehd\u00e4\u00e4n, ett\u00e4 nyt ei ole mit\u00e4\u00e4n h\u00e4t\u00e4\u00e4. Silittelin samalla kun hoitajat piteliv\u00e4t raajoista ja sitten, aivan hetken kuluttua&#8230;\u00a0<\/span><\/p>\n<p><span style=\"color: #ff00ff\">&#8220;<em><span style=\"color: #000000\">Onpas h\u00e4n nyt rauhallinen<\/span>,<\/em>&#8221; toisesta k\u00e4dest\u00e4 potilasta pitelev\u00e4 hoitaja tuumasi. Niinp\u00e4 on, ajattelin ja ihan vain omassa p\u00e4\u00e4ss\u00e4 koin ihan pikkuisen hyv\u00e4\u00e4 mielt\u00e4, kun sain rauhoitettua potilasta ja ajattelin ehk\u00e4 n\u00e4iden muidenkin miettineen, voisiko erilaisella l\u00e4hestymistavalla saada asioita, kuten aamupesua hoidettua paitsi tehokkaasti, my\u00f6s molempia osapuolia tyydytt\u00e4v\u00e4ll\u00e4 lempe\u00e4mm\u00e4ll\u00e4 tavalla.<\/span><\/p>\n<p><span style=\"color: #ff00ff\">Mietin pitk\u00e4\u00e4n viel\u00e4 j\u00e4lkik\u00e4teen tuota tilannetta ja itse\u00e4ni tuon potilaan asemassa. <\/span><\/p>\n<blockquote><p><span style=\"color: #000000\">&#8220;Jos n\u00e4k\u00f6kykyni olisi t\u00e4ysin mennyt. Ehk\u00e4 minulla olisi harhoja, enk\u00e4 todella olisi en\u00e4\u00e4 t\u00e4ysin &#8220;t\u00e4ss\u00e4 maailmassa&#8221;. Ehk\u00e4 n\u00e4kisin vain minua l\u00e4hestyvi\u00e4 mustia varjoja ja tuntisin napakat, puristavat otteet raajoissani. Kiivasta puhetta, tokaisuja ja h\u00e4lin\u00e4\u00e4. Yritt\u00e4isin v\u00e4h\u00e4isill\u00e4 voimillani riuhtoa itse\u00e4ni noiden muukalaisten puristavasta otteesta. Tuntisin, kuinka vaatteitani riuhdottaisiin p\u00e4\u00e4lt\u00e4ni ja jotain m\u00e4rk\u00e4\u00e4 ja ep\u00e4miellytt\u00e4v\u00e4\u00e4 levitet\u00e4\u00e4n iholleni. Myrkky\u00e4k\u00f6 vai jotain muuta? Mit\u00e4 enemm\u00e4n riuhdon, sit\u00e4 voimakkaammin nuo pedot puristavat ja \u00e4\u00e4nih\u00e4lin\u00e4 huonokuuloisissa korvissani voimistuu. Puhuvatko he Ven\u00e4j\u00e4\u00e4? Joku repii housujani kohti nilkkoja! Koko vanha ja v\u00e4synyt ruumiini j\u00e4ykistyy kauhusta; mit\u00e4 n\u00e4m\u00e4 sudet aikovat! Kunnes kuulen nimeni. Onhan se minun nimeni, kyll\u00e4. Yst\u00e4v\u00e4llinen \u00e4\u00e4ni, aivan suomalainen nais\u00e4\u00e4ni puhuu minulle ja kertoo minun olevan *paikassa X*. Vai t\u00e4nne olen joutunut, mitenh\u00e4n siin\u00e4 niin k\u00e4vi&#8230; Jaa ett\u00e4 aamupesuja tekev\u00e4t minulle, kyll\u00e4h\u00e4n se on hyv\u00e4 peseyty\u00e4, milloinhan min\u00e4 viimeksi&#8230; Ja mukavalta tuntuu kyll\u00e4 nyt, rauhallinen silitys p\u00e4\u00e4n p\u00e4\u00e4ll\u00e4 &#8211; aivan kuin lapsuudessa! Ja pesun takia housuja riisuvat&#8230; Ja k\u00e4\u00e4nty\u00e4 pit\u00e4isi nyt kyljelle, voi sent\u00e4\u00e4n! Ahaaa, edelleen mukava nais\u00e4\u00e4ni kertoo ettei tarvitse pel\u00e4t\u00e4, olenkin ihan s\u00e4ngyss\u00e4 ja t\u00e4ss\u00e4 on laita, mik\u00e4 est\u00e4\u00e4 minua putoamasta. Ja k\u00e4si olkap\u00e4\u00e4ll\u00e4ni on otteeltaan niin vankka, ett\u00e4 t\u00e4m\u00e4 varmasti tukee minua, etten kaadu. Minulla taitaakin olla kaikki ihan hyvin, nyt.&#8221;<\/span><\/p><\/blockquote>\n<p><span style=\"color: #ff00ff\">Olin vain todella huojentunut tuosta kokemuksesta. Ymm\u00e4rr\u00e4n hoitoty\u00f6n loputtoman kiireen ja tehokkuuden maksimoinnin ja mit\u00e4 n\u00e4it\u00e4 nyt on. Mutta eik\u00f6 olisi kaikkia osapuolia s\u00e4\u00e4st\u00e4v\u00e4mp\u00e4\u00e4, kun my\u00f6s vuosia ja ehk\u00e4 vuosikymmeni\u00e4 alalla ty\u00f6skennelleet ammattilaiset muistaisivat n\u00e4it\u00e4 meille keltanokillekin paasattuja<span style=\"color: #000000\"> <em>perusjuttuja<\/em><\/span>. Sit\u00e4 ihmisl\u00e4heisyytt\u00e4, empatiakyky\u00e4 ja mahdollisuuksia l\u00e4hesty\u00e4 erialaisia potilaita eri tavoin. Jos en olisi t\u00e4m\u00e4n lyhyen harjoitteluni aikana aiemmin &#8220;tutustunut&#8221; t\u00e4h\u00e4n potilaaseen ja avustanut ja hoitanut h\u00e4nt\u00e4, olisin varmaan ollut my\u00f6s jossain raajassa tai vastaavassa roikkumassa, yritt\u00e4en olla <span style=\"color: #000000\"><em>ty\u00f6ntekij\u00f6ille<\/em><\/span> hy\u00f6dyksi. Mutta koska <span style=\"color: #000000\"><em>potilas<\/em><\/span> oli tullut tutuksi ja n\u00e4in h\u00e4nen eleist\u00e4\u00e4n, ilmeist\u00e4\u00e4n ja kehostaan h\u00e4nen j\u00e4nnityksens\u00e4 tai rauhattomuutensa, olin l\u00e4htenyt ihan perusteista liikkeelle (just n\u00e4m\u00e4 mit\u00e4 ollaan koko 1. lukuvuosi koulussa jaappastu): <span style=\"color: #000000\"><em>vuorovaikutus<\/em> <\/span>(sanaton ja sanallinen viestint\u00e4); <span style=\"color: #000000\"><em>empatiakyky<\/em><\/span>; <span style=\"color: #000000\"><em>turvallisuus<\/em><\/span>; fyysinen vuorovaikutus (rauhallinen kosketus &#8211; rentoutuminen).<\/span><\/p>\n<p><span style=\"color: #ff00ff\">Notta saikut lusittu, huomenna hyv\u00e4 pit\u00e4\u00e4 vapaap\u00e4iv\u00e4 = lepop\u00e4iv\u00e4 ja maanantaina takaisin sorvin \u00e4\u00e4reen! \ud83d\ude42<\/span><\/p>\n<p>&lt;3: C<\/p>\n<p>&nbsp;<\/p>\n","protected":false},"excerpt":{"rendered":"<p>To 24.5.2018 (7-15) P\u00e4iv\u00e4, jona opin ja harjoittelin taas uutta ja ennenkaikkea tunnistin oman empatiakykyni k\u00e4yt\u00e4nn\u00f6n hoitoty\u00f6ss\u00e4. Illalla sairastuin ik\u00e4v\u00e4kseni vatsatautiin, mink\u00e4 vuoksi my\u00f6s postaus tulee nyt parin p\u00e4iv\u00e4n viiveell\u00e4. Sit\u00e4 oli niin kertakaikkisen lamaantunut kun kotiuduin t\u00e4n\u00e4\u00e4n ty\u00f6harjoittelup\u00e4iv\u00e4n j\u00e4lkeen. &hellip; <a href=\"https:\/\/blogi.eoppimispalvelut.fi\/caritakahlos\/ensimmainen-hoitotyon-tyoharjoittelujakso-opiskelijan-paivakirja\/empatiakyky-kun-asetin-itseni-potilaan-asemaan-ja-mietin-milta-minusta-tuntui\/\">Continue reading <span class=\"meta-nav\">&rarr;<\/span><\/a><\/p>\n","protected":false},"author":2417,"featured_media":0,"parent":72,"menu_order":13,"comment_status":"closed","ping_status":"closed","template":"","meta":{"_monsterinsights_skip_tracking":false,"_monsterinsights_sitenote_active":false,"_monsterinsights_sitenote_note":"","_monsterinsights_sitenote_category":0,"footnotes":""},"class_list":["post-242","page","type-page","status-publish","hentry"],"_links":{"self":[{"href":"https:\/\/blogi.eoppimispalvelut.fi\/caritakahlos\/wp-json\/wp\/v2\/pages\/242","targetHints":{"allow":["GET"]}}],"collection":[{"href":"https:\/\/blogi.eoppimispalvelut.fi\/caritakahlos\/wp-json\/wp\/v2\/pages"}],"about":[{"href":"https:\/\/blogi.eoppimispalvelut.fi\/caritakahlos\/wp-json\/wp\/v2\/types\/page"}],"author":[{"embeddable":true,"href":"https:\/\/blogi.eoppimispalvelut.fi\/caritakahlos\/wp-json\/wp\/v2\/users\/2417"}],"replies":[{"embeddable":true,"href":"https:\/\/blogi.eoppimispalvelut.fi\/caritakahlos\/wp-json\/wp\/v2\/comments?post=242"}],"version-history":[{"count":3,"href":"https:\/\/blogi.eoppimispalvelut.fi\/caritakahlos\/wp-json\/wp\/v2\/pages\/242\/revisions"}],"predecessor-version":[{"id":245,"href":"https:\/\/blogi.eoppimispalvelut.fi\/caritakahlos\/wp-json\/wp\/v2\/pages\/242\/revisions\/245"}],"up":[{"embeddable":true,"href":"https:\/\/blogi.eoppimispalvelut.fi\/caritakahlos\/wp-json\/wp\/v2\/pages\/72"}],"wp:attachment":[{"href":"https:\/\/blogi.eoppimispalvelut.fi\/caritakahlos\/wp-json\/wp\/v2\/media?parent=242"}],"curies":[{"name":"wp","href":"https:\/\/api.w.org\/{rel}","templated":true}]}}