{"id":248,"date":"2018-06-02T22:21:42","date_gmt":"2018-06-02T19:21:42","guid":{"rendered":"https:\/\/blogi.eoppimispalvelut.fi\/caritakahlos\/?page_id=248"},"modified":"2018-06-02T22:34:10","modified_gmt":"2018-06-02T19:34:10","slug":"arjen-oravanpyora-repsahdukset-ja-blogin-paivitys-paiva","status":"publish","type":"page","link":"https:\/\/blogi.eoppimispalvelut.fi\/caritakahlos\/ensimmainen-hoitotyon-tyoharjoittelujakso-opiskelijan-paivakirja\/arjen-oravanpyora-repsahdukset-ja-blogin-paivitys-paiva\/","title":{"rendered":"Arjen oravanpy\u00f6r\u00e4, repsahdukset ja &#8220;blogin-p\u00e4ivitys-p\u00e4iv\u00e4&#8221;"},"content":{"rendered":"","protected":true},"excerpt":{"rendered":"","protected":true},"author":2417,"featured_media":0,"parent":72,"menu_order":14,"comment_status":"closed","ping_status":"closed","template":"","meta":{"_monsterinsights_skip_tracking":false,"_monsterinsights_sitenote_active":false,"_monsterinsights_sitenote_note":"","_monsterinsights_sitenote_category":0,"footnotes":""},"class_list":["post-248","page","type-page","status-publish","post-password-required","hentry"],"_links":{"self":[{"href":"https:\/\/blogi.eoppimispalvelut.fi\/caritakahlos\/wp-json\/wp\/v2\/pages\/248","targetHints":{"allow":["GET"]}}],"collection":[{"href":"https:\/\/blogi.eoppimispalvelut.fi\/caritakahlos\/wp-json\/wp\/v2\/pages"}],"about":[{"href":"https:\/\/blogi.eoppimispalvelut.fi\/caritakahlos\/wp-json\/wp\/v2\/types\/page"}],"author":[{"embeddable":true,"href":"https:\/\/blogi.eoppimispalvelut.fi\/caritakahlos\/wp-json\/wp\/v2\/users\/2417"}],"replies":[{"embeddable":true,"href":"https:\/\/blogi.eoppimispalvelut.fi\/caritakahlos\/wp-json\/wp\/v2\/comments?post=248"}],"version-history":[{"count":3,"href":"https:\/\/blogi.eoppimispalvelut.fi\/caritakahlos\/wp-json\/wp\/v2\/pages\/248\/revisions"}],"predecessor-version":[{"id":251,"href":"https:\/\/blogi.eoppimispalvelut.fi\/caritakahlos\/wp-json\/wp\/v2\/pages\/248\/revisions\/251"}],"up":[{"embeddable":true,"href":"https:\/\/blogi.eoppimispalvelut.fi\/caritakahlos\/wp-json\/wp\/v2\/pages\/72"}],"wp:attachment":[{"href":"https:\/\/blogi.eoppimispalvelut.fi\/caritakahlos\/wp-json\/wp\/v2\/media?parent=248"}],"curies":[{"name":"wp","href":"https:\/\/api.w.org\/{rel}","templated":true}]}}