{"id":282,"date":"2018-09-24T12:33:20","date_gmt":"2018-09-24T09:33:20","guid":{"rendered":"https:\/\/blogi.eoppimispalvelut.fi\/caritakahlos\/?page_id=282"},"modified":"2018-09-24T12:49:15","modified_gmt":"2018-09-24T09:49:15","slug":"kevat-2018-perushoidon-tyoharjoittelu-vuodeosastolla","status":"publish","type":"page","link":"https:\/\/blogi.eoppimispalvelut.fi\/caritakahlos\/ensimmainen-hoitotyon-tyoharjoittelujakso-opiskelijan-paivakirja\/kevat-2018-perushoidon-tyoharjoittelu-vuodeosastolla\/","title":{"rendered":"Kev\u00e4t 2018: Perushoidon ty\u00f6harjoittelu vuodeosastolla"},"content":{"rendered":"<p>Kev\u00e4t 2018: Perushoidon ty\u00f6harjoittelu sairaalan vuodeosastolla.<\/p>\n<p><span style=\"color: #ff21a6\">(Hoitoty\u00f6n harjoittelu sosiaali- ja terveydenhuollon toimintaymp\u00e4rist\u00f6iss\u00e4)<\/span><\/p>\n<p><span style=\"color: #ff21a6\">&#8220;Harjoittelun tavoitteet:<\/span><\/p>\n<p><span style=\"color: #ff21a6\"> Osallistut ja toteutat turvallista hoitoty\u00f6t\u00e4 eri toimintaymp\u00e4rist\u00f6iss\u00e4. Toimit hoitoty\u00f6n p\u00e4\u00e4t\u00f6ksentekoprosessin mukaisesti ja osallistut ohjaukseen terveytt\u00e4 edist\u00e4v\u00e4ss\u00e4 hoitoty\u00f6ss\u00e4. Kehit\u00e4t yleisi\u00e4 ty\u00f6el\u00e4m\u00e4taitoja ja saat valmiuksia rakentaa ammatti-identiteetti\u00e4 koulutusammatin osaamis- ja vastuualueiden n\u00e4k\u00f6kulmasta.&#8221;<\/span><\/p>\n<p>T\u00e4st\u00e4 osiosta p\u00e4\u00e4set lukemaan tekstej\u00e4 liittyen ensimm\u00e4iseen ty\u00f6harjoittelujaksooni. Tavoitteena oli harjoitella perushoitoty\u00f6n taitoja ja -toimintoja sairaalan vuodeosastolla.<\/p>\n","protected":false},"excerpt":{"rendered":"<p>Kev\u00e4t 2018: Perushoidon ty\u00f6harjoittelu sairaalan vuodeosastolla. (Hoitoty\u00f6n harjoittelu sosiaali- ja terveydenhuollon toimintaymp\u00e4rist\u00f6iss\u00e4) &#8220;Harjoittelun tavoitteet: Osallistut ja toteutat turvallista hoitoty\u00f6t\u00e4 eri toimintaymp\u00e4rist\u00f6iss\u00e4. Toimit hoitoty\u00f6n p\u00e4\u00e4t\u00f6ksentekoprosessin mukaisesti ja osallistut ohjaukseen terveytt\u00e4 edist\u00e4v\u00e4ss\u00e4 hoitoty\u00f6ss\u00e4. Kehit\u00e4t yleisi\u00e4 ty\u00f6el\u00e4m\u00e4taitoja ja saat valmiuksia rakentaa ammatti-identiteetti\u00e4 koulutusammatin &hellip; <a href=\"https:\/\/blogi.eoppimispalvelut.fi\/caritakahlos\/ensimmainen-hoitotyon-tyoharjoittelujakso-opiskelijan-paivakirja\/kevat-2018-perushoidon-tyoharjoittelu-vuodeosastolla\/\">Continue reading <span class=\"meta-nav\">&rarr;<\/span><\/a><\/p>\n","protected":false},"author":2417,"featured_media":0,"parent":72,"menu_order":0,"comment_status":"closed","ping_status":"closed","template":"","meta":{"_monsterinsights_skip_tracking":false,"_monsterinsights_sitenote_active":false,"_monsterinsights_sitenote_note":"","_monsterinsights_sitenote_category":0,"footnotes":""},"class_list":["post-282","page","type-page","status-publish","hentry"],"_links":{"self":[{"href":"https:\/\/blogi.eoppimispalvelut.fi\/caritakahlos\/wp-json\/wp\/v2\/pages\/282","targetHints":{"allow":["GET"]}}],"collection":[{"href":"https:\/\/blogi.eoppimispalvelut.fi\/caritakahlos\/wp-json\/wp\/v2\/pages"}],"about":[{"href":"https:\/\/blogi.eoppimispalvelut.fi\/caritakahlos\/wp-json\/wp\/v2\/types\/page"}],"author":[{"embeddable":true,"href":"https:\/\/blogi.eoppimispalvelut.fi\/caritakahlos\/wp-json\/wp\/v2\/users\/2417"}],"replies":[{"embeddable":true,"href":"https:\/\/blogi.eoppimispalvelut.fi\/caritakahlos\/wp-json\/wp\/v2\/comments?post=282"}],"version-history":[{"count":4,"href":"https:\/\/blogi.eoppimispalvelut.fi\/caritakahlos\/wp-json\/wp\/v2\/pages\/282\/revisions"}],"predecessor-version":[{"id":292,"href":"https:\/\/blogi.eoppimispalvelut.fi\/caritakahlos\/wp-json\/wp\/v2\/pages\/282\/revisions\/292"}],"up":[{"embeddable":true,"href":"https:\/\/blogi.eoppimispalvelut.fi\/caritakahlos\/wp-json\/wp\/v2\/pages\/72"}],"wp:attachment":[{"href":"https:\/\/blogi.eoppimispalvelut.fi\/caritakahlos\/wp-json\/wp\/v2\/media?parent=282"}],"curies":[{"name":"wp","href":"https:\/\/api.w.org\/{rel}","templated":true}]}}