{"id":295,"date":"2018-09-24T12:53:33","date_gmt":"2018-09-24T09:53:33","guid":{"rendered":"https:\/\/blogi.eoppimispalvelut.fi\/caritakahlos\/?page_id=295"},"modified":"2018-09-24T14:09:22","modified_gmt":"2018-09-24T11:09:22","slug":"esseet-ym","status":"publish","type":"page","link":"https:\/\/blogi.eoppimispalvelut.fi\/caritakahlos\/esseet-ym\/","title":{"rendered":"Esseet ym."},"content":{"rendered":"<p>&#8230;koottuja &#8220;helmi\u00e4&#8221; opintojen ajalta \ud83d\ude00 Olen pyrkinyt liitt\u00e4m\u00e4\u00e4n oheen aina word-tiedoston, kun heitt\u00e4\u00e4 t\u00e4m\u00e4 blogi nuo tekstien asetukset aina v\u00e4h\u00e4n kuinka sattuu \ud83d\ude42<\/p>\n","protected":false},"excerpt":{"rendered":"<p>&#8230;koottuja &#8220;helmi\u00e4&#8221; opintojen ajalta \ud83d\ude00 Olen pyrkinyt liitt\u00e4m\u00e4\u00e4n oheen aina word-tiedoston, kun heitt\u00e4\u00e4 t\u00e4m\u00e4 blogi nuo tekstien asetukset aina v\u00e4h\u00e4n kuinka sattuu \ud83d\ude42<\/p>\n","protected":false},"author":2417,"featured_media":0,"parent":0,"menu_order":0,"comment_status":"closed","ping_status":"closed","template":"","meta":{"_monsterinsights_skip_tracking":false,"_monsterinsights_sitenote_active":false,"_monsterinsights_sitenote_note":"","_monsterinsights_sitenote_category":0,"footnotes":""},"class_list":["post-295","page","type-page","status-publish","hentry"],"_links":{"self":[{"href":"https:\/\/blogi.eoppimispalvelut.fi\/caritakahlos\/wp-json\/wp\/v2\/pages\/295","targetHints":{"allow":["GET"]}}],"collection":[{"href":"https:\/\/blogi.eoppimispalvelut.fi\/caritakahlos\/wp-json\/wp\/v2\/pages"}],"about":[{"href":"https:\/\/blogi.eoppimispalvelut.fi\/caritakahlos\/wp-json\/wp\/v2\/types\/page"}],"author":[{"embeddable":true,"href":"https:\/\/blogi.eoppimispalvelut.fi\/caritakahlos\/wp-json\/wp\/v2\/users\/2417"}],"replies":[{"embeddable":true,"href":"https:\/\/blogi.eoppimispalvelut.fi\/caritakahlos\/wp-json\/wp\/v2\/comments?post=295"}],"version-history":[{"count":3,"href":"https:\/\/blogi.eoppimispalvelut.fi\/caritakahlos\/wp-json\/wp\/v2\/pages\/295\/revisions"}],"predecessor-version":[{"id":357,"href":"https:\/\/blogi.eoppimispalvelut.fi\/caritakahlos\/wp-json\/wp\/v2\/pages\/295\/revisions\/357"}],"wp:attachment":[{"href":"https:\/\/blogi.eoppimispalvelut.fi\/caritakahlos\/wp-json\/wp\/v2\/media?parent=295"}],"curies":[{"name":"wp","href":"https:\/\/api.w.org\/{rel}","templated":true}]}}