{"id":304,"date":"2018-09-24T13:11:56","date_gmt":"2018-09-24T10:11:56","guid":{"rendered":"https:\/\/blogi.eoppimispalvelut.fi\/caritakahlos\/?page_id=304"},"modified":"2018-09-24T13:11:56","modified_gmt":"2018-09-24T10:11:56","slug":"paatoksenteko-kliinisessa-hoitotyossa-tenttisanasto","status":"publish","type":"page","link":"https:\/\/blogi.eoppimispalvelut.fi\/caritakahlos\/esseet-ym\/paatoksenteko-kliinisessa-hoitotyossa-tenttisanasto\/","title":{"rendered":"P\u00e4\u00e4t\u00f6ksenteko kliinisess\u00e4 hoitoty\u00f6ss\u00e4: tenttisanasto"},"content":{"rendered":"<p><a href=\"https:\/\/blogi.eoppimispalvelut.fi\/caritakahlos\/files\/2018\/09\/P\u00e4\u00e4t\u00f6ksenteko-kliinisess\u00e4-hoitoty\u00f6ss\u00e4-sanasto.docx\">P\u00e4\u00e4t\u00f6ksenteko kliinisess\u00e4 hoitoty\u00f6ss\u00e4 sanasto (word)<\/a><\/p>\n","protected":false},"excerpt":{"rendered":"<p>P\u00e4\u00e4t\u00f6ksenteko kliinisess\u00e4 hoitoty\u00f6ss\u00e4 sanasto (word)<\/p>\n","protected":false},"author":2417,"featured_media":0,"parent":295,"menu_order":0,"comment_status":"closed","ping_status":"closed","template":"","meta":{"_monsterinsights_skip_tracking":false,"_monsterinsights_sitenote_active":false,"_monsterinsights_sitenote_note":"","_monsterinsights_sitenote_category":0,"footnotes":""},"class_list":["post-304","page","type-page","status-publish","hentry"],"_links":{"self":[{"href":"https:\/\/blogi.eoppimispalvelut.fi\/caritakahlos\/wp-json\/wp\/v2\/pages\/304","targetHints":{"allow":["GET"]}}],"collection":[{"href":"https:\/\/blogi.eoppimispalvelut.fi\/caritakahlos\/wp-json\/wp\/v2\/pages"}],"about":[{"href":"https:\/\/blogi.eoppimispalvelut.fi\/caritakahlos\/wp-json\/wp\/v2\/types\/page"}],"author":[{"embeddable":true,"href":"https:\/\/blogi.eoppimispalvelut.fi\/caritakahlos\/wp-json\/wp\/v2\/users\/2417"}],"replies":[{"embeddable":true,"href":"https:\/\/blogi.eoppimispalvelut.fi\/caritakahlos\/wp-json\/wp\/v2\/comments?post=304"}],"version-history":[{"count":1,"href":"https:\/\/blogi.eoppimispalvelut.fi\/caritakahlos\/wp-json\/wp\/v2\/pages\/304\/revisions"}],"predecessor-version":[{"id":305,"href":"https:\/\/blogi.eoppimispalvelut.fi\/caritakahlos\/wp-json\/wp\/v2\/pages\/304\/revisions\/305"}],"up":[{"embeddable":true,"href":"https:\/\/blogi.eoppimispalvelut.fi\/caritakahlos\/wp-json\/wp\/v2\/pages\/295"}],"wp:attachment":[{"href":"https:\/\/blogi.eoppimispalvelut.fi\/caritakahlos\/wp-json\/wp\/v2\/media?parent=304"}],"curies":[{"name":"wp","href":"https:\/\/api.w.org\/{rel}","templated":true}]}}