{"id":358,"date":"2018-09-26T00:04:50","date_gmt":"2018-09-25T21:04:50","guid":{"rendered":"https:\/\/blogi.eoppimispalvelut.fi\/caritakahlos\/?page_id=358"},"modified":"2018-09-26T00:04:50","modified_gmt":"2018-09-25T21:04:50","slug":"opparipaivakirja","status":"publish","type":"page","link":"https:\/\/blogi.eoppimispalvelut.fi\/caritakahlos\/opparipaivakirja\/","title":{"rendered":"Opparip\u00e4iv\u00e4kirja"},"content":{"rendered":"<p>26.9.2018<\/p>\n<p><span style=\"color: #ff21aa\">Kes\u00e4ll\u00e4 2018 sain oivallisen mahdollisuuden p\u00e4\u00e4st\u00e4 tekem\u00e4\u00e4n opinn\u00e4ytety\u00f6t\u00e4 er\u00e4\u00e4n opiskelijatoverini kanssa. H\u00e4n opiskelee sairaanhoitajaksi ja on vuotta pidemm\u00e4ll\u00e4 opinnoissa kuin min\u00e4. Olemme aloittaneet opinn\u00e4ytety\u00f6n tekemisen syksyll\u00e4 2018 ja se on t\u00e4ll\u00e4 hetkell\u00e4 siis suunnittelu-vaiheessa. T\u00e4n\u00e4\u00e4n istuimmekin <span style=\"color: #000000\"><strong>V<\/strong><\/span>:n kanssa ensimm\u00e4ist\u00e4 kertaa kasvotusten kirjapinojen keskell\u00e4 n\u00e4pyttelem\u00e4\u00e4n opparirunkoa wordille &#8211; t\u00e4st\u00e4 se sitten l\u00e4htee! \ud83d\ude00<\/span><\/p>\n<p><span style=\"color: #ff21aa\">Opinn\u00e4ytety\u00f6mme aiheeksi olemme valinneet molempia laajasti kiinnostavan aiheen; <em>&#8220;L\u00e4\u00e4kkeett\u00f6mien kivunlievityskeinojen k\u00e4ytt\u00f6 synnytyksess\u00e4 ja niiden vaikutukset synnytyskokemukseen&#8221;<\/em>.<\/span><\/p>\n<p><span style=\"color: #ff21aa\">Tulen p\u00e4ivittelem\u00e4\u00e4n opinn\u00e4ytety\u00f6mme edistymist\u00e4 ja siihen liittyvi\u00e4 ajatuksia my\u00f6hemmin blogissani (tietystikki Oppari-osiossa)! \ud83d\ude42<\/span><\/p>\n","protected":false},"excerpt":{"rendered":"<p>26.9.2018 Kes\u00e4ll\u00e4 2018 sain oivallisen mahdollisuuden p\u00e4\u00e4st\u00e4 tekem\u00e4\u00e4n opinn\u00e4ytety\u00f6t\u00e4 er\u00e4\u00e4n opiskelijatoverini kanssa. H\u00e4n opiskelee sairaanhoitajaksi ja on vuotta pidemm\u00e4ll\u00e4 opinnoissa kuin min\u00e4. Olemme aloittaneet opinn\u00e4ytety\u00f6n tekemisen syksyll\u00e4 2018 ja se on t\u00e4ll\u00e4 hetkell\u00e4 siis suunnittelu-vaiheessa. T\u00e4n\u00e4\u00e4n istuimmekin V:n kanssa ensimm\u00e4ist\u00e4 &hellip; <a href=\"https:\/\/blogi.eoppimispalvelut.fi\/caritakahlos\/opparipaivakirja\/\">Continue reading <span class=\"meta-nav\">&rarr;<\/span><\/a><\/p>\n","protected":false},"author":2417,"featured_media":0,"parent":0,"menu_order":0,"comment_status":"closed","ping_status":"closed","template":"","meta":{"_monsterinsights_skip_tracking":false,"_monsterinsights_sitenote_active":false,"_monsterinsights_sitenote_note":"","_monsterinsights_sitenote_category":0,"footnotes":""},"class_list":["post-358","page","type-page","status-publish","hentry"],"_links":{"self":[{"href":"https:\/\/blogi.eoppimispalvelut.fi\/caritakahlos\/wp-json\/wp\/v2\/pages\/358","targetHints":{"allow":["GET"]}}],"collection":[{"href":"https:\/\/blogi.eoppimispalvelut.fi\/caritakahlos\/wp-json\/wp\/v2\/pages"}],"about":[{"href":"https:\/\/blogi.eoppimispalvelut.fi\/caritakahlos\/wp-json\/wp\/v2\/types\/page"}],"author":[{"embeddable":true,"href":"https:\/\/blogi.eoppimispalvelut.fi\/caritakahlos\/wp-json\/wp\/v2\/users\/2417"}],"replies":[{"embeddable":true,"href":"https:\/\/blogi.eoppimispalvelut.fi\/caritakahlos\/wp-json\/wp\/v2\/comments?post=358"}],"version-history":[{"count":1,"href":"https:\/\/blogi.eoppimispalvelut.fi\/caritakahlos\/wp-json\/wp\/v2\/pages\/358\/revisions"}],"predecessor-version":[{"id":361,"href":"https:\/\/blogi.eoppimispalvelut.fi\/caritakahlos\/wp-json\/wp\/v2\/pages\/358\/revisions\/361"}],"wp:attachment":[{"href":"https:\/\/blogi.eoppimispalvelut.fi\/caritakahlos\/wp-json\/wp\/v2\/media?parent=358"}],"curies":[{"name":"wp","href":"https:\/\/api.w.org\/{rel}","templated":true}]}}