{"id":367,"date":"2018-09-26T00:20:26","date_gmt":"2018-09-25T21:20:26","guid":{"rendered":"https:\/\/blogi.eoppimispalvelut.fi\/caritakahlos\/?page_id=367"},"modified":"2018-09-26T00:20:26","modified_gmt":"2018-09-25T21:20:26","slug":"x-2","status":"publish","type":"page","link":"https:\/\/blogi.eoppimispalvelut.fi\/caritakahlos\/x-2\/","title":{"rendered":"x"},"content":{"rendered":"<p>Voisin tehd\u00e4 mit\u00e4 tahansa enk\u00e4 kumminkaan tee yht\u00e4\u00e4n mit\u00e4\u00e4n.\u00a0Voi miten hauskaa on tehd\u00e4 ihan mit\u00e4 haluaa.<\/p>\n<p><em>\u2013 Muumipappa<\/em><\/p>\n","protected":false},"excerpt":{"rendered":"<p>Voisin tehd\u00e4 mit\u00e4 tahansa enk\u00e4 kumminkaan tee yht\u00e4\u00e4n mit\u00e4\u00e4n.\u00a0Voi miten hauskaa on tehd\u00e4 ihan mit\u00e4 haluaa. \u2013 Muumipappa<\/p>\n","protected":false},"author":2417,"featured_media":0,"parent":0,"menu_order":0,"comment_status":"closed","ping_status":"closed","template":"","meta":{"_monsterinsights_skip_tracking":false,"_monsterinsights_sitenote_active":false,"_monsterinsights_sitenote_note":"","_monsterinsights_sitenote_category":0,"footnotes":""},"class_list":["post-367","page","type-page","status-publish","hentry"],"_links":{"self":[{"href":"https:\/\/blogi.eoppimispalvelut.fi\/caritakahlos\/wp-json\/wp\/v2\/pages\/367","targetHints":{"allow":["GET"]}}],"collection":[{"href":"https:\/\/blogi.eoppimispalvelut.fi\/caritakahlos\/wp-json\/wp\/v2\/pages"}],"about":[{"href":"https:\/\/blogi.eoppimispalvelut.fi\/caritakahlos\/wp-json\/wp\/v2\/types\/page"}],"author":[{"embeddable":true,"href":"https:\/\/blogi.eoppimispalvelut.fi\/caritakahlos\/wp-json\/wp\/v2\/users\/2417"}],"replies":[{"embeddable":true,"href":"https:\/\/blogi.eoppimispalvelut.fi\/caritakahlos\/wp-json\/wp\/v2\/comments?post=367"}],"version-history":[{"count":1,"href":"https:\/\/blogi.eoppimispalvelut.fi\/caritakahlos\/wp-json\/wp\/v2\/pages\/367\/revisions"}],"predecessor-version":[{"id":370,"href":"https:\/\/blogi.eoppimispalvelut.fi\/caritakahlos\/wp-json\/wp\/v2\/pages\/367\/revisions\/370"}],"wp:attachment":[{"href":"https:\/\/blogi.eoppimispalvelut.fi\/caritakahlos\/wp-json\/wp\/v2\/media?parent=367"}],"curies":[{"name":"wp","href":"https:\/\/api.w.org\/{rel}","templated":true}]}}