{"id":1120,"date":"2020-11-09T11:00:01","date_gmt":"2020-11-09T11:00:01","guid":{"rendered":"http:\/\/www.charter-arctic.org\/?page_id=1120"},"modified":"2020-11-09T11:00:01","modified_gmt":"2020-11-09T11:00:01","slug":"moteurs-et-retroaction-des-changements-dans-la-biodiversite-terrestre-de-larctique","status":"publish","type":"page","link":"https:\/\/blogi.eoppimispalvelut.fi\/charterarctic\/suomi-sami-nordic\/moteurs-et-retroaction-des-changements-dans-la-biodiversite-terrestre-de-larctique\/","title":{"rendered":"Moteurs et r\u00e9troaction des changements dans la biodiversit\u00e9 terrestre de l&#8217;Arctique"},"content":{"rendered":"\n<div class=\"wp-block-image\"><figure class=\"alignleft size-large\"><img loading=\"lazy\" decoding=\"async\" width=\"250\" height=\"167\" src=\"http:\/\/www.charter-arctic.org\/wp-content\/uploads\/2020\/11\/french-flag.png\" alt=\"\" class=\"wp-image-1135\" srcset=\"https:\/\/blogi.eoppimispalvelut.fi\/charterarctic\/files\/2020\/11\/french-flag.png 250w, https:\/\/blogi.eoppimispalvelut.fi\/charterarctic\/files\/2020\/11\/french-flag-24x16.png 24w, https:\/\/blogi.eoppimispalvelut.fi\/charterarctic\/files\/2020\/11\/french-flag-36x24.png 36w, https:\/\/blogi.eoppimispalvelut.fi\/charterarctic\/files\/2020\/11\/french-flag-48x32.png 48w\" sizes=\"auto, (max-width: 250px) 100vw, 250px\" \/><\/figure><\/div>\n\n\n\n<p>CHARTER est un projet de recherche financ\u00e9 par le\u00a0programme Horizon 2000 de l\u2019Union Europ\u00e9enne. Il est n\u00e9 du d\u00e9sir que nous avons de mieux appr\u00e9hender les processus responsables des changements rapides du climat et de l\u2019usage des terres que nous observons actuellement dans l\u2019Arctique.<\/p>\n\n\n\n<p>Le nom du projet vient du titre en anglais :&nbsp;<strong>Drivers and Feedbacks of Changes in Arctic Terrestrial Biodiversity<\/strong>, traduit&nbsp;en fran\u00e7ais comme&nbsp;:&nbsp;<strong>Moteurs et r\u00e9troaction des changements dans la biodiversit\u00e9 terrestre de l&#8217;Arctique<\/strong>. Le projet a d\u00e9marr\u00e9 en ao\u00fbt 2020 et sera d\u2019une dur\u00e9e de 4 ans. CHARTER f\u00e9d\u00e8re 21 institutions de recherche \u00e0 travers 9 pays diff\u00e9rents (voir la liste compl\u00e8te&nbsp;<em>ici<\/em>). Le porteur principal de CHARTER est le professeur Bruce Forbes et le projet sera coordonn\u00e9 par Le Centre Arctique de l\u2019Universit\u00e9 de Laponie en Rovaniemi, Finlande.<\/p>\n\n\n\n<p>CHARTER se focalise principalement en l\u2019Europe du Nord et nord-ouest de la Russie. Les changements climatiques et de l\u2019usage des terres ont un fort impact sur la biodiversit\u00e9 de l\u2019Arctique mais \u00e9galement sur la couverture neigeuse et de glace de mer ainsi que le permafrost. En retour, des changements en ces derniers entra\u00eenent d&#8217;autres cons\u00e9quences et r\u00e9troactions sur le climat r\u00e9gional de l&#8217;Arctique.<\/p>\n\n\n\n<p>Ces changements ne rel\u00e8vent pas que de l\u2019int\u00e9r\u00eat acad\u00e9mique. Ils sont particuli\u00e8rement ressentis par tous ceux qui d\u00e9pendent directement des terres de l\u2019Arctique, comme les \u00e9leveurs de rennes. Ceci a \u00e9t\u00e9 tr\u00e8s clairement illustr\u00e9 par l\u2019\u00e9pisode de pluie sur la neige survenue en 2013\/4, provoquant un gel s\u00e9v\u00e8re des p\u00e2turages dans le Yamal, au nord-ouest de la Russie &#8211; la r\u00e9gion d&#8217;\u00e9levage de rennes la plus productive au monde. Suite \u00e0 cet \u00e9pisode de gel, les Nenets \u2013 les \u00e9leveurs de rennes indig\u00e8nes \u2013 ont perdu au moins 61 000 rennes, peut-\u00eatre jusqu&#8217;\u00e0 un cinqui\u00e8me de tous les rennes de cette r\u00e9gion. Certaines familles ont vu tous leurs rennes p\u00e9rir, se retrouvant ainsi \u00e0 d\u00e9pendre enti\u00e8rement de la p\u00eache pour leur subsistance, le temps de reconstituer leurs troupeaux avant qu&#8217;une autre catastrophe similaire ne se produise. De m\u00eame, des mauvaises conditions de p\u00e2turage durant l\u2019hiver de 2012\/20 ont entra\u00een\u00e9 la mort de 15&nbsp;000 rennes en Finlande, avec des cons\u00e9quences financi\u00e8res substantielles et charge de travail consid\u00e9rablement accrue pour les \u00e9leveurs de rennes locaux.<\/p>\n\n\n\n<p>Le renne est, de toute \u00e9vidence, une esp\u00e8ce tr\u00e8s importante pour les \u00e9leveurs et les cultures qui en d\u00e9pendent. C\u2019est \u00e9galement une esp\u00e8ce-cl\u00e9 dans l&#8217;Arctique, et \u00e0 ce titre le renne est essentiel pour fonctionnement des ces \u00e9cosyst\u00e8mes. Par la gestion traditionnelle du p\u00e2turage et ses effets sur la v\u00e9g\u00e9tation, l&#8217;\u00e9levage de rennes comme moyen de subsistance pr\u00e9sente un fort potentiel d&#8217;impact sur les temp\u00e9ratures du permafrost \u00e0 l\u2019\u00e9chelle r\u00e9gionale et, par cons\u00e9quent, sur le climat r\u00e9gional.<\/p>\n\n\n\n<p>L\u2019objectif de CHARTER est de co-d\u00e9velopper des outils, en collaboration \u00e9troite avec les communaut\u00e9s arctiques, pour mieux s&#8217;adapter aux changements du climat et de la biodiversit\u00e9. Pour cela, le projet mobilisera une grande quantit\u00e9 de donn\u00e9es existantes, leur analyse et mod\u00e9lisation conjointes. En particulier, CHARTER remontera le fil du temps pour \u00e9difier une perception \u00e0 court, moyen et long terme, de la biodiversit\u00e9, des dynamiques m\u00e9t\u00e9orologiques et des donn\u00e9es de neige et de glace. Cela permettra de dresser un tableau des changements qui ont eu lieu tout au long de la p\u00e9riode de l&#8217;Holoc\u00e8ne (les 11 000 derni\u00e8res ann\u00e9es). En parall\u00e8le, CHARTER examinera plus en d\u00e9tail ces m\u00eames changements et les facteurs qui les gouvernent au cours des 40 derni\u00e8res ann\u00e9es.<\/p>\n\n\n\n<p>Dans CHARTER les connaissances seront \u00e9galement coproduites avec des \u00e9leveurs locaux et d&#8217;autres praticiens, et le projet co-d\u00e9veloppera de futures voies possibles pour la r\u00e9gion. Le but est de d\u00e9velopper des outils de mod\u00e9lisation capables de mieux prendre en compte les effets sur le climat des moyens de subsistance locaux et des changements de couverture du sol associ\u00e9s. Ceci est important car lorsque les sc\u00e9narios climatiques jusqu&#8217;en 2050 int\u00e8grent aussi les effets des moyens de subsistance appropri\u00e9s, les strat\u00e9gies d&#8217;adaptation au changement dans l\u2019Arctique sont plus faciles \u00e0 co-d\u00e9velopper. L&#8217;ambition est que la prise de d\u00e9cision dans l&#8217;Arctique tienne davantage compte des actions et des moyens de subsistance des communaut\u00e9s locales. Cela permettrait d&#8217;orienter la gestion du territoire arctique vers l&#8217;att\u00e9nuation des changements climatiques et vers le d\u00e9veloppement durable.<\/p>\n\n\n\n<p>CHARTER est compos\u00e9 de 7 \u00ab t\u00e2ches de travail \u00bb, dirig\u00e9es par des chercheurs de toute l&#8217;Europe. Le projet est soutenu par un groupe consultatif compos\u00e9 d&#8217;experts s\u00e9lectionn\u00e9s, repr\u00e9sentant les \u00e9leveurs de rennes, les gestionnaires, les minist\u00e8res concern\u00e9s et ainsi que des professionnels de la communication scientifique.<\/p>\n\n\n\n<div class=\"wp-block-file\"><a href=\"http:\/\/www.charter-arctic.org\/wp-content\/uploads\/2020\/11\/CHARTER-Summary-French.pdf\"><strong>Moteurs et r\u00e9troaction des changements dans la biodiversit\u00e9 terrestre de l&#8217;Arctique<\/strong><\/a><a href=\"http:\/\/www.charter-arctic.org\/wp-content\/uploads\/2020\/11\/CHARTER-Summary-French.pdf\" class=\"wp-block-file__button\" download>Download<\/a><\/div>\n\n\n\n<p><\/p>\n","protected":false},"excerpt":{"rendered":"<p>CHARTER est un projet de recherche financ\u00e9 par le\u00a0programme Horizon 2000 de l\u2019Union Europ\u00e9enne. Il est n\u00e9 du d\u00e9sir que nous avons de mieux appr\u00e9hender les processus responsables des changements rapides du climat et de l\u2019usage des terres que nous observons actuellement dans l\u2019Arctique. Le nom du projet vient du titre en anglais :&nbsp;Drivers and<\/p>\n<p class=\"more-link\"><a href=\"https:\/\/blogi.eoppimispalvelut.fi\/charterarctic\/suomi-sami-nordic\/moteurs-et-retroaction-des-changements-dans-la-biodiversite-terrestre-de-larctique\/\" class=\"themebutton2\">Read More<\/a><\/p>\n","protected":false},"author":49630,"featured_media":1135,"parent":830,"menu_order":0,"comment_status":"closed","ping_status":"closed","template":"","meta":{"footnotes":""},"class_list":["post-1120","page","type-page","status-publish","has-post-thumbnail","hentry"],"_links":{"self":[{"href":"https:\/\/blogi.eoppimispalvelut.fi\/charterarctic\/wp-json\/wp\/v2\/pages\/1120","targetHints":{"allow":["GET"]}}],"collection":[{"href":"https:\/\/blogi.eoppimispalvelut.fi\/charterarctic\/wp-json\/wp\/v2\/pages"}],"about":[{"href":"https:\/\/blogi.eoppimispalvelut.fi\/charterarctic\/wp-json\/wp\/v2\/types\/page"}],"author":[{"embeddable":true,"href":"https:\/\/blogi.eoppimispalvelut.fi\/charterarctic\/wp-json\/wp\/v2\/users\/49630"}],"replies":[{"embeddable":true,"href":"https:\/\/blogi.eoppimispalvelut.fi\/charterarctic\/wp-json\/wp\/v2\/comments?post=1120"}],"version-history":[{"count":0,"href":"https:\/\/blogi.eoppimispalvelut.fi\/charterarctic\/wp-json\/wp\/v2\/pages\/1120\/revisions"}],"up":[{"embeddable":true,"href":"https:\/\/blogi.eoppimispalvelut.fi\/charterarctic\/wp-json\/wp\/v2\/pages\/830"}],"wp:featuredmedia":[{"embeddable":true,"href":"https:\/\/blogi.eoppimispalvelut.fi\/charterarctic\/wp-json\/wp\/v2\/media\/1135"}],"wp:attachment":[{"href":"https:\/\/blogi.eoppimispalvelut.fi\/charterarctic\/wp-json\/wp\/v2\/media?parent=1120"}],"curies":[{"name":"wp","href":"https:\/\/api.w.org\/{rel}","templated":true}]}}