{"id":1241,"date":"2021-02-24T10:51:39","date_gmt":"2021-02-24T10:51:39","guid":{"rendered":"http:\/\/www.charter-arctic.org\/?page_id=1241"},"modified":"2021-02-24T10:51:39","modified_gmt":"2021-02-24T10:51:39","slug":"orsaker-och-aterkopplingar-till-en-foranderlig-terrester-biologisk-mangfald-i-arktis","status":"publish","type":"page","link":"https:\/\/blogi.eoppimispalvelut.fi\/charterarctic\/suomi-sami-nordic\/orsaker-och-aterkopplingar-till-en-foranderlig-terrester-biologisk-mangfald-i-arktis\/","title":{"rendered":"Orsaker och \u00e5terkopplingar till en f\u00f6r\u00e4nderlig terrester biologisk m\u00e5ngfald i Arktis"},"content":{"rendered":"\n<p>CHARTER \u00e4r ett forskningsprojekt som finansieras av Horisont 2020, EU:s ramprogram f\u00f6r forskning och innovation. Ambitionen med CHARTER \u00e4r att b\u00e4ttre f\u00f6rst\u00e5 de processer som leder till snabba f\u00f6r\u00e4ndringar i klimatet och markanv\u00e4ndningen i Arktis.<\/p>\n\n\n\n<p>CHARTER \u00e4r en f\u00f6rkortning av projektets titel: \u201d<em>Drivers and Feedbacks of <strong>Ch<\/strong>anges in <strong>Ar<\/strong>ctic <strong>Ter<\/strong>restrial Biodiversity<\/em>\u201d (Orsaker och \u00e5terkopplingar till en f\u00f6r\u00e4nderlig terrester biologisk m\u00e5ngfald i Arktis). Projektet inleddes i augusti 2020 och kommer att p\u00e5g\u00e5 under 4 \u00e5r. I CHARTER medverkar 21 forskningsinstitutioner i 9 l\u00e4nder (se fullst\u00e4ndig lista <em>h\u00e4r<\/em>). CHARTER samordnas av Arctic Center, Lapplands Universitet i Finland med Professor Bruce Forbes som projektledare.<\/p>\n\n\n\n<p>CHARTERs aktiviteter p\u00e5g\u00e5r fr\u00e4mst i norra Europa och nordv\u00e4stra Ryssland. F\u00f6r\u00e4ndringar i klimat och markanv\u00e4ndning p\u00e5verkar den arktiska biologiska m\u00e5ngfalden, liksom sn\u00f6t\u00e4cke, havsisar och permafrost &#8211; med konsekvenser och \u00e5terkopplingar till regionalt klimat i Arktis.<\/p>\n\n\n\n<p>Dessa f\u00f6r\u00e4ndringar \u00e4r inte bara av akademiskt intresse. De upplevs i synnerhet av m\u00e4nniskor med en naturbaserad markanv\u00e4ndning, s\u00e5som rensk\u00f6tare. Det kanske demonstreras b\u00e4st av den allvarliga isbildningen under vintern 2013\/14 p\u00e5 ett av v\u00e4rldens mest produktiva rensk\u00f6tselomr\u00e5den i Yamal, nordv\u00e4stra Ryssland. Rensk\u00f6tare hos nenetserna f\u00f6rlorade minst 61 000 renar, upp till en femtedel av alla renar i regionen. Vissa familjer f\u00f6rlorade alla sina renar och fick ist\u00e4llet f\u00f6rs\u00f6rja sig p\u00e5 fiske f\u00f6r att kunna stanna kvar p\u00e5 tundran och \u00e5ter bygga upp sina hjordar innan en eventuell ny katastrof. I Finland svalt upp till 15&nbsp;000 renar ihj\u00e4l under de d\u00e5liga vinterbetesf\u00f6rh\u00e5llandena vintern 2019\/20, med stora ekonomiska konsekvenser f\u00f6r rensk\u00f6tarna och en avsev\u00e4rt \u00f6kad arbetsbelastning.<\/p>\n\n\n\n<p>Renar \u00e4r tvekl\u00f6st viktiga f\u00f6r rensk\u00f6tare och deras olika kulturer i Arktis. Renar \u00e4r ocks\u00e5 en ekologisk nyckelart tack vare de stora effekter de har p\u00e5 ekosystemet. Genom att reglera betestrycket kan till\u00e4mpning av rensk\u00f6tsel p\u00e5verka marktemperaturen till och med i permafrostregionen, och bete av vegetation kan p\u00e5verka det regionala klimatet.&nbsp; &nbsp;&nbsp;&nbsp;<\/p>\n\n\n\n<p>I samverkan med lokala samh\u00e4llen i Arktis vill CHARTER utveckla verktyg f\u00f6r b\u00e4ttre anpassning till f\u00f6r\u00e4ndringar i klimat och biologisk m\u00e5ngfald, t. ex. genom gemensam datainsamling, analys och modellering. CHARTER ser bak\u00e5t i tiden f\u00f6r att f\u00f6rst\u00e5 hur biologisk m\u00e5ngfald, klimat, sn\u00f6 och is har f\u00f6r\u00e4ndrats. Med s\u00e4rskilt fokus p\u00e5 Holocen-perioden (de senaste 11 000 \u00e5ren) kommer CHARTER att belysa f\u00f6r\u00e4ndringarna p\u00e5 korta, intermedi\u00e4ra och l\u00e5nga tidsskalor. En mer detaljerad unders\u00f6kning av dessa f\u00f6r\u00e4ndringar och orsaker kommer att g\u00f6ras f\u00f6r de senaste 40 \u00e5ren.<\/p>\n\n\n\n<p>I samarbete med lokala rensk\u00f6tare och andra n\u00e4ringsakt\u00f6rer kommer CHARTER \u00e4ven att producera kunskap om m\u00f6jligheter f\u00f6r regionens framtida utveckling. M\u00e5let \u00e4r att utveckla verktyg f\u00f6r klimatmodeller s\u00e5 att de tar b\u00e4ttre h\u00e4nsyn till klimateffekter&nbsp; \u00e4ven fr\u00e5n lokala n\u00e4ringar och deras tillh\u00f6rande markanv\u00e4ndning. Om klimatscenarier fram till \u00e5r 2050 inkluderar \u00e4ven relevanta n\u00e4ringar i Arktis i ber\u00e4kningarna, blir det enklare att samplanera anpassningsstrategier. Ambitionen \u00e4r en f\u00f6rb\u00e4ttrad h\u00e4nsyn till lokala samh\u00e4llen och n\u00e4ringar i beslutsfattandet i Arktis, f\u00f6r att kunna v\u00e4gleda markanv\u00e4ndningen i Arktis mot en h\u00e5llbar utveckling och begr\u00e4nsad klimatp\u00e5verkan.<\/p>\n\n\n\n<p>CHARTER best\u00e5r av 7 \u201darbetspaket\u201d, som leds av forskare fr\u00e5n hela Europa. Projektet st\u00f6ds av en r\u00e5dgivande grupp best\u00e5ende av utvalda experter som representerar rensk\u00f6tare, beslutsfattare, relevanta ministerier och vetenskapskommunikat\u00f6rer.<\/p>\n\n\n\n<p>Ytterligare information:<\/p>\n\n\n\n<p>Johan Olofsson<\/p>\n\n\n\n<p><a href=\"mailto:Johan.olofsson@umu.se\">Johan.olofsson@umu.se<\/a><\/p>\n\n\n\n<p>+46 90 786 77 04<\/p>\n","protected":false},"excerpt":{"rendered":"<p>CHARTER \u00e4r ett forskningsprojekt som finansieras av Horisont 2020, EU:s ramprogram f\u00f6r forskning och innovation. Ambitionen med CHARTER \u00e4r att b\u00e4ttre f\u00f6rst\u00e5 de processer som leder till snabba f\u00f6r\u00e4ndringar i klimatet och markanv\u00e4ndningen i Arktis. CHARTER \u00e4r en f\u00f6rkortning av projektets titel: \u201dDrivers and Feedbacks of Changes in Arctic Terrestrial Biodiversity\u201d (Orsaker och \u00e5terkopplingar till<\/p>\n<p class=\"more-link\"><a href=\"https:\/\/blogi.eoppimispalvelut.fi\/charterarctic\/suomi-sami-nordic\/orsaker-och-aterkopplingar-till-en-foranderlig-terrester-biologisk-mangfald-i-arktis\/\" class=\"themebutton2\">Read More<\/a><\/p>\n","protected":false},"author":49630,"featured_media":0,"parent":830,"menu_order":-3,"comment_status":"closed","ping_status":"closed","template":"","meta":{"footnotes":""},"class_list":["post-1241","page","type-page","status-publish","hentry"],"_links":{"self":[{"href":"https:\/\/blogi.eoppimispalvelut.fi\/charterarctic\/wp-json\/wp\/v2\/pages\/1241","targetHints":{"allow":["GET"]}}],"collection":[{"href":"https:\/\/blogi.eoppimispalvelut.fi\/charterarctic\/wp-json\/wp\/v2\/pages"}],"about":[{"href":"https:\/\/blogi.eoppimispalvelut.fi\/charterarctic\/wp-json\/wp\/v2\/types\/page"}],"author":[{"embeddable":true,"href":"https:\/\/blogi.eoppimispalvelut.fi\/charterarctic\/wp-json\/wp\/v2\/users\/49630"}],"replies":[{"embeddable":true,"href":"https:\/\/blogi.eoppimispalvelut.fi\/charterarctic\/wp-json\/wp\/v2\/comments?post=1241"}],"version-history":[{"count":0,"href":"https:\/\/blogi.eoppimispalvelut.fi\/charterarctic\/wp-json\/wp\/v2\/pages\/1241\/revisions"}],"up":[{"embeddable":true,"href":"https:\/\/blogi.eoppimispalvelut.fi\/charterarctic\/wp-json\/wp\/v2\/pages\/830"}],"wp:attachment":[{"href":"https:\/\/blogi.eoppimispalvelut.fi\/charterarctic\/wp-json\/wp\/v2\/media?parent=1241"}],"curies":[{"name":"wp","href":"https:\/\/api.w.org\/{rel}","templated":true}]}}