{"id":1284,"date":"2021-03-15T11:18:13","date_gmt":"2021-03-15T11:18:13","guid":{"rendered":"http:\/\/www.charter-arctic.org\/?page_id=1284"},"modified":"2021-03-15T11:18:13","modified_gmt":"2021-03-15T11:18:13","slug":"treiber-und-ruckwirkungen-der-veranderungen-in-der-arktischen-terrestrischen-biodiversitat","status":"publish","type":"page","link":"https:\/\/blogi.eoppimispalvelut.fi\/charterarctic\/suomi-sami-nordic\/treiber-und-ruckwirkungen-der-veranderungen-in-der-arktischen-terrestrischen-biodiversitat\/","title":{"rendered":"Treiber und R\u00fcckwirkungen der Ver\u00e4nderungen in der arktischen terrestrischen Biodiversit\u00e4t"},"content":{"rendered":"\n<p>CHARTER ist ein Forschungsprojekt, das im Rahmen des Programms \u201eHorizon 2020\u201c der Europ\u00e4ischen Union finanziert wird. CHARTER wurde konzipiert mit dem Ziel, die Prozesse, die zu rapiden Klima- und Landnutzungs\u00e4nderungen in der Arktis f\u00fchren, genauer nachzuzeichnen.<\/p>\n\n\n\n<p>Die Abk\u00fcrzung ist dem Projekttitel entlehnt: <em>Drivers and Feedbacks of <strong>CH<\/strong>anges in <strong>AR<\/strong>ctic <strong>TER<\/strong>restrial Biodiversity<\/em>, auf Deutsch: Treiber und R\u00fcckwirkungen der Ver\u00e4nderungen in der arktischen terrestrischen Biodiversit\u00e4t. Das Projekt begann im August 2020, es hat eine Laufzeit von vier Jahren. An CHARTER sind 21 Forschungseinrichtungen in neun L\u00e4ndern beteiligt (die vollst\u00e4ndige Liste finden Sie auf der Seite <u><a href=\"https:\/\/www.charter-arctic.org\/about\/partners\/\" data-type=\"page\" data-id=\"54\">Partners<\/a><\/u>). CHARTER wird vom Arctic Centre an der Universit\u00e4t Lappland koordiniert, der Projektleiter ist Prof. Dr. Bruce Forbes. Adressen finden Sie auf der Seite <u><a href=\"https:\/\/www.charter-arctic.org\/about\/contacts\/\" data-type=\"page\" data-id=\"637\">Contacts<\/a><\/u>.<\/p>\n\n\n\n<p>Der regionale Fokus von CHARTER liegt haupts\u00e4chlich auf Nordeuropa und Nordwestrussland. Klima- und Landnutzungs\u00e4nderungen wirken sich auf die arktische Artenvielfalt sowie auf die Schneedecke, das Meereis und den Permafrost aus. Diese Auswirkungen wiederum f\u00fchren zu weitreichenden anderen Konsequenzen und haben auch R\u00fcckwirkungen auf das arktische Regionalklima.<\/p>\n\n\n\n<p>Diese Ver\u00e4nderungen sind nicht allein von wissenschaftlicher Bedeutung: Sie betreffen all diejenigen, die das Land und die Ressourcen nutzen, beispielsweise die Haushalte, die von der Rentierhaltung leben. Dies zeigte sich besonders deutlich im Winter 2013\/14: anhaltender Regen auf die Schneedecke bzw. den gefrorenen Boden f\u00fchrte zum pl\u00f6tzlichen Vereisen der Rentierweiden in der produktivsten Rentierzuchtregion der Welt, n\u00e4mlich der Region Jamal in Westsibirien. Dabei haben Sch\u00e4tzungen zufolge die dortigen Rentierz\u00fcchter mindestens 61.000 Rentiere verloren (m\u00f6glicherweise sogar ein F\u00fcnftel aller Rentiere in dieser Region). Einige Familien haben alle ihre Rentiere verloren und besch\u00e4ftigen sich mit Fischfang, um in der Tundra zu bleiben, w\u00e4hrend sie versuchen, eine neue Herde aufzubauen. Auch in Finnland f\u00fchrten schlechte Bedingungen auf den Winterweiden 2019\/20 zum Tod von bis zu 15.000 Rentieren, was betr\u00e4chtliche finanzielle Konsequenzen f\u00fcr die Hirten hatte und eine \u00fcberaus hohe Arbeitsbelastung mit sich brachte.<\/p>\n\n\n\n<p>Rentiere spielen eine zentrale Rolle f\u00fcr die Haushalte und die Kulturen, die von ihnen abh\u00e4ngen. Rentiere sind auch eine Schl\u00fcsselspezies in der Arktis; sie sind ein wichtiger Faktor in der Funktion der \u00d6kosysteme. Rentierhaltung als Lebensgrundlage und Landnutzungsstrategie hat das Potenzial, die Temperaturen in der Permafrostregion und (durch die Beeinflussung der Vegetation) das regionale Klima zu beeinflussen.<\/p>\n\n\n\n<p>CHARTER m\u00f6chte gemeinsam mit den Bewohner*innen und Gemeinden im Hohen Norden Instrumente f\u00fcr eine m\u00f6glichst angemessene Anpassung an den Klimawandel und an Ver\u00e4nderungen der Biodiversit\u00e4t entwickeln. Dabei werden \u00fcber die Datenerhebung und Analyse hinaus Szenarien k\u00fcnftiger Entwicklungen formuliert. CHARTER richtet den Blick auf langfristige, mittelfristige und kurzfristige Dynamiken der Biodiversit\u00e4t, der Eis- und Schneeverh\u00e4ltnisse und anderer meteorologischer Daten. Die langfristige Perspektive umfasst die Ver\u00e4nderungen w\u00e4hrend des Holoz\u00e4ns (d.h. der letzten 11.000 Jahre). Der vergleichsweise kurze Zeithorizont der letzten 40 Jahre dient der detaillierten Betrachtung der genannten Faktoren und ihrer Folgen.<\/p>\n\n\n\n<p>Das Team von CHARTER m\u00f6chte <em>gemeinsam<\/em> mit lokalen Landnutzer*innen Wissen schaffen und m\u00f6gliche Strategien f\u00fcr die Zukunft entwerfen. Ziel ist es, Instrumente der Klimamodellierung zu entwickeln, mit denen auch die lokalen Wirtschaftsformen und die damit verbundenen Ver\u00e4nderungen arktischer Landschaften besser ber\u00fccksichtigt werden k\u00f6nnen. Klimaszenarien bis 2050 sollten verst\u00e4rkt relevante Wirtschaftsformen der Arktis miteinbeziehen \u2013 dadurch lassen sich Anpassungsstrategien leichter und effizienter formulieren. Ziel ist, dass politische Entscheidungen in den Regionen der Arktis den Lebensalltag und die Existenzgrundlagen der Bewohner*innen der Arktis besser ber\u00fccksichtigen. Unterst\u00fctzt wird dadurch die st\u00e4rkere Orientierung der Landnutzung auf die Linderung der Folgen des Klimawandels und auf nachhaltige Entwicklung.<\/p>\n\n\n\n<p>CHARTER besteht aus sieben Paketen (<em>work packages<\/em>), die von Forscher*innen aus ganz Europa geleitet werden. Das Projekt wird von einer Berater*innengruppe unterst\u00fctzt. Diese umfasst ausgew\u00e4hlte Expert*innen, Personen, die direkt mit der Rentierhaltung verbunden sind, Administrator*innen, relevante Ministerien und Fachleute f\u00fcr Wissenschaftskommunikation.<\/p>\n\n\n\n<p>Weitere Informationen in dieser Sprache erhalten Sie von:<br \/>J. Otto Habeck: otto.habeck(at)uni-hamburg.de<br \/>Florian Stammler: florian.stammler(at)ulapland.fi<\/p>\n","protected":false},"excerpt":{"rendered":"<p>CHARTER ist ein Forschungsprojekt, das im Rahmen des Programms \u201eHorizon 2020\u201c der Europ\u00e4ischen Union finanziert wird. CHARTER wurde konzipiert mit dem Ziel, die Prozesse, die zu rapiden Klima- und Landnutzungs\u00e4nderungen in der Arktis f\u00fchren, genauer nachzuzeichnen. Die Abk\u00fcrzung ist dem Projekttitel entlehnt: Drivers and Feedbacks of CHanges in ARctic TERrestrial Biodiversity, auf Deutsch: Treiber und<\/p>\n<p class=\"more-link\"><a href=\"https:\/\/blogi.eoppimispalvelut.fi\/charterarctic\/suomi-sami-nordic\/treiber-und-ruckwirkungen-der-veranderungen-in-der-arktischen-terrestrischen-biodiversitat\/\" class=\"themebutton2\">Read More<\/a><\/p>\n","protected":false},"author":49630,"featured_media":0,"parent":830,"menu_order":6,"comment_status":"closed","ping_status":"closed","template":"","meta":{"footnotes":""},"class_list":["post-1284","page","type-page","status-publish","hentry"],"_links":{"self":[{"href":"https:\/\/blogi.eoppimispalvelut.fi\/charterarctic\/wp-json\/wp\/v2\/pages\/1284","targetHints":{"allow":["GET"]}}],"collection":[{"href":"https:\/\/blogi.eoppimispalvelut.fi\/charterarctic\/wp-json\/wp\/v2\/pages"}],"about":[{"href":"https:\/\/blogi.eoppimispalvelut.fi\/charterarctic\/wp-json\/wp\/v2\/types\/page"}],"author":[{"embeddable":true,"href":"https:\/\/blogi.eoppimispalvelut.fi\/charterarctic\/wp-json\/wp\/v2\/users\/49630"}],"replies":[{"embeddable":true,"href":"https:\/\/blogi.eoppimispalvelut.fi\/charterarctic\/wp-json\/wp\/v2\/comments?post=1284"}],"version-history":[{"count":0,"href":"https:\/\/blogi.eoppimispalvelut.fi\/charterarctic\/wp-json\/wp\/v2\/pages\/1284\/revisions"}],"up":[{"embeddable":true,"href":"https:\/\/blogi.eoppimispalvelut.fi\/charterarctic\/wp-json\/wp\/v2\/pages\/830"}],"wp:attachment":[{"href":"https:\/\/blogi.eoppimispalvelut.fi\/charterarctic\/wp-json\/wp\/v2\/media?parent=1284"}],"curies":[{"name":"wp","href":"https:\/\/api.w.org\/{rel}","templated":true}]}}