{"id":1440,"date":"2021-05-27T09:42:15","date_gmt":"2021-05-27T09:42:15","guid":{"rendered":"https:\/\/www.charter-arctic.org\/?page_id=1440"},"modified":"2021-05-27T09:42:15","modified_gmt":"2021-05-27T09:42:15","slug":"drivere-og-responser-pa-endringer-i-terrestrisk-biologisk-mangfold-i-arktis","status":"publish","type":"page","link":"https:\/\/blogi.eoppimispalvelut.fi\/charterarctic\/drivere-og-responser-pa-endringer-i-terrestrisk-biologisk-mangfold-i-arktis\/","title":{"rendered":"Drivere og responser p\u00e5 endringer i terrestrisk biologisk mangfold i Arktis"},"content":{"rendered":"\n<p class=\"has-drop-cap\">CHARTER er et forskningsprosjekt som er finansiert av\u00a0Horizon\u00a02020,\u00a0som er\u00a0EUs rammeprogram for forskning og innovasjon. CHARTER\u00a0oppsto ut fra\u00a0et \u00f8nske om \u00e5 bedre forst\u00e5elsen av\u00a0prosessene som har drevet raske klima- og arealbruksendringer i Arktis. Navnet kommer fra prosjektets tittel: \u201d<em>Drivers\u00a0and Feedbacks\u00a0of<\/em><strong><em>Ch<\/em><\/strong><em>anges\u00a0in\u00a0<strong>Ar<\/strong>ctic\u00a0<\/em><strong><em>Ter<\/em><\/strong><em>restrial Biodiversity\u201d\u00a0<\/em>(Drivere\u00a0og responser\u00a0p\u00e5\u00a0endringer\u00a0i\u00a0terrestrisk biologisk mangfold i Arktis). Prosjektet startet i august 2020 og vil p\u00e5g\u00e5 i 4 \u00e5r. CHARTER involverer 22 forskningsinstitusjoner i 9 land (se hele listen\u00a0<em><a href=\"https:\/\/www.charter-arctic.org\/about\/partners\/\" data-type=\"page\" data-id=\"54\">her<\/a><\/em>). CHARTER koordineres av Arctic Center\u00a0ved\u00a0Lapplands Universitet i Finland,\u00a0og prosjektleder er\u00a0professor\u00a0Bruce Forbes. CHARTER jobber hovedsakelig i Nord-Europa og Nordvest-Russland. Endringer i klima og arealbruk p\u00e5virker arktisk biologisk mangfold, samt sn\u00f8dekke, havis og permafrost, som igjen\u00a0p\u00e5virker\u00a0det arktiske regionale klimaet.<\/p>\n\n\n\n<p>Disse endringene er&nbsp;langt fra kun&nbsp;av akademisk interesse.&nbsp;Endringene&nbsp;merkes&nbsp;spesielt av dem&nbsp;som arbeider&nbsp;med naturbasert arealbruk, slik som reindriftsut\u00f8vere. Dette&nbsp;illustreres&nbsp;kanskje best&nbsp;av&nbsp;den alvorlige&nbsp;hendelsen med ising&nbsp;vinteren&nbsp;2013\/14&nbsp;i&nbsp;verdens mest produktive reindriftsregion&nbsp;Yamal&nbsp;i&nbsp;Nordvest-Russland. Det&nbsp;ansl\u00e5s&nbsp;at&nbsp;Nenets\u2019&nbsp;reineiere p\u00e5&nbsp;Yamal&nbsp;mistet&nbsp;mer enn&nbsp;61&nbsp;000 rein, kanskje s\u00e5 mange som en femtedel av alle reinsdyr i regionen. Noen familier mistet alle&nbsp;reinsdyrene de eide,&nbsp;og har g\u00e5tt tilbake til fiske&nbsp;og jakt&nbsp;for \u00e5 forbli&nbsp;p\u00e5&nbsp;tundraen mens de pr\u00f8ver \u00e5 gjenoppbygge flokkene sine f\u00f8r en&nbsp;eventuell&nbsp;slik katastrofevinter&nbsp;rammer igjen. D\u00e5rlige vinterbeiteforhold vinteren 2019\/20 f\u00f8rte til at hele 15&nbsp;000 rein i Finland d\u00f8de, noe som hadde store \u00f8konomiske konsekvenser for&nbsp;reingjeterne i tillegg til&nbsp;en betydelig \u00f8kt&nbsp;arbeidsbelastning.<\/p>\n\n\n\n<p>Rein er&nbsp;utvilsomt&nbsp;en viktig art for&nbsp;reingjetere&nbsp;og kulturer som er avhengige av den. Rein er ogs\u00e5 en n\u00f8kkelart i Arktis&nbsp;da&nbsp;den&nbsp;har sterk effekt p\u00e5&nbsp;viktige&nbsp;\u00f8kosystemfunksjoner. Ved&nbsp;\u00e5 regulere beitetrykk&nbsp;har reindrift som levebr\u00f8d potensial&nbsp;til&nbsp;\u00e5 p\u00e5virke temperaturen&nbsp;i permafrostregionen,&nbsp;samt&nbsp;regionalt klima&nbsp;gjennom effekter av beite p\u00e5 vegetasjon. CHARTER \u00f8nsker \u00e5 utvikle verkt\u00f8y sammen med arktiske samfunn for&nbsp;\u00e5&nbsp;bedre&nbsp;tilpasningen&nbsp;til&nbsp;endringer i klima og&nbsp;biologisk&nbsp;mangfold. Dette vil skje bl.a.&nbsp;gjennom felles datainnsamling, analyse og modellering. CHARTER&nbsp;ser&nbsp;bakover&nbsp;i tid&nbsp;for \u00e5&nbsp;gi et&nbsp;kort, middels og langt&nbsp;perspektiv&nbsp;p\u00e5&nbsp;endringer i&nbsp;biologisk mangfold, meteorologiske data og sn\u00f8- og&nbsp;isdata. Dette vil&nbsp;gi et bilde p\u00e5&nbsp;endringer&nbsp;i&nbsp;hele&nbsp;varmeperioden&nbsp;etter siste istid&nbsp;(de siste 11&nbsp;000 \u00e5rene).&nbsp;&nbsp;Spesielt fokus vil bli gitt til de&nbsp;siste 40 \u00e5rene.&nbsp;CHARTER vil ogs\u00e5 produsere kunnskap sammen med lokale&nbsp;reingjetere&nbsp;og andre&nbsp;akt\u00f8rer&nbsp;og utvikle&nbsp;mulige&nbsp;fremtidige&nbsp;l\u00f8sninger&nbsp;for regionen&nbsp;basert p\u00e5&nbsp;lokal&nbsp;kunnskap&nbsp;og moderne teknologi.&nbsp;<strong>Et eksempel p\u00e5 dette er innsamling av&nbsp;<\/strong><strong>sn\u00f8pr\u00f8ver<\/strong><strong>&nbsp;fra&nbsp;<\/strong><strong>Yamal<\/strong><strong>&nbsp;i \u00f8st til Troms\u00f8 i vest&nbsp;v\u00e5rvinteren 2021.<\/strong><\/p>\n\n\n\n<p>M\u00e5let&nbsp;for CHARTER&nbsp;er \u00e5 utvikle klimamodelleringsverkt\u00f8y&nbsp;som&nbsp;forbedrer v\u00e5r evne til \u00e5&nbsp;vurdere effekten av&nbsp;klimaendringer p\u00e5&nbsp;lokale&nbsp;n\u00e6ringer&nbsp;og deres arealbruksendringer.&nbsp;N\u00e5r&nbsp;klimascenarioer fram til 2050 ogs\u00e5 tar hensyn til relevante arktiske&nbsp;n\u00e6ringer, er strategiene for tilpasning lettere \u00e5 utvikle&nbsp;i fellesskap. Ambisjonen er at beslutningstaking i Arktis&nbsp;vil ta mer hensyn til aktiviteter i&nbsp;lokalsamfunn og&nbsp;deres n\u00e6ringer.&nbsp;Arktisk&nbsp;arealforvaltning&nbsp;vil dermed kunne bidra b\u00e5de&nbsp;som&nbsp;tiltak&nbsp;for \u00e5&nbsp;dempe klimaoppvarmingen&nbsp;og&nbsp;sikre&nbsp;en&nbsp;b\u00e6rekraftig utvikling&nbsp;for lokalt n\u00e6ringsliv og samfunn.&nbsp;<\/p>\n\n\n\n<p>CHARTER best\u00e5r av&nbsp;syv&nbsp;arbeidspakker&nbsp;som&nbsp;ledes&nbsp;av forskere fra hele Europa. Prosjektet st\u00f8ttes av en r\u00e5dgivende gruppe best\u00e5ende av utvalgte eksperter som representerer reindriftsut\u00f8vere, administratorer, relevante departementer og fagpersoner innen vitenskapskommunikasjon. For mer informasjon p\u00e5&nbsp;norsk, kontakt:&nbsp;<\/p>\n\n\n\n<p>Hans T\u00f8mmervik&nbsp;<\/p>\n\n\n\n<p><a href=\"mailto:hans.tommervik@nina.no\">hans.tommervik (at) nina.no<\/a>&nbsp;<\/p>\n\n\n\n<p><a href=\"https:\/\/www.nina.no\/english\" target=\"_blank\" rel=\"noreferrer noopener\">Norsk institutt for naturforskning &#8211; NINA&nbsp;<\/a><\/p>\n\n\n\n<p>+47 99 16 08 85<\/p>\n","protected":false},"excerpt":{"rendered":"<p>CHARTER er et forskningsprosjekt som er finansiert av\u00a0Horizon\u00a02020,\u00a0som er\u00a0EUs rammeprogram for forskning og innovasjon. CHARTER\u00a0oppsto ut fra\u00a0et \u00f8nske om \u00e5 bedre forst\u00e5elsen av\u00a0prosessene som har drevet raske klima- og arealbruksendringer i Arktis. Navnet kommer fra prosjektets tittel: \u201dDrivers\u00a0and Feedbacks\u00a0ofChanges\u00a0in\u00a0Arctic\u00a0Terrestrial Biodiversity\u201d\u00a0(Drivere\u00a0og responser\u00a0p\u00e5\u00a0endringer\u00a0i\u00a0terrestrisk biologisk mangfold i Arktis). Prosjektet startet i august 2020 og vil p\u00e5g\u00e5 i 4<\/p>\n<p class=\"more-link\"><a href=\"https:\/\/blogi.eoppimispalvelut.fi\/charterarctic\/drivere-og-responser-pa-endringer-i-terrestrisk-biologisk-mangfold-i-arktis\/\" class=\"themebutton2\">Read More<\/a><\/p>\n","protected":false},"author":49630,"featured_media":1441,"parent":0,"menu_order":0,"comment_status":"closed","ping_status":"closed","template":"","meta":{"footnotes":""},"class_list":["post-1440","page","type-page","status-publish","has-post-thumbnail","hentry"],"_links":{"self":[{"href":"https:\/\/blogi.eoppimispalvelut.fi\/charterarctic\/wp-json\/wp\/v2\/pages\/1440","targetHints":{"allow":["GET"]}}],"collection":[{"href":"https:\/\/blogi.eoppimispalvelut.fi\/charterarctic\/wp-json\/wp\/v2\/pages"}],"about":[{"href":"https:\/\/blogi.eoppimispalvelut.fi\/charterarctic\/wp-json\/wp\/v2\/types\/page"}],"author":[{"embeddable":true,"href":"https:\/\/blogi.eoppimispalvelut.fi\/charterarctic\/wp-json\/wp\/v2\/users\/49630"}],"replies":[{"embeddable":true,"href":"https:\/\/blogi.eoppimispalvelut.fi\/charterarctic\/wp-json\/wp\/v2\/comments?post=1440"}],"version-history":[{"count":0,"href":"https:\/\/blogi.eoppimispalvelut.fi\/charterarctic\/wp-json\/wp\/v2\/pages\/1440\/revisions"}],"wp:featuredmedia":[{"embeddable":true,"href":"https:\/\/blogi.eoppimispalvelut.fi\/charterarctic\/wp-json\/wp\/v2\/media\/1441"}],"wp:attachment":[{"href":"https:\/\/blogi.eoppimispalvelut.fi\/charterarctic\/wp-json\/wp\/v2\/media?parent=1440"}],"curies":[{"name":"wp","href":"https:\/\/api.w.org\/{rel}","templated":true}]}}