{"id":1612,"date":"2021-11-17T15:25:55","date_gmt":"2021-11-17T15:25:55","guid":{"rendered":"https:\/\/www.charter-arctic.org\/?page_id=1612"},"modified":"2021-11-17T15:25:55","modified_gmt":"2021-11-17T15:25:55","slug":"lumen-salaisuuksia-ratkomassa","status":"publish","type":"page","link":"https:\/\/blogi.eoppimispalvelut.fi\/charterarctic\/secrets-of-snow\/lumen-salaisuuksia-ratkomassa\/","title":{"rendered":"LUMEN SALAISUUKSIA RATKOMASSA"},"content":{"rendered":"\n<h3 class=\"wp-block-heading\">CHARTER-HANKKEEN KANSALAISHAVAINTOJA LUMESTA<\/h3>\n\n\n\n<p>Lumen p\u00e4\u00e4lle satava vesi ja lumipeitteen j\u00e4\u00e4kerrokset ovat CHARTER- hankkeessa erityisen kiinnostuksen kohteena. J\u00e4iset kerrokset lumipeitteess\u00e4 vaikuttavat kasvien talvehtimisoloihin ja vaikeuttavat el\u00e4inten kaivautumista lumen l\u00e4pi. T\u00e4ll\u00e4 on merkityst\u00e4 my\u00f6s pohjoisen elinkeinoille, etenkin poronhoidolle.<\/p>\n\n\n\n<p>Lumipeitteen kerrosrakenne ja j\u00e4\u00e4kerrokset havaitaan paikan p\u00e4\u00e4ll\u00e4 teht\u00e4vien lumikuoppien avulla. Lumikuoppamittauksia tehd\u00e4\u00e4n vain v\u00e4h\u00e4n ja avointa havaintoaineistoa on huonosti saatavilla. Kansalaishavainnot ovat siksi t\u00e4rkeit\u00e4.<\/p>\n\n\n\n<p>CHARTER kehitt\u00e4\u00e4 vuosina 2021-2024 lumipeitteen kerrosrakenteen havainnointia ja havaintoaineiston avaamista yhteisty\u00f6ss\u00e4 muun muassa Suomen ymp\u00e4rist\u00f6keskuksen ja useiden muiden tutkimushankkeiden kanssa. Havaintojen k\u00e4ytt\u00e4ji\u00e4 ovat satelliiteista teht\u00e4vien lumihavaintojen kehitt\u00e4j\u00e4t sek\u00e4 lumi- ja ilmastomallinnuksen tekij\u00e4t nykyisiss\u00e4 ja tulevissa tutkimushankkeissa. Havaintoaineistoa voivat k\u00e4ytt\u00e4\u00e4 my\u00f6s alueen asukkaat ja elinkeinot, esimerkiksi poronhoitajat.<\/p>\n\n\n\n<h2 class=\"wp-block-heading\"><a rel=\"noreferrer noopener\" href=\"https:\/\/docs.google.com\/document\/d\/1ci0zNMvjC---jPlHjycji3Rvg5_KETNK\/edit?usp=sharing&amp;ouid=115259023418956214907&amp;rtpof=true&amp;sd=true\" target=\"_blank\">Mittausohjeet suomeksi<\/a><\/h2>\n\n\n\n<p>Lumikuoppamittauksia esittelev\u00e4 video l\u00f6ytyy t\u00e4\u00e4lt\u00e4, se esittelee my\u00f6s mittauksiin tarvittavat v\u00e4lineet:<\/p>\n\n\n\n<figure class=\"wp-block-embed is-type-video is-provider-youtube wp-block-embed-youtube wp-embed-aspect-16-9 wp-has-aspect-ratio\"><div class=\"wp-block-embed__wrapper\">\n<iframe loading=\"lazy\" title=\"Lumimittaukset: Mik\u00e4 lumikuoppa on?\" width=\"1170\" height=\"658\" src=\"https:\/\/www.youtube.com\/embed\/cjO2gv9vxLE?feature=oembed\" frameborder=\"0\" allow=\"accelerometer; autoplay; clipboard-write; encrypted-media; gyroscope; picture-in-picture; web-share\" allowfullscreen><\/iframe>\n<\/div><\/figure>\n\n\n\n<p><\/p>\n\n\n\n<figure class=\"wp-block-image size-column1-2\/5\"><img decoding=\"async\" src=\"https:\/\/www.charter-arctic.org\/wp-content\/uploads\/2021\/11\/DSC_5824-1140x456.jpg\" alt=\"\" class=\"wp-image-1620\" \/><figcaption class=\"wp-element-caption\">Lumikuopalla tarvitaan lapiota ja lumensyvyystikkua esittelee Leena Lepp\u00e4nen. Kuva: Philip Burgess<\/figcaption><\/figure>\n\n\n\n<hr class=\"wp-block-separator has-css-opacity\" \/>\n\n\n\n<h2 class=\"wp-block-heading\"><strong>MUITA KANSALAISHAVAINTOJA JA JOUKKOISTAMISTA \u2013 MUKAAN MITTAMAAN!<\/strong><\/h2>\n\n\n\n<h4 class=\"wp-block-heading\"><a href=\"https:\/\/www.syke.fi\/fi-FI\/Ajankohtaista\/Uutiset\/Tutkijat_tiivistavat_yhteistyota__kansal(62802)\" target=\"_blank\" rel=\"noreferrer noopener\">Tutkijat tiivist\u00e4v\u00e4t yhteisty\u00f6t\u00e4 \u2013 kansalaishavainnot Saharan hiekkap\u00f6lyst\u00e4 sek\u00e4 lumesta ja j\u00e4\u00e4st\u00e4 ker\u00e4t\u00e4\u00e4n yhteen tietokantaan<\/a><\/h4>\n\n\n<div class=\"wp-block-image\">\n<figure class=\"aligncenter size-medium\"><img loading=\"lazy\" decoding=\"async\" width=\"300\" height=\"300\" src=\"https:\/\/www.charter-arctic.org\/wp-content\/uploads\/2022\/04\/havaitsemaan_lumen_ominaisuuksia-300x300.png\" alt=\"\" class=\"wp-image-1875\" srcset=\"https:\/\/blogi.eoppimispalvelut.fi\/charterarctic\/files\/2022\/04\/havaitsemaan_lumen_ominaisuuksia-300x300.png 300w, https:\/\/blogi.eoppimispalvelut.fi\/charterarctic\/files\/2022\/04\/havaitsemaan_lumen_ominaisuuksia-150x150.png 150w, https:\/\/blogi.eoppimispalvelut.fi\/charterarctic\/files\/2022\/04\/havaitsemaan_lumen_ominaisuuksia-24x24.png 24w, https:\/\/blogi.eoppimispalvelut.fi\/charterarctic\/files\/2022\/04\/havaitsemaan_lumen_ominaisuuksia-36x36.png 36w, https:\/\/blogi.eoppimispalvelut.fi\/charterarctic\/files\/2022\/04\/havaitsemaan_lumen_ominaisuuksia-48x48.png 48w, https:\/\/blogi.eoppimispalvelut.fi\/charterarctic\/files\/2022\/04\/havaitsemaan_lumen_ominaisuuksia.png 600w\" sizes=\"auto, (max-width: 300px) 100vw, 300px\" \/><figcaption class=\"wp-element-caption\"><a href=\"https:\/\/wwwi.ymparisto.fi\/citobs\/html_wintermon_iceinsnow_service_code_202203171301502_CURRENT.html\" target=\"_blank\" rel=\"noreferrer noopener\">Lumipeitteen ominaisuuksien ilmoittaminen: Esimerkiksi lumipeitteen sis\u00e4ll\u00e4 olevat kovat kerrokset ja lumen v\u00e4ri<\/a><\/figcaption><\/figure>\n<\/div>\n\n\n<h5 class=\"wp-block-heading\">Lumipeitteen yksinkertaista havainnointia Talviseuranta -lomakkeen kautta:<\/h5>\n\n\n\n<p><a href=\"https:\/\/www.syke.fi\/fi-FI\/Kansalaishavainnot\/Kampanjat\/SYKEn_kampanjat\/Talviseuranta__talven_etenemisen_kansala(47622)\" target=\"_blank\" rel=\"noreferrer noopener\">https:\/\/www.syke.fi\/fi-FI\/Kansalaishavainnot\/Kampanjat\/SYKEn_kampanjat\/Talviseuranta__talven_etenemisen_kansala(47622)<\/a><\/p>\n\n\n\n<h5 class=\"wp-block-heading\">Havaintoja voi l\u00e4hett\u00e4\u00e4 my\u00f6s t\u00e4m\u00e4n verkkosivun kautta:<\/h5>\n\n\n\n<p><a href=\"https:\/\/www.syke.fi\/fi-FI\/Kansalaishavainnot\/Kampanjat\/SYKEn_kampanjat\/Talviseuranta__talven_etenemisen_kansala(47622)\" target=\"_blank\" rel=\"noreferrer noopener\">https:\/\/www.syke.fi\/fi-FI\/Kansalaishavainnot\/Kampanjat\/SYKEn_kampanjat\/Talviseuranta__talven_etenemisen_kansala(47622)<\/a><\/p>\n\n\n\n<h5 class=\"wp-block-heading\">Lis\u00e4\u00e4 SYKE:n kansalaishavaintokampanjoista:<\/h5>\n\n\n\n<p><a href=\"https:\/\/www.syke.fi\/fi-FI\/Kansalaishavainnot\/Kampanjat\/SYKEn_kampanjat\/Talviseuranta__talven_etenemisen_kansala(47622)\">https:\/\/www.ymparisto.fi\/fi-FI\/Kansalaishavainnot\/Kampanjat\/SYKEn_kampanjat\/SYKEn_kansalaishavaintokampanjat(47772)<\/a><\/p>\n\n\n\n<h5 class=\"wp-block-heading\">Lis\u00e4\u00e4 luontohavaintojen jakamisesta (Suomen lajitietokeskus, Luonnonvarakeskus, BirdLife Suomi, Ymp\u00e4rist\u00f6ministeri\u00f6, Riistakeskus):<\/h5>\n\n\n\n<p><a href=\"https:\/\/www.syke.fi\/fi-FI\/Kansalaishavainnot\/Ilmoita_luontohavaintosi\/Ilmoita_luontohavaintosi(46634)\" target=\"_blank\" rel=\"noreferrer noopener\">https:\/\/www.syke.fi\/fi-FI\/Kansalaishavainnot\/Ilmoita_luontohavaintosi\/Ilmoita_luontohavaintosi(46634)<\/a><\/p>\n\n\n\n<h5 class=\"wp-block-heading\">Ilmoita lumivy\u00f6ryst\u00e4 Ilmatieteen laitokselle:<\/h5>\n\n\n\n<p><a href=\"https:\/\/www.ilmatieteenlaitos.fi\/ilmoita-lumivyoryhavainnoista\" target=\"_blank\" rel=\"noreferrer noopener\">https:\/\/www.ilmatieteenlaitos.fi\/ilmoita-lumivyoryhavainnoista<\/a><\/p>\n\n\n\n<h5 class=\"wp-block-heading\">Lajihavaintoja, iNaturalist:<\/h5>\n\n\n\n<p><a href=\"https:\/\/www.inaturalist.org\/\" target=\"_blank\" rel=\"noreferrer noopener\">https:\/\/www.inaturalist.org\/<\/a><\/p>\n\n\n\n<h5 class=\"wp-block-heading\">\u00c4\u00e4ri-ilmi\u00f6iden kansalaishavaintoja, Local Environmental Observer (LEO) network:<\/h5>\n\n\n\n<p>&nbsp;<a rel=\"noreferrer noopener\" href=\"https:\/\/www.leonetwork.org\/en\" target=\"_blank\">https:\/\/www.leonetwork.org\/en<\/a><\/p>\n\n\n\n<figure class=\"wp-block-gallery has-nested-images columns-default is-cropped wp-block-gallery-1 is-layout-flex wp-block-gallery-is-layout-flex\">\n<figure class=\"wp-block-image size-large\"><img decoding=\"async\" data-id=\"1628\" src=\"https:\/\/www.charter-arctic.org\/wp-content\/uploads\/2021\/11\/Jouko_Kumpula_Kaldoaivi_2020-800x600.jpg\" alt=\"\" class=\"wp-image-1628\" \/><figcaption class=\"wp-element-caption\">Maan pintaan syntyv\u00e4 j\u00e4inen lumikerros aiheuttaa ongelmia poroille ja poronhoitajille. Kuva: Jouko Kumpula<\/figcaption><\/figure>\n\n\n\n<figure class=\"wp-block-image size-large\"><img decoding=\"async\" data-id=\"1629\" src=\"https:\/\/www.charter-arctic.org\/wp-content\/uploads\/2021\/11\/kilpisjarvi2_srasmus-800x600.jpg\" alt=\"\" class=\"wp-image-1629\" \/><figcaption class=\"wp-element-caption\">Lumi antaa oman mausteensa talviautoiluun. Kuva: Sirpa Rasmus<\/figcaption><\/figure>\n\n\n\n<figure class=\"wp-block-image size-large\"><img decoding=\"async\" data-id=\"1615\" src=\"https:\/\/www.charter-arctic.org\/wp-content\/uploads\/2021\/11\/DSC_5800-800x530.jpg\" alt=\"\" class=\"wp-image-1615\" \/><figcaption class=\"wp-element-caption\">Py\u00f6ristyneit\u00e4 lumikiteit\u00e4&nbsp;lumipeitteen keskiosasta.&nbsp;Kuva: Philip Burgess<\/figcaption><\/figure>\n\n\n\n<figure class=\"wp-block-image size-large\"><img decoding=\"async\" data-id=\"1630\" src=\"https:\/\/www.charter-arctic.org\/wp-content\/uploads\/2021\/11\/kilpisjarvi3_srasmus-800x600.jpg\" alt=\"\" class=\"wp-image-1630\" \/><figcaption class=\"wp-element-caption\">Tuuli, aurinko ja y\u00f6pakkaset ovat muokanneet kev\u00e4ttalven lumipeitett\u00e4. Kuva: Sirpa Rasmus<\/figcaption><\/figure>\n\n\n\n<figure class=\"wp-block-image size-large\"><img decoding=\"async\" data-id=\"1649\" src=\"https:\/\/www.charter-arctic.org\/wp-content\/uploads\/2021\/12\/20160313_135341-800x450.jpg\" alt=\"\" class=\"wp-image-1649\" \/><figcaption class=\"wp-element-caption\">Tykkylunta on ker\u00e4\u00e4ntynyt puihin tunturin p\u00e4\u00e4ll\u00e4. Kuva: Leena Lepp\u00e4nen<\/figcaption><\/figure>\n\n\n\n<figure class=\"wp-block-image size-large\"><img decoding=\"async\" data-id=\"1650\" src=\"https:\/\/www.charter-arctic.org\/wp-content\/uploads\/2021\/12\/20200402_114039-600x800.jpg\" alt=\"\" class=\"wp-image-1650\" \/><figcaption class=\"wp-element-caption\">J\u00e4niksen j\u00e4ljet n\u00e4kyv\u00e4t hyvin pehme\u00e4ss\u00e4 lumessa. Automaattinen lumensyvyysmittaus on j\u00e4\u00e4nyt sivuun j\u00e4niksen reitilt\u00e4. Kuva: Ilmatieteen laitos, Leena Lepp\u00e4nen<\/figcaption><\/figure>\n\n\n\n<figure class=\"wp-block-image size-large\"><img decoding=\"async\" data-id=\"1651\" src=\"https:\/\/www.charter-arctic.org\/wp-content\/uploads\/2021\/12\/IMG_3142-800x600.jpg\" alt=\"\" class=\"wp-image-1651\" \/><figcaption class=\"wp-element-caption\">Ilmatieteen laitoksen s\u00e4\u00e4asema Saarisel\u00e4ll\u00e4. Tunturissa tuuli kasaa lunta eik\u00e4 lumen pinta automaattisen lumensyvyysmittauksen alla ole aina tasainen. Kuva: Ilmatieteen laitos, Leena Lepp\u00e4nen<\/figcaption><\/figure>\n\n\n\n<figure class=\"wp-block-image size-large\"><img decoding=\"async\" data-id=\"1652\" src=\"https:\/\/www.charter-arctic.org\/wp-content\/uploads\/2021\/12\/IMG_20180203_141152-600x800.jpg\" alt=\"\" class=\"wp-image-1652\" \/><figcaption class=\"wp-element-caption\">Huurretta puun oksissa. Kuva: Leena Lepp\u00e4nen<\/figcaption><\/figure>\n\n\n\n<figure class=\"wp-block-image size-large\"><img decoding=\"async\" data-id=\"1654\" src=\"https:\/\/www.charter-arctic.org\/wp-content\/uploads\/2021\/12\/IMG_20180410_110347_1-600x800.jpg\" alt=\"\" class=\"wp-image-1654\" \/><figcaption class=\"wp-element-caption\">Lumikuopalla mitataan lumen rakennetta ja ominaisuuksia. Kuva: Ilmatieteen laitos<\/figcaption><\/figure>\n\n\n\n<figure class=\"wp-block-image size-large\"><img decoding=\"async\" data-id=\"1668\" src=\"https:\/\/www.charter-arctic.org\/wp-content\/uploads\/2021\/12\/IMG_20190113_124048-1-600x800.jpg\" alt=\"\" class=\"wp-image-1668\" \/><figcaption class=\"wp-element-caption\">Tykkylunta kertyy puiden oksille. Kuva: Leena Lepp\u00e4nen<\/figcaption><\/figure>\n\n\n\n<figure class=\"wp-block-image size-large\"><img decoding=\"async\" data-id=\"1656\" src=\"https:\/\/www.charter-arctic.org\/wp-content\/uploads\/2021\/12\/IMG_20190212_112658-800x600.jpg\" alt=\"\" class=\"wp-image-1656\" \/><figcaption class=\"wp-element-caption\">Luminen mets\u00e4. Kuva: Ilmatieteen laitos, Leena Lepp\u00e4nen<\/figcaption><\/figure>\n\n\n\n<figure class=\"wp-block-image size-large\"><img decoding=\"async\" data-id=\"1657\" src=\"https:\/\/www.charter-arctic.org\/wp-content\/uploads\/2021\/12\/IMG_20190402_112314-800x600.jpg\" alt=\"\" class=\"wp-image-1657\" \/><figcaption class=\"wp-element-caption\">Leve\u00e4mp\u00e4\u00e4 lumikuoppaa tarvitaan mittauskampanjoissa, jolloin useampia mittauksia tehd\u00e4\u00e4n vierekk\u00e4in. Kuva: Ilmatieteen laitos, Leena Lepp\u00e4nen<\/figcaption><\/figure>\n\n\n\n<figure class=\"wp-block-image size-large\"><img decoding=\"async\" data-id=\"1658\" src=\"https:\/\/www.charter-arctic.org\/wp-content\/uploads\/2021\/12\/P2233625-800x600.jpg\" alt=\"\" class=\"wp-image-1658\" \/><figcaption class=\"wp-element-caption\">Syv\u00e4kuurakiteit\u00e4 millimetrilevy\u00e4 vasten. Syv\u00e4kuuraa muodostuu lumipeitteen pohjalle&nbsp;pakkasjaksojen aikana&nbsp;isojen l\u00e4mp\u00f6tilaerojen seurauksena. Kuva: Ilmatieteen laitos<\/figcaption><\/figure>\n\n\n\n<figure class=\"wp-block-image size-large\"><img decoding=\"async\" data-id=\"1659\" src=\"https:\/\/www.charter-arctic.org\/wp-content\/uploads\/2021\/12\/P3160092-800x518.jpg\" alt=\"\" class=\"wp-image-1659\" \/><figcaption class=\"wp-element-caption\">Vastasataneita lumihiutaleita millimetrilevy\u00e4 vasten. Kuva: Ilmatieteen laitos<\/figcaption><\/figure>\n\n\n\n<figure class=\"wp-block-image size-large\"><img decoding=\"async\" data-id=\"1660\" src=\"https:\/\/www.charter-arctic.org\/wp-content\/uploads\/2021\/12\/P3167524-800x600.jpg\" alt=\"\" class=\"wp-image-1660\" \/><figcaption class=\"wp-element-caption\">Lumen tiheytt\u00e4 mitataan ottamalla lumesta n\u00e4yte, joka punnitaan. Kuva: Ilmatieteen laitos, Leena Lepp\u00e4nen<\/figcaption><\/figure>\n\n\n\n<figure class=\"wp-block-image size-large\"><img decoding=\"async\" data-id=\"1661\" src=\"https:\/\/www.charter-arctic.org\/wp-content\/uploads\/2021\/12\/P3193293-800x600.jpg\" alt=\"\" class=\"wp-image-1661\" \/><figcaption class=\"wp-element-caption\">Mittauskampanjoissa mitataan lumen ominaisuuksia useilla eri mittalaitteilla. Kuva: Ilmatieteen laitos, Leena Lepp\u00e4nen<\/figcaption><\/figure>\n\n\n\n<figure class=\"wp-block-image size-large\"><img decoding=\"async\" data-id=\"1662\" src=\"https:\/\/www.charter-arctic.org\/wp-content\/uploads\/2021\/12\/P3268422-600x800.jpg\" alt=\"\" class=\"wp-image-1662\" \/><figcaption class=\"wp-element-caption\">Pensseli on hyv\u00e4 apuv\u00e4line erottamaan lumesta pehme\u00e4mm\u00e4t ja kovemmat kerrokset. Kuva: Ilmatieteen laitos<\/figcaption><\/figure>\n\n\n\n<figure class=\"wp-block-image size-large\"><img decoding=\"async\" data-id=\"1663\" src=\"https:\/\/www.charter-arctic.org\/wp-content\/uploads\/2021\/12\/P3268670-800x600.jpg\" alt=\"\" class=\"wp-image-1663\" \/><figcaption class=\"wp-element-caption\">Lumen syvyytt\u00e4 mitataan my\u00f6s maahan kiinte\u00e4sti asetettujen tikkujen avulla. Kuva: Ilmatieteen laitos<\/figcaption><\/figure>\n\n\n\n<figure class=\"wp-block-image size-large\"><img decoding=\"async\" data-id=\"1664\" src=\"https:\/\/www.charter-arctic.org\/wp-content\/uploads\/2021\/12\/PB085880-600x800.jpg\" alt=\"\" class=\"wp-image-1664\" \/><figcaption class=\"wp-element-caption\">Lumikiteit\u00e4 millimetrilevy\u00e4 vasten. Kuva: Ilmatieteen laitos<\/figcaption><\/figure>\n\n\n\n<figure class=\"wp-block-image size-large\"><img decoding=\"async\" data-id=\"1665\" src=\"https:\/\/www.charter-arctic.org\/wp-content\/uploads\/2021\/12\/SR50-800x600.jpg\" alt=\"\" class=\"wp-image-1665\" \/><figcaption class=\"wp-element-caption\">Automaattinen lumensyvyysmittaus toimii ultra\u00e4\u00e4nen avulla. Kuva: Ilmatieteen laitos<\/figcaption><\/figure>\n\n\n\n<figure class=\"wp-block-image size-large\"><img decoding=\"async\" data-id=\"1666\" src=\"https:\/\/www.charter-arctic.org\/wp-content\/uploads\/2021\/12\/WP_000186-800x600.jpg\" alt=\"\" class=\"wp-image-1666\" \/><figcaption class=\"wp-element-caption\">Tykkylunta Oratunturissa Sodankyl\u00e4ss\u00e4. Kuva: Leena Lepp\u00e4nen<\/figcaption><\/figure>\n\n\n\n<figure class=\"wp-block-image size-large\"><img decoding=\"async\" data-id=\"1667\" src=\"https:\/\/www.charter-arctic.org\/wp-content\/uploads\/2021\/12\/WP_000874-800x600.jpg\" alt=\"\" class=\"wp-image-1667\" \/><figcaption class=\"wp-element-caption\">Sopivissa olosuhteissa tuuli py\u00f6ritt\u00e4\u00e4 palloja ja rullia nuoskalumesta. Kuva: Leena Lepp\u00e4nen<\/figcaption><\/figure>\n<\/figure>\n\n\n\n<hr class=\"wp-block-separator has-css-opacity\" \/>\n\n\n\n<h3 class=\"wp-block-heading\">MIST\u00c4 L\u00d6YTYY LUMIHAVAINTOJA:<\/h3>\n\n\n\n<h5 class=\"wp-block-heading\">S\u00e4\u00e4, lumitilanne (Ilmatieteen laitos):<\/h5>\n\n\n\n<p><a href=\"https:\/\/www.ilmatieteenlaitos.fi\/\" target=\"_blank\" rel=\"noreferrer noopener\">https:\/\/www.ilmatieteenlaitos.fi\/<\/a><\/p>\n\n\n\n<h5 class=\"wp-block-heading\">Lumen syvyys ja lumisade (Ilmatieteen laitos):<\/h5>\n\n\n\n<p><a href=\"https:\/\/www.ilmatieteenlaitos.fi\/havaintojen-lataus\" target=\"_blank\" rel=\"noreferrer noopener\">https:\/\/www.ilmatieteenlaitos.fi\/havaintojen-lataus<\/a><\/p>\n\n\n\n<h5 class=\"wp-block-heading\">Lumitilastot (Ilmatieteen laitos):<\/h5>\n\n\n\n<p><a href=\"https:\/\/www.ilmatieteenlaitos.fi\/lumitilastot\" target=\"_blank\" rel=\"noreferrer noopener\">https:\/\/www.ilmatieteenlaitos.fi\/lumitilastot<\/a><\/p>\n\n\n\n<h5 class=\"wp-block-heading\">Lumen vesiarvo ja lumikuorma (Suomen ymp\u00e4rist\u00f6keskus):<\/h5>\n\n\n\n<p><a href=\"https:\/\/www.ymparisto.fi\/fi-fi\/vesi\/vesitilanne_ja_ennusteet\/lumi\" target=\"_blank\" rel=\"noreferrer noopener\">https:\/\/www.ymparisto.fi\/fi-fi\/vesi\/vesitilanne_ja_ennusteet\/lumi<\/a><\/p>\n\n\n\n<p>Lumen vesiarvo ja lumikuorma, my\u00f6s lumilinjoilla (Suomen ymp\u00e4rist\u00f6keskus):<\/p>\n\n\n\n<p><a href=\"http:\/\/wwwi3.ymparisto.fi\/i3\/tilanne\/fin\/lumi\/Lumi.htm\" target=\"_blank\" rel=\"noreferrer noopener\">http:\/\/wwwi3.ymparisto.fi\/i3\/tilanne\/fin\/lumi\/Lumi.htm<\/a><\/p>\n\n\n\n<p>Kattojen lumikuormasta (Suomen ymp\u00e4rist\u00f6keskus):<\/p>\n\n\n\n<p><a href=\"http:\/\/wwwi2.ymparisto.fi\/i2\/90\/rokg2\/tanaan_fi.html\" target=\"_blank\" rel=\"noreferrer noopener\">http:\/\/wwwi2.ymparisto.fi\/i2\/90\/rokg2\/tanaan_fi.html<\/a><\/p>\n\n\n\n<h5 class=\"wp-block-heading\">V\u00e4rri\u00f6n lumilinja; lumen syvyyslinja, el\u00e4inten j\u00e4ljet, osasta pisteit\u00e4 lis\u00e4havaintoja (Helsingin yliopisto, V\u00e4rri\u00f6):<\/h5>\n\n\n\n<p><a href=\"https:\/\/www.pohjonen.org\/veli\/varrio_fi\/tutkimus\/Tutkimussarjat\/tutkimussarjat.htm#\" target=\"_blank\" rel=\"noreferrer noopener\">https:\/\/www.pohjonen.org\/veli\/varrio_fi\/tutkimus\/Tutkimussarjat\/tutkimussarjat.htm#<\/a><\/p>\n\n\n\n<h5 class=\"wp-block-heading\">Sodankyl\u00e4n s\u00e4\u00e4- ja ilmakeh\u00e4havaintoja (Ilmatieteen laitos, Sodankyl\u00e4; Arctic Space Centre):&nbsp;<\/h5>\n\n\n\n<p><a rel=\"noreferrer noopener\" href=\"https:\/\/litdb.fmi.fi\/\" target=\"_blank\">https:\/\/litdb.fmi.fi\/<\/a><\/p>\n\n\n\n<h5 class=\"wp-block-heading\">Sodankyl\u00e4n lumihavainnot: (Ilmatieteen laitos, Sodankyl\u00e4; Arctic Space Centre):<\/h5>\n\n\n\n<p><a href=\"https:\/\/litdb.fmi.fi\/manual_measurements.php\" target=\"_blank\" rel=\"noreferrer noopener\">https:\/\/litdb.fmi.fi\/manual_measurements.php<\/a><\/p>\n\n\n\n<h5 class=\"wp-block-heading\">Koulutettujen havainnontekij\u00f6iden lumikuoppamittauksia hiihtokeskusten l\u00e4hettyvill\u00e4, lumivy\u00f6ryvaaran arvioimiseksi:<\/h5>\n\n\n\n<p>&nbsp;<a rel=\"noreferrer noopener\" href=\"https:\/\/snowpilot.org\/snowpits\/\" target=\"_blank\">https:\/\/snowpilot.org\/snowpits\/<\/a><\/p>\n","protected":false},"excerpt":{"rendered":"<p>CHARTER-HANKKEEN KANSALAISHAVAINTOJA LUMESTA Lumen p\u00e4\u00e4lle satava vesi ja lumipeitteen j\u00e4\u00e4kerrokset ovat CHARTER- hankkeessa erityisen kiinnostuksen kohteena. J\u00e4iset kerrokset lumipeitteess\u00e4 vaikuttavat kasvien talvehtimisoloihin ja vaikeuttavat el\u00e4inten kaivautumista lumen l\u00e4pi. T\u00e4ll\u00e4 on merkityst\u00e4 my\u00f6s pohjoisen elinkeinoille, etenkin poronhoidolle. Lumipeitteen kerrosrakenne ja j\u00e4\u00e4kerrokset havaitaan paikan p\u00e4\u00e4ll\u00e4 teht\u00e4vien lumikuoppien avulla. Lumikuoppamittauksia tehd\u00e4\u00e4n vain v\u00e4h\u00e4n ja avointa havaintoaineistoa on huonosti<\/p>\n<p class=\"more-link\"><a href=\"https:\/\/blogi.eoppimispalvelut.fi\/charterarctic\/secrets-of-snow\/lumen-salaisuuksia-ratkomassa\/\" class=\"themebutton2\">Read More<\/a><\/p>\n","protected":false},"author":49630,"featured_media":1615,"parent":1597,"menu_order":0,"comment_status":"closed","ping_status":"closed","template":"","meta":{"footnotes":""},"class_list":["post-1612","page","type-page","status-publish","has-post-thumbnail","hentry"],"_links":{"self":[{"href":"https:\/\/blogi.eoppimispalvelut.fi\/charterarctic\/wp-json\/wp\/v2\/pages\/1612","targetHints":{"allow":["GET"]}}],"collection":[{"href":"https:\/\/blogi.eoppimispalvelut.fi\/charterarctic\/wp-json\/wp\/v2\/pages"}],"about":[{"href":"https:\/\/blogi.eoppimispalvelut.fi\/charterarctic\/wp-json\/wp\/v2\/types\/page"}],"author":[{"embeddable":true,"href":"https:\/\/blogi.eoppimispalvelut.fi\/charterarctic\/wp-json\/wp\/v2\/users\/49630"}],"replies":[{"embeddable":true,"href":"https:\/\/blogi.eoppimispalvelut.fi\/charterarctic\/wp-json\/wp\/v2\/comments?post=1612"}],"version-history":[{"count":0,"href":"https:\/\/blogi.eoppimispalvelut.fi\/charterarctic\/wp-json\/wp\/v2\/pages\/1612\/revisions"}],"up":[{"embeddable":true,"href":"https:\/\/blogi.eoppimispalvelut.fi\/charterarctic\/wp-json\/wp\/v2\/pages\/1597"}],"wp:featuredmedia":[{"embeddable":true,"href":"https:\/\/blogi.eoppimispalvelut.fi\/charterarctic\/wp-json\/wp\/v2\/media\/1615"}],"wp:attachment":[{"href":"https:\/\/blogi.eoppimispalvelut.fi\/charterarctic\/wp-json\/wp\/v2\/media?parent=1612"}],"curies":[{"name":"wp","href":"https:\/\/api.w.org\/{rel}","templated":true}]}}