{"id":1954,"date":"2022-05-20T09:55:19","date_gmt":"2022-05-20T09:55:19","guid":{"rendered":"https:\/\/www.charter-arctic.org\/?page_id=1954"},"modified":"2025-03-31T12:22:53","modified_gmt":"2025-03-31T09:22:53","slug":"charter-scientific-publications","status":"publish","type":"page","link":"https:\/\/blogi.eoppimispalvelut.fi\/charterarctic\/charter-scientific-publications\/","title":{"rendered":"CHARTER Scientific Publications"},"content":{"rendered":"\n<hr class=\"wp-block-separator has-css-opacity\" \/>\n\n\n\n<h2 class=\"wp-block-heading\">Visit our <a href=\"https:\/\/zenodo.org\/communities\/charter?page=1&amp;size=20\" target=\"_blank\" rel=\"noreferrer noopener\">ZENODO<\/a> page<\/h2>\n\n\n\n<h2 class=\"wp-block-heading\"><a href=\"https:\/\/blogi.eoppimispalvelut.fi\/charterarctic\/charter-deliverables\/\">CHARTER Deliverables<\/a><a href=\"https:\/\/orcid.org\/0000-0001-8106-0299\" target=\"_blank\" rel=\"noreferrer noopener\"><\/a><\/h2>\n\n\n\n<h2 class=\"wp-block-heading has-text-align-left\"><a href=\"https:\/\/blogi.eoppimispalvelut.fi\/charterarctic\/files\/2025\/02\/CHARTER-Deliverable-D7.16-final.pdf\" target=\"_blank\" rel=\"noreferrer noopener\">Academic publications<\/a><\/h2>\n\n\n\n<h2 class=\"wp-block-heading\">#<a href=\"https:\/\/www.charter-arctic.org\/charter-fact-sheets\/\">Visual Fact Sheets created with ECOTIP and FACE IT<\/a><\/h2>\n\n\n\n<hr class=\"wp-block-separator has-alpha-channel-opacity\" \/>\n\n\n\n<h2 class=\"wp-block-heading\" id=\"working-papers\" style=\"text-transform:capitalize\">Working Papers<\/h2>\n\n\n\n<div class=\"wp-block-file\"><a id=\"wp-block-file--media-464f5c01-e383-42f3-9fa2-fd58f159337f\" href=\"http:\/\/www.charter-arctic.org\/wp-content\/uploads\/2020\/11\/CHARTER-Working-Paper-1_2020.pdf\" target=\"_blank\" rel=\"noreferrer noopener\">#Eronen J., Rasmus S., Landauer M., Forbes, B. 2020.&nbsp;Tietoa ja arktisia n\u00e4kemyksi\u00e4 ilmasto- ja ymp\u00e4rist\u00f6lains\u00e4\u00e4d\u00e4nn\u00f6n tueksi. CHARTER Working Paper # 1<\/a><a href=\"http:\/\/www.charter-arctic.org\/wp-content\/uploads\/2020\/11\/CHARTER-Working-Paper-1_2020.pdf\" class=\"wp-block-file__button wp-element-button\" download aria-describedby=\"wp-block-file--media-464f5c01-e383-42f3-9fa2-fd58f159337f\">Download<\/a><\/div>\n\n\n\n<div class=\"wp-block-file\"><a id=\"wp-block-file--media-cf928c80-065f-4d51-8676-a985ebe9601d\" href=\"http:\/\/www.charter-arctic.org\/wp-content\/uploads\/2020\/12\/CHARTER_Working_Papers_01_EN.pdf\"><br>#Knowledge and Arctic Perspectives to Support Climate and Environmental Legislation development. CHARTER Working Paper # 1<\/a><a href=\"http:\/\/www.charter-arctic.org\/wp-content\/uploads\/2020\/12\/CHARTER_Working_Papers_01_EN.pdf\" class=\"wp-block-file__button wp-element-button\" download aria-describedby=\"wp-block-file--media-cf928c80-065f-4d51-8676-a985ebe9601d\">Download<\/a><\/div>\n\n\n\n<p><a href=\"https:\/\/blogi.eoppimispalvelut.fi\/charterarctic\/files\/2023\/02\/Porotalouden_tulevaisuus_tyopaja_-Inari_raportti_221222_valmis.pdf\" target=\"_blank\" rel=\"noreferrer noopener\">Sirpa Rasmus, Simo Sarkki, Antti-Juhani Pekkarinen, Mikko Jokinen, Ilona Metti\u00e4inen, Laura Post, Taru Rikkonen, Jaana Sorvali, Tuulia V\u00e4\u00e4r\u00e4l\u00e4.&nbsp;<strong>Porotalouden tulevaisuus: unelmia ja yll\u00e4tyksi\u00e4.<\/strong>&nbsp;CHARTER Working Paper #&nbsp;2, 2023. Download<\/a><\/p>\n\n\n\n<p><a href=\"https:\/\/blogi.eoppimispalvelut.fi\/charterarctic\/files\/2023\/02\/Reindeer-husbandry-dreams-and-surprises-report.pdf\" target=\"_blank\" rel=\"noreferrer noopener\">Sirpa Rasmus, Simo Sarkki, Antti-Juhani Pekkarinen, Mikko Jokinen, Ilona Metti\u00e4inen, Laura Post, Taru Rikkonen, Jaana Sorvali, Tuulia V\u00e4\u00e4r\u00e4l\u00e4. <strong>The Future of Reindeer Husbandry: Surprises and Dreams.<\/strong> A Workshop Summary Report, 2023. CHARTER Working Paper # 3. Download<\/a><\/p>\n\n\n\n<p><a href=\"https:\/\/storymaps.arcgis.com\/stories\/3f270d210de44fdf9280ded4fd89095d\"><strong>A Birds Eye View<\/strong>. Drones: A New Lens for Science, A New Tool for Herding by Philip Burgess, Jeff Kerby, Miguel Villoslada&nbsp;<\/a>(White paper \/ Story Map)<\/p>\n\n\n\n<p><\/p>\n\n\n\n<h2 class=\"wp-block-heading\">Policy Briefs<\/h2>\n\n\n\n<p><a href=\"https:\/\/blogi.eoppimispalvelut.fi\/charterarctic\/files\/2024\/11\/CHARTER_working_paper_4_tensional_dreams.pdf\" target=\"_blank\" rel=\"noreferrer noopener\">Jussi Eronen, Sirpa Rasmus, Simo Sarkki. <strong>Tensional dreams \u2013 Policy option for a sustainable Arctic. <\/strong>CHARTER working paper 4 (Backgrounder for the policy brief). Download<\/a>.<\/p>\n\n\n\n<p><a href=\"https:\/\/blogi.eoppimispalvelut.fi\/charterarctic\/files\/2025\/01\/CHARTER_PolicyBriefing_ENG_updated-1.pdf\" target=\"_blank\" rel=\"noreferrer noopener\"><strong>Tensional Dreams &#8211; Policy Options for a Sustainable Arctic.<\/strong> Policy Brief 2 pager. Download.<\/a><\/p>\n\n\n\n<p><a href=\"https:\/\/blogi.eoppimispalvelut.fi\/charterarctic\/files\/2025\/01\/CHARTER_PolicyBriefing_FIN_v2-1.pdf\" target=\"_blank\" rel=\"noreferrer noopener\">J\u00c4NNITTEISI\u00c4 UNELMIA: Arktisen kest\u00e4v\u00e4t tulevaisuuspolut<\/a><\/p>\n\n\n\n<h2 class=\"wp-block-heading\">Backgrounders<\/h2>\n\n\n\n<p><br>#<a href=\"http:\/\/www.charter-arctic.org\/wp-content\/uploads\/2020\/11\/CHARTER-Summary-2-Pager.pdf\" target=\"_blank\" rel=\"noreferrer noopener\">CHARTER summary, General, 2 pages<\/a><a href=\"http:\/\/www.charter-arctic.org\/wp-content\/uploads\/2020\/11\/CHARTER-Summary-2-Pager.pdf\">Download<\/a><\/p>\n\n\n\n<p><a href=\"http:\/\/www.charter-arctic.org\/wp-content\/uploads\/2020\/11\/DRIVERS-AND-FEEDBACKS-OF-CHANGES-IN-ARCTIC-TERRESTRIAL-BIODIVERSITY_Sci_background.pdf\" target=\"_blank\" rel=\"noreferrer noopener\">#CHARTER background document, Scientific, 19 pages<\/a><a href=\"http:\/\/www.charter-arctic.org\/wp-content\/uploads\/2020\/11\/DRIVERS-AND-FEEDBACKS-OF-CHANGES-IN-ARCTIC-TERRESTRIAL-BIODIVERSITY_Sci_background.pdf\">Download<\/a><br><br><\/p>\n\n\n\n<h2 class=\"wp-block-heading\"><br>CHARTER Newsletters<\/h2>\n\n\n\n<p><\/p>\n\n\n\n<p>12\/12\/2024 &#8211;&nbsp;<a href=\"http:\/\/eepurl.com\/i55Oyg\" target=\"_blank\" rel=\"noreferrer noopener\">CHARTER&#8217;s last Hurrah&#8230;(well, last newsletter actually)<\/a><\/p>\n\n\n\n<p>03\/06\/2024 &#8211;&nbsp;<a href=\"http:\/\/eepurl.com\/iQUVTE\" target=\"_blank\" rel=\"noreferrer noopener\">CHARTER Arctic Newsletter #6<\/a><\/p>\n\n\n\n<p>01\/11\/2023 &#8211;&nbsp;<a href=\"http:\/\/eepurl.com\/iCWuCI\" target=\"_blank\" rel=\"noreferrer noopener\">CHARTER Arctic Newsletter # 5<\/a><\/p>\n\n\n\n<p>22\/05\/2023 &#8211;&nbsp;<a href=\"http:\/\/eepurl.com\/irs6FQ\" target=\"_blank\" rel=\"noreferrer noopener\">CHARTER Project Newsletter #4<\/a><\/p>\n\n\n\n<p>01\/11\/2022 &#8211;&nbsp;<a href=\"http:\/\/eepurl.com\/icA8bz\" target=\"_blank\" rel=\"noreferrer noopener\">CHARTER Project Newsletter #3, Nov. 2022<\/a><\/p>\n\n\n\n<p>29\/03\/2022 &#8211;&nbsp;<a href=\"http:\/\/eepurl.com\/hYiP4z\" target=\"_blank\" rel=\"noreferrer noopener\">CHARTER Project Situation Update<\/a><\/p>\n\n\n\n<p>15\/11\/2021 &#8211;&nbsp;<a href=\"http:\/\/eepurl.com\/hLLq5X\" target=\"_blank\" rel=\"noreferrer noopener\">CHARTER Project Newsletter #1<\/a><\/p>\n\n\n\n<h2 class=\"wp-block-heading\"><a href=\"https:\/\/blogi.eoppimispalvelut.fi\/charterarctic\/media-coverage\/\">Media Coverage<\/a><\/h2>\n\n\n\n<p><\/p>\n","protected":false},"excerpt":{"rendered":"<p>Visit our ZENODO page CHARTER Deliverables Academic publications #Visual Fact Sheets created with ECOTIP and FACE IT Working Papers Sirpa Rasmus, Simo Sarkki, Antti-Juhani Pekkarinen, Mikko Jokinen, Ilona Metti\u00e4inen, Laura Post, Taru Rikkonen, Jaana Sorvali, Tuulia V\u00e4\u00e4r\u00e4l\u00e4.&nbsp;Porotalouden tulevaisuus: unelmia ja yll\u00e4tyksi\u00e4.&nbsp;CHARTER Working Paper #&nbsp;2, 2023. Download Sirpa Rasmus, Simo Sarkki, Antti-Juhani Pekkarinen, Mikko Jokinen, Ilona<\/p>\n<p class=\"more-link\"><a href=\"https:\/\/blogi.eoppimispalvelut.fi\/charterarctic\/charter-scientific-publications\/\" class=\"themebutton2\">Read More<\/a><\/p>\n","protected":false},"author":49630,"featured_media":0,"parent":0,"menu_order":0,"comment_status":"closed","ping_status":"closed","template":"","meta":{"footnotes":""},"class_list":["post-1954","page","type-page","status-publish","hentry"],"_links":{"self":[{"href":"https:\/\/blogi.eoppimispalvelut.fi\/charterarctic\/wp-json\/wp\/v2\/pages\/1954","targetHints":{"allow":["GET"]}}],"collection":[{"href":"https:\/\/blogi.eoppimispalvelut.fi\/charterarctic\/wp-json\/wp\/v2\/pages"}],"about":[{"href":"https:\/\/blogi.eoppimispalvelut.fi\/charterarctic\/wp-json\/wp\/v2\/types\/page"}],"author":[{"embeddable":true,"href":"https:\/\/blogi.eoppimispalvelut.fi\/charterarctic\/wp-json\/wp\/v2\/users\/49630"}],"replies":[{"embeddable":true,"href":"https:\/\/blogi.eoppimispalvelut.fi\/charterarctic\/wp-json\/wp\/v2\/comments?post=1954"}],"version-history":[{"count":8,"href":"https:\/\/blogi.eoppimispalvelut.fi\/charterarctic\/wp-json\/wp\/v2\/pages\/1954\/revisions"}],"predecessor-version":[{"id":3171,"href":"https:\/\/blogi.eoppimispalvelut.fi\/charterarctic\/wp-json\/wp\/v2\/pages\/1954\/revisions\/3171"}],"wp:attachment":[{"href":"https:\/\/blogi.eoppimispalvelut.fi\/charterarctic\/wp-json\/wp\/v2\/media?parent=1954"}],"curies":[{"name":"wp","href":"https:\/\/api.w.org\/{rel}","templated":true}]}}