{"id":1957,"date":"2022-05-20T09:56:55","date_gmt":"2022-05-20T09:56:55","guid":{"rendered":"https:\/\/www.charter-arctic.org\/?page_id=1957"},"modified":"2025-03-31T12:15:10","modified_gmt":"2025-03-31T09:15:10","slug":"media-coverage","status":"publish","type":"page","link":"https:\/\/blogi.eoppimispalvelut.fi\/charterarctic\/media-coverage\/","title":{"rendered":"Media Coverage"},"content":{"rendered":"\n<div class=\"wp-block-buttons is-content-justification-center is-layout-flex wp-container-core-buttons-is-layout-16018d1d wp-block-buttons-is-layout-flex\">\n<div class=\"wp-block-button\"><a class=\"wp-block-button__link wp-element-button\" href=\"https:\/\/blogi.eoppimispalvelut.fi\/charterarctic\/charter-scientific-publications\/\">Publications<\/a><\/div>\n\n\n\n<div class=\"wp-block-button\"><a class=\"wp-block-button__link wp-element-button\" href=\"https:\/\/blogi.eoppimispalvelut.fi\/charterarctic\/charter-deliverables\/\">Deliverables<\/a><\/div>\n<\/div>\n\n\n\n<hr class=\"wp-block-separator has-css-opacity\" \/>\n\n\n\n<h2 class=\"wp-block-heading\">Print Media<\/h2>\n\n\n\n<div class=\"wp-block-group\"><div class=\"wp-block-group__inner-container is-layout-flow wp-block-group-is-layout-flow\">\n<p><strong>Helsingin Sanomat<\/strong>: Siperiassa ikirouta sulaa Mutta tietoa siitakin voi olla vaikeaa saada kun tiedeyhteison yhteydet Venajalle katkeavat 11.5.2022<br><br><strong>High North News<\/strong>: A journey along the new iron curtain 1.4.2022<br><br><strong>Iisalmen Sanomat:&nbsp;<\/strong>Lumisia talvia ja \u00e4\u00e4riilmioita&nbsp;<br><br><strong>It\u00e4-H\u00e4me:<\/strong>&nbsp;L\u00e4het\u00e4 tietosi Saharan hiekasta ja lumipeitteest\u00e4 4.4.2022<br><br><strong>Koti-Lappi<\/strong>: Paikalliset ideat esiin ilmastoasioissa 10.3.2022<br><br><strong>Koti-Lappi<\/strong>: Tutkijat kysyvat Savukosken luonnon muutoksista 17.3.2022<br><br><strong>Koti-Lappi<\/strong>: Yhteenvetoa poroelinkeinon nykytilasta ja tulevaisuudesta 25.3.2021<br><br><strong>Lapin Kansa:<\/strong>&nbsp;Lumisade vaihtuu vesisateeksi 22.1.2022<br><br><strong>Lapin Kansa:<\/strong>&nbsp;Lumitutkijat ja koululaiset sukelsivat lumen maailmaan 26.2.2022<br><br><strong>Lapin Kansa:<\/strong>&nbsp;Tutkija ja viestija katsovat yhdess\u00e4 pohjoiseen 16.7.2021<br><br><strong>Lapin Kansa:<\/strong>&nbsp;Ven\u00e4j\u00e4 suljettiin pois arktisesta yhteisty\u00f6st\u00e4 10.3.2022<br><br><strong>Maaseudun Tulevaisuus<\/strong>: Lumihiutale muuttaa muotoaan koko talven ajan 2021<br><br><strong>Maaseudun Tulevaisuus<\/strong>: Lumitutkijat ker\u00e4\u00e4v\u00e4t kansalaistietoa lumesta. Havainnot tehdaan kaivamalla lumikuoppia 6.1.2022<br><br><strong>P\u00e4iv\u00e4n Lehti<\/strong>: Arktisella alueella sataa pian enemman vetta kuin lunta Lumen paalle tuleva vesisade on haitaksi poroille 30.11.2021<br><br><strong>Sompio-lehti<\/strong>: Ilmastoteoilla on kiire Millaisiin talkoisiin pohjoisissa kyliss\u00e4 ryhdyt\u00e4\u00e4n 8.3.2022<br><br><strong>YLE<\/strong>: Ilmastonmuutoksen vaikutukset ovat jo nyt pohjoisessa voimakkaat Poronhoito uhattuna 25.8.2021<br><br><strong>YLE<\/strong>: Ilmastonmuutosta ja sen etenemista arktisesella alueella on vaikeampi arvioida ilman Ven\u00e4j\u00e4\u00e4 Monet oleelliset tiedot j\u00e4\u00e4v\u00e4t nyt saamatta 26.4.2022<br><br><strong>YLE<\/strong>: Lumi kertoo millaiseksi el\u00e4m\u00e4 pohjoisessa on muuttumassa ja siksi suomalaisia pyydet\u00e4\u00e4n apuun lumitutkimukseen 29.4.2022<\/p>\n<\/div><\/div>\n\n\n\n<figure class=\"wp-block-embed is-type-wp-embed is-provider-charter wp-block-embed-charter\"><div class=\"wp-block-embed__wrapper\">\n<blockquote class=\"wp-embedded-content\" data-secret=\"QXK7tNcLLZ\"><a href=\"https:\/\/www.charter-arctic.org\/important-new-publication-on-rain-on-snow-phenomena-with-charter-input\/\">Important new publication on Rain on Snow phenomena with CHARTER input<\/a><\/blockquote><iframe loading=\"lazy\" class=\"wp-embedded-content\" sandbox=\"allow-scripts\" security=\"restricted\" style=\"position: absolute; visibility: hidden;\" title=\"&#8220;Important new publication on Rain on Snow phenomena with CHARTER input&#8221; &#8212; CHARTER\" src=\"https:\/\/www.charter-arctic.org\/important-new-publication-on-rain-on-snow-phenomena-with-charter-input\/embed\/#?secret=0icZN48Osj#?secret=QXK7tNcLLZ\" data-secret=\"QXK7tNcLLZ\" width=\"600\" height=\"338\" frameborder=\"0\" marginwidth=\"0\" marginheight=\"0\" scrolling=\"no\"><\/iframe>\n<\/div><figcaption class=\"wp-element-caption\">Numerous media outlets covered this publication.<\/figcaption><\/figure>\n\n\n\n<div data-wp-interactive=\"core\/file\" class=\"wp-block-file\"><object aria-label=\"PDF-upotus\" data-wp-bind--hidden=\"!state.hasPdfPreview\" hidden><\/object><a id=\"wp-block-file--media-714c9610-ffb8-47a3-9de6-722c811cfbf0\" href=\"https:\/\/www.charter-arctic.org\/wp-content\/uploads\/2021\/12\/Lumihiutale-muutta-muotaan-koko-talven-ajan.pdf\">Lumihiutale-muutta-muotaan-koko-talven-ajan<\/a><a href=\"https:\/\/www.charter-arctic.org\/wp-content\/uploads\/2021\/12\/Lumihiutale-muutta-muotaan-koko-talven-ajan.pdf\" class=\"wp-block-file__button wp-element-button\" download aria-describedby=\"wp-block-file--media-714c9610-ffb8-47a3-9de6-722c811cfbf0\">Download<\/a><\/div>\n\n\n\n<h2 class=\"wp-block-heading\">Twitter<\/h2>\n\n\n\n<figure class=\"wp-block-embed is-type-rich is-provider-twitter wp-block-embed-twitter\"><div class=\"wp-block-embed__wrapper\">\n<blockquote class=\"twitter-tweet\" data-width=\"550\" data-dnt=\"true\"><p lang=\"en\" dir=\"ltr\">Nice segment with <a href=\"https:\/\/twitter.com\/ssrasmus?ref_src=twsrc%5Etfw\">@ssrasmus<\/a> on @YleSapmi news on <a href=\"https:\/\/twitter.com\/hashtag\/snow?src=hash&amp;ref_src=twsrc%5Etfw\">#snow<\/a> <a href=\"https:\/\/twitter.com\/hashtag\/pastures?src=hash&amp;ref_src=twsrc%5Etfw\">#pastures<\/a> <a href=\"https:\/\/twitter.com\/hashtag\/climate?src=hash&amp;ref_src=twsrc%5Etfw\">#climate<\/a> and <a href=\"https:\/\/twitter.com\/hashtag\/CHARTERArctic?src=hash&amp;ref_src=twsrc%5Etfw\">#CHARTERArctic<\/a>. Starts at 11,21<a href=\"https:\/\/t.co\/VhN13It0eu\">https:\/\/t.co\/VhN13It0eu<\/a><\/p>&mdash; CHARTER Project (@CharterArctic) <a href=\"https:\/\/twitter.com\/CharterArctic\/status\/1519989423596875776?ref_src=twsrc%5Etfw\">April 29, 2022<\/a><\/blockquote><script async src=\"https:\/\/platform.twitter.com\/widgets.js\" charset=\"utf-8\"><\/script>\n<\/div><\/figure>\n\n\n\n<figure class=\"wp-block-embed is-type-rich is-provider-twitter wp-block-embed-twitter\"><div class=\"wp-block-embed__wrapper\">\n<blockquote class=\"twitter-tweet\" data-width=\"550\" data-dnt=\"true\"><p lang=\"en\" dir=\"ltr\"><a href=\"https:\/\/twitter.com\/hashtag\/CHARTERArctic?src=hash&amp;ref_src=twsrc%5Etfw\">#CHARTERArctic<\/a> Bringing Citizen Science to the classroom! <a href=\"https:\/\/twitter.com\/hashtag\/citizenscience?src=hash&amp;ref_src=twsrc%5Etfw\">#citizenscience<\/a> <a href=\"https:\/\/twitter.com\/hashtag\/Rovaniemi?src=hash&amp;ref_src=twsrc%5Etfw\">#Rovaniemi<\/a> <a href=\"https:\/\/twitter.com\/hashtag\/snow?src=hash&amp;ref_src=twsrc%5Etfw\">#snow<\/a> thanks to <a href=\"https:\/\/twitter.com\/ssrasmus?ref_src=twsrc%5Etfw\">@ssrasmus<\/a> @LeenaLeppaenen <a href=\"https:\/\/t.co\/1AoJRLUqo4\">https:\/\/t.co\/1AoJRLUqo4<\/a> <a href=\"https:\/\/t.co\/yQE9bU6UzC\">pic.twitter.com\/yQE9bU6UzC<\/a><\/p>&mdash; CHARTER Project (@CharterArctic) <a href=\"https:\/\/twitter.com\/CharterArctic\/status\/1498267867531390976?ref_src=twsrc%5Etfw\">February 28, 2022<\/a><\/blockquote><script async src=\"https:\/\/platform.twitter.com\/widgets.js\" charset=\"utf-8\"><\/script>\n<\/div><figcaption class=\"wp-element-caption\">Coverage in local media of our citizen science and snow initiative with Gr. 5 school kids in Rovaniemi, Finland<\/figcaption><\/figure>\n","protected":false},"excerpt":{"rendered":"<p>Print Media Helsingin Sanomat: Siperiassa ikirouta sulaa Mutta tietoa siitakin voi olla vaikeaa saada kun tiedeyhteison yhteydet Venajalle katkeavat 11.5.2022 High North News: A journey along the new iron curtain 1.4.2022 Iisalmen Sanomat:&nbsp;Lumisia talvia ja \u00e4\u00e4riilmioita&nbsp; It\u00e4-H\u00e4me:&nbsp;L\u00e4het\u00e4 tietosi Saharan hiekasta ja lumipeitteest\u00e4 4.4.2022 Koti-Lappi: Paikalliset ideat esiin ilmastoasioissa 10.3.2022 Koti-Lappi: Tutkijat kysyvat Savukosken luonnon muutoksista<\/p>\n<p class=\"more-link\"><a href=\"https:\/\/blogi.eoppimispalvelut.fi\/charterarctic\/media-coverage\/\" class=\"themebutton2\">Read More<\/a><\/p>\n","protected":false},"author":49630,"featured_media":0,"parent":0,"menu_order":0,"comment_status":"closed","ping_status":"closed","template":"","meta":{"footnotes":""},"class_list":["post-1957","page","type-page","status-publish","hentry"],"_links":{"self":[{"href":"https:\/\/blogi.eoppimispalvelut.fi\/charterarctic\/wp-json\/wp\/v2\/pages\/1957","targetHints":{"allow":["GET"]}}],"collection":[{"href":"https:\/\/blogi.eoppimispalvelut.fi\/charterarctic\/wp-json\/wp\/v2\/pages"}],"about":[{"href":"https:\/\/blogi.eoppimispalvelut.fi\/charterarctic\/wp-json\/wp\/v2\/types\/page"}],"author":[{"embeddable":true,"href":"https:\/\/blogi.eoppimispalvelut.fi\/charterarctic\/wp-json\/wp\/v2\/users\/49630"}],"replies":[{"embeddable":true,"href":"https:\/\/blogi.eoppimispalvelut.fi\/charterarctic\/wp-json\/wp\/v2\/comments?post=1957"}],"version-history":[{"count":2,"href":"https:\/\/blogi.eoppimispalvelut.fi\/charterarctic\/wp-json\/wp\/v2\/pages\/1957\/revisions"}],"predecessor-version":[{"id":3162,"href":"https:\/\/blogi.eoppimispalvelut.fi\/charterarctic\/wp-json\/wp\/v2\/pages\/1957\/revisions\/3162"}],"wp:attachment":[{"href":"https:\/\/blogi.eoppimispalvelut.fi\/charterarctic\/wp-json\/wp\/v2\/media?parent=1957"}],"curies":[{"name":"wp","href":"https:\/\/api.w.org\/{rel}","templated":true}]}}