{"id":2953,"date":"2025-01-10T04:24:34","date_gmt":"2025-01-10T04:24:34","guid":{"rendered":"https:\/\/www.charter-arctic.org\/?page_id=2953"},"modified":"2025-09-30T08:47:49","modified_gmt":"2025-09-30T05:47:49","slug":"policy-briefs","status":"publish","type":"page","link":"https:\/\/blogi.eoppimispalvelut.fi\/charterarctic\/policy-briefs\/","title":{"rendered":"Policy Briefs"},"content":{"rendered":"<div class=\"wp-block-image\">\n<figure class=\"alignleft size-medium is-resized\"><img decoding=\"async\" src=\"https:\/\/blogi.eoppimispalvelut.fi\/charterarctic\/files\/2025\/01\/Screenshot-2025-01-10-at-8.01.52-1-300x158.png\" alt=\"\" class=\"wp-image-2963\" style=\"width:300px;height:auto\" \/><\/figure>\n<\/div>\n\n\n<h2 class=\"wp-block-heading\"><a href=\"https:\/\/blogi.eoppimispalvelut.fi\/charterarctic\/files\/2025\/01\/CHARTER_PolicyBriefing_ENG_updated-1.pdf\" target=\"_blank\" rel=\"noreferrer noopener\">Tensional Dreams &#8211; Policy Options for a Sustainable Arctic<\/a><\/h2>\n\n\n\n<p><\/p>\n\n\n\n<p><\/p>\n\n\n<div class=\"wp-block-image\">\n<figure class=\"alignleft size-medium\"><img decoding=\"async\" src=\"https:\/\/blogi.eoppimispalvelut.fi\/charterarctic\/files\/2025\/01\/Screenshot-2025-01-10-at-7.59.34-1-300x158.png\" alt=\"\" class=\"wp-image-2961\" \/><\/figure>\n<\/div>\n\n\n<h2 class=\"wp-block-heading\"><a href=\"https:\/\/blogi.eoppimispalvelut.fi\/charterarctic\/files\/2025\/01\/CHARTER_PolicyBriefing_FIN_v2-1.pdf\" target=\"_blank\" rel=\"noreferrer noopener\">J\u00c4NNITTEISI\u00c4 UNELMIA: Arktisen kest\u00e4v\u00e4t tulevaisuuspolut<\/a><\/h2>\n\n\n\n<p><\/p>\n\n\n\n<p><\/p>\n\n\n<div class=\"wp-block-image\">\n<figure class=\"alignleft size-medium\"><img loading=\"lazy\" decoding=\"async\" width=\"300\" height=\"159\" src=\"https:\/\/blogi.eoppimispalvelut.fi\/charterarctic\/files\/2025\/09\/Screenshot-2025-09-30-at-8.47.19-300x159.png\" alt=\"\" class=\"wp-image-3199\" srcset=\"https:\/\/blogi.eoppimispalvelut.fi\/charterarctic\/files\/2025\/09\/Screenshot-2025-09-30-at-8.47.19-300x159.png 300w, https:\/\/blogi.eoppimispalvelut.fi\/charterarctic\/files\/2025\/09\/Screenshot-2025-09-30-at-8.47.19-1024x544.png 1024w, https:\/\/blogi.eoppimispalvelut.fi\/charterarctic\/files\/2025\/09\/Screenshot-2025-09-30-at-8.47.19-768x408.png 768w, https:\/\/blogi.eoppimispalvelut.fi\/charterarctic\/files\/2025\/09\/Screenshot-2025-09-30-at-8.47.19-1536x816.png 1536w, https:\/\/blogi.eoppimispalvelut.fi\/charterarctic\/files\/2025\/09\/Screenshot-2025-09-30-at-8.47.19-24x13.png 24w, https:\/\/blogi.eoppimispalvelut.fi\/charterarctic\/files\/2025\/09\/Screenshot-2025-09-30-at-8.47.19-36x19.png 36w, https:\/\/blogi.eoppimispalvelut.fi\/charterarctic\/files\/2025\/09\/Screenshot-2025-09-30-at-8.47.19-48x26.png 48w, https:\/\/blogi.eoppimispalvelut.fi\/charterarctic\/files\/2025\/09\/Screenshot-2025-09-30-at-8.47.19.png 1968w\" sizes=\"auto, (max-width: 300px) 100vw, 300px\" \/><\/figure>\n<\/div>\n\n\n<h2 class=\"wp-block-heading\"><a href=\"https:\/\/blogi.eoppimispalvelut.fi\/charterarctic\/files\/2025\/09\/CHARTER_PolicyBriefing_SAMI.pdf\" target=\"_blank\" rel=\"noreferrer noopener\"><strong>Gealdagasniegut<\/strong>: \u00c1rktal\u00e1\u0161 guovvlu bisteva\u0161 boahte\u00e1iggi b\u00e1l\u00e1t<\/a><\/h2>\n\n\n\n<p><\/p>\n\n\n\n<p><\/p>\n\n\n<div class=\"wp-block-image\">\n<figure class=\"alignleft size-medium\"><img loading=\"lazy\" decoding=\"async\" width=\"300\" height=\"157\" src=\"https:\/\/blogi.eoppimispalvelut.fi\/charterarctic\/files\/2025\/01\/policy-brief-norsk-300x157.png\" alt=\"\" class=\"wp-image-3035\" srcset=\"https:\/\/blogi.eoppimispalvelut.fi\/charterarctic\/files\/2025\/01\/policy-brief-norsk-300x157.png 300w, https:\/\/blogi.eoppimispalvelut.fi\/charterarctic\/files\/2025\/01\/policy-brief-norsk-1024x537.png 1024w, https:\/\/blogi.eoppimispalvelut.fi\/charterarctic\/files\/2025\/01\/policy-brief-norsk-768x403.png 768w, https:\/\/blogi.eoppimispalvelut.fi\/charterarctic\/files\/2025\/01\/policy-brief-norsk-24x13.png 24w, https:\/\/blogi.eoppimispalvelut.fi\/charterarctic\/files\/2025\/01\/policy-brief-norsk-36x19.png 36w, https:\/\/blogi.eoppimispalvelut.fi\/charterarctic\/files\/2025\/01\/policy-brief-norsk-48x25.png 48w, https:\/\/blogi.eoppimispalvelut.fi\/charterarctic\/files\/2025\/01\/policy-brief-norsk.png 1467w\" sizes=\"auto, (max-width: 300px) 100vw, 300px\" \/><\/figure>\n<\/div>\n\n\n<p><\/p>\n\n\n\n<h2 class=\"wp-block-heading\"><a href=\"https:\/\/www.charter-arctic.org\/wp-content\/uploads\/2025\/01\/CHARTER_PolicyBriefing_NOR_v3.pdf\" target=\"_blank\" rel=\"noreferrer noopener\"><strong>Spenninger og dr\u00f8mmer<\/strong>: Politiske alternativer for et b\u00e6rekraftig Arktis<\/a><\/h2>\n\n\n\n<p><\/p>\n\n\n<div class=\"wp-block-image\">\n<figure class=\"alignleft size-medium\"><a href=\"https:\/\/blogi.eoppimispalvelut.fi\/charterarctic\/files\/2025\/01\/CHARTER_PolicyBriefing_SWE_v3.pdf\" target=\"_blank\" rel=\" noreferrer noopener\"><img decoding=\"async\" src=\"https:\/\/blogi.eoppimispalvelut.fi\/charterarctic\/files\/2025\/01\/swedish-version-1-300x158.png\" alt=\"\" class=\"wp-image-3048\" \/><\/a><\/figure>\n<\/div>\n\n\n<h2 class=\"wp-block-heading\"><a href=\"https:\/\/blogi.eoppimispalvelut.fi\/charterarctic\/files\/2025\/01\/CHARTER_PolicyBriefing_SWE_v3.pdf\" target=\"_blank\" rel=\"noreferrer noopener\"><strong>F\u00f6rhoppningar och sp\u00e4nningar<\/strong>: Policyalternativ f\u00f6r ett h\u00e5llbart Arktis<\/a><\/h2>\n\n\n\n<p><\/p>\n\n\n\n<p><\/p>\n\n\n\n<p><\/p>\n\n\n\n<hr class=\"wp-block-separator has-alpha-channel-opacity\" \/>\n\n\n<div class=\"wp-block-image\">\n<figure class=\"alignleft size-medium\"><img decoding=\"async\" src=\"https:\/\/blogi.eoppimispalvelut.fi\/charterarctic\/files\/2025\/01\/Screenshot-2025-01-10-at-8.04.37-300x207.png\" alt=\"\" class=\"wp-image-2964\" \/><\/figure>\n<\/div>\n\n\n<h2 class=\"wp-block-heading\"><a href=\"https:\/\/blogi.eoppimispalvelut.fi\/charterarctic\/files\/2025\/01\/CHARTER_working_paper_4_tensional_dreams-1.pdf\" target=\"_blank\" rel=\"noreferrer noopener\">Background Paper for Policy Brief<\/a><\/h2>\n\n\n\n<p><\/p>\n","protected":false},"excerpt":{"rendered":"<p>Tensional Dreams &#8211; Policy Options for a Sustainable Arctic J\u00c4NNITTEISI\u00c4 UNELMIA: Arktisen kest\u00e4v\u00e4t tulevaisuuspolut Gealdagasniegut: \u00c1rktal\u00e1\u0161 guovvlu bisteva\u0161 boahte\u00e1iggi b\u00e1l\u00e1t Spenninger og dr\u00f8mmer: Politiske alternativer for et b\u00e6rekraftig Arktis F\u00f6rhoppningar och sp\u00e4nningar: Policyalternativ f\u00f6r ett h\u00e5llbart Arktis Background Paper for Policy Brief<\/p>\n","protected":false},"author":49630,"featured_media":0,"parent":0,"menu_order":0,"comment_status":"closed","ping_status":"closed","template":"","meta":{"footnotes":""},"class_list":["post-2953","page","type-page","status-publish","hentry"],"_links":{"self":[{"href":"https:\/\/blogi.eoppimispalvelut.fi\/charterarctic\/wp-json\/wp\/v2\/pages\/2953","targetHints":{"allow":["GET"]}}],"collection":[{"href":"https:\/\/blogi.eoppimispalvelut.fi\/charterarctic\/wp-json\/wp\/v2\/pages"}],"about":[{"href":"https:\/\/blogi.eoppimispalvelut.fi\/charterarctic\/wp-json\/wp\/v2\/types\/page"}],"author":[{"embeddable":true,"href":"https:\/\/blogi.eoppimispalvelut.fi\/charterarctic\/wp-json\/wp\/v2\/users\/49630"}],"replies":[{"embeddable":true,"href":"https:\/\/blogi.eoppimispalvelut.fi\/charterarctic\/wp-json\/wp\/v2\/comments?post=2953"}],"version-history":[{"count":7,"href":"https:\/\/blogi.eoppimispalvelut.fi\/charterarctic\/wp-json\/wp\/v2\/pages\/2953\/revisions"}],"predecessor-version":[{"id":3200,"href":"https:\/\/blogi.eoppimispalvelut.fi\/charterarctic\/wp-json\/wp\/v2\/pages\/2953\/revisions\/3200"}],"wp:attachment":[{"href":"https:\/\/blogi.eoppimispalvelut.fi\/charterarctic\/wp-json\/wp\/v2\/media?parent=2953"}],"curies":[{"name":"wp","href":"https:\/\/api.w.org\/{rel}","templated":true}]}}