{"id":160,"date":"2025-01-28T12:43:52","date_gmt":"2025-01-28T10:43:52","guid":{"rendered":"https:\/\/blogi.eoppimispalvelut.fi\/chilloffice\/?page_id=160"},"modified":"2025-05-06T10:57:00","modified_gmt":"2025-05-06T07:57:00","slug":"suositut-tuotteet","status":"publish","type":"page","link":"https:\/\/blogi.eoppimispalvelut.fi\/chilloffice\/","title":{"rendered":"Suositut tuotteet"},"content":{"rendered":"<p>[et_pb_section fb_built=&#8221;1&#8243; _builder_version=&#8221;4.8.2&#8243; _module_preset=&#8221;default&#8221; hover_enabled=&#8221;0&#8243; min_height=&#8221;250.2px&#8221; sticky_enabled=&#8221;0&#8243;][et_pb_row _builder_version=&#8221;4.8.2&#8243; _module_preset=&#8221;default&#8221;][et_pb_column type=&#8221;4_4&#8243; _builder_version=&#8221;4.8.2&#8243; _module_preset=&#8221;default&#8221;][et_pb_image src=&#8221;https:\/\/blogi.eoppimispalvelut.fi\/chilloffice\/files\/2025\/05\/FINAALI.jpg&#8221; title_text=&#8221;FINAALI&#8221; _builder_version=&#8221;4.8.2&#8243; _module_preset=&#8221;default&#8221; transform_scale=&#8221;107.5%|107.5%&#8221;][\/et_pb_image][\/et_pb_column][\/et_pb_row][\/et_pb_section][et_pb_section fb_built=&#8221;1&#8243; fullwidth=&#8221;on&#8221; admin_label=&#8221;Hero&#8221; _builder_version=&#8221;4.8.2&#8243; background_color=&#8221;#00457A&#8221; parallax=&#8221;on&#8221; transform_scale=&#8221;105.5%|105.5%&#8221; custom_padding=&#8221;0px|0px|0px|0px&#8221;][et_pb_fullwidth_header title=&#8221;Your Office.        Your CHIll.&#8221; button_one_url=&#8221;https:\/\/blogi.eoppimispalvelut.fi\/chilloffice\/cart\/&#8221; background_overlay_color=&#8221;rgba(29,38,51,0.86)&#8221; content_max_width=&#8221;700px&#8221; admin_label=&#8221;Hero Section&#8221; _builder_version=&#8221;4.8.2&#8243; title_font=&#8221;Georgia|800|on|on|||||&#8221; title_font_size=&#8221;66px&#8221; title_line_height=&#8221;1.3em&#8221; content_font=&#8221;Georgia||||||||&#8221; content_font_size=&#8221;20px&#8221; subhead_font=&#8221;Acme||||||||&#8221; background_color=&#8221;rgba(255, 255, 255, 0)&#8221; background_image=&#8221;https:\/\/blogi.eoppimispalvelut.fi\/chilloffice\/files\/2025\/02\/pixlr-image-generator-be285d8b-4c32-4480-8209-bf815826989.jpg9_.jpg&#8221; custom_button_one=&#8221;on&#8221; button_one_border_radius=&#8221;0px&#8221; button_one_letter_spacing=&#8221;4px&#8221; button_one_font=&#8221;Oswald|on||on|&#8221; button_one_icon=&#8221;%%3%%&#8221; button_one_icon_color=&#8221;#ffffff&#8221; custom_margin=&#8221;|||&#8221; custom_padding=&#8221;150px|0px|150px|0px||&#8221; custom_padding_tablet=&#8221;60px||60px|&#8221; custom_padding_phone=&#8221;&#8221; custom_padding_last_edited=&#8221;on|tablet&#8221; animation_style=&#8221;zoom&#8221; animation_direction=&#8221;bottom&#8221; animation_intensity_zoom=&#8221;4%&#8221; button_one_text_color_hover=&#8221;#ffffff&#8221; button_one_border_color_hover=&#8221;#ffffff&#8221; button_one_border_radius_hover=&#8221;0px&#8221; button_one_letter_spacing_hover=&#8221;4px&#8221; button_one_bg_color_hover=&#8221;rgba(0,0,0,0)&#8221; button_one_text_size__hover_enabled=&#8221;off&#8221; button_two_text_size__hover_enabled=&#8221;off&#8221; button_one_text_color__hover_enabled=&#8221;on&#8221; button_one_text_color__hover=&#8221;#ffffff&#8221; button_two_text_color__hover_enabled=&#8221;off&#8221; button_one_border_width__hover_enabled=&#8221;off&#8221; button_two_border_width__hover_enabled=&#8221;off&#8221; button_one_border_color__hover_enabled=&#8221;on&#8221; button_one_border_color__hover=&#8221;#ffffff&#8221; button_two_border_color__hover_enabled=&#8221;off&#8221; button_one_border_radius__hover_enabled=&#8221;on&#8221; button_one_border_radius__hover=&#8221;0px&#8221; button_two_border_radius__hover_enabled=&#8221;off&#8221; button_one_letter_spacing__hover_enabled=&#8221;on&#8221; button_one_letter_spacing__hover=&#8221;4px&#8221; button_two_letter_spacing__hover_enabled=&#8221;off&#8221; button_one_bg_color__hover_enabled=&#8221;on&#8221; button_one_bg_color__hover=&#8221;rgba(0,0,0,0)&#8221; button_two_bg_color__hover_enabled=&#8221;off&#8221;]<\/p>\n<p><span style=\"color: #ffffff\"><span style=\"color: #333300\"><\/span><\/span><\/p>\n<p>&nbsp;<\/p>\n<div class=\"et_fb_editing_enabled et_pb_text et_pb_module ui-sortable et_pb_text_0 et-animated--vb et_pb_text_align_left et_pb_bg_layout_light et-first-child et-last-child\" data-address=\"0.0.0.0\">\n<div class=\"et_pb_text_inner\">\n<div data-shortcode-id=\"0.0.0.0-1739961817773\" data-quickaccess-editable=\"yes\" class=\"et-fb-popover-tinymce\">\n<div class=\"mce-content-body\">\n<p><span style=\"color: #ffffff\"><em>We are a office supplies and furniture selling company based in Arctic Valley. We want to make working with us as effortless as possible, which is why we also offer office furniture installation service. Additionally, we can design your office to create a functional and inspiring workspace.<\/em><\/span><\/p>\n<p><em><span style=\"color: #ffffff\">\u00a0<\/span><\/em><\/p>\n<p><em><span style=\"color: #ffffff\"><\/span><\/em><\/p>\n<p><em><span style=\"color: #ffffff\">At ChillOffice, our mission is to create ergonomic, high-quality, and stylish offices that make work more enjoyable than ever. By enhancing workplace comfort and well-being, we help boost employee satisfaction and, in turn, contribute to better business performance every day.<\/span><\/em><\/p>\n<\/div>\n<\/div>\n<\/div>\n<\/div>\n<p>&nbsp;<\/p>\n<p>&nbsp;<\/p>\n<p>&nbsp;<\/p>\n<p>&nbsp;<\/p>\n<p>&nbsp;<\/p>\n<p>&nbsp;<\/p>\n<p>[\/et_pb_fullwidth_header][\/et_pb_section][et_pb_section fb_built=&#8221;1&#8243; fullwidth=&#8221;on&#8221; _builder_version=&#8221;4.8.2&#8243; _module_preset=&#8221;default&#8221;][et_pb_fullwidth_header title=&#8221;Contact us&#8221; _builder_version=&#8221;4.8.2&#8243; _module_preset=&#8221;default&#8221; title_text_align=&#8221;center&#8221; use_background_color_gradient=&#8221;on&#8221; background_color_gradient_start=&#8221;#223253&#8243; background_color_gradient_end=&#8221;#e5e5e5&#8243; transform_scale=&#8221;105.5%|105.5%&#8221; text_shadow_style=&#8221;preset1&#8243;]<\/p>\n<h4 style=\"text-align: center\"><span style=\"color: #ffffff\">We answer emails every business day 9:00-15:00<\/span><\/h4>\n<p>[\/et_pb_fullwidth_header][\/et_pb_section][et_pb_section fb_built=&#8221;1&#8243; admin_label=&#8221;Section&#8221; _builder_version=&#8221;4.8.2&#8243; _module_preset=&#8221;default&#8221;][et_pb_row _builder_version=&#8221;4.8.2&#8243; _module_preset=&#8221;default&#8221;][et_pb_column type=&#8221;4_4&#8243; _builder_version=&#8221;4.8.2&#8243; _module_preset=&#8221;default&#8221;][et_pb_text _builder_version=&#8221;4.8.2&#8243; _module_preset=&#8221;default&#8221;]<\/p>\n<p style=\"text-align: center\">!!! ChillOffice is completely virtual company. Made for the learning purposes. !!!<\/p>\n<p>[\/et_pb_text][\/et_pb_column][\/et_pb_row][\/et_pb_section]<\/p>\n","protected":false},"excerpt":{"rendered":"<p>Your Office. Your CHIll. &nbsp; We are a office&#8230;<\/p>\n","protected":false},"author":48416,"featured_media":0,"parent":0,"menu_order":0,"comment_status":"closed","ping_status":"closed","template":"","meta":{"_et_pb_use_builder":"on","_et_pb_old_content":"<p>Olemme Napalaaksossa toimiva toimistokalusteita ja -tarvikkeita myyv\u00e4 yritys. Haluamme, ett\u00e4 asioiminen kanssamme on mahdollisimman vaivatonta, joten palveluihimme kuuluu kalusteiden asennus ja kuljetus suoraan toimistollenne. Voimme my\u00f6s suunnitella toimistotiloistanne juuri teid\u00e4n tarkoituksiinne sopivat.<\/p><p>Meille on t\u00e4rke\u00e4\u00e4 tuotteiden ergonomisuus ja haluamme tarjota asiakkailemme viihtyis\u00e4n ty\u00f6ymp\u00e4rist\u00f6n. Niin viihtyis\u00e4n, ett\u00e4 tulet ennemmin toimistolle, kuin j\u00e4\u00e4t kotiin!<\/p>\t\t\n\t\t\t\t\t<h2>Your Office. Your Chill.\n<\/h2>\t\t\t\t\n\t\t\t\t\t<a href=\"https:\/\/blogi.eoppimispalvelut.fi\/chilloffice\/tarjous-pohja\/\" id=\"6\">\n\t\t\t\t\t\t\t\t\tTee tarjous\n\t\t\t\t\t<\/a>\n\t\t\t\t\t\t\t\t\t\t\t\t\t\t\t<img width=\"608\" height=\"406\" src=\"https:\/\/blogi.eoppimispalvelut.fi\/chilloffice\/files\/2025\/01\/stock-photo-mockup-modern-personal-desk-office-monitor-display-keyboard-mouse-notebook.jpg\" alt=\"\" \/>","_et_gb_content_width":"","footnotes":""},"class_list":["post-160","page","type-page","status-publish","hentry"],"_links":{"self":[{"href":"https:\/\/blogi.eoppimispalvelut.fi\/chilloffice\/wp-json\/wp\/v2\/pages\/160","targetHints":{"allow":["GET"]}}],"collection":[{"href":"https:\/\/blogi.eoppimispalvelut.fi\/chilloffice\/wp-json\/wp\/v2\/pages"}],"about":[{"href":"https:\/\/blogi.eoppimispalvelut.fi\/chilloffice\/wp-json\/wp\/v2\/types\/page"}],"author":[{"embeddable":true,"href":"https:\/\/blogi.eoppimispalvelut.fi\/chilloffice\/wp-json\/wp\/v2\/users\/48416"}],"replies":[{"embeddable":true,"href":"https:\/\/blogi.eoppimispalvelut.fi\/chilloffice\/wp-json\/wp\/v2\/comments?post=160"}],"version-history":[{"count":296,"href":"https:\/\/blogi.eoppimispalvelut.fi\/chilloffice\/wp-json\/wp\/v2\/pages\/160\/revisions"}],"predecessor-version":[{"id":1342,"href":"https:\/\/blogi.eoppimispalvelut.fi\/chilloffice\/wp-json\/wp\/v2\/pages\/160\/revisions\/1342"}],"wp:attachment":[{"href":"https:\/\/blogi.eoppimispalvelut.fi\/chilloffice\/wp-json\/wp\/v2\/media?parent=160"}],"curies":[{"name":"wp","href":"https:\/\/api.w.org\/{rel}","templated":true}]}}