{"id":91,"date":"2025-01-28T09:59:07","date_gmt":"2025-01-28T07:59:07","guid":{"rendered":"https:\/\/blogi.eoppimispalvelut.fi\/chilloffice\/?page_id=91"},"modified":"2025-02-27T21:27:23","modified_gmt":"2025-02-27T19:27:23","slug":"palvelut","status":"publish","type":"page","link":"https:\/\/blogi.eoppimispalvelut.fi\/chilloffice\/palvelut\/","title":{"rendered":"Services"},"content":{"rendered":"<p>[et_pb_section fb_built=&#8221;1&#8243; admin_label=&#8221;section&#8221; _builder_version=&#8221;4.8.2&#8243; transform_scale=&#8221;105%|105%&#8221; custom_padding=&#8221;||47px|||&#8221;][et_pb_row _builder_version=&#8221;4.8.2&#8243; _module_preset=&#8221;default&#8221; custom_padding=&#8221;||23px|||&#8221;][et_pb_column type=&#8221;4_4&#8243; _builder_version=&#8221;4.8.2&#8243; _module_preset=&#8221;default&#8221;][et_pb_text _builder_version=&#8221;4.8.2&#8243; _module_preset=&#8221;default&#8221; text_font_size=&#8221;20px&#8221; custom_padding=&#8221;||0px|||&#8221;]<\/p>\n<p>&nbsp;<\/p>\n<p><strong>Furniture assembly and installation service<\/strong><\/p>\n<p>If you wish, you can order our professionals to assemble and install the products at the office, so that the installation will be surely done correctly. Many customers choose this service in addition to office delivery.<\/p>\n<p>&nbsp;<\/p>\n<p><b>Transportation service<\/b><\/p>\n<p>At ChillOffice, we know that working days can be busy, so we want to make your day easier by offering an additional service of transportation directly to the office or remote workplaces through our partner.<\/p>\n<p>&nbsp;<\/p>\n<p><strong>ChillOffice &#8211; Design service<\/strong><\/p>\n<p>If you wish, we can help create the most relaxed and functional entity in your office. You don&#8217;t have to know everything yourself &#8211; let us handle this for you or support you, if needed.<\/p>\n<p>&nbsp;<\/p>\n<p>[\/et_pb_text][\/et_pb_column][\/et_pb_row][\/et_pb_section][et_pb_section fb_built=&#8221;1&#8243; _builder_version=&#8221;4.8.2&#8243; _module_preset=&#8221;default&#8221; transform_scale=&#8221;105%|105%&#8221; custom_padding=&#8221;45px|||||&#8221;][et_pb_row column_structure=&#8221;1_5,1_5,1_5,1_5,1_5&#8243; use_custom_gutter=&#8221;on&#8221; gutter_width=&#8221;2&#8243; make_equal=&#8221;on&#8221; _builder_version=&#8221;4.8.2&#8243; use_background_color_gradient=&#8221;on&#8221; background_color_gradient_start=&#8221;#00457a&#8221; background_color_gradient_end=&#8221;#d6d6d6&#8243; custom_padding=&#8221;0|0px|0|0px|false|false&#8221; saved_tabs=&#8221;all&#8221;][et_pb_column type=&#8221;1_5&#8243; _builder_version=&#8221;3.25&#8243; custom_padding=&#8221;|||&#8221; custom_padding__hover=&#8221;|||&#8221;][\/et_pb_column][et_pb_column type=&#8221;1_5&#8243; _builder_version=&#8221;3.25&#8243; custom_padding=&#8221;|||&#8221; custom_padding__hover=&#8221;|||&#8221;][et_pb_blurb title=&#8221;Furniture assembly&#8221; image=&#8221;https:\/\/blogi.eoppimispalvelut.fi\/chilloffice\/files\/2025\/02\/hardware-icon-2.png&#8221; _builder_version=&#8221;4.8.2&#8243; header_level=&#8221;h6&#8243; header_font=&#8221;Roboto|700||on|||||&#8221; header_text_align=&#8221;center&#8221; header_font_size=&#8221;10px&#8221; header_letter_spacing=&#8221;2px&#8221; header_line_height=&#8221;1.2em&#8221; body_font=&#8221;||||||||&#8221; min_height=&#8221;68px&#8221; custom_padding=&#8221;20px||27px||false|false&#8221; link_option_url=&#8221;#&#8221; border_radii_image=&#8221;on|100px|100px|100px|100px&#8221; child_filter_contrast__hover_enabled=&#8221;on&#8221; child_filter_contrast__hover=&#8221;110%&#8221; header_text_color__hover_enabled=&#8221;on&#8221; header_text_color__hover=&#8221;#ffb456&#8243;][\/et_pb_blurb][\/et_pb_column][et_pb_column type=&#8221;1_5&#8243; _builder_version=&#8221;3.25&#8243; custom_padding=&#8221;|||&#8221; custom_padding__hover=&#8221;|||&#8221;][et_pb_blurb title=&#8221;design service&#8221; image=&#8221;https:\/\/blogi.eoppimispalvelut.fi\/chilloffice\/files\/2025\/02\/hardware-icon-3.png&#8221; _builder_version=&#8221;4.8.2&#8243; header_level=&#8221;h6&#8243; header_font=&#8221;Roboto|700||on|||||&#8221; header_text_align=&#8221;center&#8221; header_font_size=&#8221;10px&#8221; header_letter_spacing=&#8221;2px&#8221; header_line_height=&#8221;1.2em&#8221; body_font=&#8221;||||||||&#8221; custom_padding=&#8221;20px||||false|false&#8221; link_option_url=&#8221;#&#8221; border_radii_image=&#8221;on|100px|100px|100px|100px&#8221; child_filter_contrast__hover_enabled=&#8221;on&#8221; child_filter_contrast__hover=&#8221;110%&#8221; header_text_color__hover_enabled=&#8221;on&#8221; header_text_color__hover=&#8221;#ffb456&#8243;][\/et_pb_blurb][\/et_pb_column][et_pb_column type=&#8221;1_5&#8243; _builder_version=&#8221;3.25&#8243; custom_padding=&#8221;|||&#8221; custom_padding__hover=&#8221;|||&#8221;][et_pb_blurb title=&#8221;transportation service&#8221; image=&#8221;https:\/\/blogi.eoppimispalvelut.fi\/chilloffice\/files\/2025\/02\/hardware-icon-1.png&#8221; _builder_version=&#8221;4.8.2&#8243; header_level=&#8221;h6&#8243; header_font=&#8221;Roboto|700||on|||||&#8221; header_text_align=&#8221;center&#8221; header_font_size=&#8221;10px&#8221; header_letter_spacing=&#8221;2px&#8221; header_line_height=&#8221;1.2em&#8221; body_font=&#8221;||||||||&#8221; custom_margin=&#8221;20px||||false|false&#8221; link_option_url=&#8221;#&#8221; border_radii_image=&#8221;on|100px|100px|100px|100px&#8221; locked=&#8221;off&#8221; child_filter_contrast__hover_enabled=&#8221;on&#8221; child_filter_contrast__hover=&#8221;110%&#8221; header_text_color__hover_enabled=&#8221;on&#8221; header_text_color__hover=&#8221;#ffb456&#8243;][\/et_pb_blurb][\/et_pb_column][et_pb_column type=&#8221;1_5&#8243; _builder_version=&#8221;3.25&#8243; custom_padding=&#8221;|||&#8221; custom_padding__hover=&#8221;|||&#8221;][\/et_pb_column][\/et_pb_row][et_pb_row _builder_version=&#8221;4.8.2&#8243; _module_preset=&#8221;default&#8221;][et_pb_column type=&#8221;4_4&#8243; _builder_version=&#8221;4.8.2&#8243; _module_preset=&#8221;default&#8221;][\/et_pb_column][\/et_pb_row][et_pb_row _builder_version=&#8221;4.8.2&#8243; _module_preset=&#8221;default&#8221;][et_pb_column type=&#8221;4_4&#8243; _builder_version=&#8221;4.8.2&#8243; _module_preset=&#8221;default&#8221;][\/et_pb_column][\/et_pb_row][\/et_pb_section]<\/p>\n","protected":false},"excerpt":{"rendered":"<p>&nbsp; Furniture assembly and installation service If&#8230;<\/p>\n","protected":false},"author":48416,"featured_media":0,"parent":0,"menu_order":0,"comment_status":"closed","ping_status":"closed","template":"","meta":{"_et_pb_use_builder":"on","_et_pb_old_content":"<!-- wp:paragraph {\"fontSize\":\"medium\"} -->\n<p><strong>Kalusteiden kasaus- ja asennuspalvelu<\/strong><\/p>\n<!-- \/wp:paragraph --><!-- wp:paragraph {\"fontSize\":\"medium\"} -->\n<p>Voit halutessasi tilata ammattilaisemme kasaamaan ja asentamaan tuotteet toimistolle, jotta asennus menee varmasti oikein. Monet asiakkaat valitsevat t\u00e4m\u00e4n palvelun kotiinkuljetuksen lis\u00e4ksi.<\/p>\n<!-- \/wp:paragraph --><!-- wp:paragraph {\"fontSize\":\"medium\"} -->\n<p><strong>Kuljetuspalvelu<\/strong><\/p>\n<!-- \/wp:paragraph --><!-- wp:paragraph {\"fontSize\":\"medium\"} -->\n<p>Me ChillOfficella tied\u00e4mme, ett\u00e4 ty\u00f6p\u00e4iv\u00e4t voivat olla kiireisi\u00e4, joten haluamme helpottaa p\u00e4iv\u00e4\u00e4si tarjoamalla lis\u00e4palveluna kuljetuksen suoraan toimistolle tai et\u00e4ty\u00f6pisteille.<\/p>\n<!-- \/wp:paragraph --><!-- wp:paragraph {\"fontSize\":\"medium\"} -->\n<p><strong>ChillOffice -suunnittelupalvelu<\/strong><\/p>\n<!-- \/wp:paragraph --><!-- wp:paragraph -->\n<p>Halutessasi voimme auttaa luomaan toimistostasi mahdollisimman rennon ja toimivan kokonaisuuden. Ei tarvitse osata kaikkea itse - anna meid\u00e4n hoitaa t\u00e4m\u00e4 puolestasi tai tukea sinua tarvittaessa.<\/p>\n<p>\u00a0<\/p>\n<p><strong>KYSY MEILT\u00c4 TARJOUSTA<\/strong><\/p>\n<!-- \/wp:paragraph -->","_et_gb_content_width":"","footnotes":""},"class_list":["post-91","page","type-page","status-publish","hentry"],"_links":{"self":[{"href":"https:\/\/blogi.eoppimispalvelut.fi\/chilloffice\/wp-json\/wp\/v2\/pages\/91","targetHints":{"allow":["GET"]}}],"collection":[{"href":"https:\/\/blogi.eoppimispalvelut.fi\/chilloffice\/wp-json\/wp\/v2\/pages"}],"about":[{"href":"https:\/\/blogi.eoppimispalvelut.fi\/chilloffice\/wp-json\/wp\/v2\/types\/page"}],"author":[{"embeddable":true,"href":"https:\/\/blogi.eoppimispalvelut.fi\/chilloffice\/wp-json\/wp\/v2\/users\/48416"}],"replies":[{"embeddable":true,"href":"https:\/\/blogi.eoppimispalvelut.fi\/chilloffice\/wp-json\/wp\/v2\/comments?post=91"}],"version-history":[{"count":42,"href":"https:\/\/blogi.eoppimispalvelut.fi\/chilloffice\/wp-json\/wp\/v2\/pages\/91\/revisions"}],"predecessor-version":[{"id":1211,"href":"https:\/\/blogi.eoppimispalvelut.fi\/chilloffice\/wp-json\/wp\/v2\/pages\/91\/revisions\/1211"}],"wp:attachment":[{"href":"https:\/\/blogi.eoppimispalvelut.fi\/chilloffice\/wp-json\/wp\/v2\/media?parent=91"}],"curies":[{"name":"wp","href":"https:\/\/api.w.org\/{rel}","templated":true}]}}