{"id":982,"date":"2025-02-21T13:19:08","date_gmt":"2025-02-21T11:19:08","guid":{"rendered":"https:\/\/blogi.eoppimispalvelut.fi\/chilloffice\/?post_type=product&#038;p=982"},"modified":"2025-02-21T13:19:08","modified_gmt":"2025-02-21T11:19:08","slug":"phone-booth-one-person-105x105cm","status":"publish","type":"product","link":"https:\/\/blogi.eoppimispalvelut.fi\/chilloffice\/product\/phone-booth-one-person-105x105cm\/","title":{"rendered":"Phone booth, one person 105x105cm"},"content":{"rendered":"<p>It includes height adjustable table.<\/p>\n<pre id=\"tw-target-text\" class=\"tw-data-text tw-text-large tw-ta\" dir=\"ltr\" data-placeholder=\"K\u00e4\u00e4nn\u00f6s\" data-ved=\"2ahUKEwiq16uVyNSLAxVgQVUIHX9uBkUQ3ewLegQIBxAV\" aria-label=\"K\u00e4\u00e4nnetty teksti: height adjustable table\"><\/pre>\n","protected":false},"excerpt":{"rendered":"<p>It includes height adjustable table.<\/p>\n","protected":false},"featured_media":983,"template":"","meta":{"_et_pb_use_builder":"","_et_pb_old_content":"","_et_gb_content_width":""},"product_brand":[],"product_cat":[23,22],"product_tag":[],"class_list":{"0":"post-982","1":"product","2":"type-product","3":"status-publish","4":"has-post-thumbnail","6":"product_cat-tuotteet","7":"product_cat-uncategorized","9":"first","10":"instock","11":"shipping-taxable","12":"purchasable","13":"product-type-simple"},"_links":{"self":[{"href":"https:\/\/blogi.eoppimispalvelut.fi\/chilloffice\/wp-json\/wp\/v2\/product\/982","targetHints":{"allow":["GET"]}}],"collection":[{"href":"https:\/\/blogi.eoppimispalvelut.fi\/chilloffice\/wp-json\/wp\/v2\/product"}],"about":[{"href":"https:\/\/blogi.eoppimispalvelut.fi\/chilloffice\/wp-json\/wp\/v2\/types\/product"}],"wp:featuredmedia":[{"embeddable":true,"href":"https:\/\/blogi.eoppimispalvelut.fi\/chilloffice\/wp-json\/wp\/v2\/media\/983"}],"wp:attachment":[{"href":"https:\/\/blogi.eoppimispalvelut.fi\/chilloffice\/wp-json\/wp\/v2\/media?parent=982"}],"wp:term":[{"taxonomy":"product_brand","embeddable":true,"href":"https:\/\/blogi.eoppimispalvelut.fi\/chilloffice\/wp-json\/wp\/v2\/product_brand?post=982"},{"taxonomy":"product_cat","embeddable":true,"href":"https:\/\/blogi.eoppimispalvelut.fi\/chilloffice\/wp-json\/wp\/v2\/product_cat?post=982"},{"taxonomy":"product_tag","embeddable":true,"href":"https:\/\/blogi.eoppimispalvelut.fi\/chilloffice\/wp-json\/wp\/v2\/product_tag?post=982"}],"curies":[{"name":"wp","href":"https:\/\/api.w.org\/{rel}","templated":true}]}}