{"id":1457,"date":"2024-12-05T14:00:05","date_gmt":"2024-12-05T12:00:05","guid":{"rendered":"https:\/\/blogi.eoppimispalvelut.fi\/climateforest\/home-svenska\/"},"modified":"2024-12-11T13:53:45","modified_gmt":"2024-12-11T11:53:45","slug":"home-svenska","status":"publish","type":"page","link":"https:\/\/blogi.eoppimispalvelut.fi\/climateforest\/sv\/home-svenska\/","title":{"rendered":"Hem"},"content":{"rendered":"\t\t<div data-elementor-type=\"wp-page\" data-elementor-id=\"1457\" class=\"elementor elementor-1457\">\n\t\t\t\t<div class=\"elementor-element elementor-element-2dcde361 e-con-full animated-slow e-flex e-con e-parent\" data-id=\"2dcde361\" data-element_type=\"container\" data-e-type=\"container\" data-settings=\"{&quot;background_background&quot;:&quot;classic&quot;,&quot;animation&quot;:&quot;none&quot;}\">\n\t\t<div class=\"elementor-element elementor-element-6b1ad1ab e-con-full e-flex e-con e-child\" data-id=\"6b1ad1ab\" data-element_type=\"container\" data-e-type=\"container\">\n\t\t<div class=\"elementor-element elementor-element-58c6fe27 e-con-full e-flex e-con e-child\" data-id=\"58c6fe27\" data-element_type=\"container\" data-e-type=\"container\">\n\t\t\t\t<div class=\"elementor-element elementor-element-4ce3eb53 elementor-widget elementor-widget-image\" data-id=\"4ce3eb53\" data-element_type=\"widget\" data-e-type=\"widget\" data-widget_type=\"image.default\">\n\t\t\t\t<div class=\"elementor-widget-container\">\n\t\t\t\t\t\t\t\t\t\t\t\t\t\t\t<img fetchpriority=\"high\" decoding=\"async\" width=\"1200\" height=\"300\" src=\"https:\/\/blogi.eoppimispalvelut.fi\/climateforest\/files\/2024\/08\/Logo_slogan-1-1280x320.png\" class=\"attachment-large size-large wp-image-1196\" alt=\"\" srcset=\"https:\/\/blogi.eoppimispalvelut.fi\/climateforest\/files\/2024\/08\/Logo_slogan-1-1280x320.png 1280w, https:\/\/blogi.eoppimispalvelut.fi\/climateforest\/files\/2024\/08\/Logo_slogan-1-900x225.png 900w, https:\/\/blogi.eoppimispalvelut.fi\/climateforest\/files\/2024\/08\/Logo_slogan-1-768x192.png 768w, https:\/\/blogi.eoppimispalvelut.fi\/climateforest\/files\/2024\/08\/Logo_slogan-1.png 1357w\" sizes=\"(max-width: 1200px) 100vw, 1200px\" \/>\t\t\t\t\t\t\t\t\t\t\t\t\t\t\t<\/div>\n\t\t\t\t<\/div>\n\t\t\t\t<div class=\"elementor-element elementor-element-4597f991 elementor-widget elementor-widget-spacer\" data-id=\"4597f991\" data-element_type=\"widget\" data-e-type=\"widget\" data-widget_type=\"spacer.default\">\n\t\t\t\t<div class=\"elementor-widget-container\">\n\t\t\t\t\t\t\t<div class=\"elementor-spacer\">\n\t\t\t<div class=\"elementor-spacer-inner\"><\/div>\n\t\t<\/div>\n\t\t\t\t\t\t<\/div>\n\t\t\t\t<\/div>\n\t\t\t\t<div class=\"elementor-element elementor-element-304a82e7 elementor-widget-mobile__width-initial elementor-widget elementor-widget-text-editor\" data-id=\"304a82e7\" data-element_type=\"widget\" data-e-type=\"widget\" data-widget_type=\"text-editor.default\">\n\t\t\t\t<div class=\"elementor-widget-container\">\n\t\t\t\t\t\t\t\t\t<p>ClimateForest-projektet \u00e4r ett samarbete mellan flera partners. Det har f\u00e5tt finansiering fr\u00e5n EU, Interreg Aurora och Lapplands landskapsf\u00f6rbund. V\u00e5rt m\u00e5l \u00e4r att <strong>utveckla nya verktyg f\u00f6r att f\u00f6rebygga skador p\u00e5 skogen och riskhanteringsmetoder f\u00f6r att st\u00f6dja och s\u00e4kerst\u00e4lla f\u00f6rs\u00f6rjningen i Aurora-regionerna i relation till skogar.<\/strong><\/p>\t\t\t\t\t\t\t\t<\/div>\n\t\t\t\t<\/div>\n\t\t\t\t<\/div>\n\t\t\t\t<\/div>\n\t\t\t\t<\/div>\n\t\t<div class=\"elementor-element elementor-element-70c1dc30 e-con-full e-flex e-con e-parent\" data-id=\"70c1dc30\" data-element_type=\"container\" data-e-type=\"container\">\n\t\t<div class=\"elementor-element elementor-element-145b410b e-con-full e-flex e-con e-child\" data-id=\"145b410b\" data-element_type=\"container\" data-e-type=\"container\">\n\t\t\t\t<div class=\"elementor-element elementor-element-241e0dce elementor-widget elementor-widget-spacer\" data-id=\"241e0dce\" data-element_type=\"widget\" data-e-type=\"widget\" data-widget_type=\"spacer.default\">\n\t\t\t\t<div class=\"elementor-widget-container\">\n\t\t\t\t\t\t\t<div class=\"elementor-spacer\">\n\t\t\t<div class=\"elementor-spacer-inner\"><\/div>\n\t\t<\/div>\n\t\t\t\t\t\t<\/div>\n\t\t\t\t<\/div>\n\t\t\t\t<div class=\"elementor-element elementor-element-5437e98a elementor-widget__width-initial elementor-widget elementor-widget-heading\" data-id=\"5437e98a\" data-element_type=\"widget\" data-e-type=\"widget\" data-widget_type=\"heading.default\">\n\t\t\t\t<div class=\"elementor-widget-container\">\n\t\t\t\t\t<h2 class=\"elementor-heading-title elementor-size-default\">Introduktion<\/h2>\t\t\t\t<\/div>\n\t\t\t\t<\/div>\n\t\t\t\t<div class=\"elementor-element elementor-element-18987161 elementor-widget elementor-widget-text-editor\" data-id=\"18987161\" data-element_type=\"widget\" data-e-type=\"widget\" data-widget_type=\"text-editor.default\">\n\t\t\t\t<div class=\"elementor-widget-container\">\n\t\t\t\t\t\t\t\t\t<p>Skogsskador\u00a0 p\u00e5verkar negativt p\u00e5 m\u00e5nga av de ekosystemtj\u00e4nster som skogar erbjuder, inklusive <strong>klimatreglering, produktion av f\u00f6rnybara r\u00e5varor och andra f\u00f6rs\u00f6rjande, reglerande, kulturella och st\u00f6djande ekosystemtj\u00e4nster.<\/strong> Klimatf\u00f6r\u00e4ndringsrelaterade st\u00f6rningar p\u00e5verkar redan skogstillv\u00e4xten dramatiskt i delar av Europa, som Aurora-regionen, och dessa <b>problem ber\u00e4knas \u00f6ka och expandera norrut.<\/b> Eftersom Aurora-omr\u00e5dena f\u00f6rv\u00e4ntas uppleva mer dramatiska temperatur\u00f6kningar \u00e4n l\u00e4gre breddgrader, kommer dessa omr\u00e5den troligen att m\u00f6ta allvarligare effekter av klimatf\u00f6r\u00e4ndringen.<\/p>\t\t\t\t\t\t\t\t<\/div>\n\t\t\t\t<\/div>\n\t\t\t\t<\/div>\n\t\t<div class=\"elementor-element elementor-element-eaedc76 e-con-full e-flex e-con e-child\" data-id=\"eaedc76\" data-element_type=\"container\" data-e-type=\"container\">\n\t\t\t\t<div class=\"elementor-element elementor-element-1957aebe elementor-widget__width-initial e-transform e-transform elementor-widget elementor-widget-image\" data-id=\"1957aebe\" data-element_type=\"widget\" data-e-type=\"widget\" data-settings=\"{&quot;_transform_translateX_effect_mobile&quot;:{&quot;unit&quot;:&quot;px&quot;,&quot;size&quot;:&quot;125&quot;,&quot;sizes&quot;:[]},&quot;_transform_scale_effect_mobile&quot;:{&quot;unit&quot;:&quot;px&quot;,&quot;size&quot;:&quot;1.2&quot;,&quot;sizes&quot;:[]},&quot;_transform_translateX_effect&quot;:{&quot;unit&quot;:&quot;px&quot;,&quot;size&quot;:&quot;&quot;,&quot;sizes&quot;:[]},&quot;_transform_translateX_effect_tablet&quot;:{&quot;unit&quot;:&quot;px&quot;,&quot;size&quot;:&quot;&quot;,&quot;sizes&quot;:[]},&quot;_transform_translateY_effect&quot;:{&quot;unit&quot;:&quot;px&quot;,&quot;size&quot;:&quot;&quot;,&quot;sizes&quot;:[]},&quot;_transform_translateY_effect_tablet&quot;:{&quot;unit&quot;:&quot;px&quot;,&quot;size&quot;:&quot;&quot;,&quot;sizes&quot;:[]},&quot;_transform_translateY_effect_mobile&quot;:{&quot;unit&quot;:&quot;px&quot;,&quot;size&quot;:&quot;&quot;,&quot;sizes&quot;:[]},&quot;_transform_scale_effect&quot;:{&quot;unit&quot;:&quot;px&quot;,&quot;size&quot;:&quot;&quot;,&quot;sizes&quot;:[]},&quot;_transform_scale_effect_tablet&quot;:{&quot;unit&quot;:&quot;px&quot;,&quot;size&quot;:&quot;&quot;,&quot;sizes&quot;:[]}}\" data-widget_type=\"image.default\">\n\t\t\t\t<div class=\"elementor-widget-container\">\n\t\t\t\t\t\t\t\t\t\t\t\t\t\t\t<img decoding=\"async\" width=\"1200\" height=\"1237\" src=\"https:\/\/blogi.eoppimispalvelut.fi\/climateforest\/files\/2024\/08\/intro.png\" class=\"attachment-large size-large wp-image-1172\" alt=\"\" srcset=\"https:\/\/blogi.eoppimispalvelut.fi\/climateforest\/files\/2024\/08\/intro.png 1242w, https:\/\/blogi.eoppimispalvelut.fi\/climateforest\/files\/2024\/08\/intro-900x928.png 900w, https:\/\/blogi.eoppimispalvelut.fi\/climateforest\/files\/2024\/08\/intro-768x791.png 768w\" sizes=\"(max-width: 1200px) 100vw, 1200px\" \/>\t\t\t\t\t\t\t\t\t\t\t\t\t\t\t<\/div>\n\t\t\t\t<\/div>\n\t\t\t\t<\/div>\n\t\t\t\t<\/div>\n\t\t<div class=\"elementor-element elementor-element-2dfbd333 e-con-full e-flex e-con e-parent\" data-id=\"2dfbd333\" data-element_type=\"container\" data-e-type=\"container\">\n\t\t<div class=\"elementor-element elementor-element-7e684819 e-con-full e-flex e-con e-child\" data-id=\"7e684819\" data-element_type=\"container\" data-e-type=\"container\">\n\t\t\t\t<div class=\"elementor-element elementor-element-242f92a2 elementor-widget__width-initial e-transform e-transform elementor-widget elementor-widget-image\" data-id=\"242f92a2\" data-element_type=\"widget\" data-e-type=\"widget\" data-settings=\"{&quot;_transform_translateX_effect_mobile&quot;:{&quot;unit&quot;:&quot;px&quot;,&quot;size&quot;:&quot;-85&quot;,&quot;sizes&quot;:[]},&quot;_transform_translateY_effect_mobile&quot;:{&quot;unit&quot;:&quot;px&quot;,&quot;size&quot;:&quot;10&quot;,&quot;sizes&quot;:[]},&quot;_transform_scale_effect_mobile&quot;:{&quot;unit&quot;:&quot;px&quot;,&quot;size&quot;:&quot;1.2&quot;,&quot;sizes&quot;:[]},&quot;_transform_translateX_effect&quot;:{&quot;unit&quot;:&quot;px&quot;,&quot;size&quot;:&quot;&quot;,&quot;sizes&quot;:[]},&quot;_transform_translateX_effect_tablet&quot;:{&quot;unit&quot;:&quot;px&quot;,&quot;size&quot;:&quot;&quot;,&quot;sizes&quot;:[]},&quot;_transform_translateY_effect&quot;:{&quot;unit&quot;:&quot;px&quot;,&quot;size&quot;:&quot;&quot;,&quot;sizes&quot;:[]},&quot;_transform_translateY_effect_tablet&quot;:{&quot;unit&quot;:&quot;px&quot;,&quot;size&quot;:&quot;&quot;,&quot;sizes&quot;:[]},&quot;_transform_scale_effect&quot;:{&quot;unit&quot;:&quot;px&quot;,&quot;size&quot;:&quot;&quot;,&quot;sizes&quot;:[]},&quot;_transform_scale_effect_tablet&quot;:{&quot;unit&quot;:&quot;px&quot;,&quot;size&quot;:&quot;&quot;,&quot;sizes&quot;:[]}}\" data-widget_type=\"image.default\">\n\t\t\t\t<div class=\"elementor-widget-container\">\n\t\t\t\t\t\t\t\t\t\t\t\t\t\t\t<img decoding=\"async\" width=\"1200\" height=\"1237\" src=\"https:\/\/blogi.eoppimispalvelut.fi\/climateforest\/files\/2024\/08\/objective.png\" class=\"attachment-large size-large wp-image-1174\" alt=\"\" srcset=\"https:\/\/blogi.eoppimispalvelut.fi\/climateforest\/files\/2024\/08\/objective.png 1242w, https:\/\/blogi.eoppimispalvelut.fi\/climateforest\/files\/2024\/08\/objective-900x928.png 900w, https:\/\/blogi.eoppimispalvelut.fi\/climateforest\/files\/2024\/08\/objective-768x791.png 768w\" sizes=\"(max-width: 1200px) 100vw, 1200px\" \/>\t\t\t\t\t\t\t\t\t\t\t\t\t\t\t<\/div>\n\t\t\t\t<\/div>\n\t\t\t\t<\/div>\n\t\t<div class=\"elementor-element elementor-element-39cdc882 e-con-full e-flex e-con e-child\" data-id=\"39cdc882\" data-element_type=\"container\" data-e-type=\"container\">\n\t\t\t\t<div class=\"elementor-element elementor-element-7fc4f5ea elementor-widget elementor-widget-spacer\" data-id=\"7fc4f5ea\" data-element_type=\"widget\" data-e-type=\"widget\" data-widget_type=\"spacer.default\">\n\t\t\t\t<div class=\"elementor-widget-container\">\n\t\t\t\t\t\t\t<div class=\"elementor-spacer\">\n\t\t\t<div class=\"elementor-spacer-inner\"><\/div>\n\t\t<\/div>\n\t\t\t\t\t\t<\/div>\n\t\t\t\t<\/div>\n\t\t\t\t<div class=\"elementor-element elementor-element-4abd0a79 elementor-widget__width-initial elementor-widget elementor-widget-heading\" data-id=\"4abd0a79\" data-element_type=\"widget\" data-e-type=\"widget\" data-widget_type=\"heading.default\">\n\t\t\t\t<div class=\"elementor-widget-container\">\n\t\t\t\t\t<h2 class=\"elementor-heading-title elementor-size-default\">Projektm\u00e5l<\/h2>\t\t\t\t<\/div>\n\t\t\t\t<\/div>\n\t\t\t\t<div class=\"elementor-element elementor-element-15e1ea7c elementor-widget elementor-widget-text-editor\" data-id=\"15e1ea7c\" data-element_type=\"widget\" data-e-type=\"widget\" data-widget_type=\"text-editor.default\">\n\t\t\t\t<div class=\"elementor-widget-container\">\n\t\t\t\t\t\t\t\t\t<p>Det \u00f6vergripande m\u00e5let med detta projekt \u00e4r att utveckla nya verktyg f\u00f6r att f\u00f6rebygga skogs skador och riskhanteringsmetoder f\u00f6r att st\u00f6dja och s\u00e4kerst\u00e4lla f\u00f6rs\u00f6rjningen i Aurora-regionen i relation till skogar. Genom att minska effekten av skogs skador och utveckla nya metoder f\u00f6rb\u00e4ttras regionens <b>ekonomi och vitalitet.<\/b> Nytt <b>FoU-samarbete<\/b> inom skogssektorn kommer att skapas och ny kunskap delas. Projektet kommer att generera ny kunskap f\u00f6r kort- och l\u00e5ngsiktiga aktiviteter f\u00f6r att <b>f\u00f6rb\u00e4ttra levnadsvillkoren i Aurora-regionen<\/b> och bidra till h\u00e5llbar ekologisk, social och ekonomisk utveckling.<\/p>\t\t\t\t\t\t\t\t<\/div>\n\t\t\t\t<\/div>\n\t\t\t\t<\/div>\n\t\t\t\t<\/div>\n\t\t<div class=\"elementor-element elementor-element-2f8ce36 e-con-full e-flex e-con e-parent\" data-id=\"2f8ce36\" data-element_type=\"container\" data-e-type=\"container\">\n\t\t<div class=\"elementor-element elementor-element-3a7e6c28 e-con-full e-flex e-con e-child\" data-id=\"3a7e6c28\" data-element_type=\"container\" data-e-type=\"container\">\n\t\t\t\t<div class=\"elementor-element elementor-element-295407e6 elementor-widget elementor-widget-spacer\" data-id=\"295407e6\" data-element_type=\"widget\" data-e-type=\"widget\" data-widget_type=\"spacer.default\">\n\t\t\t\t<div class=\"elementor-widget-container\">\n\t\t\t\t\t\t\t<div class=\"elementor-spacer\">\n\t\t\t<div class=\"elementor-spacer-inner\"><\/div>\n\t\t<\/div>\n\t\t\t\t\t\t<\/div>\n\t\t\t\t<\/div>\n\t\t\t\t<div class=\"elementor-element elementor-element-7b7ca1a5 elementor-widget__width-initial elementor-widget elementor-widget-heading\" data-id=\"7b7ca1a5\" data-element_type=\"widget\" data-e-type=\"widget\" data-widget_type=\"heading.default\">\n\t\t\t\t<div class=\"elementor-widget-container\">\n\t\t\t\t\t<h2 class=\"elementor-heading-title elementor-size-default\">P\u00e5verkan<\/h2>\t\t\t\t<\/div>\n\t\t\t\t<\/div>\n\t\t\t\t<div class=\"elementor-element elementor-element-7f7c6a6e elementor-widget elementor-widget-text-editor\" data-id=\"7f7c6a6e\" data-element_type=\"widget\" data-e-type=\"widget\" data-widget_type=\"text-editor.default\">\n\t\t\t\t<div class=\"elementor-widget-container\">\n\t\t\t\t\t\t\t\t\t<p>Mer sofistikerade <b>riskbed\u00f6mningsmetoder<\/b> kan hj\u00e4lpa oss att f\u00f6rutse f\u00f6rekomsten och omfattningen av skogsst\u00f6rningar under kalla och nordiska f\u00f6rh\u00e5llanden i Aurora-regionen. <b>Nuvarande riskhanteringsmetoder beh\u00f6ver ocks\u00e5 f\u00f6rfinas<\/b> f\u00f6r att implementera korrekta hanteringsmetoder. Skogs\u00e4gare, beslutsfattare och andra grupper som \u00e4r med i skogsv\u00e5rd beh\u00f6ver korrekt information om hur de ska hantera sina skogar. Information om m\u00f6jliga framtida klimat \u00e4r avg\u00f6rande f\u00f6r optimal beslutsfattande och adaptiv skogsf\u00f6rvaltning p\u00e5 best\u00e5nds- och landskapsniv\u00e5.<\/p>\t\t\t\t\t\t\t\t<\/div>\n\t\t\t\t<\/div>\n\t\t\t\t<\/div>\n\t\t<div class=\"elementor-element elementor-element-1cbdfbe0 e-con-full e-flex e-con e-child\" data-id=\"1cbdfbe0\" data-element_type=\"container\" data-e-type=\"container\">\n\t\t\t\t<div class=\"elementor-element elementor-element-5aaa4f0 elementor-widget__width-initial e-transform e-transform elementor-widget elementor-widget-image\" data-id=\"5aaa4f0\" data-element_type=\"widget\" data-e-type=\"widget\" data-settings=\"{&quot;_transform_translateX_effect_mobile&quot;:{&quot;unit&quot;:&quot;px&quot;,&quot;size&quot;:&quot;65&quot;,&quot;sizes&quot;:[]},&quot;_transform_translateY_effect_mobile&quot;:{&quot;unit&quot;:&quot;px&quot;,&quot;size&quot;:&quot;20&quot;,&quot;sizes&quot;:[]},&quot;_transform_scale_effect_mobile&quot;:{&quot;unit&quot;:&quot;px&quot;,&quot;size&quot;:&quot;1.3&quot;,&quot;sizes&quot;:[]},&quot;_transform_translateX_effect&quot;:{&quot;unit&quot;:&quot;px&quot;,&quot;size&quot;:&quot;&quot;,&quot;sizes&quot;:[]},&quot;_transform_translateX_effect_tablet&quot;:{&quot;unit&quot;:&quot;px&quot;,&quot;size&quot;:&quot;&quot;,&quot;sizes&quot;:[]},&quot;_transform_translateY_effect&quot;:{&quot;unit&quot;:&quot;px&quot;,&quot;size&quot;:&quot;&quot;,&quot;sizes&quot;:[]},&quot;_transform_translateY_effect_tablet&quot;:{&quot;unit&quot;:&quot;px&quot;,&quot;size&quot;:&quot;&quot;,&quot;sizes&quot;:[]},&quot;_transform_scale_effect&quot;:{&quot;unit&quot;:&quot;px&quot;,&quot;size&quot;:&quot;&quot;,&quot;sizes&quot;:[]},&quot;_transform_scale_effect_tablet&quot;:{&quot;unit&quot;:&quot;px&quot;,&quot;size&quot;:&quot;&quot;,&quot;sizes&quot;:[]}}\" data-widget_type=\"image.default\">\n\t\t\t\t<div class=\"elementor-widget-container\">\n\t\t\t\t\t\t\t\t\t\t\t\t\t\t\t<img loading=\"lazy\" decoding=\"async\" width=\"1242\" height=\"1280\" src=\"https:\/\/blogi.eoppimispalvelut.fi\/climateforest\/files\/2024\/08\/impact.png\" class=\"attachment-full size-full wp-image-1177\" alt=\"\" srcset=\"https:\/\/blogi.eoppimispalvelut.fi\/climateforest\/files\/2024\/08\/impact.png 1242w, https:\/\/blogi.eoppimispalvelut.fi\/climateforest\/files\/2024\/08\/impact-900x928.png 900w, https:\/\/blogi.eoppimispalvelut.fi\/climateforest\/files\/2024\/08\/impact-768x791.png 768w\" sizes=\"(max-width: 1242px) 100vw, 1242px\" \/>\t\t\t\t\t\t\t\t\t\t\t\t\t\t\t<\/div>\n\t\t\t\t<\/div>\n\t\t\t\t<\/div>\n\t\t\t\t<\/div>\n\t\t\t\t<\/div>\n\t\t","protected":false},"excerpt":{"rendered":"<p>ClimateForest-projektet \u00e4r ett samarbete mellan flera partners. Det har f\u00e5tt finansiering fr\u00e5n EU, Interreg Aurora och Lapplands landskapsf\u00f6rbund. V\u00e5rt m\u00e5l \u00e4r att utveckla nya verktyg f\u00f6r att f\u00f6rebygga skador p\u00e5 skogen och riskhanteringsmetoder f\u00f6r att st\u00f6dja och s\u00e4kerst\u00e4lla f\u00f6rs\u00f6rjningen i Aurora-regionerna i relation till skogar. Introduktion Skogsskador\u00a0 p\u00e5verkar negativt p\u00e5 m\u00e5nga av de ekosystemtj\u00e4nster som [&hellip;]<\/p>\n","protected":false},"author":48528,"featured_media":0,"parent":0,"menu_order":0,"comment_status":"closed","ping_status":"closed","template":"elementor_header_footer","meta":{"site-sidebar-layout":"no-sidebar","site-content-layout":"","ast-site-content-layout":"default","site-content-style":"default","site-sidebar-style":"default","ast-global-header-display":"","ast-banner-title-visibility":"","ast-main-header-display":"","ast-hfb-above-header-display":"","ast-hfb-below-header-display":"","ast-hfb-mobile-header-display":"","site-post-title":"disabled","ast-breadcrumbs-content":"","ast-featured-img":"disabled","footer-sml-layout":"","ast-disable-related-posts":"","theme-transparent-header-meta":"","adv-header-id-meta":"","stick-header-meta":"","header-above-stick-meta":"","header-main-stick-meta":"","header-below-stick-meta":"","astra-migrate-meta-layouts":"default","ast-page-background-enabled":"default","ast-page-background-meta":{"desktop":{"background-color":"var(--ast-global-color-4)","background-image":"","background-repeat":"repeat","background-position":"center center","background-size":"auto","background-attachment":"scroll","background-type":"","background-media":"","overlay-type":"","overlay-color":"","overlay-opacity":"","overlay-gradient":""},"tablet":{"background-color":"","background-image":"","background-repeat":"repeat","background-position":"center center","background-size":"auto","background-attachment":"scroll","background-type":"","background-media":"","overlay-type":"","overlay-color":"","overlay-opacity":"","overlay-gradient":""},"mobile":{"background-color":"","background-image":"","background-repeat":"repeat","background-position":"center center","background-size":"auto","background-attachment":"scroll","background-type":"","background-media":"","overlay-type":"","overlay-color":"","overlay-opacity":"","overlay-gradient":""}},"ast-content-background-meta":{"desktop":{"background-color":"var(--ast-global-color-5)","background-image":"","background-repeat":"repeat","background-position":"center center","background-size":"auto","background-attachment":"scroll","background-type":"","background-media":"","overlay-type":"","overlay-color":"","overlay-opacity":"","overlay-gradient":""},"tablet":{"background-color":"var(--ast-global-color-5)","background-image":"","background-repeat":"repeat","background-position":"center center","background-size":"auto","background-attachment":"scroll","background-type":"","background-media":"","overlay-type":"","overlay-color":"","overlay-opacity":"","overlay-gradient":""},"mobile":{"background-color":"var(--ast-global-color-5)","background-image":"","background-repeat":"repeat","background-position":"center center","background-size":"auto","background-attachment":"scroll","background-type":"","background-media":"","overlay-type":"","overlay-color":"","overlay-opacity":"","overlay-gradient":""}},"footnotes":""},"class_list":["post-1457","page","type-page","status-publish","hentry"],"_links":{"self":[{"href":"https:\/\/blogi.eoppimispalvelut.fi\/climateforest\/wp-json\/wp\/v2\/pages\/1457","targetHints":{"allow":["GET"]}}],"collection":[{"href":"https:\/\/blogi.eoppimispalvelut.fi\/climateforest\/wp-json\/wp\/v2\/pages"}],"about":[{"href":"https:\/\/blogi.eoppimispalvelut.fi\/climateforest\/wp-json\/wp\/v2\/types\/page"}],"author":[{"embeddable":true,"href":"https:\/\/blogi.eoppimispalvelut.fi\/climateforest\/wp-json\/wp\/v2\/users\/48528"}],"replies":[{"embeddable":true,"href":"https:\/\/blogi.eoppimispalvelut.fi\/climateforest\/wp-json\/wp\/v2\/comments?post=1457"}],"version-history":[{"count":21,"href":"https:\/\/blogi.eoppimispalvelut.fi\/climateforest\/wp-json\/wp\/v2\/pages\/1457\/revisions"}],"predecessor-version":[{"id":1553,"href":"https:\/\/blogi.eoppimispalvelut.fi\/climateforest\/wp-json\/wp\/v2\/pages\/1457\/revisions\/1553"}],"wp:attachment":[{"href":"https:\/\/blogi.eoppimispalvelut.fi\/climateforest\/wp-json\/wp\/v2\/media?parent=1457"}],"curies":[{"name":"wp","href":"https:\/\/api.w.org\/{rel}","templated":true}]}}