{"id":1458,"date":"2024-12-05T14:00:53","date_gmt":"2024-12-05T12:00:53","guid":{"rendered":"https:\/\/blogi.eoppimispalvelut.fi\/climateforest\/home-suomi\/"},"modified":"2024-12-11T14:33:01","modified_gmt":"2024-12-11T12:33:01","slug":"home-suomi","status":"publish","type":"page","link":"https:\/\/blogi.eoppimispalvelut.fi\/climateforest\/fi\/home-suomi\/","title":{"rendered":"Koti"},"content":{"rendered":"\t\t<div data-elementor-type=\"wp-page\" data-elementor-id=\"1458\" class=\"elementor elementor-1458\">\n\t\t\t\t<div class=\"elementor-element elementor-element-1d6ad188 e-con-full animated-slow e-flex e-con e-parent\" data-id=\"1d6ad188\" data-element_type=\"container\" data-e-type=\"container\" data-settings=\"{&quot;background_background&quot;:&quot;classic&quot;,&quot;animation&quot;:&quot;none&quot;}\">\n\t\t<div class=\"elementor-element elementor-element-3e6940c1 e-con-full e-flex e-con e-child\" data-id=\"3e6940c1\" data-element_type=\"container\" data-e-type=\"container\">\n\t\t<div class=\"elementor-element elementor-element-5a67dbf1 e-con-full e-flex e-con e-child\" data-id=\"5a67dbf1\" data-element_type=\"container\" data-e-type=\"container\">\n\t\t\t\t<div class=\"elementor-element elementor-element-f7c6004 elementor-widget elementor-widget-image\" data-id=\"f7c6004\" data-element_type=\"widget\" data-e-type=\"widget\" data-widget_type=\"image.default\">\n\t\t\t\t<div class=\"elementor-widget-container\">\n\t\t\t\t\t\t\t\t\t\t\t\t\t\t\t<img fetchpriority=\"high\" decoding=\"async\" width=\"1200\" height=\"300\" src=\"https:\/\/blogi.eoppimispalvelut.fi\/climateforest\/files\/2024\/08\/Logo_slogan-1-1280x320.png\" class=\"attachment-large size-large wp-image-1196\" alt=\"\" srcset=\"https:\/\/blogi.eoppimispalvelut.fi\/climateforest\/files\/2024\/08\/Logo_slogan-1-1280x320.png 1280w, https:\/\/blogi.eoppimispalvelut.fi\/climateforest\/files\/2024\/08\/Logo_slogan-1-900x225.png 900w, https:\/\/blogi.eoppimispalvelut.fi\/climateforest\/files\/2024\/08\/Logo_slogan-1-768x192.png 768w, https:\/\/blogi.eoppimispalvelut.fi\/climateforest\/files\/2024\/08\/Logo_slogan-1.png 1357w\" sizes=\"(max-width: 1200px) 100vw, 1200px\" \/>\t\t\t\t\t\t\t\t\t\t\t\t\t\t\t<\/div>\n\t\t\t\t<\/div>\n\t\t\t\t<div class=\"elementor-element elementor-element-3d69cc9b elementor-widget elementor-widget-spacer\" data-id=\"3d69cc9b\" data-element_type=\"widget\" data-e-type=\"widget\" data-widget_type=\"spacer.default\">\n\t\t\t\t<div class=\"elementor-widget-container\">\n\t\t\t\t\t\t\t<div class=\"elementor-spacer\">\n\t\t\t<div class=\"elementor-spacer-inner\"><\/div>\n\t\t<\/div>\n\t\t\t\t\t\t<\/div>\n\t\t\t\t<\/div>\n\t\t\t\t<div class=\"elementor-element elementor-element-e56ae11 elementor-widget__width-initial elementor-widget-mobile__width-initial elementor-widget elementor-widget-text-editor\" data-id=\"e56ae11\" data-element_type=\"widget\" data-e-type=\"widget\" data-widget_type=\"text-editor.default\">\n\t\t\t\t<div class=\"elementor-widget-container\">\n\t\t\t\t\t\t\t\t\t<p>ClimateForest-hanke on useiden kumppanien yhteisty\u00f6projekti. Se on saanut rahoitusta EU:lta, Interreg Auroralta ja Lapin liitolta. Tavoitteenamme on <b>kehitt\u00e4\u00e4 uusia mets\u00e4tuhojen ehk\u00e4isyv\u00e4lineit\u00e4 ja riskienhallintamenetelmi\u00e4 tukemaan ja turvaamaan elinkeinoja pohjoisilla-alueilla metsien osalta.<\/b><\/p>\t\t\t\t\t\t\t\t<\/div>\n\t\t\t\t<\/div>\n\t\t\t\t<\/div>\n\t\t\t\t<\/div>\n\t\t\t\t<\/div>\n\t\t<div class=\"elementor-element elementor-element-5566081a e-con-full e-flex e-con e-parent\" data-id=\"5566081a\" data-element_type=\"container\" data-e-type=\"container\">\n\t\t<div class=\"elementor-element elementor-element-17378ca0 e-con-full e-flex e-con e-child\" data-id=\"17378ca0\" data-element_type=\"container\" data-e-type=\"container\">\n\t\t\t\t<div class=\"elementor-element elementor-element-432911ab elementor-widget elementor-widget-spacer\" data-id=\"432911ab\" data-element_type=\"widget\" data-e-type=\"widget\" data-widget_type=\"spacer.default\">\n\t\t\t\t<div class=\"elementor-widget-container\">\n\t\t\t\t\t\t\t<div class=\"elementor-spacer\">\n\t\t\t<div class=\"elementor-spacer-inner\"><\/div>\n\t\t<\/div>\n\t\t\t\t\t\t<\/div>\n\t\t\t\t<\/div>\n\t\t\t\t<div class=\"elementor-element elementor-element-2fe51570 elementor-widget__width-initial elementor-widget elementor-widget-heading\" data-id=\"2fe51570\" data-element_type=\"widget\" data-e-type=\"widget\" data-widget_type=\"heading.default\">\n\t\t\t\t<div class=\"elementor-widget-container\">\n\t\t\t\t\t<h2 class=\"elementor-heading-title elementor-size-default\">johdanto<\/h2>\t\t\t\t<\/div>\n\t\t\t\t<\/div>\n\t\t\t\t<div class=\"elementor-element elementor-element-1a39f2e3 elementor-widget elementor-widget-text-editor\" data-id=\"1a39f2e3\" data-element_type=\"widget\" data-e-type=\"widget\" data-widget_type=\"text-editor.default\">\n\t\t\t\t<div class=\"elementor-widget-container\">\n\t\t\t\t\t\t\t\t\t<p>Mets\u00e4tuhojen aiheuttajat vaikuttavat negatiivisesti moniin metsien tarjoamiin ekosysteemipalveluihin, kuten <b>ilmaston s\u00e4\u00e4telyyn, uusiutuvien raaka-aineiden tuotantoon sek\u00e4 muihin yll\u00e4pit\u00e4viin, s\u00e4\u00e4televiin, kulttuurisiin ja tukipalveluihin.<\/b> Ilmastonmuutokseen liittyv\u00e4t h\u00e4iri\u00f6t vaikuttavat jo nyt merkitt\u00e4v\u00e4sti metsien kasvuun osissa Eurooppaa, kuten revontulialueella, ja n\u00e4iden <b>ongelmien arvioidaan lis\u00e4\u00e4ntyv\u00e4n ja laajenevan pohjoiseen.<\/b> Koska revontulialueiden l\u00e4mp\u00f6tilojen ennustetaan nousevan dramaattisemmin kuin alemmilla leveysasteilla, n\u00e4m\u00e4 alueet todenn\u00e4k\u00f6isesti kohtaavat vakavampia ilmastonmuutoksen vaikutuksia.<\/p>\t\t\t\t\t\t\t\t<\/div>\n\t\t\t\t<\/div>\n\t\t\t\t<\/div>\n\t\t<div class=\"elementor-element elementor-element-36ec0aa8 e-con-full e-flex e-con e-child\" data-id=\"36ec0aa8\" data-element_type=\"container\" data-e-type=\"container\">\n\t\t\t\t<div class=\"elementor-element elementor-element-72cf0b30 elementor-widget__width-initial e-transform e-transform elementor-widget elementor-widget-image\" data-id=\"72cf0b30\" data-element_type=\"widget\" data-e-type=\"widget\" data-settings=\"{&quot;_transform_translateX_effect_mobile&quot;:{&quot;unit&quot;:&quot;px&quot;,&quot;size&quot;:&quot;125&quot;,&quot;sizes&quot;:[]},&quot;_transform_scale_effect_mobile&quot;:{&quot;unit&quot;:&quot;px&quot;,&quot;size&quot;:&quot;1.2&quot;,&quot;sizes&quot;:[]},&quot;_transform_translateX_effect&quot;:{&quot;unit&quot;:&quot;px&quot;,&quot;size&quot;:&quot;&quot;,&quot;sizes&quot;:[]},&quot;_transform_translateX_effect_tablet&quot;:{&quot;unit&quot;:&quot;px&quot;,&quot;size&quot;:&quot;&quot;,&quot;sizes&quot;:[]},&quot;_transform_translateY_effect&quot;:{&quot;unit&quot;:&quot;px&quot;,&quot;size&quot;:&quot;&quot;,&quot;sizes&quot;:[]},&quot;_transform_translateY_effect_tablet&quot;:{&quot;unit&quot;:&quot;px&quot;,&quot;size&quot;:&quot;&quot;,&quot;sizes&quot;:[]},&quot;_transform_translateY_effect_mobile&quot;:{&quot;unit&quot;:&quot;px&quot;,&quot;size&quot;:&quot;&quot;,&quot;sizes&quot;:[]},&quot;_transform_scale_effect&quot;:{&quot;unit&quot;:&quot;px&quot;,&quot;size&quot;:&quot;&quot;,&quot;sizes&quot;:[]},&quot;_transform_scale_effect_tablet&quot;:{&quot;unit&quot;:&quot;px&quot;,&quot;size&quot;:&quot;&quot;,&quot;sizes&quot;:[]}}\" data-widget_type=\"image.default\">\n\t\t\t\t<div class=\"elementor-widget-container\">\n\t\t\t\t\t\t\t\t\t\t\t\t\t\t\t<img decoding=\"async\" width=\"1200\" height=\"1237\" src=\"https:\/\/blogi.eoppimispalvelut.fi\/climateforest\/files\/2024\/08\/intro.png\" class=\"attachment-large size-large wp-image-1172\" alt=\"\" srcset=\"https:\/\/blogi.eoppimispalvelut.fi\/climateforest\/files\/2024\/08\/intro.png 1242w, https:\/\/blogi.eoppimispalvelut.fi\/climateforest\/files\/2024\/08\/intro-900x928.png 900w, https:\/\/blogi.eoppimispalvelut.fi\/climateforest\/files\/2024\/08\/intro-768x791.png 768w\" sizes=\"(max-width: 1200px) 100vw, 1200px\" \/>\t\t\t\t\t\t\t\t\t\t\t\t\t\t\t<\/div>\n\t\t\t\t<\/div>\n\t\t\t\t<\/div>\n\t\t\t\t<\/div>\n\t\t<div class=\"elementor-element elementor-element-684365c e-con-full e-flex e-con e-parent\" data-id=\"684365c\" data-element_type=\"container\" data-e-type=\"container\">\n\t\t<div class=\"elementor-element elementor-element-4a90b38a e-con-full e-flex e-con e-child\" data-id=\"4a90b38a\" data-element_type=\"container\" data-e-type=\"container\">\n\t\t\t\t<div class=\"elementor-element elementor-element-6a616a3 elementor-widget__width-initial e-transform e-transform elementor-widget elementor-widget-image\" data-id=\"6a616a3\" data-element_type=\"widget\" data-e-type=\"widget\" data-settings=\"{&quot;_transform_translateX_effect_mobile&quot;:{&quot;unit&quot;:&quot;px&quot;,&quot;size&quot;:&quot;-85&quot;,&quot;sizes&quot;:[]},&quot;_transform_translateY_effect_mobile&quot;:{&quot;unit&quot;:&quot;px&quot;,&quot;size&quot;:&quot;10&quot;,&quot;sizes&quot;:[]},&quot;_transform_scale_effect_mobile&quot;:{&quot;unit&quot;:&quot;px&quot;,&quot;size&quot;:&quot;1.2&quot;,&quot;sizes&quot;:[]},&quot;_transform_translateX_effect&quot;:{&quot;unit&quot;:&quot;px&quot;,&quot;size&quot;:&quot;&quot;,&quot;sizes&quot;:[]},&quot;_transform_translateX_effect_tablet&quot;:{&quot;unit&quot;:&quot;px&quot;,&quot;size&quot;:&quot;&quot;,&quot;sizes&quot;:[]},&quot;_transform_translateY_effect&quot;:{&quot;unit&quot;:&quot;px&quot;,&quot;size&quot;:&quot;&quot;,&quot;sizes&quot;:[]},&quot;_transform_translateY_effect_tablet&quot;:{&quot;unit&quot;:&quot;px&quot;,&quot;size&quot;:&quot;&quot;,&quot;sizes&quot;:[]},&quot;_transform_scale_effect&quot;:{&quot;unit&quot;:&quot;px&quot;,&quot;size&quot;:&quot;&quot;,&quot;sizes&quot;:[]},&quot;_transform_scale_effect_tablet&quot;:{&quot;unit&quot;:&quot;px&quot;,&quot;size&quot;:&quot;&quot;,&quot;sizes&quot;:[]}}\" data-widget_type=\"image.default\">\n\t\t\t\t<div class=\"elementor-widget-container\">\n\t\t\t\t\t\t\t\t\t\t\t\t\t\t\t<img decoding=\"async\" width=\"1200\" height=\"1237\" src=\"https:\/\/blogi.eoppimispalvelut.fi\/climateforest\/files\/2024\/08\/objective.png\" class=\"attachment-large size-large wp-image-1174\" alt=\"\" srcset=\"https:\/\/blogi.eoppimispalvelut.fi\/climateforest\/files\/2024\/08\/objective.png 1242w, https:\/\/blogi.eoppimispalvelut.fi\/climateforest\/files\/2024\/08\/objective-900x928.png 900w, https:\/\/blogi.eoppimispalvelut.fi\/climateforest\/files\/2024\/08\/objective-768x791.png 768w\" sizes=\"(max-width: 1200px) 100vw, 1200px\" \/>\t\t\t\t\t\t\t\t\t\t\t\t\t\t\t<\/div>\n\t\t\t\t<\/div>\n\t\t\t\t<\/div>\n\t\t<div class=\"elementor-element elementor-element-24c7bb4c e-con-full e-flex e-con e-child\" data-id=\"24c7bb4c\" data-element_type=\"container\" data-e-type=\"container\">\n\t\t\t\t<div class=\"elementor-element elementor-element-77845332 elementor-widget elementor-widget-spacer\" data-id=\"77845332\" data-element_type=\"widget\" data-e-type=\"widget\" data-widget_type=\"spacer.default\">\n\t\t\t\t<div class=\"elementor-widget-container\">\n\t\t\t\t\t\t\t<div class=\"elementor-spacer\">\n\t\t\t<div class=\"elementor-spacer-inner\"><\/div>\n\t\t<\/div>\n\t\t\t\t\t\t<\/div>\n\t\t\t\t<\/div>\n\t\t\t\t<div class=\"elementor-element elementor-element-504d37ca elementor-widget__width-initial elementor-widget elementor-widget-heading\" data-id=\"504d37ca\" data-element_type=\"widget\" data-e-type=\"widget\" data-widget_type=\"heading.default\">\n\t\t\t\t<div class=\"elementor-widget-container\">\n\t\t\t\t\t<h2 class=\"elementor-heading-title elementor-size-default\">hankkeen tavoite<\/h2>\t\t\t\t<\/div>\n\t\t\t\t<\/div>\n\t\t\t\t<div class=\"elementor-element elementor-element-319a608c elementor-widget elementor-widget-text-editor\" data-id=\"319a608c\" data-element_type=\"widget\" data-e-type=\"widget\" data-widget_type=\"text-editor.default\">\n\t\t\t\t<div class=\"elementor-widget-container\">\n\t\t\t\t\t\t\t\t\t<p>T\u00e4m\u00e4n hankkeen p\u00e4\u00e4tavoitteena on kehitt\u00e4\u00e4 uusia mets\u00e4tuhojen ehk\u00e4isyv\u00e4lineit\u00e4 ja riskienhallintamenetelmi\u00e4 tukemaan ja turvaamaan elinkeinoja revontulialueilla metsien osalta. V\u00e4hent\u00e4m\u00e4ll\u00e4 tuhojen vaikutuksia ja kehitt\u00e4m\u00e4ll\u00e4 uusia menetelmi\u00e4 parannetaan alueen <b>taloutta ja elinvoimaisuutta.<\/b> Uutta<b> TKI-yhteisty\u00f6t\u00e4<\/b> luodaan mets\u00e4sektorilla ja uutta osaamista jaetaan. Hanke tuottaa uutta <b>tietoa lyhyen ja pitk\u00e4n aikav\u00e4lin toimenpiteisiin elinolojen parantamiseksi<\/b> revontulialueella ja edist\u00e4\u00e4 kest\u00e4v\u00e4\u00e4 ekologista, sosiaalista ja taloudellista kehityst\u00e4.<\/p><div><strong style=\"font-size: var(--cib-type-body1-stronger-font-size);line-height: var(--cib-type-body1-stronger-line-height)\">\u00a0<\/strong><\/div>\t\t\t\t\t\t\t\t<\/div>\n\t\t\t\t<\/div>\n\t\t\t\t<\/div>\n\t\t\t\t<\/div>\n\t\t<div class=\"elementor-element elementor-element-3bac836d e-con-full e-flex e-con e-parent\" data-id=\"3bac836d\" data-element_type=\"container\" data-e-type=\"container\">\n\t\t<div class=\"elementor-element elementor-element-5ffc3bdf e-con-full e-flex e-con e-child\" data-id=\"5ffc3bdf\" data-element_type=\"container\" data-e-type=\"container\">\n\t\t\t\t<div class=\"elementor-element elementor-element-8f96e2a elementor-widget elementor-widget-spacer\" data-id=\"8f96e2a\" data-element_type=\"widget\" data-e-type=\"widget\" data-widget_type=\"spacer.default\">\n\t\t\t\t<div class=\"elementor-widget-container\">\n\t\t\t\t\t\t\t<div class=\"elementor-spacer\">\n\t\t\t<div class=\"elementor-spacer-inner\"><\/div>\n\t\t<\/div>\n\t\t\t\t\t\t<\/div>\n\t\t\t\t<\/div>\n\t\t\t\t<div class=\"elementor-element elementor-element-647d243 elementor-widget__width-initial elementor-widget elementor-widget-heading\" data-id=\"647d243\" data-element_type=\"widget\" data-e-type=\"widget\" data-widget_type=\"heading.default\">\n\t\t\t\t<div class=\"elementor-widget-container\">\n\t\t\t\t\t<h2 class=\"elementor-heading-title elementor-size-default\">vaikutus<\/h2>\t\t\t\t<\/div>\n\t\t\t\t<\/div>\n\t\t\t\t<div class=\"elementor-element elementor-element-38d57064 elementor-widget elementor-widget-text-editor\" data-id=\"38d57064\" data-element_type=\"widget\" data-e-type=\"widget\" data-widget_type=\"text-editor.default\">\n\t\t\t\t<div class=\"elementor-widget-container\">\n\t\t\t\t\t\t\t\t\t<p>Kehittyneemm\u00e4t <b>riskinarvioin<\/b>timenetelm\u00e4t voivat auttaa meit\u00e4 ennakoimaan mets\u00e4tuhojen esiintymist\u00e4 ja laajuutta revontulialueella kylmiss\u00e4 ja pohjoisissa olosuhteissa. <b>Nykyisi\u00e4 riskienhallintamenetelmi\u00e4 on my\u00f6s tarpeen tarkentaa<\/b> oikeiden hoitomenetelmien toteuttamiseksi. Mets\u00e4nomistajat, p\u00e4\u00e4t\u00f6ksentekij\u00e4t ja muut mets\u00e4nhoitoon osallistuvat ryhm\u00e4t tarvitsevat tarkkaa tietoa metsien hoitamiseen. Tieto mahdollisista tulevaisuuden ilmastoista on ratkaisevan t\u00e4rke\u00e4\u00e4 optimaalisen p\u00e4\u00e4t\u00f6ksenteon ja sopeutuvan mets\u00e4nhoidon kannalta sek\u00e4 mets\u00e4kuvio- ett\u00e4 maisematasolla.<\/p>\t\t\t\t\t\t\t\t<\/div>\n\t\t\t\t<\/div>\n\t\t\t\t<\/div>\n\t\t<div class=\"elementor-element elementor-element-6fda2695 e-con-full e-flex e-con e-child\" data-id=\"6fda2695\" data-element_type=\"container\" data-e-type=\"container\">\n\t\t\t\t<div class=\"elementor-element elementor-element-21987e8e elementor-widget__width-initial e-transform e-transform elementor-widget elementor-widget-image\" data-id=\"21987e8e\" data-element_type=\"widget\" data-e-type=\"widget\" data-settings=\"{&quot;_transform_translateX_effect_mobile&quot;:{&quot;unit&quot;:&quot;px&quot;,&quot;size&quot;:&quot;65&quot;,&quot;sizes&quot;:[]},&quot;_transform_translateY_effect_mobile&quot;:{&quot;unit&quot;:&quot;px&quot;,&quot;size&quot;:&quot;20&quot;,&quot;sizes&quot;:[]},&quot;_transform_scale_effect_mobile&quot;:{&quot;unit&quot;:&quot;px&quot;,&quot;size&quot;:&quot;1.3&quot;,&quot;sizes&quot;:[]},&quot;_transform_translateX_effect&quot;:{&quot;unit&quot;:&quot;px&quot;,&quot;size&quot;:&quot;&quot;,&quot;sizes&quot;:[]},&quot;_transform_translateX_effect_tablet&quot;:{&quot;unit&quot;:&quot;px&quot;,&quot;size&quot;:&quot;&quot;,&quot;sizes&quot;:[]},&quot;_transform_translateY_effect&quot;:{&quot;unit&quot;:&quot;px&quot;,&quot;size&quot;:&quot;&quot;,&quot;sizes&quot;:[]},&quot;_transform_translateY_effect_tablet&quot;:{&quot;unit&quot;:&quot;px&quot;,&quot;size&quot;:&quot;&quot;,&quot;sizes&quot;:[]},&quot;_transform_scale_effect&quot;:{&quot;unit&quot;:&quot;px&quot;,&quot;size&quot;:&quot;&quot;,&quot;sizes&quot;:[]},&quot;_transform_scale_effect_tablet&quot;:{&quot;unit&quot;:&quot;px&quot;,&quot;size&quot;:&quot;&quot;,&quot;sizes&quot;:[]}}\" data-widget_type=\"image.default\">\n\t\t\t\t<div class=\"elementor-widget-container\">\n\t\t\t\t\t\t\t\t\t\t\t\t\t\t\t<img loading=\"lazy\" decoding=\"async\" width=\"1242\" height=\"1280\" src=\"https:\/\/blogi.eoppimispalvelut.fi\/climateforest\/files\/2024\/08\/impact.png\" class=\"attachment-full size-full wp-image-1177\" alt=\"\" srcset=\"https:\/\/blogi.eoppimispalvelut.fi\/climateforest\/files\/2024\/08\/impact.png 1242w, https:\/\/blogi.eoppimispalvelut.fi\/climateforest\/files\/2024\/08\/impact-900x928.png 900w, https:\/\/blogi.eoppimispalvelut.fi\/climateforest\/files\/2024\/08\/impact-768x791.png 768w\" sizes=\"(max-width: 1242px) 100vw, 1242px\" \/>\t\t\t\t\t\t\t\t\t\t\t\t\t\t\t<\/div>\n\t\t\t\t<\/div>\n\t\t\t\t<\/div>\n\t\t\t\t<\/div>\n\t\t\t\t<\/div>\n\t\t","protected":false},"excerpt":{"rendered":"<p>ClimateForest-hanke on useiden kumppanien yhteisty\u00f6projekti. Se on saanut rahoitusta EU:lta, Interreg Auroralta ja Lapin liitolta. Tavoitteenamme on kehitt\u00e4\u00e4 uusia mets\u00e4tuhojen ehk\u00e4isyv\u00e4lineit\u00e4 ja riskienhallintamenetelmi\u00e4 tukemaan ja turvaamaan elinkeinoja pohjoisilla-alueilla metsien osalta. johdanto Mets\u00e4tuhojen aiheuttajat vaikuttavat negatiivisesti moniin metsien tarjoamiin ekosysteemipalveluihin, kuten ilmaston s\u00e4\u00e4telyyn, uusiutuvien raaka-aineiden tuotantoon sek\u00e4 muihin yll\u00e4pit\u00e4viin, s\u00e4\u00e4televiin, kulttuurisiin ja tukipalveluihin. Ilmastonmuutokseen liittyv\u00e4t h\u00e4iri\u00f6t [&hellip;]<\/p>\n","protected":false},"author":48528,"featured_media":0,"parent":0,"menu_order":0,"comment_status":"closed","ping_status":"closed","template":"elementor_header_footer","meta":{"site-sidebar-layout":"no-sidebar","site-content-layout":"","ast-site-content-layout":"full-width-container","site-content-style":"default","site-sidebar-style":"default","ast-global-header-display":"","ast-banner-title-visibility":"","ast-main-header-display":"","ast-hfb-above-header-display":"","ast-hfb-below-header-display":"","ast-hfb-mobile-header-display":"","site-post-title":"disabled","ast-breadcrumbs-content":"","ast-featured-img":"disabled","footer-sml-layout":"","ast-disable-related-posts":"","theme-transparent-header-meta":"","adv-header-id-meta":"","stick-header-meta":"","header-above-stick-meta":"","header-main-stick-meta":"","header-below-stick-meta":"","astra-migrate-meta-layouts":"default","ast-page-background-enabled":"default","ast-page-background-meta":{"desktop":{"background-color":"var(--ast-global-color-4)","background-image":"","background-repeat":"repeat","background-position":"center center","background-size":"auto","background-attachment":"scroll","background-type":"","background-media":"","overlay-type":"","overlay-color":"","overlay-opacity":"","overlay-gradient":""},"tablet":{"background-color":"","background-image":"","background-repeat":"repeat","background-position":"center center","background-size":"auto","background-attachment":"scroll","background-type":"","background-media":"","overlay-type":"","overlay-color":"","overlay-opacity":"","overlay-gradient":""},"mobile":{"background-color":"","background-image":"","background-repeat":"repeat","background-position":"center center","background-size":"auto","background-attachment":"scroll","background-type":"","background-media":"","overlay-type":"","overlay-color":"","overlay-opacity":"","overlay-gradient":""}},"ast-content-background-meta":{"desktop":{"background-color":"var(--ast-global-color-5)","background-image":"","background-repeat":"repeat","background-position":"center center","background-size":"auto","background-attachment":"scroll","background-type":"","background-media":"","overlay-type":"","overlay-color":"","overlay-opacity":"","overlay-gradient":""},"tablet":{"background-color":"var(--ast-global-color-5)","background-image":"","background-repeat":"repeat","background-position":"center center","background-size":"auto","background-attachment":"scroll","background-type":"","background-media":"","overlay-type":"","overlay-color":"","overlay-opacity":"","overlay-gradient":""},"mobile":{"background-color":"var(--ast-global-color-5)","background-image":"","background-repeat":"repeat","background-position":"center center","background-size":"auto","background-attachment":"scroll","background-type":"","background-media":"","overlay-type":"","overlay-color":"","overlay-opacity":"","overlay-gradient":""}},"footnotes":""},"class_list":["post-1458","page","type-page","status-publish","hentry"],"_links":{"self":[{"href":"https:\/\/blogi.eoppimispalvelut.fi\/climateforest\/wp-json\/wp\/v2\/pages\/1458","targetHints":{"allow":["GET"]}}],"collection":[{"href":"https:\/\/blogi.eoppimispalvelut.fi\/climateforest\/wp-json\/wp\/v2\/pages"}],"about":[{"href":"https:\/\/blogi.eoppimispalvelut.fi\/climateforest\/wp-json\/wp\/v2\/types\/page"}],"author":[{"embeddable":true,"href":"https:\/\/blogi.eoppimispalvelut.fi\/climateforest\/wp-json\/wp\/v2\/users\/48528"}],"replies":[{"embeddable":true,"href":"https:\/\/blogi.eoppimispalvelut.fi\/climateforest\/wp-json\/wp\/v2\/comments?post=1458"}],"version-history":[{"count":8,"href":"https:\/\/blogi.eoppimispalvelut.fi\/climateforest\/wp-json\/wp\/v2\/pages\/1458\/revisions"}],"predecessor-version":[{"id":1610,"href":"https:\/\/blogi.eoppimispalvelut.fi\/climateforest\/wp-json\/wp\/v2\/pages\/1458\/revisions\/1610"}],"wp:attachment":[{"href":"https:\/\/blogi.eoppimispalvelut.fi\/climateforest\/wp-json\/wp\/v2\/media?parent=1458"}],"curies":[{"name":"wp","href":"https:\/\/api.w.org\/{rel}","templated":true}]}}