{"id":1511,"date":"2024-12-11T12:39:42","date_gmt":"2024-12-11T10:39:42","guid":{"rendered":"https:\/\/blogi.eoppimispalvelut.fi\/climateforest\/?page_id=1511"},"modified":"2026-03-10T12:32:36","modified_gmt":"2026-03-10T10:32:36","slug":"partner","status":"publish","type":"page","link":"https:\/\/blogi.eoppimispalvelut.fi\/climateforest\/sv\/partner\/","title":{"rendered":"Partner"},"content":{"rendered":"\t\t<div data-elementor-type=\"wp-page\" data-elementor-id=\"1511\" class=\"elementor elementor-1511\">\n\t\t\t\t<div class=\"elementor-element elementor-element-8f9e8b1 e-con-full e-flex e-con e-parent\" data-id=\"8f9e8b1\" data-element_type=\"container\" data-e-type=\"container\" data-settings=\"{&quot;background_background&quot;:&quot;classic&quot;}\">\n\t\t\t\t<div class=\"elementor-element elementor-element-d994adf elementor-widget__width-auto elementor-widget-mobile__width-initial elementor-widget-tablet__width-inherit elementor-widget elementor-widget-heading\" data-id=\"d994adf\" data-element_type=\"widget\" data-e-type=\"widget\" data-widget_type=\"heading.default\">\n\t\t\t\t<div class=\"elementor-widget-container\">\n\t\t\t\t\t<h1 class=\"elementor-heading-title elementor-size-default\">PARTNER<\/h1>\t\t\t\t<\/div>\n\t\t\t\t<\/div>\n\t\t<div class=\"elementor-element elementor-element-bc2171d e-con-full e-flex e-con e-child\" data-id=\"bc2171d\" data-element_type=\"container\" data-e-type=\"container\">\n\t\t<div class=\"elementor-element elementor-element-c00af4c e-con-full e-flex e-con e-child\" data-id=\"c00af4c\" data-element_type=\"container\" data-e-type=\"container\">\n\t\t<div class=\"elementor-element elementor-element-794c7aa e-con-full e-flex e-con e-child\" data-id=\"794c7aa\" data-element_type=\"container\" data-e-type=\"container\">\n\t\t\t\t<div class=\"elementor-element elementor-element-ff2dc73 elementor-widget elementor-widget-image\" data-id=\"ff2dc73\" data-element_type=\"widget\" data-e-type=\"widget\" data-widget_type=\"image.default\">\n\t\t\t\t<div class=\"elementor-widget-container\">\n\t\t\t\t\t\t\t\t\t\t\t\t\t\t\t\t<a href=\"https:\/\/www.interregaurora.eu\/\" target=\"_blank\">\n\t\t\t\t\t\t\t<img decoding=\"async\" src=\"https:\/\/blogi.eoppimispalvelut.fi\/climateforest\/files\/2024\/05\/AURORA-CMYK-Color.png\" title=\"Interreg Aurora\" alt=\"Interreg Aurora Logo\" loading=\"lazy\" \/>\t\t\t\t\t\t\t\t<\/a>\n\t\t\t\t\t\t\t\t\t\t\t\t\t\t\t<\/div>\n\t\t\t\t<\/div>\n\t\t\t\t<\/div>\n\t\t<div class=\"elementor-element elementor-element-dd052fd e-con-full e-flex e-con e-child\" data-id=\"dd052fd\" data-element_type=\"container\" data-e-type=\"container\">\n\t\t\t\t<div class=\"elementor-element elementor-element-11a8f8e elementor-widget elementor-widget-heading\" data-id=\"11a8f8e\" data-element_type=\"widget\" data-e-type=\"widget\" data-widget_type=\"heading.default\">\n\t\t\t\t<div class=\"elementor-widget-container\">\n\t\t\t\t\t<h2 class=\"elementor-heading-title elementor-size-default\">interreg aurora<\/h2>\t\t\t\t<\/div>\n\t\t\t\t<\/div>\n\t\t\t\t<div class=\"elementor-element elementor-element-71506c6 elementor-widget elementor-widget-text-editor\" data-id=\"71506c6\" data-element_type=\"widget\" data-e-type=\"widget\" data-widget_type=\"text-editor.default\">\n\t\t\t\t<div class=\"elementor-widget-container\">\n\t\t\t\t\t\t\t\t\t<p>Interreg Aurora \u00e4r ett program inom Europeiska unionens Interreg-gemenskap f\u00f6r gr\u00e4ns\u00f6verskridande samarbete 2021-2027. Programmet erbjuder stora m\u00f6jligheter och m\u00f6jligg\u00f6r nya och sp\u00e4nnande gr\u00e4ns\u00f6verskridande samarbeten i de nordligaste delarna av Europa och S\u00e1pmi. Interreg Aurora har en unik egenskap, programmet \u00e4r integrerat med S\u00e1pmi och det samiska urfolket.<\/p>\t\t\t\t\t\t\t\t<\/div>\n\t\t\t\t<\/div>\n\t\t\t\t<\/div>\n\t\t\t\t<\/div>\n\t\t<div class=\"elementor-element elementor-element-1f1f485 e-con-full e-flex e-con e-child\" data-id=\"1f1f485\" data-element_type=\"container\" data-e-type=\"container\">\n\t\t<div class=\"elementor-element elementor-element-68bc243 e-con-full e-flex e-con e-child\" data-id=\"68bc243\" data-element_type=\"container\" data-e-type=\"container\">\n\t\t\t\t<div class=\"elementor-element elementor-element-0f5adea elementor-widget elementor-widget-image\" data-id=\"0f5adea\" data-element_type=\"widget\" data-e-type=\"widget\" data-widget_type=\"image.default\">\n\t\t\t\t<div class=\"elementor-widget-container\">\n\t\t\t\t\t\t\t\t\t\t\t\t\t\t\t\t<a href=\"https:\/\/www.lapinliitto.fi\/en\/\" target=\"_blank\">\n\t\t\t\t\t\t\t<img decoding=\"async\" src=\"https:\/\/blogi.eoppimispalvelut.fi\/climateforest\/files\/elementor\/thumbs\/lapinliitto_rgb_hor_color-qsxg0tzn8dxicltsawfcj1d7xvq62w3vqczmxh3m7i.png\" title=\"Regional Council of Lapland\" alt=\"Regional Council of Lapland Logo\" loading=\"lazy\" \/>\t\t\t\t\t\t\t\t<\/a>\n\t\t\t\t\t\t\t\t\t\t\t\t\t\t\t<\/div>\n\t\t\t\t<\/div>\n\t\t\t\t<\/div>\n\t\t<div class=\"elementor-element elementor-element-64582e0 e-con-full e-flex e-con e-child\" data-id=\"64582e0\" data-element_type=\"container\" data-e-type=\"container\">\n\t\t\t\t<div class=\"elementor-element elementor-element-79a7a50 elementor-widget elementor-widget-heading\" data-id=\"79a7a50\" data-element_type=\"widget\" data-e-type=\"widget\" data-widget_type=\"heading.default\">\n\t\t\t\t<div class=\"elementor-widget-container\">\n\t\t\t\t\t<h2 class=\"elementor-heading-title elementor-size-default\">Lapplands landskapsf\u00f6rbund<\/h2>\t\t\t\t<\/div>\n\t\t\t\t<\/div>\n\t\t\t\t<div class=\"elementor-element elementor-element-0d327e8 elementor-widget elementor-widget-text-editor\" data-id=\"0d327e8\" data-element_type=\"widget\" data-e-type=\"widget\" data-widget_type=\"text-editor.default\">\n\t\t\t\t<div class=\"elementor-widget-container\">\n\t\t\t\t\t\t\t\t\t<p>Lapplands landskapsf\u00f6rbund utvecklar, planerar och skyddar intressena f\u00f6r den nordligaste, geografiskt mest omfattande och mest internationella regionen i Finland. K\u00e4rnuppgifterna f\u00f6r Lapplands landskapsf\u00f6rbund \u00e4r den strategiska utvecklingen av regionen, planering och att skydda Lapplands intressen b\u00e5de p\u00e5 nationell och internationell niv\u00e5.<\/p>\t\t\t\t\t\t\t\t<\/div>\n\t\t\t\t<\/div>\n\t\t\t\t<\/div>\n\t\t\t\t<\/div>\n\t\t<div class=\"elementor-element elementor-element-ecd513a e-con-full e-flex e-con e-child\" data-id=\"ecd513a\" data-element_type=\"container\" data-e-type=\"container\">\n\t\t<div class=\"elementor-element elementor-element-cacc8fe e-con-full e-flex e-con e-child\" data-id=\"cacc8fe\" data-element_type=\"container\" data-e-type=\"container\">\n\t\t\t\t<div class=\"elementor-element elementor-element-c88abaf e-transform elementor-widget elementor-widget-image\" data-id=\"c88abaf\" data-element_type=\"widget\" data-e-type=\"widget\" data-settings=\"{&quot;_transform_scale_effect&quot;:{&quot;unit&quot;:&quot;px&quot;,&quot;size&quot;:&quot;1&quot;,&quot;sizes&quot;:[]},&quot;_transform_scale_effect_tablet&quot;:{&quot;unit&quot;:&quot;px&quot;,&quot;size&quot;:&quot;&quot;,&quot;sizes&quot;:[]},&quot;_transform_scale_effect_mobile&quot;:{&quot;unit&quot;:&quot;px&quot;,&quot;size&quot;:&quot;&quot;,&quot;sizes&quot;:[]}}\" data-widget_type=\"image.default\">\n\t\t\t\t<div class=\"elementor-widget-container\">\n\t\t\t\t\t\t\t\t\t\t\t\t\t\t\t\t<a href=\"https:\/\/www.ltu.se\/en\" target=\"_blank\">\n\t\t\t\t\t\t\t<img decoding=\"async\" width=\"198\" height=\"104\" src=\"https:\/\/blogi.eoppimispalvelut.fi\/climateforest\/files\/2024\/05\/lulea_logo-e1724319260387.png\" class=\"attachment-full size-full wp-image-661\" alt=\"Lulea University of Technology Logo\" \/>\t\t\t\t\t\t\t\t<\/a>\n\t\t\t\t\t\t\t\t\t\t\t\t\t\t\t<\/div>\n\t\t\t\t<\/div>\n\t\t\t\t<\/div>\n\t\t<div class=\"elementor-element elementor-element-6d3a32e e-con-full e-flex e-con e-child\" data-id=\"6d3a32e\" data-element_type=\"container\" data-e-type=\"container\">\n\t\t\t\t<div class=\"elementor-element elementor-element-df4952c elementor-widget elementor-widget-heading\" data-id=\"df4952c\" data-element_type=\"widget\" data-e-type=\"widget\" data-widget_type=\"heading.default\">\n\t\t\t\t<div class=\"elementor-widget-container\">\n\t\t\t\t\t<h2 class=\"elementor-heading-title elementor-size-default\">LULE\u00c5 tekniska universitet<\/h2>\t\t\t\t<\/div>\n\t\t\t\t<\/div>\n\t\t\t\t<div class=\"elementor-element elementor-element-a88a490 elementor-widget elementor-widget-text-editor\" data-id=\"a88a490\" data-element_type=\"widget\" data-e-type=\"widget\" data-widget_type=\"text-editor.default\">\n\t\t\t\t<div class=\"elementor-widget-container\">\n\t\t\t\t\t\t\t\t\tLule\u00e5 tekniska universitet ska vara en pionj\u00e4r i arbetet f\u00f6r en socialt, ekonomiskt och milj\u00f6m\u00e4ssigt h\u00e5llbar samh\u00e4llsutveckling. Med sin innovativa utbildning och banbrytande forskningsresultat kommer de att skapa globala samh\u00e4llsnyttor. Detta inneb\u00e4r att h\u00e5llbar utveckling ska vara en naturlig och integrerad del av deras utbildning, forskning och samarbete med det omgivande samh\u00e4llet.<\/strong>\t\t\t\t\t\t\t\t<\/div>\n\t\t\t\t<\/div>\n\t\t\t\t<\/div>\n\t\t\t\t<\/div>\n\t\t<div class=\"elementor-element elementor-element-685a20c e-con-full e-flex e-con e-child\" data-id=\"685a20c\" data-element_type=\"container\" data-e-type=\"container\">\n\t\t<div class=\"elementor-element elementor-element-dafa26f e-con-full e-flex e-con e-child\" data-id=\"dafa26f\" data-element_type=\"container\" data-e-type=\"container\">\n\t\t\t\t<div class=\"elementor-element elementor-element-53cf33a elementor-widget elementor-widget-image\" data-id=\"53cf33a\" data-element_type=\"widget\" data-e-type=\"widget\" data-widget_type=\"image.default\">\n\t\t\t\t<div class=\"elementor-widget-container\">\n\t\t\t\t\t\t\t\t\t\t\t\t\t\t\t\t<a href=\"https:\/\/www.skogsstyrelsen.se\/en\/\" target=\"_blank\">\n\t\t\t\t\t\t\t<img decoding=\"async\" src=\"https:\/\/blogi.eoppimispalvelut.fi\/climateforest\/files\/elementor\/thumbs\/swedish_logo-qortr59oatnwcenmblmpdynj566beaz0ibifbcztm8.png\" title=\"Swedish Forest Agency\" alt=\"Swedish Forest Agency Logo\" loading=\"lazy\" \/>\t\t\t\t\t\t\t\t<\/a>\n\t\t\t\t\t\t\t\t\t\t\t\t\t\t\t<\/div>\n\t\t\t\t<\/div>\n\t\t\t\t<\/div>\n\t\t<div class=\"elementor-element elementor-element-1c7c069 e-con-full e-flex e-con e-child\" data-id=\"1c7c069\" data-element_type=\"container\" data-e-type=\"container\">\n\t\t\t\t<div class=\"elementor-element elementor-element-0534632 elementor-widget elementor-widget-heading\" data-id=\"0534632\" data-element_type=\"widget\" data-e-type=\"widget\" data-widget_type=\"heading.default\">\n\t\t\t\t<div class=\"elementor-widget-container\">\n\t\t\t\t\t<h2 class=\"elementor-heading-title elementor-size-default\">skogsstyrelsen<\/h2>\t\t\t\t<\/div>\n\t\t\t\t<\/div>\n\t\t\t\t<div class=\"elementor-element elementor-element-e3a72c9 elementor-widget elementor-widget-text-editor\" data-id=\"e3a72c9\" data-element_type=\"widget\" data-e-type=\"widget\" data-widget_type=\"text-editor.default\">\n\t\t\t\t<div class=\"elementor-widget-container\">\n\t\t\t\t\t\t\t\t\tSkogsstyrelsen \u00e4r den nationella myndigheten som ansvarar f\u00f6r skogsrelaterade fr\u00e5gor. Dess huvudsakliga funktion \u00e4r att fr\u00e4mja den typ av skogsf\u00f6rvaltning i Sverige som m\u00f6jligg\u00f6r att m\u00e5len f\u00f6r skogspolitiken uppn\u00e5s<\/strong>\t\t\t\t\t\t\t\t<\/div>\n\t\t\t\t<\/div>\n\t\t\t\t<\/div>\n\t\t\t\t<\/div>\n\t\t<div class=\"elementor-element elementor-element-e79f862 e-con-full e-flex e-con e-child\" data-id=\"e79f862\" data-element_type=\"container\" data-e-type=\"container\">\n\t\t<div class=\"elementor-element elementor-element-b096fdd e-con-full e-flex e-con e-child\" data-id=\"b096fdd\" data-element_type=\"container\" data-e-type=\"container\">\n\t\t\t\t<div class=\"elementor-element elementor-element-33b2721 elementor-widget elementor-widget-image\" data-id=\"33b2721\" data-element_type=\"widget\" data-e-type=\"widget\" data-widget_type=\"image.default\">\n\t\t\t\t<div class=\"elementor-widget-container\">\n\t\t\t\t\t\t\t\t\t\t\t\t\t\t\t\t<a href=\"https:\/\/www.slu.se\/en\" target=\"_blank\">\n\t\t\t\t\t\t\t<img decoding=\"async\" src=\"https:\/\/blogi.eoppimispalvelut.fi\/climateforest\/files\/2024\/08\/slu_logo_webb-e1724319984236.png\" title=\"Swedish University of Agricultural Sciences\" alt=\"Swedish University of Agricultural Sciences Logo\" loading=\"lazy\" \/>\t\t\t\t\t\t\t\t<\/a>\n\t\t\t\t\t\t\t\t\t\t\t\t\t\t\t<\/div>\n\t\t\t\t<\/div>\n\t\t\t\t<\/div>\n\t\t<div class=\"elementor-element elementor-element-bbaa857 e-con-full e-flex e-con e-child\" data-id=\"bbaa857\" data-element_type=\"container\" data-e-type=\"container\">\n\t\t\t\t<div class=\"elementor-element elementor-element-816defc elementor-widget elementor-widget-heading\" data-id=\"816defc\" data-element_type=\"widget\" data-e-type=\"widget\" data-widget_type=\"heading.default\">\n\t\t\t\t<div class=\"elementor-widget-container\">\n\t\t\t\t\t<h2 class=\"elementor-heading-title elementor-size-default\">sveriges lantbruksuniversitet<\/h2>\t\t\t\t<\/div>\n\t\t\t\t<\/div>\n\t\t\t\t<div class=\"elementor-element elementor-element-56a577b elementor-widget elementor-widget-text-editor\" data-id=\"56a577b\" data-element_type=\"widget\" data-e-type=\"widget\" data-widget_type=\"text-editor.default\">\n\t\t\t\t<div class=\"elementor-widget-container\">\n\t\t\t\t\t\t\t\t\tSLU \u00e4r ett ledande internationellt universitet som bedriver forskning, utbildning och milj\u00f6bed\u00f6mning inom vetenskaperna f\u00f6r ett h\u00e5llbart liv. Dess huvudsakliga platser \u00e4r i Alnarp, Ume\u00e5 och Uppsala, men verksamhet bedrivs ocks\u00e5 vid forskningsstationer, experimentparker och utbildningsanstalter \u00f6ver hela Sverige<\/strong>\t\t\t\t\t\t\t\t<\/div>\n\t\t\t\t<\/div>\n\t\t\t\t<\/div>\n\t\t\t\t<\/div>\n\t\t<div class=\"elementor-element elementor-element-4ec1375 e-con-full e-flex e-con e-child\" data-id=\"4ec1375\" data-element_type=\"container\" data-e-type=\"container\">\n\t\t<div class=\"elementor-element elementor-element-8d8aa83 e-con-full e-flex e-con e-child\" data-id=\"8d8aa83\" data-element_type=\"container\" data-e-type=\"container\">\n\t\t\t\t<div class=\"elementor-element elementor-element-01b10ac elementor-widget elementor-widget-image\" data-id=\"01b10ac\" data-element_type=\"widget\" data-e-type=\"widget\" data-widget_type=\"image.default\">\n\t\t\t\t<div class=\"elementor-widget-container\">\n\t\t\t\t\t\t\t\t\t\t\t\t\t\t\t\t<a href=\"https:\/\/www.lapinamk.fi\/en\" target=\"_blank\">\n\t\t\t\t\t\t\t<img decoding=\"async\" src=\"https:\/\/blogi.eoppimispalvelut.fi\/climateforest\/files\/elementor\/thumbs\/lapinamk_rgb-qsxg5wcc28vzluhc879nrf3nrefoh06kznsl2ldof0.png\" title=\"Lapland University of Applied Sciences\" alt=\"Lapland University of Applied Sciences Logo\" loading=\"lazy\" \/>\t\t\t\t\t\t\t\t<\/a>\n\t\t\t\t\t\t\t\t\t\t\t\t\t\t\t<\/div>\n\t\t\t\t<\/div>\n\t\t\t\t<\/div>\n\t\t<div class=\"elementor-element elementor-element-b5335ba e-con-full e-flex e-con e-child\" data-id=\"b5335ba\" data-element_type=\"container\" data-e-type=\"container\">\n\t\t\t\t<div class=\"elementor-element elementor-element-dcadcf0 elementor-widget elementor-widget-heading\" data-id=\"dcadcf0\" data-element_type=\"widget\" data-e-type=\"widget\" data-widget_type=\"heading.default\">\n\t\t\t\t<div class=\"elementor-widget-container\">\n\t\t\t\t\t<h2 class=\"elementor-heading-title elementor-size-default\">Lapplands yrkesh\u00f6gskola<\/h2>\t\t\t\t<\/div>\n\t\t\t\t<\/div>\n\t\t\t\t<div class=\"elementor-element elementor-element-7a1023a elementor-widget elementor-widget-text-editor\" data-id=\"7a1023a\" data-element_type=\"widget\" data-e-type=\"widget\" data-widget_type=\"text-editor.default\">\n\t\t\t\t<div class=\"elementor-widget-container\">\n\t\t\t\t\t\t\t\t\tLapplands yrkesh\u00f6gskola \u00e4r den nordligaste yrkesh\u00f6gskolan i Finland och i EU med fokus p\u00e5 h\u00f6gre utbildning samt forskning, utveckling och innovationer. Framg\u00e5ng i arktiska f\u00f6rh\u00e5llanden och att utnyttja dessa f\u00f6rh\u00e5llanden \u00e4r k\u00e4rnan i verksamheten.<\/strong><\/p>\n\n<div><strong style=\"font-size: var(--cib-type-body1-stronger-font-size);line-height: var(--cib-type-body1-stronger-line-height)\">\u00a0<\/strong><\/div>\t\t\t\t\t\t\t\t<\/div>\n\t\t\t\t<\/div>\n\t\t\t\t<\/div>\n\t\t\t\t<\/div>\n\t\t<div class=\"elementor-element elementor-element-51ac3b9 e-con-full e-flex e-con e-child\" data-id=\"51ac3b9\" data-element_type=\"container\" data-e-type=\"container\">\n\t\t<div class=\"elementor-element elementor-element-1fd7896 e-con-full e-flex e-con e-child\" data-id=\"1fd7896\" data-element_type=\"container\" data-e-type=\"container\">\n\t\t\t\t<div class=\"elementor-element elementor-element-8336c7f elementor-widget elementor-widget-image\" data-id=\"8336c7f\" data-element_type=\"widget\" data-e-type=\"widget\" data-widget_type=\"image.default\">\n\t\t\t\t<div class=\"elementor-widget-container\">\n\t\t\t\t\t\t\t\t\t\t\t\t\t\t\t\t<a href=\"https:\/\/www.luke.fi\/en\" target=\"_blank\">\n\t\t\t\t\t\t\t<img decoding=\"async\" src=\"https:\/\/blogi.eoppimispalvelut.fi\/climateforest\/files\/elementor\/thumbs\/Luke_logo_EN_RGB-qpu0k9d5bmhfmyzoif5rc6m5qaravw3a0srg7895lw.png\" title=\"Natural Resources Institute Finland\" alt=\"Natural Resources Institute Finland Logo\" loading=\"lazy\" \/>\t\t\t\t\t\t\t\t<\/a>\n\t\t\t\t\t\t\t\t\t\t\t\t\t\t\t<\/div>\n\t\t\t\t<\/div>\n\t\t\t\t<\/div>\n\t\t<div class=\"elementor-element elementor-element-601758e e-con-full e-flex e-con e-child\" data-id=\"601758e\" data-element_type=\"container\" data-e-type=\"container\">\n\t\t\t\t<div class=\"elementor-element elementor-element-59ae3c6 elementor-widget elementor-widget-heading\" data-id=\"59ae3c6\" data-element_type=\"widget\" data-e-type=\"widget\" data-widget_type=\"heading.default\">\n\t\t\t\t<div class=\"elementor-widget-container\">\n\t\t\t\t\t<h2 class=\"elementor-heading-title elementor-size-default\">Naturresursinstitutet Finland<\/strong><\/h2>\t\t\t\t<\/div>\n\t\t\t\t<\/div>\n\t\t\t\t<div class=\"elementor-element elementor-element-b98d1e8 elementor-widget elementor-widget-text-editor\" data-id=\"b98d1e8\" data-element_type=\"widget\" data-e-type=\"widget\" data-widget_type=\"text-editor.default\">\n\t\t\t\t<div class=\"elementor-widget-container\">\n\t\t\t\t\t\t\t\t\tNaturresursinstitutet Finland (Luke) \u00e4r en forskningsorganisation som verkar under Finlands jord- och skogsbruksministerium. Lukes uppgift \u00e4r att fr\u00e4mja konkurrenskraftiga verksamheter baserade p\u00e5 h\u00e5llbar anv\u00e4ndning av f\u00f6rnybara naturresurser samt v\u00e4lbefinnande och vitalitet i landsbygdsomr\u00e5dena.<\/strong>\t\t\t\t\t\t\t\t<\/div>\n\t\t\t\t<\/div>\n\t\t\t\t<\/div>\n\t\t\t\t<\/div>\n\t\t<div class=\"elementor-element elementor-element-c4350f4 e-con-full e-flex e-con e-child\" data-id=\"c4350f4\" data-element_type=\"container\" data-e-type=\"container\">\n\t\t<div class=\"elementor-element elementor-element-14b4a1a e-con-full e-flex e-con e-child\" data-id=\"14b4a1a\" data-element_type=\"container\" data-e-type=\"container\">\n\t\t\t\t<div class=\"elementor-element elementor-element-7ef3afe elementor-widget elementor-widget-image\" data-id=\"7ef3afe\" data-element_type=\"widget\" data-e-type=\"widget\" data-widget_type=\"image.default\">\n\t\t\t\t<div class=\"elementor-widget-container\">\n\t\t\t\t\t\t\t\t\t\t\t\t\t\t\t\t<a href=\"https:\/\/www.metsakeskus.fi\/en\" target=\"_blank\">\n\t\t\t\t\t\t\t<img decoding=\"async\" src=\"https:\/\/blogi.eoppimispalvelut.fi\/climateforest\/files\/elementor\/thumbs\/Metsakeskus-Forest-Centre-logo-vaaka-png-muodossa-2-qsxgd4pmncrk8xyphpsmnfnbqd41sbxgf89bysv6v2.png\" title=\"Forest Centre\" alt=\"Forest Centre Logo\" loading=\"lazy\" \/>\t\t\t\t\t\t\t\t<\/a>\n\t\t\t\t\t\t\t\t\t\t\t\t\t\t\t<\/div>\n\t\t\t\t<\/div>\n\t\t\t\t<\/div>\n\t\t<div class=\"elementor-element elementor-element-83b2860 e-con-full e-flex e-con e-child\" data-id=\"83b2860\" data-element_type=\"container\" data-e-type=\"container\">\n\t\t\t\t<div class=\"elementor-element elementor-element-6dd622f elementor-widget elementor-widget-heading\" data-id=\"6dd622f\" data-element_type=\"widget\" data-e-type=\"widget\" data-widget_type=\"heading.default\">\n\t\t\t\t<div class=\"elementor-widget-container\">\n\t\t\t\t\t<h2 class=\"elementor-heading-title elementor-size-default\">Skogscentralen<\/h2>\t\t\t\t<\/div>\n\t\t\t\t<\/div>\n\t\t\t\t<div class=\"elementor-element elementor-element-fc0c5be elementor-widget elementor-widget-text-editor\" data-id=\"fc0c5be\" data-element_type=\"widget\" data-e-type=\"widget\" data-widget_type=\"text-editor.default\">\n\t\t\t\t<div class=\"elementor-widget-container\">\n\t\t\t\t\t\t\t\t\t<p>Skogscentralen samlar in och delar information om finska skogar. Den ger r\u00e5d till skogs\u00e4gare om f\u00f6rvaltning, anv\u00e4ndning och skydd av skogar. Dessutom \u00f6vervakar Finlands skogscentral efterlevnaden av skogslagar.<\/p>\t\t\t\t\t\t\t\t<\/div>\n\t\t\t\t<\/div>\n\t\t\t\t<\/div>\n\t\t\t\t<\/div>\n\t\t\t\t<\/div>\n\t\t\t\t<\/div>\n\t\t\t\t<\/div>\n\t\t","protected":false},"excerpt":{"rendered":"<p>PARTNER interreg aurora Interreg Aurora \u00e4r ett program inom Europeiska unionens Interreg-gemenskap f\u00f6r gr\u00e4ns\u00f6verskridande samarbete 2021-2027. Programmet erbjuder stora m\u00f6jligheter och m\u00f6jligg\u00f6r nya och sp\u00e4nnande gr\u00e4ns\u00f6verskridande samarbeten i de nordligaste delarna av Europa och S\u00e1pmi. Interreg Aurora har en unik egenskap, programmet \u00e4r integrerat med S\u00e1pmi och det samiska urfolket. Lapplands landskapsf\u00f6rbund Lapplands landskapsf\u00f6rbund utvecklar, [&hellip;]<\/p>\n","protected":false},"author":48528,"featured_media":0,"parent":0,"menu_order":0,"comment_status":"closed","ping_status":"closed","template":"elementor_header_footer","meta":{"site-sidebar-layout":"no-sidebar","site-content-layout":"","ast-site-content-layout":"full-width-container","site-content-style":"default","site-sidebar-style":"default","ast-global-header-display":"","ast-banner-title-visibility":"","ast-main-header-display":"","ast-hfb-above-header-display":"","ast-hfb-below-header-display":"","ast-hfb-mobile-header-display":"","site-post-title":"disabled","ast-breadcrumbs-content":"","ast-featured-img":"disabled","footer-sml-layout":"","ast-disable-related-posts":"","theme-transparent-header-meta":"","adv-header-id-meta":"","stick-header-meta":"","header-above-stick-meta":"","header-main-stick-meta":"","header-below-stick-meta":"","astra-migrate-meta-layouts":"default","ast-page-background-enabled":"default","ast-page-background-meta":{"desktop":{"background-color":"var(--ast-global-color-4)","background-image":"","background-repeat":"repeat","background-position":"center center","background-size":"auto","background-attachment":"scroll","background-type":"","background-media":"","overlay-type":"","overlay-color":"","overlay-opacity":"","overlay-gradient":""},"tablet":{"background-color":"","background-image":"","background-repeat":"repeat","background-position":"center center","background-size":"auto","background-attachment":"scroll","background-type":"","background-media":"","overlay-type":"","overlay-color":"","overlay-opacity":"","overlay-gradient":""},"mobile":{"background-color":"","background-image":"","background-repeat":"repeat","background-position":"center center","background-size":"auto","background-attachment":"scroll","background-type":"","background-media":"","overlay-type":"","overlay-color":"","overlay-opacity":"","overlay-gradient":""}},"ast-content-background-meta":{"desktop":{"background-color":"var(--ast-global-color-5)","background-image":"","background-repeat":"repeat","background-position":"center center","background-size":"auto","background-attachment":"scroll","background-type":"","background-media":"","overlay-type":"","overlay-color":"","overlay-opacity":"","overlay-gradient":""},"tablet":{"background-color":"var(--ast-global-color-5)","background-image":"","background-repeat":"repeat","background-position":"center center","background-size":"auto","background-attachment":"scroll","background-type":"","background-media":"","overlay-type":"","overlay-color":"","overlay-opacity":"","overlay-gradient":""},"mobile":{"background-color":"var(--ast-global-color-5)","background-image":"","background-repeat":"repeat","background-position":"center center","background-size":"auto","background-attachment":"scroll","background-type":"","background-media":"","overlay-type":"","overlay-color":"","overlay-opacity":"","overlay-gradient":""}},"footnotes":""},"class_list":["post-1511","page","type-page","status-publish","hentry"],"_links":{"self":[{"href":"https:\/\/blogi.eoppimispalvelut.fi\/climateforest\/wp-json\/wp\/v2\/pages\/1511","targetHints":{"allow":["GET"]}}],"collection":[{"href":"https:\/\/blogi.eoppimispalvelut.fi\/climateforest\/wp-json\/wp\/v2\/pages"}],"about":[{"href":"https:\/\/blogi.eoppimispalvelut.fi\/climateforest\/wp-json\/wp\/v2\/types\/page"}],"author":[{"embeddable":true,"href":"https:\/\/blogi.eoppimispalvelut.fi\/climateforest\/wp-json\/wp\/v2\/users\/48528"}],"replies":[{"embeddable":true,"href":"https:\/\/blogi.eoppimispalvelut.fi\/climateforest\/wp-json\/wp\/v2\/comments?post=1511"}],"version-history":[{"count":16,"href":"https:\/\/blogi.eoppimispalvelut.fi\/climateforest\/wp-json\/wp\/v2\/pages\/1511\/revisions"}],"predecessor-version":[{"id":1708,"href":"https:\/\/blogi.eoppimispalvelut.fi\/climateforest\/wp-json\/wp\/v2\/pages\/1511\/revisions\/1708"}],"wp:attachment":[{"href":"https:\/\/blogi.eoppimispalvelut.fi\/climateforest\/wp-json\/wp\/v2\/media?parent=1511"}],"curies":[{"name":"wp","href":"https:\/\/api.w.org\/{rel}","templated":true}]}}