{"id":12,"date":"2020-12-08T13:39:01","date_gmt":"2020-12-08T11:39:01","guid":{"rendered":"https:\/\/blogi.eoppimispalvelut.fi\/comfortofficefitment\/?page_id=12"},"modified":"2021-01-25T09:26:53","modified_gmt":"2021-01-25T07:26:53","slug":"tietoja","status":"publish","type":"page","link":"https:\/\/blogi.eoppimispalvelut.fi\/comfortofficefitment\/tietoja\/","title":{"rendered":"Tietoja"},"content":{"rendered":"<h3>Comfort Office Fitment Opy<\/h3>\n<p>Comfort\u00a0Office\u00a0Fitment\u00a0Opy\u00a0on Napalaaksoon perustettu\u00a0huonekalujen v\u00e4hitt\u00e4iskauppa.\u00a0Comfort\u00a0Office\u00a0Fitment\u00a0Opy:ll\u00e4\u00a0l\u00f6ytyy jo valmiiksi\u00a0vahva\u00a0kokemus\u00a0huonekalujen\u00a0v\u00e4hitt\u00e4ismyynnist\u00e4.\u00a0Isoimpana\u00a0vahvuutenamme on\u00a0osakkaista\u00a0l\u00f6ytyv\u00e4 yritt\u00e4j\u00e4henkisyys.<\/p>\n<p>Yrityksen toiminta on l\u00e4htenyt liikkeelle Napalaakso yritysten tarpeista. Pyrimme palveluillamme vastaamaan mahdollisimman hyvin asiakkaiden tarpeisiin ja kehitt\u00e4m\u00e4\u00e4n palveluitamme sek\u00e4 tuotteitamme. Myymme ja toimitamme moderneja ja ergonomisia toimistokalusteita ja tarvikkeita. Toimistokalusteiden lis\u00e4ksi tarjoamme tuotteillemme kuljetuspalvelun.<\/p>\n<p>J\u00e4lleenmyymme toimistotarvikkeita, -kalusteita ja j\u00e4rjest\u00e4mme my\u00f6s asennuspalvelun. Liiketoiminta keskittyy Napalaaksoon, mutta tulevaisuudessa tavoitteemme on kasvaa suuremmaksi toimijaksi.<\/p>\n<h3>Henkil\u00f6st\u00f6<\/h3>\n<p>Comfort Office Fitment Opy:n toimitusjohtajana toimii Johannes Silvola ja varatoimitusjohtajana Aleksi Ruhkala. Osaava henkil\u00f6kuntamme on jaettu kolmeen tiimiin: hankintatiimi, myynti ja markkinointi tiimi sek\u00e4 taloustiimi.<\/p>\n<p>&nbsp;<\/p>\n<h3>Comfort Office Fitment Opy<\/h3>\n<p>Comfort Office Fitment Opy is furniture company in Artic Valley. We have already lot of experience about retailing furnitures. Every stakeholder in COF opy are very motivated.<\/p>\n","protected":false},"excerpt":{"rendered":"<p>Comfort Office Fitment Opy Comfort\u00a0Office\u00a0Fitment\u00a0Opy\u00a0on Napalaaksoon perustettu\u00a0huonekalujen v\u00e4hitt\u00e4iskauppa.\u00a0Comfort\u00a0Office\u00a0Fitment\u00a0Opy:ll\u00e4\u00a0l\u00f6ytyy jo valmiiksi\u00a0vahva\u00a0kokemus\u00a0huonekalujen\u00a0v\u00e4hitt\u00e4ismyynnist\u00e4.\u00a0Isoimpana\u00a0vahvuutenamme on\u00a0osakkaista\u00a0l\u00f6ytyv\u00e4 yritt\u00e4j\u00e4henkisyys. Yrityksen toiminta on l\u00e4htenyt liikkeelle Napalaakso yritysten tarpeista. Pyrimme palveluillamme vastaamaan mahdollisimman hyvin asiakkaiden tarpeisiin ja kehitt\u00e4m\u00e4\u00e4n palveluitamme sek\u00e4 tuotteitamme. Myymme ja toimitamme moderneja ja ergonomisia toimistokalusteita ja tarvikkeita. Toimistokalusteiden lis\u00e4ksi tarjoamme tuotteillemme kuljetuspalvelun. J\u00e4lleenmyymme toimistotarvikkeita, -kalusteita ja j\u00e4rjest\u00e4mme my\u00f6s asennuspalvelun. Liiketoiminta keskittyy &hellip; <\/p>\n<p class=\"link-more\"><a href=\"https:\/\/blogi.eoppimispalvelut.fi\/comfortofficefitment\/tietoja\/\" class=\"more-link\">Jatka lukemista<span class=\"screen-reader-text\"> &#8220;Tietoja&#8221;<\/span><\/a><\/p>\n","protected":false},"author":4974,"featured_media":0,"parent":0,"menu_order":4,"comment_status":"closed","ping_status":"closed","template":"","meta":{"footnotes":""},"class_list":["post-12","page","type-page","status-publish","hentry"],"_links":{"self":[{"href":"https:\/\/blogi.eoppimispalvelut.fi\/comfortofficefitment\/wp-json\/wp\/v2\/pages\/12","targetHints":{"allow":["GET"]}}],"collection":[{"href":"https:\/\/blogi.eoppimispalvelut.fi\/comfortofficefitment\/wp-json\/wp\/v2\/pages"}],"about":[{"href":"https:\/\/blogi.eoppimispalvelut.fi\/comfortofficefitment\/wp-json\/wp\/v2\/types\/page"}],"author":[{"embeddable":true,"href":"https:\/\/blogi.eoppimispalvelut.fi\/comfortofficefitment\/wp-json\/wp\/v2\/users\/4974"}],"replies":[{"embeddable":true,"href":"https:\/\/blogi.eoppimispalvelut.fi\/comfortofficefitment\/wp-json\/wp\/v2\/comments?post=12"}],"version-history":[{"count":13,"href":"https:\/\/blogi.eoppimispalvelut.fi\/comfortofficefitment\/wp-json\/wp\/v2\/pages\/12\/revisions"}],"predecessor-version":[{"id":152,"href":"https:\/\/blogi.eoppimispalvelut.fi\/comfortofficefitment\/wp-json\/wp\/v2\/pages\/12\/revisions\/152"}],"wp:attachment":[{"href":"https:\/\/blogi.eoppimispalvelut.fi\/comfortofficefitment\/wp-json\/wp\/v2\/media?parent=12"}],"curies":[{"name":"wp","href":"https:\/\/api.w.org\/{rel}","templated":true}]}}