{"id":4,"date":"2020-12-08T13:36:58","date_gmt":"2020-12-08T11:36:58","guid":{"rendered":"https:\/\/blogi.eoppimispalvelut.fi\/comfortofficefitment\/?page_id=4"},"modified":"2021-02-04T11:26:52","modified_gmt":"2021-02-04T09:26:52","slug":"cof-opy","status":"publish","type":"page","link":"https:\/\/blogi.eoppimispalvelut.fi\/comfortofficefitment\/","title":{"rendered":"COF Opy"},"content":{"rendered":"<h3>Tervetuloa verkkosivuillemme! Meid\u00e4n avullamme p\u00e4\u00e4set mukavuusalueellesi!<\/h3>\n<p>&nbsp;<\/p>\n<h3>Welcome to our website! Please, make yourself comfortable!<\/h3>\n<p>&nbsp;<\/p>\n<p>&nbsp;<\/p>\n","protected":false},"excerpt":{"rendered":"<p>Tervetuloa verkkosivuillemme! Meid\u00e4n avullamme p\u00e4\u00e4set mukavuusalueellesi! &nbsp; Welcome to our website! Please, make yourself comfortable! &nbsp; &nbsp;<\/p>\n","protected":false},"author":4974,"featured_media":0,"parent":0,"menu_order":1,"comment_status":"closed","ping_status":"closed","template":"","meta":{"footnotes":""},"class_list":["post-4","page","type-page","status-publish","hentry"],"_links":{"self":[{"href":"https:\/\/blogi.eoppimispalvelut.fi\/comfortofficefitment\/wp-json\/wp\/v2\/pages\/4","targetHints":{"allow":["GET"]}}],"collection":[{"href":"https:\/\/blogi.eoppimispalvelut.fi\/comfortofficefitment\/wp-json\/wp\/v2\/pages"}],"about":[{"href":"https:\/\/blogi.eoppimispalvelut.fi\/comfortofficefitment\/wp-json\/wp\/v2\/types\/page"}],"author":[{"embeddable":true,"href":"https:\/\/blogi.eoppimispalvelut.fi\/comfortofficefitment\/wp-json\/wp\/v2\/users\/4974"}],"replies":[{"embeddable":true,"href":"https:\/\/blogi.eoppimispalvelut.fi\/comfortofficefitment\/wp-json\/wp\/v2\/comments?post=4"}],"version-history":[{"count":7,"href":"https:\/\/blogi.eoppimispalvelut.fi\/comfortofficefitment\/wp-json\/wp\/v2\/pages\/4\/revisions"}],"predecessor-version":[{"id":166,"href":"https:\/\/blogi.eoppimispalvelut.fi\/comfortofficefitment\/wp-json\/wp\/v2\/pages\/4\/revisions\/166"}],"wp:attachment":[{"href":"https:\/\/blogi.eoppimispalvelut.fi\/comfortofficefitment\/wp-json\/wp\/v2\/media?parent=4"}],"curies":[{"name":"wp","href":"https:\/\/api.w.org\/{rel}","templated":true}]}}