{"id":7,"date":"2020-12-08T13:37:47","date_gmt":"2020-12-08T11:37:47","guid":{"rendered":"https:\/\/blogi.eoppimispalvelut.fi\/comfortofficefitment\/?page_id=7"},"modified":"2021-02-10T15:12:16","modified_gmt":"2021-02-10T13:12:16","slug":"tuotteet","status":"publish","type":"page","link":"https:\/\/blogi.eoppimispalvelut.fi\/comfortofficefitment\/tuotteet\/","title":{"rendered":"Tuotteet"},"content":{"rendered":"<h3>S\u00e4ilytystilaa toimitilan jokaiseen tarpeeseen <strong>(hinta ilman ALV)<\/strong><\/h3>\n<pre><span data-usefontface=\"true\" data-contrast=\"none\">Avainkaappi (250x180x60mm) 49,92\u20ac<\/span>\u200b\r\n\r\n<span data-usefontface=\"true\" data-contrast=\"none\">Ilona laatikosto 483,93\u20ac<\/span>\u200b\r\n\r\n<span data-usefontface=\"true\" data-contrast=\"none\">Rullalaatikosto 4:ll\u00e4 laatikolla 449,92\u20ac<\/span>\u200b\r\n\r\n<span data-usefontface=\"true\" data-contrast=\"none\">Kassakaappi avainlukolla 350x200x200mm\u00a0<\/span><span data-usefontface=\"true\" data-contrast=\"none\">141,58\u20ac<\/span>\u200b\r\n\r\n<span data-usefontface=\"true\" data-contrast=\"none\">Lehtikansio A4 5,49\u20ac<\/span><\/pre>\n<h3>\u200bS\u00e4ilytystilaa pukuhuoneeseen ja eteiseen <strong>(hinta ilman ALV)<\/strong><\/h3>\n<pre>Vaateteline 97,50\u20ac<span style=\"background-color: #eeeeee;font-family: 'Courier 10 Pitch', Courier, monospace;font-size: 0.9375rem\">\u200b<\/span>\r\n\r\nPeili 50x107cm 24,38\u20ac<span style=\"background-color: #eeeeee;font-family: 'Courier 10 Pitch', Courier, monospace;font-size: 0.9375rem\">\u200b<\/span>\r\n\r\n<span data-usefontface=\"true\" data-contrast=\"none\">S\u00e4ilytyskaappi, puu, 500\u20ac<\/span><\/pre>\n<h3>\u200b\u200b<span class=\"TextRun SCXP34040968 BCX9\" lang=\"FI-FI\" xml:lang=\"FI-FI\" data-usefontface=\"true\" data-contrast=\"none\"><span class=\"NormalTextRun SCXP34040968 BCX9\">Kodin tuntua toimistoon <\/span><\/span><strong>(hinta ilman ALV)<\/strong><\/h3>\n<h3><span class=\"EOP SCXP34040968 BCX9\">\u200b<\/span><\/h3>\n<pre><span data-usefontface=\"true\" data-contrast=\"none\">Valaisin Barcelona 206,75\u20ac<\/span>\u200b\r\n\r\n<span data-usefontface=\"true\" data-contrast=\"none\">P\u00f6yt\u00e4, s\u00e4hk\u00f6s\u00e4\u00e4dett\u00e4v\u00e4; koko 140cm x 80cm 750,00\u20ac<\/span>\u200b\r\n\r\n<span data-usefontface=\"true\" data-contrast=\"none\">P\u00f6yt\u00e4lamppu koristeellinen 66,67\u20ac<\/span>\u200b\r\n\r\n<span data-usefontface=\"true\" data-contrast=\"none\">Nojatuoli 166,67\u20ac<\/span>\u200b\r\n\r\n<span data-usefontface=\"true\" data-contrast=\"none\">S\u00e4\u00e4dett\u00e4v\u00e4 ty\u00f6tuoli 250,00\u20ac<\/span>\u200b\r\n\r\n<span data-usefontface=\"true\" data-contrast=\"none\">Kirjahylly Py\u00f6kkilaminaattia 154,38\u20ac<\/span>\u200b\r\n\r\n<span data-usefontface=\"true\" data-contrast=\"none\">Viltti 140x200cm, v\u00e4ri kerma\/harmaa 27,50\u20ac\r\n<\/span><\/pre>\n<h3><span class=\"TextRun SCXP206213763 BCX9\" lang=\"FI-FI\" xml:lang=\"FI-FI\" data-usefontface=\"true\" data-contrast=\"none\"><span class=\"NormalTextRun SCXP206213763 BCX9\">Toimistotarvikkeet <\/span><\/span><strong>(hinta ilman ALV)<\/strong><\/h3>\n<h3><span class=\"EOP SCXP206213763 BCX9\">\u200b<\/span><\/h3>\n<pre><span data-usefontface=\"false\" data-contrast=\"none\">Tulostin 277,78\u20ac<\/span>\u200b\r\n\r\n<span data-usefontface=\"false\" data-contrast=\"none\">Kopiopaperi A4 10,42\u20ac<\/span>\u200b\r\n\r\n<span data-usefontface=\"false\" data-contrast=\"none\">V\u00e4rikasetti musta, mustesuihku 16,79\u20ac<\/span>\u200b\r\n\r\n<span data-usefontface=\"false\" data-contrast=\"none\">V\u00e4rikasetti v\u00e4rillinen 3-v\u00e4ri\u00e4,\u00a0<\/span><span data-usefontface=\"false\" data-contrast=\"none\">mustesuihku 23,53\u20ac<\/span>\u200b\r\n\r\n<span data-usefontface=\"false\" data-contrast=\"none\">Jatkopistorasia 6:lle 5m maadoitettu <\/span><span data-usefontface=\"false\" data-contrast=\"none\">26,11\u20ac<\/span>\u200b\r\n\r\n<span data-usefontface=\"false\" data-contrast=\"none\">Paperintuhooja\u00a0<\/span><span data-usefontface=\"false\" data-contrast=\"none\">Dahle<\/span><span data-usefontface=\"false\" data-contrast=\"none\">\u00a085,68\u20ac<\/span>\u200b\r\n\r\n<span data-usefontface=\"false\" data-contrast=\"none\">Nitoja, musta (nitoo 25 arkkia\u00a0<\/span><span data-usefontface=\"false\" data-contrast=\"none\">kerrallaan) 9,65\u20ac<\/span>\u200b\r\n\r\n<span data-usefontface=\"false\" data-contrast=\"none\">Niitit; 2000 kpl:n\u00a0 rasia 2,08\u20ac<\/span>\u200b\r\n\r\n<span data-usefontface=\"false\" data-contrast=\"none\">L\u00e4vistin\u00a0<\/span><span data-usefontface=\"false\" data-contrast=\"none\">Rapid<\/span><span data-usefontface=\"false\" data-contrast=\"none\">\u00a0FMC40 hopea, l\u00e4vist\u00e4\u00e4\u00a0<\/span><span data-usefontface=\"false\" data-contrast=\"none\">40 s, 27,83\u20ac<\/span>\u200b\r\n\r\n<span data-usefontface=\"false\" data-contrast=\"none\">Paperiliitin; 100kpl:n laatikko 0,63\u20ac<\/span>\u200b\r\n\r\n<span data-usefontface=\"false\" data-contrast=\"none\">Lyijykyn\u00e4 100g12s Staedt.12\/<\/span><span data-usefontface=\"false\" data-contrast=\"none\">ras<\/span><span data-usefontface=\"false\" data-contrast=\"none\">\u00a0lajit\u00a0<\/span><span data-usefontface=\"false\" data-contrast=\"none\">25,35\u20ac<\/span>\u200b\r\n\r\n<span data-usefontface=\"false\" data-contrast=\"none\">Kotelomappi A4 8cm pahvia PP musta\u00a0<\/span><span data-usefontface=\"false\" data-contrast=\"none\">6,85\u20ac<\/span>\r\n\r\n\u200b\u200b<\/pre>\n","protected":false},"excerpt":{"rendered":"<p>S\u00e4ilytystilaa toimitilan jokaiseen tarpeeseen (hinta ilman ALV) Avainkaappi (250x180x60mm) 49,92\u20ac\u200b Ilona laatikosto 483,93\u20ac\u200b Rullalaatikosto 4:ll\u00e4 laatikolla 449,92\u20ac\u200b Kassakaappi avainlukolla 350x200x200mm\u00a0141,58\u20ac\u200b Lehtikansio A4 5,49\u20ac \u200bS\u00e4ilytystilaa pukuhuoneeseen ja eteiseen (hinta ilman ALV) Vaateteline 97,50\u20ac\u200b Peili 50x107cm 24,38\u20ac\u200b S\u00e4ilytyskaappi, puu, 500\u20ac \u200b\u200bKodin tuntua toimistoon (hinta ilman ALV) \u200b Valaisin Barcelona 206,75\u20ac\u200b P\u00f6yt\u00e4, s\u00e4hk\u00f6s\u00e4\u00e4dett\u00e4v\u00e4; koko 140cm x 80cm 750,00\u20ac\u200b &hellip; <\/p>\n<p class=\"link-more\"><a href=\"https:\/\/blogi.eoppimispalvelut.fi\/comfortofficefitment\/tuotteet\/\" class=\"more-link\">Jatka lukemista<span class=\"screen-reader-text\"> &#8220;Tuotteet&#8221;<\/span><\/a><\/p>\n","protected":false},"author":4974,"featured_media":0,"parent":0,"menu_order":2,"comment_status":"closed","ping_status":"closed","template":"","meta":{"footnotes":""},"class_list":["post-7","page","type-page","status-publish","hentry"],"_links":{"self":[{"href":"https:\/\/blogi.eoppimispalvelut.fi\/comfortofficefitment\/wp-json\/wp\/v2\/pages\/7","targetHints":{"allow":["GET"]}}],"collection":[{"href":"https:\/\/blogi.eoppimispalvelut.fi\/comfortofficefitment\/wp-json\/wp\/v2\/pages"}],"about":[{"href":"https:\/\/blogi.eoppimispalvelut.fi\/comfortofficefitment\/wp-json\/wp\/v2\/types\/page"}],"author":[{"embeddable":true,"href":"https:\/\/blogi.eoppimispalvelut.fi\/comfortofficefitment\/wp-json\/wp\/v2\/users\/4974"}],"replies":[{"embeddable":true,"href":"https:\/\/blogi.eoppimispalvelut.fi\/comfortofficefitment\/wp-json\/wp\/v2\/comments?post=7"}],"version-history":[{"count":8,"href":"https:\/\/blogi.eoppimispalvelut.fi\/comfortofficefitment\/wp-json\/wp\/v2\/pages\/7\/revisions"}],"predecessor-version":[{"id":169,"href":"https:\/\/blogi.eoppimispalvelut.fi\/comfortofficefitment\/wp-json\/wp\/v2\/pages\/7\/revisions\/169"}],"wp:attachment":[{"href":"https:\/\/blogi.eoppimispalvelut.fi\/comfortofficefitment\/wp-json\/wp\/v2\/media?parent=7"}],"curies":[{"name":"wp","href":"https:\/\/api.w.org\/{rel}","templated":true}]}}