{"id":9,"date":"2020-12-08T13:37:58","date_gmt":"2020-12-08T11:37:58","guid":{"rendered":"https:\/\/blogi.eoppimispalvelut.fi\/comfortofficefitment\/?page_id=9"},"modified":"2021-02-04T12:27:58","modified_gmt":"2021-02-04T10:27:58","slug":"palvelut","status":"publish","type":"page","link":"https:\/\/blogi.eoppimispalvelut.fi\/comfortofficefitment\/palvelut\/","title":{"rendered":"Palvelut"},"content":{"rendered":"<h1>Palveluihimme kuuluvat:<\/h1>\n<h1>Kuljetus<\/h1>\n<h4>Kuljetamme kalusteet yritykseenne pient\u00e4 lis\u00e4maksua vastaan!<\/h4>\n<p>&nbsp;<\/p>\n<h1>Asennuspalvelu<\/h1>\n<h4>Jos tarvit apua uusien kalusteidesi asennuksessa, saat meilt\u00e4 asennuspalvelun tilaamiisi tuotteisiin! Hinta m\u00e4\u00e4ritet\u00e4\u00e4n tilauskohtaisesti!<\/h4>\n<p>&nbsp;<\/p>\n<h4><a href=\"https:\/\/blogi.eoppimispalvelut.fi\/comfortofficefitment\/ota-yhteytta\/\">Ota rohkeasti yhteytt\u00e4<\/a>, niin voimme sopia lis\u00e4\u00e4 tarvitsemistanne palveluista.<\/h4>\n<p>&nbsp;<\/p>\n<p>&nbsp;<\/p>\n<h1>Services we can provide for you:<\/h1>\n<p>&nbsp;<\/p>\n<h1>Delivery<\/h1>\n<p>&nbsp;<\/p>\n<h4>We will deliver the goods right <strong><b>to<\/b><\/strong> your doorstep.<\/h4>\n<p>&nbsp;<\/p>\n<h1>Installation<\/h1>\n<p>&nbsp;<\/p>\n<h4>We can provide help for you to set things up.<\/h4>\n<p>&nbsp;<\/p>\n<h4>Feel free to <a href=\"https:\/\/blogi.eoppimispalvelut.fi\/comfortofficefitment\/ota-yhteytta\/\">contact us<\/a> for more information!<\/h4>\n<p>&nbsp;<\/p>\n<p>&nbsp;<\/p>\n","protected":false},"excerpt":{"rendered":"<p>Palveluihimme kuuluvat: Kuljetus Kuljetamme kalusteet yritykseenne pient\u00e4 lis\u00e4maksua vastaan! &nbsp; Asennuspalvelu Jos tarvit apua uusien kalusteidesi asennuksessa, saat meilt\u00e4 asennuspalvelun tilaamiisi tuotteisiin! Hinta m\u00e4\u00e4ritet\u00e4\u00e4n tilauskohtaisesti! &nbsp; Ota rohkeasti yhteytt\u00e4, niin voimme sopia lis\u00e4\u00e4 tarvitsemistanne palveluista. &nbsp; &nbsp; Services we can provide for you: &nbsp; Delivery &nbsp; We will deliver the goods right to your doorstep. &hellip; <\/p>\n<p class=\"link-more\"><a href=\"https:\/\/blogi.eoppimispalvelut.fi\/comfortofficefitment\/palvelut\/\" class=\"more-link\">Jatka lukemista<span class=\"screen-reader-text\"> &#8220;Palvelut&#8221;<\/span><\/a><\/p>\n","protected":false},"author":4974,"featured_media":0,"parent":0,"menu_order":3,"comment_status":"closed","ping_status":"closed","template":"","meta":{"footnotes":""},"class_list":["post-9","page","type-page","status-publish","hentry"],"_links":{"self":[{"href":"https:\/\/blogi.eoppimispalvelut.fi\/comfortofficefitment\/wp-json\/wp\/v2\/pages\/9","targetHints":{"allow":["GET"]}}],"collection":[{"href":"https:\/\/blogi.eoppimispalvelut.fi\/comfortofficefitment\/wp-json\/wp\/v2\/pages"}],"about":[{"href":"https:\/\/blogi.eoppimispalvelut.fi\/comfortofficefitment\/wp-json\/wp\/v2\/types\/page"}],"author":[{"embeddable":true,"href":"https:\/\/blogi.eoppimispalvelut.fi\/comfortofficefitment\/wp-json\/wp\/v2\/users\/4974"}],"replies":[{"embeddable":true,"href":"https:\/\/blogi.eoppimispalvelut.fi\/comfortofficefitment\/wp-json\/wp\/v2\/comments?post=9"}],"version-history":[{"count":10,"href":"https:\/\/blogi.eoppimispalvelut.fi\/comfortofficefitment\/wp-json\/wp\/v2\/pages\/9\/revisions"}],"predecessor-version":[{"id":167,"href":"https:\/\/blogi.eoppimispalvelut.fi\/comfortofficefitment\/wp-json\/wp\/v2\/pages\/9\/revisions\/167"}],"wp:attachment":[{"href":"https:\/\/blogi.eoppimispalvelut.fi\/comfortofficefitment\/wp-json\/wp\/v2\/media?parent=9"}],"curies":[{"name":"wp","href":"https:\/\/api.w.org\/{rel}","templated":true}]}}