{"id":288,"date":"2014-02-13T12:44:21","date_gmt":"2014-02-13T10:44:21","guid":{"rendered":"https:\/\/blogi.eoppimispalvelut.fi\/conventus\/?page_id=288"},"modified":"2014-09-09T11:46:35","modified_gmt":"2014-09-09T09:46:35","slug":"oppimisymparisto-suomi","status":"publish","type":"page","link":"https:\/\/blogi.eoppimispalvelut.fi\/conventus\/learning-system\/oppimisymparisto-suomi\/","title":{"rendered":"Conventus Finland &#8211; Suomi"},"content":{"rendered":"<div id=\"yui_3_9_1_2_1392287986088_504\">Esimerkiksi seuraavat materiaalit\/ linkit ovat saatavilla <a href=\"https:\/\/openmoodle.eoppimispalvelut.fi\/course\/view.php?id=74\" target=\"_blank\">suomenkielisess\u00e4 oppimisymp\u00e4rist\u00f6ss\u00e4<\/a>\u00a0(suosittelemme kirjautumista ymprist\u00f6\u00f6n, mik\u00e4li haluat r\u00e4\u00e4t\u00e4l\u00f6idyn kokemuksen, esim. roolin opiskelijana\/ opettajana):<\/div>\n<div><\/div>\n<form action=\"http:\/\/openmoodle.tokem.fi\/course\/togglecompletion.php\" method=\"post\">\n<div><\/div>\n<\/form>\n<div>\n<div>\n<div>\n<p>Osuustoimintavuoden Suomen loppuraportti<\/p>\n<\/div>\n<\/div>\n<\/div>\n<ul id=\"yui_3_9_1_2_1392287986088_508\"><\/ul>\n<form action=\"https:\/\/openmoodle.eoppimispalvelut.fi\/course\/togglecompletion.php\" method=\"post\">\n<div>Finnish Report Year of cooperatives<\/div>\n<\/form>\n<div><\/div>\n<div>\n<h3>Moduuli 1<\/h3>\n<div>\n<div>\n<p>Osuustoiminnan historia, ideologia, osuustoimintaliike<\/p>\n<\/div>\n<\/div>\n<ul>\n<li id=\"module-2347\">\n<div>\n<div>Osuustoiminta tutuksi &#8211; diaesityksiss\u00e4 kuvataan osuustoiminnan historiaa ja periaatteita niin kansainv\u00e4lisest\u00e4 kuin suomalaisesta n\u00e4k\u00f6kulmasta. Lis\u00e4ksi sivulta l\u00f6ytyy lis\u00e4materiaalia, mm. osuuskunnan perustajan opas.<\/div>\n<\/div>\n<\/li>\n<li id=\"module-2834\">\n<div>General information about Finnish cooperation &#8211;<\/p>\n<div>\n<div>\n<p>These slide presentations give general information about Finnish cooperation in a nut-shell. They cover history, organisational structure and also guidance how to establish a cooperative.<\/p>\n<\/div>\n<\/div>\n<\/div>\n<\/li>\n<\/ul>\n<\/div>\n<div><\/div>\n<div>\n<h3>Moduuli 2<\/h3>\n<div>\n<div>\n<p>J\u00e4senen\u00e4 toimiminen<\/p>\n<\/div>\n<\/div>\n<ul>\n<li id=\"module-2453\">\n<div>Osuuskunnan ja j\u00e4senyyden kehitt\u00e4minen &#8211;<\/p>\n<div>\n<div>\n<p>Oppimateriaali osuuskunnan toiminnan kehitt\u00e4miseen ja osuustoiminta-ajatteluun tutustumiseen. Aineistossa osuuskunnan toimintaa tarkastellaan nelj\u00e4st\u00e4 n\u00e4k\u00f6kulmasta: omistajuuden, asiakkuudenhallinnan, oppimisen sek\u00e4 prosessien n\u00e4k\u00f6kulmista. T\u00e4ss\u00e4 moduulissa kannattaa opiskella kohdat arvot ja p\u00e4\u00e4m\u00e4\u00e4r\u00e4t, omistajuus\u00a0sek\u00e4 osallistuminen ja osallistaminen.\u00a0Kunkin n\u00e4k\u00f6kulman viimeiselt\u00e4 sivulta on ladattavissa mallidokumentti (.doc-muodossa) omien pohdintojen tallentamiseksi. Aineisto sis\u00e4lt\u00e4\u00e4 kysymyksi\u00e4, joita on paras k\u00e4sitell\u00e4 ryhm\u00e4ss\u00e4.<\/p>\n<\/div>\n<\/div>\n<\/div>\n<\/li>\n<li id=\"module-2450\">\n<div>Being a cooperative member &#8211;<\/p>\n<div>\n<div>\n<p lang=\"fi\">Cooperatives are discussed in the framework of Ownership, Customer Relations, Education, Involvement and Participation, Process thinking, Financial Management and Networking.\u00a0For this module&#8217;s aims themes to\u00a0study are Values and goals, Ownership and Involvement.\u00a0At the end of each section you can download templates for discussing the issues, group discussion is preferred.<\/p>\n<\/div>\n<\/div>\n<\/div>\n<\/li>\n<\/ul>\n<\/div>\n<div><span style=\"color: #333333;font-family: 'Pontano Sans', arial, sans-serif;font-size: 18px;line-height: normal\">Moduuli 3<\/span><\/div>\n<div>\n<div>\n<div>\n<p>Osuuskunnan perustaminen<\/p>\n<\/div>\n<\/div>\n<ul>\n<li id=\"module-2349\">\n<div>\n<div>Mit\u00e4 osuustoiminta on &#8211; Perustietoa osuuskunnasta ja ty\u00f6osuuskunnasta, sek\u00e4 osuustoiminnan periaatteista. K\u00e4yt\u00e4 tutustuaksesi, mit\u00e4 osuustoiminta on k\u00e4yt\u00e4nn\u00f6ss\u00e4 ja perustamisprosessin aikana\u00a0tarkistaaksesi, oletteko oikeilla j\u00e4ljill\u00e4.<\/div>\n<\/div>\n<\/li>\n<li id=\"module-2354\">\n<div>Osuuskunnan perustaminen-<\/p>\n<div>\n<div>\n<p>Perustietoa osuuskunnan perustamisesta. Kertoo lyhyesti, mit\u00e4 perustamiseen kuuluu ja kannattaa k\u00e4ytt\u00e4\u00e4 tarkistuslistana perustamisessa. Yksityiskohtaisempia ohjeita perustamisoppaassa.<\/p>\n<\/div>\n<\/div>\n<\/div>\n<\/li>\n<li id=\"module-2456\">\n<div>Perustamisopas\u00a0&#8211;<\/p>\n<div>\n<div>\n<p>Yksityiskohtaisia ohjeita osuuskunnan perustamiseen. Erityisesti s\u00e4\u00e4nt\u00f6jen laadintaan suositellaan kuitenkin k\u00e4ytett\u00e4v\u00e4n asiantuntijan apua. Ennen perustamista on syyt\u00e4 paneutua huolellisesti liiketoiminnan suunnitteluun.<\/p>\n<\/div>\n<\/div>\n<\/div>\n<\/li>\n<li id=\"module-2352\">\n<div>Esimerkki ty\u00f6suuskunnasta &#8211;<\/p>\n<div>\n<div>\n<p>Sataosaajat Osuuskunta esimerkkin\u00e4 ty\u00f6osuuskunnasta. Kertoo lyhyesti toiminnasta ja osuuskuntien verkostoitumisesta.<\/p>\n<\/div>\n<\/div>\n<\/div>\n<\/li>\n<\/ul>\n<\/div>\n<div><\/div>\n<div>\n<h3>Moduuli 4<\/h3>\n<div>\n<div>\n<p>Osuuskunnan johtaminen<\/p>\n<\/div>\n<\/div>\n<ul>\n<li id=\"module-2350\">\n<div>\n<div>Liikeidea\u00a0&#8211; Diasarja liikeideasta. Pohdi osuustoiminnallista liikeideaa!<\/div>\n<\/div>\n<\/li>\n<li id=\"module-2356\">\n<div>Hinnoittelu\u00a0&#8211;<\/p>\n<div>\n<div>\n<p>Diasarja hinnoittelusta. Pohjustaa keskustelua hinnoitteluperiaatteista.<\/p>\n<\/div>\n<\/div>\n<\/div>\n<\/li>\n<li id=\"module-2357\">\n<div>Hinnoittelu osuuskunta teksti 2013\u00a0&#8211;<\/p>\n<div>\n<div>\n<p>Oheisaineisto hinnoittelusta.<\/p>\n<\/div>\n<\/div>\n<\/div>\n<\/li>\n<li id=\"module-2358\">\n<div>Hinta ja palkkamalli 2013\u00a0&#8211;<\/p>\n<div>\n<div>\n<p>Tuotteen ja palvelun hinnan laskeminen, palkan laskeminen. Voidaan k\u00e4ytt\u00e4\u00e4 apuv\u00e4lineen\u00e4 ty\u00f6tunnin kustannuksen ja hinnan laskemisessa. K\u00e4ytett\u00e4ess\u00e4 tulee huomioida mm. ty\u00f6ntekij\u00e4n i\u00e4st\u00e4 johtuvat erilaiset sivukustannukset.<\/p>\n<\/div>\n<\/div>\n<\/div>\n<\/li>\n<li id=\"module-2360\">\n<div>Liiketoimintasuunnitelma\u00a0&#8211;<\/p>\n<div>\n<div>\n<p>Diasarja liiketoimintasuunnitelmasta. Kertoo liiketoimintasuunnitelman osat ja perusrakenteen.<\/p>\n<\/div>\n<\/div>\n<\/div>\n<\/li>\n<li id=\"module-2362\">\n<div>Liiketoimintasuunnitelma\u00a0&#8211;<\/p>\n<div>\n<div>\n<p>Yleisesti k\u00e4ytetty liiketoimintasuunnitelman lomakkeisto.<\/p>\n<\/div>\n<\/div>\n<\/div>\n<\/li>\n<li id=\"module-2451\">\n<div>Ohjeita liiketoimintasuunnitelman laadintaan\u00a0&#8211;<\/p>\n<div>\n<div>\n<p>Liiketoimintasuunnitelman oheisaineisto. Sis\u00e4lt\u00e4\u00e4 yksityiskohtaisempia ohjeita liiketoimintasuunnitelman laadintaan\u00a0ja opasta v\u00e4ltt\u00e4m\u00e4\u00e4n tyypillisi\u00e4 virheit\u00e4.<\/p>\n<\/div>\n<\/div>\n<\/div>\n<\/li>\n<li id=\"module-2455\">\n<div>Koulutuskokonaisuus henkil\u00f6st\u00f6omisteisten yritysten koulutukseen &#8211;<\/p>\n<div>\n<div>\n<p>Opettajan opas. Antaa sis\u00e4lt\u00f6jen suuntaamisen lis\u00e4ksi pedagogisia ohjeita ryhm\u00e4oppimisen tueksi, erityisesti henkil\u00f6st\u00f6omisteisten yritysten kuten ty\u00f6osuuskuntien j\u00e4senten koulutukseen.<\/p>\n<\/div>\n<\/div>\n<\/div>\n<\/li>\n<\/ul>\n<\/div>\n<div>\n<h3>Moduuli 5<\/h3>\n<div>\n<div>\n<p>Yleist\u00e4<\/p>\n<\/div>\n<\/div>\n<ul>\n<li id=\"module-2351\">\n<div>Osuuskunnan ja j\u00e4senyyden kehitt\u00e4minen\u00a0&#8211; Oppimateriaali osuuskunnan toiminnan kehitt\u00e4miseen ja osuustoiminta-ajatteluun tutustumiseen. Aineistossa osuuskunnan toimintaa tarkastellaan nelj\u00e4st\u00e4 n\u00e4k\u00f6kulmasta: omistajuuden, asiakkuudenhallinnan, oppimisen sek\u00e4 prosessien n\u00e4k\u00f6kulmista. T\u00e4ss\u00e4 moduulissa kannattaa opiskella kohdat arvot ja p\u00e4\u00e4m\u00e4\u00e4r\u00e4t, omistajuus\u00a0sek\u00e4 osallistuminen ja osallistaminen.\u00a0Kunkin n\u00e4k\u00f6kulman viimeiselt\u00e4 sivulta on ladattavissa mallidokumentti (.doc-muodossa) omien pohdintojen tallentamiseksi. Aineisto sis\u00e4lt\u00e4\u00e4 kysymyksi\u00e4, joita on paras k\u00e4sitell\u00e4 ryhm\u00e4ss\u00e4.<\/div>\n<div><\/div>\n<div><\/div>\n<div>Englanninkielinen johdatus Conventus-oppimisymp\u00e4rist\u00f6n materiaaleihin\u00a0<a href=\"https:\/\/blogi.eoppimispalvelut.fi\/conventus\/files\/2014\/02\/D6.2_Conventus_Catalogue_Jan2014.pdf\">D6.2_Conventus_Catalogue_Jan2014<\/a><\/div>\n<\/li>\n<\/ul>\n<\/div>\n","protected":false},"excerpt":{"rendered":"<p>Esimerkiksi seuraavat materiaalit\/ linkit ovat saatavilla suomenkielisess\u00e4 oppimisymp\u00e4rist\u00f6ss\u00e4\u00a0(suosittelemme kirjautumista ymprist\u00f6\u00f6n, mik\u00e4li haluat r\u00e4\u00e4t\u00e4l\u00f6idyn kokemuksen, esim. roolin opiskelijana\/ opettajana): Osuustoimintavuoden Suomen loppuraportti Finnish Report Year of cooperatives Moduuli 1 Osuustoiminnan historia, ideologia, osuustoimintaliike Osuustoiminta tutuksi &#8211; diaesityksiss\u00e4 kuvataan osuustoiminnan historiaa ja periaatteita niin kansainv\u00e4lisest\u00e4 kuin suomalaisesta n\u00e4k\u00f6kulmasta. Lis\u00e4ksi sivulta l\u00f6ytyy lis\u00e4materiaalia, mm. osuuskunnan perustajan opas. General &hellip; <\/p>\n<p><a class=\"more-link btn\" href=\"https:\/\/blogi.eoppimispalvelut.fi\/conventus\/learning-system\/oppimisymparisto-suomi\/\">Continue reading<\/a><\/p>\n","protected":false},"author":512,"featured_media":0,"parent":273,"menu_order":0,"comment_status":"open","ping_status":"open","template":"","meta":{"footnotes":""},"class_list":["post-288","page","type-page","status-publish","hentry","nodate","item-wrap"],"_links":{"self":[{"href":"https:\/\/blogi.eoppimispalvelut.fi\/conventus\/wp-json\/wp\/v2\/pages\/288","targetHints":{"allow":["GET"]}}],"collection":[{"href":"https:\/\/blogi.eoppimispalvelut.fi\/conventus\/wp-json\/wp\/v2\/pages"}],"about":[{"href":"https:\/\/blogi.eoppimispalvelut.fi\/conventus\/wp-json\/wp\/v2\/types\/page"}],"author":[{"embeddable":true,"href":"https:\/\/blogi.eoppimispalvelut.fi\/conventus\/wp-json\/wp\/v2\/users\/512"}],"replies":[{"embeddable":true,"href":"https:\/\/blogi.eoppimispalvelut.fi\/conventus\/wp-json\/wp\/v2\/comments?post=288"}],"version-history":[{"count":8,"href":"https:\/\/blogi.eoppimispalvelut.fi\/conventus\/wp-json\/wp\/v2\/pages\/288\/revisions"}],"predecessor-version":[{"id":339,"href":"https:\/\/blogi.eoppimispalvelut.fi\/conventus\/wp-json\/wp\/v2\/pages\/288\/revisions\/339"}],"up":[{"embeddable":true,"href":"https:\/\/blogi.eoppimispalvelut.fi\/conventus\/wp-json\/wp\/v2\/pages\/273"}],"wp:attachment":[{"href":"https:\/\/blogi.eoppimispalvelut.fi\/conventus\/wp-json\/wp\/v2\/media?parent=288"}],"curies":[{"name":"wp","href":"https:\/\/api.w.org\/{rel}","templated":true}]}}