{"id":318,"date":"2014-02-13T14:34:28","date_gmt":"2014-02-13T12:34:28","guid":{"rendered":"https:\/\/blogi.eoppimispalvelut.fi\/conventus\/?page_id=318"},"modified":"2014-09-09T11:52:15","modified_gmt":"2014-09-09T09:52:15","slug":"conventus-sweden-svenska","status":"publish","type":"page","link":"https:\/\/blogi.eoppimispalvelut.fi\/conventus\/learning-system\/conventus-sweden-svenska\/","title":{"rendered":"Conventus Sweden &#8211; Svenska"},"content":{"rendered":"<p><a href=\"https:\/\/openmoodle.eoppimispalvelut.fi\/course\/view.php?id=78\" target=\"_blank\">Conventus Svensk kurs<\/a> inneh\u00e5ller f\u00f6ljande moduler:<\/p>\n<h3>Modul 1: Kooperationens historia, ideologi och status<\/h3>\n<div>\n<div>\n<p>Inneh\u00e5ll:\u00a0Denna modul\u00a0har\u00a0fokus\u00a0p\u00e5\u00a0kooperativt\u00a0f\u00f6rh\u00e5llningss\u00e4tt\u00a0genom att\u00a0belysa\u00a0kooperationens\u00a0bakgrundoch\u00a0ideologi.\u00a0H\u00e4r\u00a0g\u00e5r vi igenom kooperationens historia\u00a0och den kooperativa r\u00f6relsen med exempel fr\u00e5n olika l\u00e4nder<\/p>\n<h3>Modul 2: Att vara medlem i ett kooperativ<\/h3>\n<div>\n<div>\n<p>Denna modul\u00a0syftar till att g\u00f6ra\u00a0medlemmarna\u00a0i kooperativ\u00a0medvetna om\u00a0vad det\u00a0\u00a0\u00a0inneb\u00e4r att vara medlem i ett kooperativ\u00a0och\u00a0f\u00f6r att\u00a0g\u00f6ra det m\u00f6jligt f\u00f6r\u00a0dem att bli\u00a0mer\u00a0aktiva\u00a0som medlemmar.\u00a0Innan de b\u00f6rjar\u00a0dennamodul,\u00a0\u00e4r\u00a0det viktigt\u00a0att\u00a0modul\u00a01 \u00e4r avslutad\u00a0(kooperationens\u00a0historia\u00a0och\u00a0ideologi).<\/p>\n<p>Fokus\u00a0riktas \u00e4ven p\u00e5\u00a0rollen som\u00a0styrelseledamot\u00a0samt\u00a0lagar och regler\u00a0(nationell\u00a0niv\u00e5),\u00a0att\u00a0synligg\u00f6ra f\u00f6rdelarna med\u00a0att vara\u00a0medlem i\u00a0kooperativ\u00a0samt att\u00a0g\u00f6ra\u00a0medlemmarna\u00a0medvetna om\u00a0det sociala ansvarsom\u00a0medlemskapet inneb\u00e4r.<\/p>\n<p>S\u00e4rskilt fokus\u00a0kommer att ligga p\u00e5\u00a0framg\u00e5ngshistorier\u00a0(goda exempel\u00a0&#8211;\u00a0fallstudier)\u00a0fr\u00e5n\u00a0kooperativ\u00a0som k\u00e4nnetecknas av\u00a0ett aktivt deltagande av\u00a0dess medlemmar.<\/p>\n<h3>Modul 3: Att starta ett kooperativ<\/h3>\n<div>\n<div>\n<p>Denna modul\u00a0riktar sig till\u00a0personer som \u00e4r\u00a0intresserade av\u00a0att starta\u00a0f\u00f6retag\u00a0och\u00a0\u00e4r \u00f6ppna\u00a0f\u00f6r att starta f\u00f6retaget tillsammans med andra i\u00a0f\u00f6retagsformen ekonomisk f\u00f6rening.\u00a0H\u00e4r finns beskrivning \u00f6ver vilka\u00a0lagar och regler\u00a0som finns\u00a0(i\u00a0varje\u00a0partnerland,\u00a0f\u00f6r\u00a0olika sektorer)\u00a0och\u00a0om\u00a0skillnader\u00a0mellan\u00a0olika associationsformer.<\/p>\n<p>Tyngdpunkten\u00a0i\u00a0denna\u00a0modul\u00a0\u00e4r\u00a0att visa p\u00e5 hur man\u00a0tar fram\u00a0en\u00a0kooperativ\u00a0aff\u00e4rsplan.<\/p>\n<h3>Modul 4: Att f\u00f6rvalta ett kooperativ<\/h3>\n<div>\n<div>\n<p>Inneh\u00e5ll:\u00a0Denna modul\u00a0fokuserar p\u00e5\u00a0f\u00f6rvaltning i\u00a0ett kooperativ.<\/p>\n<h3>Modul 5 Verktyg<\/h3>\n<div>\n<div>\n<p>Inneh\u00e5ll:\u00a0Denna modul\u00a0kompletterar\u00a0de \u00f6vriga\u00a0modulerna med verktyg och metoder f\u00f6r att driva och utveckla kooperativet<\/p>\n<p>********************************************************************************<\/p>\n<p><strong>General instruction how to access materials:<\/strong><\/p>\n<p>The learning system is available in different languages (Finnish, Swedish, Italian, Polish, Icelandic,<br \/>\nEnglish) on <a title=\"Lapinkampus OpenMoodle\" href=\"https:\/\/openmoodle.eoppimispalvelut.fi\/\" target=\"_blank\">https:\/\/openmoodle.eoppimispalvelut.fi<\/a><\/p>\n<p>We recommend you to subscribe to the OpenMoodle learning environment, for enabling customized access to courses you wish to utilise. Anyway, materials can be explored even without subscription.<\/p>\n<p><em>For testing the environment, a general user ID can be used.<\/em><\/p>\n<p><em>User id (for non-editing teacher role) is: catalog<\/em><br \/>\n<em>Password: c4t4l0g<\/em><\/p>\n<p>On OpenMoodle, you will get a list of available courses based on your user ID access, or you can search \u201cConventus\u201d to get a full list of\u00a0courses, or select a course you wish to explore from the list below. Part of the courses and modules may require\u00a0completing of the learning quiz before access to next level (next Module). If you wish to customize your access level (after subscription), please (re)check your account user role by sending email to paul.nijbakker@lapinamk.fi.<\/p>\n<p>Direct links to courses on OpenMoodle:<\/p>\n<p><a title=\"Conventus English\" href=\"https:\/\/openmoodle.eoppimispalvelut.fi\/course\/view.php?id=80\" target=\"_blank\">English<\/a><\/p>\n<p><a href=\"https:\/\/openmoodle.eoppimispalvelut.fi\/course\/view.php?id=79\" target=\"_blank\">Islensk<\/a><\/p>\n<p><a href=\"https:\/\/openmoodle.eoppimispalvelut.fi\/course\/view.php?id=75\" target=\"_blank\">Italiano<\/a><\/p>\n<p><a href=\"https:\/\/openmoodle.eoppimispalvelut.fi\/course\/view.php?id=77\" target=\"_blank\">Polski<\/a><\/p>\n<p><a href=\"https:\/\/openmoodle.eoppimispalvelut.fi\/course\/view.php?id=74\" target=\"_blank\">Suomeksi<\/a><\/p>\n<p><a href=\"https:\/\/openmoodle.eoppimispalvelut.fi\/course\/view.php?id=78\" target=\"_blank\">Svenska<\/a><\/p>\n<p>&nbsp;<\/p>\n<p>&nbsp;<\/p>\n<\/div>\n<\/div>\n<\/div>\n<\/div>\n<\/div>\n<\/div>\n<\/div>\n<\/div>\n<\/div>\n<\/div>\n","protected":false},"excerpt":{"rendered":"<p>Conventus Svensk kurs inneh\u00e5ller f\u00f6ljande moduler: Modul 1: Kooperationens historia, ideologi och status Inneh\u00e5ll:\u00a0Denna modul\u00a0har\u00a0fokus\u00a0p\u00e5\u00a0kooperativt\u00a0f\u00f6rh\u00e5llningss\u00e4tt\u00a0genom att\u00a0belysa\u00a0kooperationens\u00a0bakgrundoch\u00a0ideologi.\u00a0H\u00e4r\u00a0g\u00e5r vi igenom kooperationens historia\u00a0och den kooperativa r\u00f6relsen med exempel fr\u00e5n olika l\u00e4nder Modul 2: Att vara medlem i ett kooperativ Denna modul\u00a0syftar till att g\u00f6ra\u00a0medlemmarna\u00a0i kooperativ\u00a0medvetna om\u00a0vad det\u00a0\u00a0\u00a0inneb\u00e4r att vara medlem i ett kooperativ\u00a0och\u00a0f\u00f6r att\u00a0g\u00f6ra det m\u00f6jligt f\u00f6r\u00a0dem att &hellip; <\/p>\n<p><a class=\"more-link btn\" href=\"https:\/\/blogi.eoppimispalvelut.fi\/conventus\/learning-system\/conventus-sweden-svenska\/\">Continue reading<\/a><\/p>\n","protected":false},"author":512,"featured_media":0,"parent":273,"menu_order":0,"comment_status":"open","ping_status":"open","template":"","meta":{"footnotes":""},"class_list":["post-318","page","type-page","status-publish","hentry","nodate","item-wrap"],"_links":{"self":[{"href":"https:\/\/blogi.eoppimispalvelut.fi\/conventus\/wp-json\/wp\/v2\/pages\/318","targetHints":{"allow":["GET"]}}],"collection":[{"href":"https:\/\/blogi.eoppimispalvelut.fi\/conventus\/wp-json\/wp\/v2\/pages"}],"about":[{"href":"https:\/\/blogi.eoppimispalvelut.fi\/conventus\/wp-json\/wp\/v2\/types\/page"}],"author":[{"embeddable":true,"href":"https:\/\/blogi.eoppimispalvelut.fi\/conventus\/wp-json\/wp\/v2\/users\/512"}],"replies":[{"embeddable":true,"href":"https:\/\/blogi.eoppimispalvelut.fi\/conventus\/wp-json\/wp\/v2\/comments?post=318"}],"version-history":[{"count":3,"href":"https:\/\/blogi.eoppimispalvelut.fi\/conventus\/wp-json\/wp\/v2\/pages\/318\/revisions"}],"predecessor-version":[{"id":346,"href":"https:\/\/blogi.eoppimispalvelut.fi\/conventus\/wp-json\/wp\/v2\/pages\/318\/revisions\/346"}],"up":[{"embeddable":true,"href":"https:\/\/blogi.eoppimispalvelut.fi\/conventus\/wp-json\/wp\/v2\/pages\/273"}],"wp:attachment":[{"href":"https:\/\/blogi.eoppimispalvelut.fi\/conventus\/wp-json\/wp\/v2\/media?parent=318"}],"curies":[{"name":"wp","href":"https:\/\/api.w.org\/{rel}","templated":true}]}}