{"id":12,"date":"2019-08-12T16:10:16","date_gmt":"2019-08-12T13:10:16","guid":{"rendered":"https:\/\/blogi.eoppimispalvelut.fi\/digiajantyohyvinvointi\/?page_id=12"},"modified":"2022-01-11T14:51:09","modified_gmt":"2022-01-11T12:51:09","slug":"tulevat-tapahtumat","status":"publish","type":"page","link":"https:\/\/blogi.eoppimispalvelut.fi\/digiajantyohyvinvointi\/tulevat-tapahtumat\/","title":{"rendered":"Tapahtumat"},"content":{"rendered":"<p>Hankkeen toiminta on p\u00e4\u00e4ttynyt vuoden 2021 loppuun. Alla n\u00e4et kuvaukset toteuttamistamme tapahtumista.<\/p>\n<p><img loading=\"lazy\" decoding=\"async\" class=\"aligncenter wp-image-287\" src=\"https:\/\/blogi.eoppimispalvelut.fi\/digiajantyohyvinvointi\/files\/2021\/09\/202194673_792519264990675_7308712213742871090_n-300x114.png\" alt=\"\" width=\"552\" height=\"219\" \/><\/p>\n<h1><strong>\u00c4kkil\u00e4ht\u00f6 ty\u00f6hyvinvoinnin tulevaisuuteen &#8211; Digiajan ty\u00f6hyvinvointi-hankkeen loppuseminaari<\/strong><\/h1>\n<h2><strong>TORSTAINA 14.10.2021 klo 13.00-16.00 et\u00e4yhteydell\u00e4 (Teams)<\/strong><\/h2>\n<p class=\"o9v6fnle cxmmr5t8 oygrvhab hcukyx3x c1et5uql\">L\u00e4mpim\u00e4sti tervetuloa Digiajan ty\u00f6hyvinvointi-hankkeen p\u00e4\u00e4t\u00f6sseminaariin kuulemaan kiinnostavia asiantuntijoita sek\u00e4 poimimaan hankkeen parhaat tulokset k\u00e4ytt\u00f6\u00f6n!<\/p>\n<div><\/div>\n<p class=\"o9v6fnle cxmmr5t8 oygrvhab hcukyx3x c1et5uql\">Kaikille avoin ja ilmainen seminaari j\u00e4rjestet\u00e4\u00e4n Teamsin v\u00e4lityksell\u00e4, eli voit osallistua mist\u00e4 p\u00e4in vain.<\/p>\n<div><\/div>\n<p class=\"o9v6fnle cxmmr5t8 oygrvhab hcukyx3x c1et5uql\">Alustava ohjelma:<\/p>\n<div class=\"o9v6fnle cxmmr5t8 oygrvhab hcukyx3x c1et5uql\">13.00 Tervetulosanat<\/div>\n<div>13.15 Hanna Markuksela: Parempaa palautumista ja stressinhallintaa<\/div>\n<div>14.00 Tauko<\/div>\n<div>14.15 Paula Helle, Workday Designers: Palveleva johtaminen kest\u00e4v\u00e4n ty\u00f6hyvinvoinnin v\u00e4lineen\u00e4<\/div>\n<div>15.10 Tiina Heusala, Ty\u00f6terveyslaitos<\/div>\n<div>15.30 Digiajan ty\u00f6hyvinvoinnin ty\u00f6kirjan julkistaminen<\/div>\n<div>15.45 Krista Kohtakangas, projektip\u00e4\u00e4llikk\u00f6: Suunnitelmasta toteutukseen &#8211;\u00a0 hankkeen terveiset tulevaisuuteen<\/div>\n<div>16.00 Seminaari p\u00e4\u00e4ttyy<\/div>\n<div><\/div>\n<div><\/div>\n<div><\/div>\n<hr \/>\n<p>T\u00e4ss\u00e4 linkki ilmoittautumislomakkeeseen:<br \/>\n<a class=\"oajrlxb2 g5ia77u1 qu0x051f esr5mh6w e9989ue4 r7d6kgcz rq0escxv nhd2j8a9 nc684nl6 p7hjln8o kvgmc6g5 cxmmr5t8 oygrvhab hcukyx3x jb3vyjys rz4wbd8a qt6c0cv9 a8nywdso i1ao9s8h esuyzwwr f1sip0of lzcic4wl py34i1dx gpro0wi8\" role=\"link\" href=\"https:\/\/link.webropolsurveys.com\/S\/F4178043091DF201?fbclid=IwAR2K0mnGFDmDgJRwjeF-njgcqnz4WQrB3pHvTRMNc_0lOVTutOu_f-UR1m4\" target=\"_blank\" rel=\"nofollow noopener\">https:\/\/link.webropolsurveys.com\/S\/F4178043091DF201<\/a><\/p>\n<div class=\"o9v6fnle cxmmr5t8 oygrvhab hcukyx3x c1et5uql\"><\/div>\n<p class=\"o9v6fnle cxmmr5t8 oygrvhab hcukyx3x c1et5uql\">Seminaarissa julkisteen hankkeessa tuotettu Digiajan ty\u00f6hyvinvoinnin k\u00e4sikirja. Latauslinkki ty\u00f6kirjaan l\u00e4hetet\u00e4\u00e4n seminaariin ilmoittautuneille s\u00e4hk\u00f6postilla.<\/p>\n<h2><\/h2>\n<p>&nbsp;<\/p>\n<h1>MENNEET TAPAHTUMAT:<\/h1>\n<h2><img loading=\"lazy\" decoding=\"async\" class=\"alignleft wp-image-59\" src=\"https:\/\/blogi.eoppimispalvelut.fi\/digiajantyohyvinvointi\/files\/2019\/08\/digi-1024x576.png\" alt=\"\" width=\"466\" height=\"266\" \/><\/h2>\n<p>&nbsp;<\/p>\n<h1><strong>Tule kuulemaan, millaisia haasteita ja mahdollisuuksia digiaika tuo ty\u00f6hyvinvoinnin kehitt\u00e4miselle! &#8211; <\/strong>Digi &amp; ty\u00f6hyvinvointi -seminaari Lapin yliopistolla (Esko ja Asko -sali, F-siipi) 24.10.2019, klo 9.30-15.00.<\/h1>\n<p>Seminaarissa sinulle tarjoillaan mielenkiintoisia asiantuntijapuheenvuoroja ty\u00f6hyvinvoinnin kehitt\u00e4misest\u00e4 digiaikana. Lis\u00e4ksi kuulet, millaisia tuloksia digiajan ty\u00f6hyvinvointikysely tuotti Lapin alueelta. Saat my\u00f6s k\u00e4siisi uunituoreen digiajan ty\u00f6hyvinvointia Lapissa k\u00e4sittelev\u00e4n selvityksen!<\/p>\n<p>Iltap\u00e4iv\u00e4n klinikkaty\u00f6skentelyss\u00e4 p\u00e4\u00e4set perehtym\u00e4\u00e4n valitsemaasi digiajan ty\u00f6hyvinvoinnin teemaan. Pohdit syvemmin omaa ja organisaationne ty\u00f6hyvinvoinnin tilaa ja saat vinkkej\u00e4 hyvinvoinnin kehitt\u00e4miseen. <strong>Ilmoittaudu ajoissa niin p\u00e4\u00e4set haluamallesi klinikalle &#8211; paikat t\u00e4yttyv\u00e4t ilmoittautumisj\u00e4rjestyksess\u00e4!<\/strong><\/p>\n<p><strong>OHJELMA:<\/strong><\/p>\n<table>\n<tbody>\n<tr>\n<td>\u00a09.30-10.00<\/td>\n<td>Virkist\u00e4v\u00e4t aamukahvit ja ilmoittautuminen<\/td>\n<\/tr>\n<tr>\n<td>\u00a010.00-10.30<\/td>\n<td><strong>Milt\u00e4 n\u00e4ytt\u00e4\u00e4 lappilaisten digiajan ty\u00f6hyvinvointi?<br \/>\n<\/strong>projektip\u00e4\u00e4llikk\u00f6 P\u00e4ivi Holopainen ja suunnittelija Krista Kohtakangas, Digiajan ty\u00f6hyvinvointi -hanke, Lapin yliopisto<strong><br \/>\n<\/strong><\/td>\n<\/tr>\n<tr>\n<td>\u00a010.30-11.15<\/td>\n<td><strong>Aivoty\u00f6 &amp; kognitiivinen ergonomia <\/strong><br \/>\nkehitt\u00e4misp\u00e4\u00e4llikk\u00f6 Tiina Heusala, Ty\u00f6terveyslaitos<strong><br \/>\n<\/strong><\/td>\n<\/tr>\n<tr>\n<td>\u00a011.20-11.50<\/td>\n<td><strong>Digitalisaatio \u2013 onko Lappi valmis?<\/strong><br \/>\nstrategiap\u00e4\u00e4llikk\u00f6 Mervi Nikander, Lapin liitto<strong><br \/>\n<\/strong><\/td>\n<\/tr>\n<tr>\n<td>\u00a011.50-12.00<\/td>\n<td><strong>Kuntien n\u00e4k\u00f6kulmia digiajan ty\u00f6hyvinvointiin <\/strong><\/td>\n<\/tr>\n<tr>\n<td>\u00a012.00-13.00<\/td>\n<td>lounas (omakustanteinen)<\/td>\n<\/tr>\n<tr>\n<td>\u00a013.00-14.20<\/td>\n<td><strong>Kehitt\u00e4misklinikat <\/strong>(ks. alla tarkemmat kuvaukset):<strong><br \/>\nKlinikka 1: Kuormitus haltuun aivoty\u00f6suunnitelmalla<\/strong><br \/>\nkehitt\u00e4misp\u00e4\u00e4llikk\u00f6 Tiina Heusala, Ty\u00f6terveyslaitos<strong><br \/>\nKlinikka 2: Kehon hyvinvointi-&#8220;GPS&#8221;:n virittely\u00e4<br \/>\n<\/strong>v\u00e4it\u00f6skirjatutkija Pauliina J\u00e4\u00e4skel\u00e4inen, Lapin yliopisto<strong><br \/>\nKlinikka 3: Luonto &#8211; lappilaisten avokonttori<br \/>\n<\/strong>strategiap\u00e4\u00e4llikk\u00f6 Mervi Nikander, Lapin liitto<\/td>\n<\/tr>\n<tr>\n<td>\u00a014.30-15.00<\/td>\n<td><strong>Klinikkaty\u00f6skentelyn yhteenveto <\/strong>kehitt\u00e4misklinikoiden vet\u00e4j\u00e4t<\/td>\n<\/tr>\n<\/tbody>\n<\/table>\n<p>Ilmoittautuminen seminaariin <strong>15.10.2019 menness\u00e4<\/strong> s\u00e4hk\u00f6isell\u00e4 <a href=\"https:\/\/link.webropolsurveys.com\/S\/90E6AE9278ADD9DE\">ilmoittautumislomakkeella <\/a>linkin kautta tai kopioimalla selaimeen osoite: https:\/\/link.webropolsurveys.com\/S\/90E6AE9278ADD9DE<\/p>\n<p>Seuraa my\u00f6s Facebook-tapahtumaa osoitteessa: <a href=\"https:\/\/www.facebook.com\/events\/809027449471999\/\">https:\/\/www.facebook.com\/events\/809027449471999\/<\/a><\/p>\n<p><img loading=\"lazy\" decoding=\"async\" class=\"alignleft wp-image-142 size-large\" src=\"https:\/\/blogi.eoppimispalvelut.fi\/digiajantyohyvinvointi\/files\/2019\/09\/Blogikuva-1024x138.png\" alt=\"\" width=\"584\" height=\"79\" srcset=\"https:\/\/blogi.eoppimispalvelut.fi\/digiajantyohyvinvointi\/files\/2019\/09\/Blogikuva-1024x138.png 1024w, https:\/\/blogi.eoppimispalvelut.fi\/digiajantyohyvinvointi\/files\/2019\/09\/Blogikuva-300x41.png 300w, https:\/\/blogi.eoppimispalvelut.fi\/digiajantyohyvinvointi\/files\/2019\/09\/Blogikuva-768x104.png 768w, https:\/\/blogi.eoppimispalvelut.fi\/digiajantyohyvinvointi\/files\/2019\/09\/Blogikuva-500x68.png 500w, https:\/\/blogi.eoppimispalvelut.fi\/digiajantyohyvinvointi\/files\/2019\/09\/Blogikuva.png 1096w\" sizes=\"auto, (max-width: 584px) 100vw, 584px\" \/><\/p>\n<p><strong>Klinikka 1:\u00a0 Kuormitus haltuun aivoty\u00f6suunnitelmalla \/ Tiina Heusala<\/strong><br \/>\n<strong><span style=\"color: #339966\">Kuka olet?<\/span><\/strong> Ty\u00f6skentelen Ty\u00f6terveyslaitoksella kehitt\u00e4misp\u00e4\u00e4llikk\u00f6n\u00e4. Ty\u00f6h\u00f6ni kuuluvat aivoty\u00f6n teemaan liittyv\u00e4t valmennukset ja luennointi sek\u00e4 teko\u00e4lyosaamisen kehitt\u00e4misen johtaminen ja valmennukset.<br \/>\n<strong><span style=\"color: #339966\">Mik\u00e4 on klinikkasi aihe?<\/span><\/strong> Klinikallani osallistujat laativat ryhmiss\u00e4 aivoty\u00f6suunnitelman oman ty\u00f6yhteis\u00f6ns\u00e4 kuormituksen hallintaan ja ty\u00f6n sujuvoittamiseen.<br \/>\n<strong><span style=\"color: #339966\">Mihin digiajan ty\u00f6hyvinvoinnin haasteeseen klinikkasi tarjoaa osallistujille ratkaisun?<\/span><\/strong> Tietoty\u00f6l\u00e4isen ty\u00f6 kuormittaa aivoja. Klinikallani poistetaan turhaa kuormitusta ja sujuvoitetaan ty\u00f6t\u00e4 aivoty\u00f6suunnitelmalla.<\/p>\n<p><strong>Klinikka 2: Kehon hyvinvointi-&#8220;GPS&#8221;:n virittely\u00e4 \/ Pauliina J\u00e4\u00e4skel\u00e4inen<\/strong><br \/>\n<strong><span style=\"color: #339966\">Kuka olet?<\/span> <\/strong>Olen v\u00e4it\u00f6skirjatutkija <em>Yhteis\u00f6t ja muuttuva ty\u00f6<\/em> -tohtoriohjelmassa, Lapin yliopistossa. Tutkimusaiheeni liittyy kehollisuuteen organisaatioiden kehitt\u00e4misess\u00e4 ja tiedontuotannossa.<br \/>\n<span style=\"color: #339966\"><strong>Mik\u00e4 on klinikkasi aihe?<\/strong><\/span> Klinikallani viritt\u00e4ydyt\u00e4\u00e4n kuulolle kehon &#8220;GPS&#8221;:lle, mik\u00e4 tarkoittaa kehontuntemuksille ja niiden viesteille herkistymist\u00e4. Kehomme kertoo tuntemusten, tunteiden ja ajatusten muodossa hyvinvointimme tilasta. N\u00e4m\u00e4 hyvinvointimme kannalta t\u00e4rke\u00e4t sis\u00e4isen &#8220;GPS:mme&#8221; kehotukset kaikuvat kuitenkin usein kuuroille korville. Ty\u00f6pajassa viritell\u00e4\u00e4n kehon sis\u00e4ist\u00e4 GPS:\u00e4\u00e4 kehontuntemus- ja liikeaistimusharjoitteiden avulla, joita reflektoidaan keskustellen.<br \/>\n<strong><span style=\"color: #339966\">Mihin digiajan ty\u00f6hyvinvoinnin haasteeseen klinikkasi tarjoaa osallistujille ratkaisun?<\/span><\/strong> Digiajan yh\u00e4 staattisemmaksi muuttuvat ty\u00f6ymp\u00e4rist\u00f6t vaativat uudenlaisia taitoja herkisty\u00e4 kehon viesteille hyvinvoinnin tasapainon tilan s\u00e4ilytt\u00e4miseksi tai palauttamiseksi. Toisaalta esimerkiksi digiajan et\u00e4ty\u00f6 voi mahdollistaa entist\u00e4 luovempia keinoja ty\u00f6hyvinvoinnista huolehtimiseen. Kehon ja mielen liikkeet kulkevat k\u00e4si k\u00e4dess\u00e4, joten kehontuntemuksen lis\u00e4\u00e4ntymisell\u00e4 voi olla merkitt\u00e4vi\u00e4 vaikutuksia kokonaisvaltaisen ty\u00f6hyvinvoinnin lis\u00e4\u00e4ntymiseen.<\/p>\n<p><span style=\"color: #000000\"><strong>Klinikka 3: Luonto &#8211; lappilaisten avokonttori \/ Mervi Nikander<br \/>\n<span style=\"color: #339966\">Kuka olet?<\/span><\/strong> Olen strategiap\u00e4\u00e4llikk\u00f6n\u00e4 Lapin liitossa. Vastuullani on maakuntaohjelmaty\u00f6 jonka sis\u00e4lt\u00f6ihin digitalisaatio ja ty\u00f6n murros keskeisesti liittyv\u00e4t. Lapissa on jo vuosikymmenet uskottu et\u00e4ty\u00f6n mahdollisuuksiin vaikkakin kehitys on ollut suhteellisen hidasta. Tosin minulla on tuntuma, ett\u00e4 vauhti on kiihtym\u00e4ss\u00e4 ja olemme jo tilanteessa, jossa et\u00e4ty\u00f6 ei ole vain k\u00e4site vaan tapa toimia.<br \/>\n<\/span><strong><span style=\"color: #339966\">Mik\u00e4 on klinikkasi aihe?<\/span><\/strong> \u201dLuonto on lappilaisen avokonttori\u201d on lausahdus, joka iski tajuntaani valmistellessa edellist\u00e4 Lappi-sopimusta. Siin\u00e4 yhdistyy Lapin vahva vetovoimatekij\u00e4 luonto ja se, ett\u00e4 digitaalisilla ratkaisuilla mahdollistamme siit\u00e4 nauttimisen yh\u00e4 paremmin. Ja samalla lis\u00e4\u00e4mme ty\u00f6hyvinvointia!<br \/>\n<strong><span style=\"color: #339966\">Mihin digiajan ty\u00f6hyvinvoinnin haasteeseen klinikkasi tarjoaa osallistujille ratkaisuja?<\/span><\/strong> T\u00e4ss\u00e4 klinikassa keskitymme pohtimaan digitalisaation ja et\u00e4ty\u00f6n esteiden purkamista. P\u00e4\u00e4semme keskustelemaan niin teknisist\u00e4 ratkaisuista kuin kulttuurin muutoksesta. Tuloksien avulla voimme vaikuttaa aluekehitt\u00e4misen sis\u00e4lt\u00f6ihin sek\u00e4 tulevaan, vuosille 2022-2024 valmisteltavaan uuteen Lappi-sopimukseen.<\/p>\n","protected":false},"excerpt":{"rendered":"<p>Hankkeen toiminta on p\u00e4\u00e4ttynyt vuoden 2021 loppuun. Alla n\u00e4et kuvaukset toteuttamistamme tapahtumista. \u00c4kkil\u00e4ht\u00f6 ty\u00f6hyvinvoinnin tulevaisuuteen &#8211; Digiajan ty\u00f6hyvinvointi-hankkeen loppuseminaari TORSTAINA 14.10.2021 klo 13.00-16.00 et\u00e4yhteydell\u00e4 (Teams) L\u00e4mpim\u00e4sti tervetuloa Digiajan ty\u00f6hyvinvointi-hankkeen p\u00e4\u00e4t\u00f6sseminaariin kuulemaan kiinnostavia asiantuntijoita sek\u00e4 poimimaan hankkeen parhaat tulokset k\u00e4ytt\u00f6\u00f6n! Kaikille &hellip; <a href=\"https:\/\/blogi.eoppimispalvelut.fi\/digiajantyohyvinvointi\/tulevat-tapahtumat\/\">Continue reading <span class=\"meta-nav\">&rarr;<\/span><\/a><\/p>\n","protected":false},"author":3766,"featured_media":0,"parent":0,"menu_order":0,"comment_status":"closed","ping_status":"closed","template":"","meta":{"footnotes":""},"class_list":["post-12","page","type-page","status-publish","hentry"],"_links":{"self":[{"href":"https:\/\/blogi.eoppimispalvelut.fi\/digiajantyohyvinvointi\/wp-json\/wp\/v2\/pages\/12","targetHints":{"allow":["GET"]}}],"collection":[{"href":"https:\/\/blogi.eoppimispalvelut.fi\/digiajantyohyvinvointi\/wp-json\/wp\/v2\/pages"}],"about":[{"href":"https:\/\/blogi.eoppimispalvelut.fi\/digiajantyohyvinvointi\/wp-json\/wp\/v2\/types\/page"}],"author":[{"embeddable":true,"href":"https:\/\/blogi.eoppimispalvelut.fi\/digiajantyohyvinvointi\/wp-json\/wp\/v2\/users\/3766"}],"replies":[{"embeddable":true,"href":"https:\/\/blogi.eoppimispalvelut.fi\/digiajantyohyvinvointi\/wp-json\/wp\/v2\/comments?post=12"}],"version-history":[{"count":24,"href":"https:\/\/blogi.eoppimispalvelut.fi\/digiajantyohyvinvointi\/wp-json\/wp\/v2\/pages\/12\/revisions"}],"predecessor-version":[{"id":328,"href":"https:\/\/blogi.eoppimispalvelut.fi\/digiajantyohyvinvointi\/wp-json\/wp\/v2\/pages\/12\/revisions\/328"}],"wp:attachment":[{"href":"https:\/\/blogi.eoppimispalvelut.fi\/digiajantyohyvinvointi\/wp-json\/wp\/v2\/media?parent=12"}],"curies":[{"name":"wp","href":"https:\/\/api.w.org\/{rel}","templated":true}]}}