{"id":166,"date":"2019-10-28T15:38:18","date_gmt":"2019-10-28T13:38:18","guid":{"rendered":"https:\/\/blogi.eoppimispalvelut.fi\/digiajantyohyvinvointi\/?page_id=166"},"modified":"2021-10-27T11:14:22","modified_gmt":"2021-10-27T08:14:22","slug":"materiaalia","status":"publish","type":"page","link":"https:\/\/blogi.eoppimispalvelut.fi\/digiajantyohyvinvointi\/materiaalia\/","title":{"rendered":"Materiaalia"},"content":{"rendered":"<p>Kokoamme t\u00e4lle sivulle Digiajaan ty\u00f6hyvinvointi -hankkeen tuottamaa materiaalia.<\/p>\n<h1>Digiajan ty\u00f6hyvinvoinnin ty\u00f6kirja<\/h1>\n<p>Tulostettava tai s\u00e4hk\u00f6isesti t\u00e4ytett\u00e4v\u00e4 ty\u00f6kirjamme on vapaasti ladattavissa <a href=\"http:\/\/urn.fi\/URN:ISBN:978-952-337-286-3\">t\u00e4\u00e4lt\u00e4<\/a><\/p>\n<p><img loading=\"lazy\" decoding=\"async\" class=\"size-medium wp-image-308 alignleft\" src=\"https:\/\/blogi.eoppimispalvelut.fi\/digiajantyohyvinvointi\/files\/2021\/10\/tyokirja_kansi-300x210.png\" alt=\"\" width=\"300\" height=\"210\" srcset=\"https:\/\/blogi.eoppimispalvelut.fi\/digiajantyohyvinvointi\/files\/2021\/10\/tyokirja_kansi-300x210.png 300w, https:\/\/blogi.eoppimispalvelut.fi\/digiajantyohyvinvointi\/files\/2021\/10\/tyokirja_kansi-1024x717.png 1024w, https:\/\/blogi.eoppimispalvelut.fi\/digiajantyohyvinvointi\/files\/2021\/10\/tyokirja_kansi-768x538.png 768w, https:\/\/blogi.eoppimispalvelut.fi\/digiajantyohyvinvointi\/files\/2021\/10\/tyokirja_kansi-428x300.png 428w, https:\/\/blogi.eoppimispalvelut.fi\/digiajantyohyvinvointi\/files\/2021\/10\/tyokirja_kansi.png 1288w\" sizes=\"auto, (max-width: 300px) 100vw, 300px\" \/><\/p>\n<h1>Tuloksia ja toimintaa kokoava esitys Preziss\u00e4<\/h1>\n<p>Tutustu hankkeen toimintaan sek\u00e4 tehtyyn kehitt\u00e4miseen tarkemmin <a href=\"https:\/\/prezi.com\/view\/lQuCrY4TOP5rfnIUQk0A\/\">t\u00e4\u00e4lt\u00e4<\/a><\/p>\n<h1>Lappilainen digiajan ty\u00f6hyvinvointi -selvitys<\/h1>\n<p>Lappilainen digiajan ty\u00f6hyvinvointi -selvityksess\u00e4 kartoitamme digiajan<br \/>\nty\u00f6hyvinvoinnin kentt\u00e4\u00e4 ja kuvaamme sen erilaisia ulottuvuuksia asiantuntijatiedon<br \/>\nsek\u00e4 syksyll\u00e4 2019 Lapin alueella toteutetun kyselytutkimuksen tulosten pohjalta.<\/p>\n<p>Voit tutustua selvitykseen alta tai ladata sen t\u00e4m\u00e4n linkin takaa:<a href=\"https:\/\/urly.fi\/1Uza\" target=\"_blank\" rel=\"noopener noreferrer\">https:\/\/bit.ly\/2PlEkQ2<\/a> [pdf-embedder url=&#8221;https:\/\/blogi.eoppimispalvelut.fi\/digiajantyohyvinvointi\/files\/2019\/10\/Painoon_Lappilainen-digiajan-ty\u00f6hyvinvointi.pdf&#8221; title=&#8221;Lappilainen digiajan ty\u00f6hyvinvointi -selvitys&#8221;]<\/p>\n","protected":false},"excerpt":{"rendered":"<p>Kokoamme t\u00e4lle sivulle Digiajaan ty\u00f6hyvinvointi -hankkeen tuottamaa materiaalia. Digiajan ty\u00f6hyvinvoinnin ty\u00f6kirja Tulostettava tai s\u00e4hk\u00f6isesti t\u00e4ytett\u00e4v\u00e4 ty\u00f6kirjamme on vapaasti ladattavissa t\u00e4\u00e4lt\u00e4 Tuloksia ja toimintaa kokoava esitys Preziss\u00e4 Tutustu hankkeen toimintaan sek\u00e4 tehtyyn kehitt\u00e4miseen tarkemmin t\u00e4\u00e4lt\u00e4 Lappilainen digiajan ty\u00f6hyvinvointi -selvitys Lappilainen digiajan &hellip; <a href=\"https:\/\/blogi.eoppimispalvelut.fi\/digiajantyohyvinvointi\/materiaalia\/\">Continue reading <span class=\"meta-nav\">&rarr;<\/span><\/a><\/p>\n","protected":false},"author":3765,"featured_media":0,"parent":0,"menu_order":0,"comment_status":"closed","ping_status":"closed","template":"","meta":{"footnotes":""},"class_list":["post-166","page","type-page","status-publish","hentry"],"_links":{"self":[{"href":"https:\/\/blogi.eoppimispalvelut.fi\/digiajantyohyvinvointi\/wp-json\/wp\/v2\/pages\/166","targetHints":{"allow":["GET"]}}],"collection":[{"href":"https:\/\/blogi.eoppimispalvelut.fi\/digiajantyohyvinvointi\/wp-json\/wp\/v2\/pages"}],"about":[{"href":"https:\/\/blogi.eoppimispalvelut.fi\/digiajantyohyvinvointi\/wp-json\/wp\/v2\/types\/page"}],"author":[{"embeddable":true,"href":"https:\/\/blogi.eoppimispalvelut.fi\/digiajantyohyvinvointi\/wp-json\/wp\/v2\/users\/3765"}],"replies":[{"embeddable":true,"href":"https:\/\/blogi.eoppimispalvelut.fi\/digiajantyohyvinvointi\/wp-json\/wp\/v2\/comments?post=166"}],"version-history":[{"count":10,"href":"https:\/\/blogi.eoppimispalvelut.fi\/digiajantyohyvinvointi\/wp-json\/wp\/v2\/pages\/166\/revisions"}],"predecessor-version":[{"id":309,"href":"https:\/\/blogi.eoppimispalvelut.fi\/digiajantyohyvinvointi\/wp-json\/wp\/v2\/pages\/166\/revisions\/309"}],"wp:attachment":[{"href":"https:\/\/blogi.eoppimispalvelut.fi\/digiajantyohyvinvointi\/wp-json\/wp\/v2\/media?parent=166"}],"curies":[{"name":"wp","href":"https:\/\/api.w.org\/{rel}","templated":true}]}}