{"id":72,"date":"2022-02-07T13:30:46","date_gmt":"2022-02-07T11:30:46","guid":{"rendered":"https:\/\/blogi.eoppimispalvelut.fi\/digitiimi\/?page_id=72"},"modified":"2023-09-06T09:22:44","modified_gmt":"2023-09-06T07:22:44","slug":"etusivu","status":"publish","type":"page","link":"https:\/\/blogi.eoppimispalvelut.fi\/digitiimi\/","title":{"rendered":"Digitiimi"},"content":{"rendered":"<p>[et_pb_section fb_built=&#8221;1&#8243; _builder_version=&#8221;4.16&#8243; _module_preset=&#8221;default&#8221; global_colors_info=&#8221;{}&#8221;][et_pb_row _builder_version=&#8221;4.16&#8243; _module_preset=&#8221;default&#8221; global_colors_info=&#8221;{}&#8221;][et_pb_column type=&#8221;4_4&#8243; _builder_version=&#8221;4.16&#8243; _module_preset=&#8221;default&#8221; global_colors_info=&#8221;{}&#8221;][et_pb_text _builder_version=&#8221;4.18.0&#8243; _module_preset=&#8221;default&#8221; custom_padding=&#8221;||0px|||&#8221; text_text_shadow_style=&#8221;preset1&#8243; global_colors_info=&#8221;{}&#8221;]<\/p>\n<h2 style=\"text-align: center\"><strong>Digitiimi\u00a0<\/strong>kannustaa et\u00e4- ja verkkoty\u00f6skentelyyn<\/h2>\n<p>[\/et_pb_text][\/et_pb_column][\/et_pb_row][et_pb_row _builder_version=&#8221;4.16&#8243; _module_preset=&#8221;default&#8221; global_colors_info=&#8221;{}&#8221;][et_pb_column type=&#8221;4_4&#8243; _builder_version=&#8221;4.16&#8243; _module_preset=&#8221;default&#8221; global_colors_info=&#8221;{}&#8221;][et_pb_text _builder_version=&#8221;4.20.4&#8243; _module_preset=&#8221;default&#8221; global_colors_info=&#8221;{}&#8221;]<\/p>\n<p><strong>Digitiimi &#8211; yhteis\u00f6llisyytt\u00e4 et\u00e4ty\u00f6h\u00f6n<\/strong> -hankkeen tavoitteena on kasvattaa lappilaisten yritysten osaamista yhteis\u00f6llisyyden ja vuorovaikutuksen rakentamiseen digitaalisissa ymp\u00e4rist\u00f6iss\u00e4 toimittaessa. Hankkeen toiminnan ydin on <strong>10-osainen webinaarisarja ja siihen kytkeytyv\u00e4t vertaisoppimisen klinikat.<\/strong><\/p>\n<p>Projektip\u00e4\u00e4llikk\u00f6n\u00e4 toimii TKI-asiantuntija Marjo Jussila ja hankkeen toteuttajina Lapin AMKin asiantuntijatiimi: Arno Heikkala, Katja Kankaanp\u00e4\u00e4, Nelly Korteniemi ja Anne Puro (etunimi.sukunimi@lapinamk.fi).<\/p>\n<p>[\/et_pb_text][\/et_pb_column][\/et_pb_row][\/et_pb_section][et_pb_section fb_built=&#8221;1&#8243; _builder_version=&#8221;4.16&#8243; _module_preset=&#8221;default&#8221; global_colors_info=&#8221;{}&#8221;][et_pb_row _builder_version=&#8221;4.20.2&#8243; _module_preset=&#8221;default&#8221; global_colors_info=&#8221;{}&#8221;][et_pb_column type=&#8221;4_4&#8243; _builder_version=&#8221;4.20.2&#8243; _module_preset=&#8221;default&#8221; global_colors_info=&#8221;{}&#8221;][et_pb_image src=&#8221;https:\/\/blogi.eoppimispalvelut.fi\/digitiimi\/files\/2023\/09\/pakkikuvawebbiin-scaled.jpg&#8221; title_text=&#8221;pakkikuvawebbiin&#8221; url=&#8221;@ET-DC@eyJkeW5hbWljIjp0cnVlLCJjb250ZW50IjoicG9zdF9saW5rX3VybF9hdHRhY2htZW50Iiwic2V0dGluZ3MiOnsicG9zdF9pZCI6Ijc0OCJ9fQ==@&#8221; url_new_window=&#8221;on&#8221; _builder_version=&#8221;4.20.4&#8243; _dynamic_attributes=&#8221;url&#8221; _module_preset=&#8221;default&#8221; hover_enabled=&#8221;0&#8243; global_colors_info=&#8221;{}&#8221; sticky_enabled=&#8221;0&#8243;][\/et_pb_image][et_pb_text _builder_version=&#8221;4.20.4&#8243; _module_preset=&#8221;default&#8221; hover_enabled=&#8221;0&#8243; global_colors_info=&#8221;{}&#8221; sticky_enabled=&#8221;0&#8243;]<\/p>\n<h4><\/h4>\n<blockquote>\n<h4>Digitiimi-ty\u00f6kalupakki tarjoaa ty\u00f6kaluja yhteis\u00f6llisyyden ja vuorovaikutuksen rakentamiseen digitaalisissa ymp\u00e4rist\u00f6iss\u00e4 &#8211; yksin ja yhdess\u00e4 yhteis\u00f6n kanssa. Lataa t\u00e4st\u00e4\u00a0<a href=\"https:\/\/blogi.eoppimispalvelut.fi\/digitiimi\/files\/2023\/09\/Digitiimi-tyokalupakki-4.9.2023.pdf\" rel=\"attachment noopener wp-att-748\" target=\"_blank\">Digitiimi &#8211; ty\u00f6kalupakki!<\/a><\/h4>\n<\/blockquote>\n<p>[\/et_pb_text][et_pb_divider _builder_version=&#8221;4.20.4&#8243; _module_preset=&#8221;default&#8221; global_colors_info=&#8221;{}&#8221;][\/et_pb_divider][\/et_pb_column][\/et_pb_row][et_pb_row column_structure=&#8221;1_2,1_2&#8243; _builder_version=&#8221;4.18.0&#8243; _module_preset=&#8221;default&#8221; global_colors_info=&#8221;{}&#8221;][et_pb_column type=&#8221;1_2&#8243; _builder_version=&#8221;4.16&#8243; _module_preset=&#8221;default&#8221; global_colors_info=&#8221;{}&#8221;][et_pb_image src=&#8221;https:\/\/blogi.eoppimispalvelut.fi\/digitiimi\/files\/2023\/03\/tarinoita-vieraat.jpg&#8221; title_text=&#8221;tarinoita vieraat&#8221; _builder_version=&#8221;4.20.0&#8243; _module_preset=&#8221;default&#8221; global_colors_info=&#8221;{}&#8221;][\/et_pb_image][et_pb_text _builder_version=&#8221;4.20.4&#8243; _module_preset=&#8221;default&#8221; custom_padding=&#8221;||0px|||&#8221; global_colors_info=&#8221;{}&#8221;]<\/p>\n<h4>Kaikkien 10 webinaarin <a href=\"https:\/\/blogi.eoppimispalvelut.fi\/digitiimi\/artikkelit\/\">tallenteet ja artikkelit<\/a> on nyt vapaasti k\u00e4ytett\u00e4viss\u00e4.<\/h4>\n<p>[\/et_pb_text][\/et_pb_column][et_pb_column type=&#8221;1_2&#8243; _builder_version=&#8221;4.16&#8243; _module_preset=&#8221;default&#8221; global_colors_info=&#8221;{}&#8221;][et_pb_testimonial author=&#8221;Petra Kannisto, osallistuja&#8221; portrait_url=&#8221;https:\/\/blogi.eoppimispalvelut.fi\/digitiimi\/files\/2022\/11\/petra-uutiskuva-231&#215;300-3-e1667994611428.jpg&#8221; _builder_version=&#8221;4.18.0&#8243; _module_preset=&#8221;default&#8221; link_option_url=&#8221;https:\/\/blogi.eoppimispalvelut.fi\/digitiimi\/etatyo-on-muutakin-kuin-yksinaista-puurtamista-digitiimi-antaa-uusia-tutkittuja-nakokulmia\/&#8221; global_colors_info=&#8221;{}&#8221;]<\/p>\n<p style=\"margin: 0in;font-family: Calibri;font-size: 11.0pt\">Et\u00e4ty\u00f6 on muutakin kuin yksin\u00e4ist\u00e4 puurtamista &#8211; Digitiimi antaa uusia, tutkittuja n\u00e4k\u00f6kulmia! Klikkaa ja lue lis\u00e4\u00e4 Petran kokemuksista.<\/p>\n<p>[\/et_pb_testimonial][et_pb_testimonial author=&#8221;Pohdintaa Aivot et\u00e4ty\u00f6ss\u00e4 -klinikalta.&#8221; portrait_url=&#8221;data:image\/svg+xml;base64,PHN2ZyB3aWR0aD0iNTAwIiBoZWlnaHQ9IjUwMCIgdmlld0JveD0iMCAwIDUwMCA1MDAiIHhtbG5zPSJodHRwOi8vd3d3LnczLm9yZy8yMDAwL3N2ZyI+CiAgICA8ZyBmaWxsPSJub25lIiBmaWxsLXJ1bGU9ImV2ZW5vZGQiPgogICAgICAgIDxwYXRoIGZpbGw9IiNFQkVCRUIiIGQ9Ik0wIDBoNTAwdjUwMEgweiIvPgogICAgICAgIDxyZWN0IGZpbGwtb3BhY2l0eT0iLjEiIGZpbGw9IiMwMDAiIHg9IjY4IiB5PSIzMDUiIHdpZHRoPSIzNjQiIGhlaWdodD0iNTY4IiByeD0iMTgyIi8+CiAgICAgICAgPGNpcmNsZSBmaWxsLW9wYWNpdHk9Ii4xIiBmaWxsPSIjMDAwIiBjeD0iMjQ5IiBjeT0iMTcyIiByPSIxMDAiLz4KICAgIDwvZz4KPC9zdmc+Cg==&#8221; _builder_version=&#8221;4.18.0&#8243; _module_preset=&#8221;default&#8221; global_colors_info=&#8221;{}&#8221;]<\/p>\n<p style=\"margin: 0in;font-family: Calibri;font-size: 11.0pt\">Jos otat p\u00e4iv\u00e4ss\u00e4 yhden tunnin liikkumista varten, niin ehk\u00e4 se ty\u00f6teho sen yhden tunnin aikana on heikompi, mutta jos teet n\u00e4in 11 kuukautta vuodessa niin jaksatko kuitenkin pitk\u00e4ll\u00e4 aikav\u00e4lill\u00e4 paremmin?<\/p>\n<p>[\/et_pb_testimonial][\/et_pb_column][\/et_pb_row][\/et_pb_section][et_pb_section fb_built=&#8221;1&#8243; _builder_version=&#8221;4.20.2&#8243; _module_preset=&#8221;default&#8221; global_colors_info=&#8221;{}&#8221;][\/et_pb_section]<\/p>\n","protected":false},"excerpt":{"rendered":"<p>Digitiimi\u00a0kannustaa et\u00e4- ja verkkoty\u00f6skentelyynDigitiimi &#8211; yhteis\u00f6llisyytt\u00e4 et\u00e4ty\u00f6h\u00f6n -hankkeen tavoitteena on kasvattaa lappilaisten yritysten osaamista yhteis\u00f6llisyyden ja vuorovaikutuksen rakentamiseen digitaalisissa ymp\u00e4rist\u00f6iss\u00e4 toimittaessa. Hankkeen toiminnan ydin on 10-osainen webinaarisarja ja siihen kytkeytyv\u00e4t vertaisoppimisen klinikat. Projektip\u00e4\u00e4llikk\u00f6n\u00e4 toimii TKI-asiantuntija Marjo Jussila ja hankkeen toteuttajina Lapin AMKin asiantuntijatiimi: Arno Heikkala, Katja Kankaanp\u00e4\u00e4, Nelly Korteniemi ja Anne Puro (etunimi.sukunimi@lapinamk.fi). Digitiimi-ty\u00f6kalupakki tarjoaa [&hellip;]<\/p>\n","protected":false},"author":643,"featured_media":0,"parent":0,"menu_order":1,"comment_status":"closed","ping_status":"closed","template":"","meta":{"_et_pb_use_builder":"on","_et_pb_old_content":"<strong>Digitiimi \u2013 yhteis\u00f6llisyytt\u00e4 et\u00e4ty\u00f6h\u00f6n<\/strong> -hankkeen tavoitteena on kasvattaa lappilaisten yritysten osaamista yhteis\u00f6llisyyden ja vuorovaikutuksen rakentamiseen digitaalisissa ymp\u00e4rist\u00f6iss\u00e4 toimittaessa.\r\n\r\nHankkeen toiminnan ydin on <strong>10-osainen webinaarisarja ja siihen kytkeytyv\u00e4t vertaisoppimisen klinikat.<\/strong>\r\n\r\nProjektip\u00e4\u00e4llikk\u00f6n\u00e4 toimii TKI-asiantuntija Marjo Jussila (etunimi.sukunimi@lapinamk.fi) ja hankkeen toteuttajina Lapin AMKin asiantuntijatiimi: Arno Heikkala, Katja Kankaanp\u00e4\u00e4, Nelly Korteniemi ja Anne Puro.","_et_gb_content_width":"","footnotes":""},"class_list":["post-72","page","type-page","status-publish","hentry"],"_links":{"self":[{"href":"https:\/\/blogi.eoppimispalvelut.fi\/digitiimi\/wp-json\/wp\/v2\/pages\/72","targetHints":{"allow":["GET"]}}],"collection":[{"href":"https:\/\/blogi.eoppimispalvelut.fi\/digitiimi\/wp-json\/wp\/v2\/pages"}],"about":[{"href":"https:\/\/blogi.eoppimispalvelut.fi\/digitiimi\/wp-json\/wp\/v2\/types\/page"}],"author":[{"embeddable":true,"href":"https:\/\/blogi.eoppimispalvelut.fi\/digitiimi\/wp-json\/wp\/v2\/users\/643"}],"replies":[{"embeddable":true,"href":"https:\/\/blogi.eoppimispalvelut.fi\/digitiimi\/wp-json\/wp\/v2\/comments?post=72"}],"version-history":[{"count":64,"href":"https:\/\/blogi.eoppimispalvelut.fi\/digitiimi\/wp-json\/wp\/v2\/pages\/72\/revisions"}],"predecessor-version":[{"id":752,"href":"https:\/\/blogi.eoppimispalvelut.fi\/digitiimi\/wp-json\/wp\/v2\/pages\/72\/revisions\/752"}],"wp:attachment":[{"href":"https:\/\/blogi.eoppimispalvelut.fi\/digitiimi\/wp-json\/wp\/v2\/media?parent=72"}],"curies":[{"name":"wp","href":"https:\/\/api.w.org\/{rel}","templated":true}]}}