{"id":105,"date":"2019-02-11T14:56:50","date_gmt":"2019-02-11T12:56:50","guid":{"rendered":"https:\/\/blogi.eoppimispalvelut.fi\/digiwander\/?page_id=105"},"modified":"2019-11-13T21:03:55","modified_gmt":"2019-11-13T19:03:55","slug":"koulutus","status":"publish","type":"page","link":"https:\/\/blogi.eoppimispalvelut.fi\/digiwander\/koulutus\/","title":{"rendered":"Kokemus"},"content":{"rendered":"<p>Lyhyesti kerrottuna! Olen valmistunut markkinoinnin tradenomiksi joulukuussa 2008 Lapin ammattikorkeakoulusta. T\u00e4m\u00e4n j\u00e4lkeen olen ty\u00f6skennellyt yhteens\u00e4 8 vuotta asiakaspalveluteht\u00e4viss\u00e4 pankki- ja rahoitusalalla ja energia-alalla. Vuonna 2017 hain uralleni uutta suuntaa ja viimeiset pari vuotta ovatkin vier\u00e4ht\u00e4neet erilaisissa asiantuntijateht\u00e4viss\u00e4 mm. tapahtuma- ja sosiaalisen median sis\u00e4ll\u00f6ntuotannossa. Tuoreimmat kokemukset ovat kertyneet verkkokaupan kehitt\u00e4misest\u00e4 hakukokenoptimoinnin n\u00e4k\u00f6kulmasta, kun osallistuin Lapin ammattikorkeakoulun Digiassari-valmennukseen. Ty\u00f6kokemusta on kertynyt siis hyvin monipuolisesti jo 10 vuoden ajalta.<\/p>\n<p>T\u00e4ss\u00e4p\u00e4 olisi tuorein ansioluetteloni, olkaa hyv\u00e4t! \ud83c\udf93<\/p>\n<p style=\"text-align: left\"><img loading=\"lazy\" decoding=\"async\" class=\"aligncenter size-large wp-image-571\" src=\"https:\/\/blogi.eoppimispalvelut.fi\/digiwander\/files\/2019\/11\/51C40D99-D4EE-41F2-AB2D-D26320FCF218-724x1024.png\" alt=\"\" width=\"724\" height=\"1024\" srcset=\"https:\/\/blogi.eoppimispalvelut.fi\/digiwander\/files\/2019\/11\/51C40D99-D4EE-41F2-AB2D-D26320FCF218-724x1024.png 724w, https:\/\/blogi.eoppimispalvelut.fi\/digiwander\/files\/2019\/11\/51C40D99-D4EE-41F2-AB2D-D26320FCF218-212x300.png 212w, https:\/\/blogi.eoppimispalvelut.fi\/digiwander\/files\/2019\/11\/51C40D99-D4EE-41F2-AB2D-D26320FCF218-768x1087.png 768w, https:\/\/blogi.eoppimispalvelut.fi\/digiwander\/files\/2019\/11\/51C40D99-D4EE-41F2-AB2D-D26320FCF218.png 1413w\" sizes=\"auto, (max-width: 724px) 100vw, 724px\" \/><\/p>\n","protected":false},"excerpt":{"rendered":"<p>Lyhyesti kerrottuna! Olen valmistunut markkinoinnin tradenomiksi joulukuussa 2008 Lapin ammattikorkeakoulusta. T\u00e4m\u00e4n j\u00e4lkeen olen ty\u00f6skennellyt yhteens\u00e4 8 vuotta asiakaspalveluteht\u00e4viss\u00e4 pankki- ja rahoitusalalla ja energia-alalla. Vuonna 2017 hain uralleni uutta suuntaa ja viimeiset pari vuotta ovatkin vier\u00e4ht\u00e4neet erilaisissa asiantuntijateht\u00e4viss\u00e4 mm. tapahtuma- ja sosiaalisen median sis\u00e4ll\u00f6ntuotannossa. Tuoreimmat kokemukset ovat kertyneet verkkokaupan kehitt\u00e4misest\u00e4 hakukokenoptimoinnin n\u00e4k\u00f6kulmasta, kun osallistuin Lapin ammattikorkeakoulun [&hellip;]<\/p>\n","protected":false},"author":3625,"featured_media":0,"parent":0,"menu_order":0,"comment_status":"closed","ping_status":"closed","template":"","meta":{"footnotes":""},"class_list":["post-105","page","type-page","status-publish","hentry"],"_links":{"self":[{"href":"https:\/\/blogi.eoppimispalvelut.fi\/digiwander\/wp-json\/wp\/v2\/pages\/105","targetHints":{"allow":["GET"]}}],"collection":[{"href":"https:\/\/blogi.eoppimispalvelut.fi\/digiwander\/wp-json\/wp\/v2\/pages"}],"about":[{"href":"https:\/\/blogi.eoppimispalvelut.fi\/digiwander\/wp-json\/wp\/v2\/types\/page"}],"author":[{"embeddable":true,"href":"https:\/\/blogi.eoppimispalvelut.fi\/digiwander\/wp-json\/wp\/v2\/users\/3625"}],"replies":[{"embeddable":true,"href":"https:\/\/blogi.eoppimispalvelut.fi\/digiwander\/wp-json\/wp\/v2\/comments?post=105"}],"version-history":[{"count":16,"href":"https:\/\/blogi.eoppimispalvelut.fi\/digiwander\/wp-json\/wp\/v2\/pages\/105\/revisions"}],"predecessor-version":[{"id":572,"href":"https:\/\/blogi.eoppimispalvelut.fi\/digiwander\/wp-json\/wp\/v2\/pages\/105\/revisions\/572"}],"wp:attachment":[{"href":"https:\/\/blogi.eoppimispalvelut.fi\/digiwander\/wp-json\/wp\/v2\/media?parent=105"}],"curies":[{"name":"wp","href":"https:\/\/api.w.org\/{rel}","templated":true}]}}