{"id":87,"date":"2019-02-11T14:20:41","date_gmt":"2019-02-11T12:20:41","guid":{"rendered":"https:\/\/blogi.eoppimispalvelut.fi\/digiwander\/?page_id=87"},"modified":"2019-04-15T14:24:07","modified_gmt":"2019-04-15T11:24:07","slug":"tervetuloa","status":"publish","type":"page","link":"https:\/\/blogi.eoppimispalvelut.fi\/digiwander\/","title":{"rendered":"Tervetuloa"},"content":{"rendered":"<p>Tervetuloa blogini pariin! Aivan mahtavaa, ett\u00e4 l\u00f6ysit t\u00e4nne \ud83d\ude42<\/p>\n<p>Olen lappilainen markkinoinnin ja asiakaspalvelun asiantuntija, joka on p\u00e4\u00e4tt\u00e4nyt tarttua digitalisaatiota niin kuin h\u00e4rk\u00e4\u00e4 sarvista. Kirjoittelen blogissani digitalisaatiosta, sen vaikutuksesta tulevaisuuden ty\u00f6el\u00e4m\u00e4\u00e4n sek\u00e4 ty\u00f6el\u00e4m\u00e4n ja vapaa-ajan tasapainottamisesta. Sekin on t\u00e4rke\u00e4\u00e4, nimitt\u00e4in olla v\u00e4lill\u00e4 jouten ja l\u00e4sn\u00e4 oman itsens\u00e4 kanssa\ud83c\udf40 Itse tasapainotan itse\u00e4ni retkeilem\u00e4ll\u00e4 ja vaeltamalla Tornionjokilaakson, mutta my\u00f6s koko Lapin kairoissa ja metsiss\u00e4\ud83c\udf32<\/p>\n<p>L\u00e4hdet\u00e4\u00e4n tutustumaan digitalisaatioon yhdess\u00e4!<\/p>\n<p><img loading=\"lazy\" decoding=\"async\" class=\"alignleft wp-image-450 size-medium\" src=\"https:\/\/blogi.eoppimispalvelut.fi\/digiwander\/files\/2019\/04\/91ABB608-1277-4379-A2A6-04ADB96E80D1-300x169.jpeg\" alt=\"\" width=\"300\" height=\"169\" srcset=\"https:\/\/blogi.eoppimispalvelut.fi\/digiwander\/files\/2019\/04\/91ABB608-1277-4379-A2A6-04ADB96E80D1-300x169.jpeg 300w, https:\/\/blogi.eoppimispalvelut.fi\/digiwander\/files\/2019\/04\/91ABB608-1277-4379-A2A6-04ADB96E80D1-768x432.jpeg 768w, https:\/\/blogi.eoppimispalvelut.fi\/digiwander\/files\/2019\/04\/91ABB608-1277-4379-A2A6-04ADB96E80D1-1024x576.jpeg 1024w\" sizes=\"auto, (max-width: 300px) 100vw, 300px\" \/><\/p>\n<p>&nbsp;<\/p>\n","protected":false},"excerpt":{"rendered":"<p>Tervetuloa blogini pariin! Aivan mahtavaa, ett\u00e4 l\u00f6ysit t\u00e4nne \ud83d\ude42 Olen lappilainen markkinoinnin ja asiakaspalvelun asiantuntija, joka on p\u00e4\u00e4tt\u00e4nyt tarttua digitalisaatiota niin kuin h\u00e4rk\u00e4\u00e4 sarvista. Kirjoittelen blogissani digitalisaatiosta, sen vaikutuksesta tulevaisuuden ty\u00f6el\u00e4m\u00e4\u00e4n sek\u00e4 ty\u00f6el\u00e4m\u00e4n ja vapaa-ajan tasapainottamisesta. Sekin on t\u00e4rke\u00e4\u00e4, nimitt\u00e4in olla v\u00e4lill\u00e4 jouten ja l\u00e4sn\u00e4 oman itsens\u00e4 kanssa\ud83c\udf40 Itse tasapainotan itse\u00e4ni retkeilem\u00e4ll\u00e4 ja vaeltamalla Tornionjokilaakson, [&hellip;]<\/p>\n","protected":false},"author":3625,"featured_media":0,"parent":0,"menu_order":0,"comment_status":"closed","ping_status":"closed","template":"","meta":{"footnotes":""},"class_list":["post-87","page","type-page","status-publish","hentry"],"_links":{"self":[{"href":"https:\/\/blogi.eoppimispalvelut.fi\/digiwander\/wp-json\/wp\/v2\/pages\/87","targetHints":{"allow":["GET"]}}],"collection":[{"href":"https:\/\/blogi.eoppimispalvelut.fi\/digiwander\/wp-json\/wp\/v2\/pages"}],"about":[{"href":"https:\/\/blogi.eoppimispalvelut.fi\/digiwander\/wp-json\/wp\/v2\/types\/page"}],"author":[{"embeddable":true,"href":"https:\/\/blogi.eoppimispalvelut.fi\/digiwander\/wp-json\/wp\/v2\/users\/3625"}],"replies":[{"embeddable":true,"href":"https:\/\/blogi.eoppimispalvelut.fi\/digiwander\/wp-json\/wp\/v2\/comments?post=87"}],"version-history":[{"count":13,"href":"https:\/\/blogi.eoppimispalvelut.fi\/digiwander\/wp-json\/wp\/v2\/pages\/87\/revisions"}],"predecessor-version":[{"id":451,"href":"https:\/\/blogi.eoppimispalvelut.fi\/digiwander\/wp-json\/wp\/v2\/pages\/87\/revisions\/451"}],"wp:attachment":[{"href":"https:\/\/blogi.eoppimispalvelut.fi\/digiwander\/wp-json\/wp\/v2\/media?parent=87"}],"curies":[{"name":"wp","href":"https:\/\/api.w.org\/{rel}","templated":true}]}}