{"id":1057,"date":"2024-10-01T12:25:53","date_gmt":"2024-10-01T09:25:53","guid":{"rendered":"https:\/\/blogi.eoppimispalvelut.fi\/ehospitality\/?page_id=1057"},"modified":"2025-03-17T10:50:11","modified_gmt":"2025-03-17T08:50:11","slug":"aimama-hanke","status":"publish","type":"page","link":"https:\/\/blogi.eoppimispalvelut.fi\/ehospitality\/aimama-hanke\/","title":{"rendered":"Teko\u00e4ly matkailun myynti- ja markkinointiprosessien tukena -hanke (AImama)"},"content":{"rendered":"\n<figure class=\"wp-block-image size-full\"><img loading=\"lazy\" decoding=\"async\" width=\"1200\" height=\"150\" src=\"https:\/\/blogi.eoppimispalvelut.fi\/ehospitality\/files\/2024\/10\/logorimpsu.png\" alt=\"\" class=\"wp-image-1061\" srcset=\"https:\/\/blogi.eoppimispalvelut.fi\/ehospitality\/files\/2024\/10\/logorimpsu.png 1200w, https:\/\/blogi.eoppimispalvelut.fi\/ehospitality\/files\/2024\/10\/logorimpsu-600x75.png 600w, https:\/\/blogi.eoppimispalvelut.fi\/ehospitality\/files\/2024\/10\/logorimpsu-768x96.png 768w\" sizes=\"auto, (max-width: 1200px) 100vw, 1200px\" \/><\/figure>\n\n\n\n<p>Teko\u00e4ly ei ole vain tulevaisuuden teknologia \u2013 se on jo t\u00e4\u00e4ll\u00e4, valmiina auttamaan yrityst\u00e4si kasvamaan ja menestym\u00e4\u00e4n. Hankkeessamme teko\u00e4ly muuttuu matkailualan k\u00e4yt\u00e4nn\u00f6nl\u00e4heisiksi ratkaisuiksi ja menestyksekk\u00e4\u00e4n myynnin ja markkinoinnin moottoriksi. Tavoitteenamme tavoitteena on auttaa matkailuyrityksi\u00e4 hy\u00f6dynt\u00e4m\u00e4\u00e4n teko\u00e4ly\u00e4 osana p\u00e4ivitt\u00e4ist\u00e4 liiketoimintaansa konkreettisella ja vastuullisella tavalla.<\/p>\n\n\n\n<p>Pyrimme tukemaan yrityksi\u00e4 seuraavilla tavoilla<\/p>\n\n\n\n<p><img loading=\"lazy\" decoding=\"async\" width=\"12\" height=\"12\" class=\"wp-image-1129\" style=\"width: 12px\" src=\"https:\/\/blogi.eoppimispalvelut.fi\/ehospitality\/files\/2025\/02\/Logo-mini-1.png\" alt=\"\"> Data-analyysin haltuunotto: Kartoitamme yrityksen olemassa olevan datan ja autamme selvitt\u00e4m\u00e4\u00e4n, mit\u00e4 tietoa kannattaa ker\u00e4t\u00e4 jatkossa teko\u00e4lyn hy\u00f6dynt\u00e4miseksi. <br><img loading=\"lazy\" decoding=\"async\" width=\"12\" height=\"12\" class=\"wp-image-1129\" style=\"width: 12px\" src=\"https:\/\/blogi.eoppimispalvelut.fi\/ehospitality\/files\/2025\/02\/Logo-mini-1.png\" alt=\"\"> Teko\u00e4lyn integrointi liiketoimintaan: Selkeyt\u00e4mme, miten teko\u00e4ly voi tukea myynti\u00e4 ja markkinointia \u2013 personoidusta asiakasviestinn\u00e4st\u00e4 aina kampanjoiden optimointiin.  <br><img loading=\"lazy\" decoding=\"async\" width=\"12\" height=\"12\" class=\"wp-image-1129\" style=\"width: 12px\" src=\"https:\/\/blogi.eoppimispalvelut.fi\/ehospitality\/files\/2025\/02\/Logo-mini-1.png\" alt=\"\"> K\u00e4yt\u00e4nn\u00f6n ohjeistusta: Tarjoamme konkreettisia vaiheistettuja malleja, joiden avulla yritys voi valita ja ottaa k\u00e4ytt\u00f6\u00f6n oikeat teko\u00e4lyratkaisut.<\/p>\n\n\n\n<h2 class=\"wp-block-heading\">Projektin tulokset ja hy\u00f6dyt<\/h2>\n\n\n\n<p>Projektin aikana matkailuyritysten ymm\u00e4rrys teko\u00e4lyn mahdollisuuksista myynnin ja markkinoinnin eri vaiheissa kasvaa niin, ett\u00e4 ne<\/p>\n\n\n\n<p><img loading=\"lazy\" decoding=\"async\" width=\"12\" height=\"12\" class=\"wp-image-1129\" style=\"width: 12px\" src=\"https:\/\/blogi.eoppimispalvelut.fi\/ehospitality\/files\/2025\/02\/Logo-mini-1.png\" alt=\"\"> Ovat rohkeampia hy\u00f6dynt\u00e4m\u00e4\u00e4n teko\u00e4lysovelluksia. <br><img loading=\"lazy\" decoding=\"async\" width=\"12\" height=\"12\" class=\"wp-image-1129\" style=\"width: 12px\" src=\"https:\/\/blogi.eoppimispalvelut.fi\/ehospitality\/files\/2025\/02\/Logo-mini-1.png\" alt=\"\"> Pystyv\u00e4t paremmin innovoimaan ja kehitt\u00e4m\u00e4\u00e4n uusia ratkaisuja. <br><img loading=\"lazy\" decoding=\"async\" width=\"12\" height=\"12\" class=\"wp-image-1129\" style=\"width: 12px\" src=\"https:\/\/blogi.eoppimispalvelut.fi\/ehospitality\/files\/2025\/02\/Logo-mini-1.png\" alt=\"\"> Hy\u00f6tyv\u00e4t verkostosta, joka yhdist\u00e4\u00e4 matkailualan toimijoita ja teko\u00e4lyn asiantuntijoita sek\u00e4 mahdollistaa ylitoimialaisen yhteisty\u00f6n.<\/p>\n\n\n\n<h2 class=\"wp-block-heading\">Konkreettiset tuotokset matkailuyrityksille<\/h2>\n\n\n\n<p>Hankkeen tuotokset ovat suunniteltu tukemaan matkailuyritysten k\u00e4yt\u00e4nn\u00f6n toimintaa:<\/p>\n\n\n\n<p><img loading=\"lazy\" decoding=\"async\" width=\"12\" height=\"12\" class=\"wp-image-1129\" style=\"width: 12px\" src=\"https:\/\/blogi.eoppimispalvelut.fi\/ehospitality\/files\/2025\/02\/Logo-mini-1.png\" alt=\"\"> <strong>Nykytila-analyysi<\/strong>: Selvitys myyntiin ja markkinointiin hy\u00f6dynnett\u00e4vien teko\u00e4lyteknologioiden l\u00e4ht\u00f6tilanteesta sek\u00e4 yritysten tiedollisista ja taidollisista valmiuksista. <br><img loading=\"lazy\" decoding=\"async\" width=\"12\" height=\"12\" class=\"wp-image-1129\" style=\"width: 12px\" src=\"https:\/\/blogi.eoppimispalvelut.fi\/ehospitality\/files\/2025\/02\/Logo-mini-1.png\" alt=\"\"> <strong>Prosessikuvaukset<\/strong>: Selkeytetyt myynnin ja markkinoinnin prosessit, jotka kuvaavat n\u00e4iden roolia yrityksen liiketoiminnan ja teknologisen arkkitehtuurin osana. <br><img loading=\"lazy\" decoding=\"async\" width=\"12\" height=\"12\" class=\"wp-image-1129\" style=\"width: 12px\" src=\"https:\/\/blogi.eoppimispalvelut.fi\/ehospitality\/files\/2025\/02\/Logo-mini-1.png\" alt=\"\"> <strong>Vaiheistusmalli<\/strong>: Malli, joka auttaa yrityst\u00e4 valitsemaan oikeat teko\u00e4lyratkaisut kunkin liiketoimintavaiheen ja tarpeen mukaisesti. <br><img loading=\"lazy\" decoding=\"async\" width=\"12\" height=\"12\" class=\"wp-image-1129\" style=\"width: 12px\" src=\"https:\/\/blogi.eoppimispalvelut.fi\/ehospitality\/files\/2025\/02\/Logo-mini-1.png\" alt=\"\"> <strong>Teko\u00e4lykokeilut ja ty\u00f6kalut<\/strong>: Testattuja ja hyv\u00e4ksi havaittuja ratkaisuja teko\u00e4lyn hy\u00f6dynt\u00e4miseksi eri myynnin ja markkinoinnin vaiheissa. <br><img loading=\"lazy\" decoding=\"async\" width=\"12\" height=\"12\" class=\"wp-image-1129\" style=\"width: 12px\" src=\"https:\/\/blogi.eoppimispalvelut.fi\/ehospitality\/files\/2025\/02\/Logo-mini-1.png\" alt=\"\"> <strong>Innovaatiot ja inspiraatioaihiot<\/strong>: Uusia ideoita teko\u00e4lyn hy\u00f6dynt\u00e4miseen my\u00f6s hankkeen j\u00e4lkeen. <br><img loading=\"lazy\" decoding=\"async\" width=\"12\" height=\"12\" class=\"wp-image-1129\" style=\"width: 12px\" src=\"https:\/\/blogi.eoppimispalvelut.fi\/ehospitality\/files\/2025\/02\/Logo-mini-1.png\" alt=\"\"> <strong>Tietoiskut ja tapahtumat<\/strong>: Webinaarit, ty\u00f6pajat ja artikkelit, jotka tarjoavat ajankohtaista tietoa ja tukea matkailuyrityksille teko\u00e4lytaipaleella.<\/p>\n\n\n\n<p>Aikataulu: 1.9.2024 &#8211; 31.3.2027<br>Tiimi: P\u00e4ivi Hanni-Vaara, Nico Karinti, Outi K\u00e4hk\u00f6nen, Mikko Pajula, Petra Paloniemi, Mirva Tapaninen<\/p>\n\n\n\n<p><a href=\"https:\/\/lapinamk.fi\/hanke\/tekoaly-myynnin-liiketoimintaprosessien-tukena-matkailussa\/\" target=\"_blank\" rel=\"noreferrer noopener\">Lapin AMK:n hankesivu<\/a><br><\/p>\n\n\n\n<p><br><\/p>\n","protected":false},"excerpt":{"rendered":"<p>Teko\u00e4ly ei ole vain tulevaisuuden teknologia \u2013 se on jo t\u00e4\u00e4ll\u00e4, valmiina auttamaan yrityst\u00e4si kasvamaan ja menestym\u00e4\u00e4n. Hankkeessamme teko\u00e4ly muuttuu matkailualan k\u00e4yt\u00e4nn\u00f6nl\u00e4heisiksi ratkaisuiksi ja menestyksekk\u00e4\u00e4n myynnin ja markkinoinnin moottoriksi. Tavoitteenamme tavoitteena on auttaa matkailuyrityksi\u00e4 hy\u00f6dynt\u00e4m\u00e4\u00e4n teko\u00e4ly\u00e4 osana p\u00e4ivitt\u00e4ist\u00e4 liiketoimintaansa konkreettisella ja vastuullisella tavalla. Pyrimme tukemaan yrityksi\u00e4 seuraavilla tavoilla Data-analyysin haltuunotto: Kartoitamme yrityksen olemassa olevan datan [&hellip;]<\/p>\n","protected":false},"author":1712,"featured_media":0,"parent":0,"menu_order":0,"comment_status":"closed","ping_status":"closed","template":"","meta":{"_monsterinsights_skip_tracking":false,"_monsterinsights_sitenote_active":false,"_monsterinsights_sitenote_note":"","_monsterinsights_sitenote_category":0,"footnotes":""},"class_list":["post-1057","page","type-page","status-publish","hentry"],"yoast_head":"<!-- This site is optimized with the Yoast SEO plugin v27.1.1 - https:\/\/yoast.com\/product\/yoast-seo-wordpress\/ -->\n<title>Teko\u00e4ly matkailun myynti- ja markkinointiprosessien tukena -hanke (AImama) - Teko\u00e4ly matkailun myynti- ja markkinointiprosessien tukena<\/title>\n<meta name=\"robots\" content=\"index, follow, max-snippet:-1, max-image-preview:large, max-video-preview:-1\" \/>\n<link rel=\"canonical\" href=\"https:\/\/blogi.eoppimispalvelut.fi\/ehospitality\/aimama-hanke\/\" \/>\n<meta property=\"og:locale\" content=\"fi_FI\" \/>\n<meta property=\"og:type\" content=\"article\" \/>\n<meta property=\"og:title\" content=\"Teko\u00e4ly matkailun myynti- ja markkinointiprosessien tukena -hanke (AImama) - Teko\u00e4ly matkailun myynti- ja markkinointiprosessien tukena\" \/>\n<meta property=\"og:description\" content=\"Teko\u00e4ly ei ole vain tulevaisuuden teknologia \u2013 se on jo t\u00e4\u00e4ll\u00e4, valmiina auttamaan yrityst\u00e4si kasvamaan ja menestym\u00e4\u00e4n. Hankkeessamme teko\u00e4ly muuttuu matkailualan k\u00e4yt\u00e4nn\u00f6nl\u00e4heisiksi ratkaisuiksi ja menestyksekk\u00e4\u00e4n myynnin ja markkinoinnin moottoriksi. Tavoitteenamme tavoitteena on auttaa matkailuyrityksi\u00e4 hy\u00f6dynt\u00e4m\u00e4\u00e4n teko\u00e4ly\u00e4 osana p\u00e4ivitt\u00e4ist\u00e4 liiketoimintaansa konkreettisella ja vastuullisella tavalla. Pyrimme tukemaan yrityksi\u00e4 seuraavilla tavoilla Data-analyysin haltuunotto: Kartoitamme yrityksen olemassa olevan datan [&hellip;]\" \/>\n<meta property=\"og:url\" content=\"https:\/\/blogi.eoppimispalvelut.fi\/ehospitality\/aimama-hanke\/\" \/>\n<meta property=\"og:site_name\" content=\"Teko\u00e4ly matkailun myynti- ja markkinointiprosessien tukena\" \/>\n<meta property=\"article:modified_time\" content=\"2025-03-17T08:50:11+00:00\" \/>\n<meta property=\"og:image\" content=\"https:\/\/blogi.eoppimispalvelut.fi\/ehospitality\/files\/2024\/10\/logorimpsu.png\" \/>\n\t<meta property=\"og:image:width\" content=\"1200\" \/>\n\t<meta property=\"og:image:height\" content=\"150\" \/>\n\t<meta property=\"og:image:type\" content=\"image\/png\" \/>\n<meta name=\"twitter:card\" content=\"summary_large_image\" \/>\n<meta name=\"twitter:label1\" content=\"Est. reading time\" \/>\n\t<meta name=\"twitter:data1\" content=\"5 minuuttia\" \/>\n<script type=\"application\/ld+json\" class=\"yoast-schema-graph\">{\"@context\":\"https:\/\/schema.org\",\"@graph\":[{\"@type\":\"WebPage\",\"@id\":\"https:\/\/blogi.eoppimispalvelut.fi\/ehospitality\/aimama-hanke\/\",\"url\":\"https:\/\/blogi.eoppimispalvelut.fi\/ehospitality\/aimama-hanke\/\",\"name\":\"Teko\u00e4ly matkailun myynti- ja markkinointiprosessien tukena -hanke (AImama) - Teko\u00e4ly matkailun myynti- ja markkinointiprosessien tukena\",\"isPartOf\":{\"@id\":\"https:\/\/blogi.eoppimispalvelut.fi\/ehospitality\/#website\"},\"primaryImageOfPage\":{\"@id\":\"https:\/\/blogi.eoppimispalvelut.fi\/ehospitality\/aimama-hanke\/#primaryimage\"},\"image\":{\"@id\":\"https:\/\/blogi.eoppimispalvelut.fi\/ehospitality\/aimama-hanke\/#primaryimage\"},\"thumbnailUrl\":\"https:\/\/blogi.eoppimispalvelut.fi\/ehospitality\/files\/2024\/10\/logorimpsu.png\",\"datePublished\":\"2024-10-01T09:25:53+00:00\",\"dateModified\":\"2025-03-17T08:50:11+00:00\",\"breadcrumb\":{\"@id\":\"https:\/\/blogi.eoppimispalvelut.fi\/ehospitality\/aimama-hanke\/#breadcrumb\"},\"inLanguage\":\"fi\",\"potentialAction\":[{\"@type\":\"ReadAction\",\"target\":[\"https:\/\/blogi.eoppimispalvelut.fi\/ehospitality\/aimama-hanke\/\"]}]},{\"@type\":\"ImageObject\",\"inLanguage\":\"fi\",\"@id\":\"https:\/\/blogi.eoppimispalvelut.fi\/ehospitality\/aimama-hanke\/#primaryimage\",\"url\":\"https:\/\/blogi.eoppimispalvelut.fi\/ehospitality\/files\/2024\/10\/logorimpsu.png\",\"contentUrl\":\"https:\/\/blogi.eoppimispalvelut.fi\/ehospitality\/files\/2024\/10\/logorimpsu.png\",\"width\":1200,\"height\":150},{\"@type\":\"BreadcrumbList\",\"@id\":\"https:\/\/blogi.eoppimispalvelut.fi\/ehospitality\/aimama-hanke\/#breadcrumb\",\"itemListElement\":[{\"@type\":\"ListItem\",\"position\":1,\"name\":\"Home\",\"item\":\"https:\/\/blogi.eoppimispalvelut.fi\/ehospitality\/\"},{\"@type\":\"ListItem\",\"position\":2,\"name\":\"Teko\u00e4ly matkailun myynti- ja markkinointiprosessien tukena -hanke (AImama)\"}]},{\"@type\":\"WebSite\",\"@id\":\"https:\/\/blogi.eoppimispalvelut.fi\/ehospitality\/#website\",\"url\":\"https:\/\/blogi.eoppimispalvelut.fi\/ehospitality\/\",\"name\":\"Teko\u00e4ly matkailun myynti- ja markkinointiprosessien tukena\",\"description\":\"\",\"potentialAction\":[{\"@type\":\"SearchAction\",\"target\":{\"@type\":\"EntryPoint\",\"urlTemplate\":\"https:\/\/blogi.eoppimispalvelut.fi\/ehospitality\/?s={search_term_string}\"},\"query-input\":{\"@type\":\"PropertyValueSpecification\",\"valueRequired\":true,\"valueName\":\"search_term_string\"}}],\"inLanguage\":\"fi\"}]}<\/script>\n<!-- \/ Yoast SEO plugin. -->","yoast_head_json":{"title":"Teko\u00e4ly matkailun myynti- ja markkinointiprosessien tukena -hanke (AImama) - Teko\u00e4ly matkailun myynti- ja markkinointiprosessien tukena","robots":{"index":"index","follow":"follow","max-snippet":"max-snippet:-1","max-image-preview":"max-image-preview:large","max-video-preview":"max-video-preview:-1"},"canonical":"https:\/\/blogi.eoppimispalvelut.fi\/ehospitality\/aimama-hanke\/","og_locale":"fi_FI","og_type":"article","og_title":"Teko\u00e4ly matkailun myynti- ja markkinointiprosessien tukena -hanke (AImama) - Teko\u00e4ly matkailun myynti- ja markkinointiprosessien tukena","og_description":"Teko\u00e4ly ei ole vain tulevaisuuden teknologia \u2013 se on jo t\u00e4\u00e4ll\u00e4, valmiina auttamaan yrityst\u00e4si kasvamaan ja menestym\u00e4\u00e4n. Hankkeessamme teko\u00e4ly muuttuu matkailualan k\u00e4yt\u00e4nn\u00f6nl\u00e4heisiksi ratkaisuiksi ja menestyksekk\u00e4\u00e4n myynnin ja markkinoinnin moottoriksi. Tavoitteenamme tavoitteena on auttaa matkailuyrityksi\u00e4 hy\u00f6dynt\u00e4m\u00e4\u00e4n teko\u00e4ly\u00e4 osana p\u00e4ivitt\u00e4ist\u00e4 liiketoimintaansa konkreettisella ja vastuullisella tavalla. Pyrimme tukemaan yrityksi\u00e4 seuraavilla tavoilla Data-analyysin haltuunotto: Kartoitamme yrityksen olemassa olevan datan [&hellip;]","og_url":"https:\/\/blogi.eoppimispalvelut.fi\/ehospitality\/aimama-hanke\/","og_site_name":"Teko\u00e4ly matkailun myynti- ja markkinointiprosessien tukena","article_modified_time":"2025-03-17T08:50:11+00:00","og_image":[{"width":1200,"height":150,"url":"https:\/\/blogi.eoppimispalvelut.fi\/ehospitality\/files\/2024\/10\/logorimpsu.png","type":"image\/png"}],"twitter_card":"summary_large_image","twitter_misc":{"Est. reading time":"5 minuuttia"},"schema":{"@context":"https:\/\/schema.org","@graph":[{"@type":"WebPage","@id":"https:\/\/blogi.eoppimispalvelut.fi\/ehospitality\/aimama-hanke\/","url":"https:\/\/blogi.eoppimispalvelut.fi\/ehospitality\/aimama-hanke\/","name":"Teko\u00e4ly matkailun myynti- ja markkinointiprosessien tukena -hanke (AImama) - Teko\u00e4ly matkailun myynti- ja markkinointiprosessien tukena","isPartOf":{"@id":"https:\/\/blogi.eoppimispalvelut.fi\/ehospitality\/#website"},"primaryImageOfPage":{"@id":"https:\/\/blogi.eoppimispalvelut.fi\/ehospitality\/aimama-hanke\/#primaryimage"},"image":{"@id":"https:\/\/blogi.eoppimispalvelut.fi\/ehospitality\/aimama-hanke\/#primaryimage"},"thumbnailUrl":"https:\/\/blogi.eoppimispalvelut.fi\/ehospitality\/files\/2024\/10\/logorimpsu.png","datePublished":"2024-10-01T09:25:53+00:00","dateModified":"2025-03-17T08:50:11+00:00","breadcrumb":{"@id":"https:\/\/blogi.eoppimispalvelut.fi\/ehospitality\/aimama-hanke\/#breadcrumb"},"inLanguage":"fi","potentialAction":[{"@type":"ReadAction","target":["https:\/\/blogi.eoppimispalvelut.fi\/ehospitality\/aimama-hanke\/"]}]},{"@type":"ImageObject","inLanguage":"fi","@id":"https:\/\/blogi.eoppimispalvelut.fi\/ehospitality\/aimama-hanke\/#primaryimage","url":"https:\/\/blogi.eoppimispalvelut.fi\/ehospitality\/files\/2024\/10\/logorimpsu.png","contentUrl":"https:\/\/blogi.eoppimispalvelut.fi\/ehospitality\/files\/2024\/10\/logorimpsu.png","width":1200,"height":150},{"@type":"BreadcrumbList","@id":"https:\/\/blogi.eoppimispalvelut.fi\/ehospitality\/aimama-hanke\/#breadcrumb","itemListElement":[{"@type":"ListItem","position":1,"name":"Home","item":"https:\/\/blogi.eoppimispalvelut.fi\/ehospitality\/"},{"@type":"ListItem","position":2,"name":"Teko\u00e4ly matkailun myynti- ja markkinointiprosessien tukena -hanke (AImama)"}]},{"@type":"WebSite","@id":"https:\/\/blogi.eoppimispalvelut.fi\/ehospitality\/#website","url":"https:\/\/blogi.eoppimispalvelut.fi\/ehospitality\/","name":"Teko\u00e4ly matkailun myynti- ja markkinointiprosessien tukena","description":"","potentialAction":[{"@type":"SearchAction","target":{"@type":"EntryPoint","urlTemplate":"https:\/\/blogi.eoppimispalvelut.fi\/ehospitality\/?s={search_term_string}"},"query-input":{"@type":"PropertyValueSpecification","valueRequired":true,"valueName":"search_term_string"}}],"inLanguage":"fi"}]}},"_links":{"self":[{"href":"https:\/\/blogi.eoppimispalvelut.fi\/ehospitality\/wp-json\/wp\/v2\/pages\/1057","targetHints":{"allow":["GET"]}}],"collection":[{"href":"https:\/\/blogi.eoppimispalvelut.fi\/ehospitality\/wp-json\/wp\/v2\/pages"}],"about":[{"href":"https:\/\/blogi.eoppimispalvelut.fi\/ehospitality\/wp-json\/wp\/v2\/types\/page"}],"author":[{"embeddable":true,"href":"https:\/\/blogi.eoppimispalvelut.fi\/ehospitality\/wp-json\/wp\/v2\/users\/1712"}],"replies":[{"embeddable":true,"href":"https:\/\/blogi.eoppimispalvelut.fi\/ehospitality\/wp-json\/wp\/v2\/comments?post=1057"}],"version-history":[{"count":19,"href":"https:\/\/blogi.eoppimispalvelut.fi\/ehospitality\/wp-json\/wp\/v2\/pages\/1057\/revisions"}],"predecessor-version":[{"id":1142,"href":"https:\/\/blogi.eoppimispalvelut.fi\/ehospitality\/wp-json\/wp\/v2\/pages\/1057\/revisions\/1142"}],"wp:attachment":[{"href":"https:\/\/blogi.eoppimispalvelut.fi\/ehospitality\/wp-json\/wp\/v2\/media?parent=1057"}],"curies":[{"name":"wp","href":"https:\/\/api.w.org\/{rel}","templated":true}]}}