{"id":1147,"date":"2025-03-21T14:31:29","date_gmt":"2025-03-21T12:31:29","guid":{"rendered":"https:\/\/blogi.eoppimispalvelut.fi\/ehospitality\/?page_id=1147"},"modified":"2025-03-21T14:31:29","modified_gmt":"2025-03-21T12:31:29","slug":"tietosuojaseloste","status":"publish","type":"page","link":"https:\/\/blogi.eoppimispalvelut.fi\/ehospitality\/tietosuojaseloste\/","title":{"rendered":"Tietosuojaseloste"},"content":{"rendered":"\n<h3 class=\"wp-block-heading\">Tietosuojaseloste<\/h3>\n\n\n\n<p><strong>Rekisterinpit\u00e4j\u00e4<\/strong>: Teko\u00e4ly matkailun markkinointi- ja myyntiprosessien tukena. Jokiv\u00e4yl\u00e4 11, 96300 ROVANIEMI.<\/p>\n\n\n\n<p><strong>Ker\u00e4tt\u00e4v\u00e4t tiedot<\/strong>: Ker\u00e4\u00e4mme seuraavia henkil\u00f6tietoja uutiskirjeen tilaajilta:<\/p>\n\n\n\n<ul class=\"wp-block-list\">\n<li>Nimi<\/li>\n\n\n\n<li>S\u00e4hk\u00f6postiosoite<\/li>\n<\/ul>\n\n\n\n<p><strong>Tietojen k\u00e4ytt\u00f6tarkoitus<\/strong>: Henkil\u00f6tietoja k\u00e4ytet\u00e4\u00e4n uutiskirjeen l\u00e4hett\u00e4miseen ja hankkeen tiedottamiseen.<\/p>\n\n\n\n<p><strong>Tietojen s\u00e4ilytysaika<\/strong>: S\u00e4ilyt\u00e4mme henkil\u00f6tietoja niin kauan kuin uutiskirjeen tilaaja haluaa vastaanottaa uutiskirjeit\u00e4. Tilaaja voi peruuttaa tilauksen milloin tahansa, jolloin tiedot poistetaan.<\/p>\n\n\n\n<p><strong>Rekister\u00f6idyn oikeudet<\/strong>: Tilaajalla on oikeus:<\/p>\n\n\n\n<ul class=\"wp-block-list\">\n<li>Saada tietoa omista henkil\u00f6tiedoistaan<\/li>\n\n\n\n<li>Pyyt\u00e4\u00e4 tietojen oikaisua tai poistamista<\/li>\n\n\n\n<li>Vastustaa tietojen k\u00e4sittely\u00e4<\/li>\n<\/ul>\n\n\n\n<p><strong>Tietojen luovuttaminen<\/strong>: Emme luovuta henkil\u00f6tietoja kolmansille osapuolille.<\/p>\n","protected":false},"excerpt":{"rendered":"<p>Tietosuojaseloste Rekisterinpit\u00e4j\u00e4: Teko\u00e4ly matkailun markkinointi- ja myyntiprosessien tukena. Jokiv\u00e4yl\u00e4 11, 96300 ROVANIEMI. Ker\u00e4tt\u00e4v\u00e4t tiedot: Ker\u00e4\u00e4mme seuraavia henkil\u00f6tietoja uutiskirjeen tilaajilta: Tietojen k\u00e4ytt\u00f6tarkoitus: Henkil\u00f6tietoja k\u00e4ytet\u00e4\u00e4n uutiskirjeen l\u00e4hett\u00e4miseen ja hankkeen tiedottamiseen. Tietojen s\u00e4ilytysaika: S\u00e4ilyt\u00e4mme henkil\u00f6tietoja niin kauan kuin uutiskirjeen tilaaja haluaa vastaanottaa uutiskirjeit\u00e4. Tilaaja voi peruuttaa tilauksen milloin tahansa, jolloin tiedot poistetaan. Rekister\u00f6idyn oikeudet: Tilaajalla on oikeus: Tietojen [&hellip;]<\/p>\n","protected":false},"author":1712,"featured_media":0,"parent":0,"menu_order":0,"comment_status":"closed","ping_status":"closed","template":"","meta":{"_monsterinsights_skip_tracking":false,"_monsterinsights_sitenote_active":false,"_monsterinsights_sitenote_note":"","_monsterinsights_sitenote_category":0,"footnotes":""},"class_list":["post-1147","page","type-page","status-publish","hentry"],"yoast_head":"<!-- This site is optimized with the Yoast SEO plugin v27.1.1 - https:\/\/yoast.com\/product\/yoast-seo-wordpress\/ -->\n<title>Tietosuojaseloste - Teko\u00e4ly matkailun myynti- ja markkinointiprosessien tukena<\/title>\n<meta name=\"robots\" content=\"index, follow, max-snippet:-1, max-image-preview:large, max-video-preview:-1\" \/>\n<link rel=\"canonical\" href=\"https:\/\/blogi.eoppimispalvelut.fi\/ehospitality\/tietosuojaseloste\/\" \/>\n<meta property=\"og:locale\" content=\"fi_FI\" \/>\n<meta property=\"og:type\" content=\"article\" \/>\n<meta property=\"og:title\" content=\"Tietosuojaseloste - Teko\u00e4ly matkailun myynti- ja markkinointiprosessien tukena\" \/>\n<meta property=\"og:description\" content=\"Tietosuojaseloste Rekisterinpit\u00e4j\u00e4: Teko\u00e4ly matkailun markkinointi- ja myyntiprosessien tukena. Jokiv\u00e4yl\u00e4 11, 96300 ROVANIEMI. Ker\u00e4tt\u00e4v\u00e4t tiedot: Ker\u00e4\u00e4mme seuraavia henkil\u00f6tietoja uutiskirjeen tilaajilta: Tietojen k\u00e4ytt\u00f6tarkoitus: Henkil\u00f6tietoja k\u00e4ytet\u00e4\u00e4n uutiskirjeen l\u00e4hett\u00e4miseen ja hankkeen tiedottamiseen. Tietojen s\u00e4ilytysaika: S\u00e4ilyt\u00e4mme henkil\u00f6tietoja niin kauan kuin uutiskirjeen tilaaja haluaa vastaanottaa uutiskirjeit\u00e4. Tilaaja voi peruuttaa tilauksen milloin tahansa, jolloin tiedot poistetaan. Rekister\u00f6idyn oikeudet: Tilaajalla on oikeus: Tietojen [&hellip;]\" \/>\n<meta property=\"og:url\" content=\"https:\/\/blogi.eoppimispalvelut.fi\/ehospitality\/tietosuojaseloste\/\" \/>\n<meta property=\"og:site_name\" content=\"Teko\u00e4ly matkailun myynti- ja markkinointiprosessien tukena\" \/>\n<meta name=\"twitter:card\" content=\"summary_large_image\" \/>\n<meta name=\"twitter:label1\" content=\"Est. reading time\" \/>\n\t<meta name=\"twitter:data1\" content=\"1 minuutti\" \/>\n<script type=\"application\/ld+json\" class=\"yoast-schema-graph\">{\"@context\":\"https:\/\/schema.org\",\"@graph\":[{\"@type\":\"WebPage\",\"@id\":\"https:\/\/blogi.eoppimispalvelut.fi\/ehospitality\/tietosuojaseloste\/\",\"url\":\"https:\/\/blogi.eoppimispalvelut.fi\/ehospitality\/tietosuojaseloste\/\",\"name\":\"Tietosuojaseloste - Teko\u00e4ly matkailun myynti- ja markkinointiprosessien tukena\",\"isPartOf\":{\"@id\":\"https:\/\/blogi.eoppimispalvelut.fi\/ehospitality\/#website\"},\"datePublished\":\"2025-03-21T12:31:29+00:00\",\"breadcrumb\":{\"@id\":\"https:\/\/blogi.eoppimispalvelut.fi\/ehospitality\/tietosuojaseloste\/#breadcrumb\"},\"inLanguage\":\"fi\",\"potentialAction\":[{\"@type\":\"ReadAction\",\"target\":[\"https:\/\/blogi.eoppimispalvelut.fi\/ehospitality\/tietosuojaseloste\/\"]}]},{\"@type\":\"BreadcrumbList\",\"@id\":\"https:\/\/blogi.eoppimispalvelut.fi\/ehospitality\/tietosuojaseloste\/#breadcrumb\",\"itemListElement\":[{\"@type\":\"ListItem\",\"position\":1,\"name\":\"Home\",\"item\":\"https:\/\/blogi.eoppimispalvelut.fi\/ehospitality\/\"},{\"@type\":\"ListItem\",\"position\":2,\"name\":\"Tietosuojaseloste\"}]},{\"@type\":\"WebSite\",\"@id\":\"https:\/\/blogi.eoppimispalvelut.fi\/ehospitality\/#website\",\"url\":\"https:\/\/blogi.eoppimispalvelut.fi\/ehospitality\/\",\"name\":\"Teko\u00e4ly matkailun myynti- ja markkinointiprosessien tukena\",\"description\":\"\",\"potentialAction\":[{\"@type\":\"SearchAction\",\"target\":{\"@type\":\"EntryPoint\",\"urlTemplate\":\"https:\/\/blogi.eoppimispalvelut.fi\/ehospitality\/?s={search_term_string}\"},\"query-input\":{\"@type\":\"PropertyValueSpecification\",\"valueRequired\":true,\"valueName\":\"search_term_string\"}}],\"inLanguage\":\"fi\"}]}<\/script>\n<!-- \/ Yoast SEO plugin. -->","yoast_head_json":{"title":"Tietosuojaseloste - Teko\u00e4ly matkailun myynti- ja markkinointiprosessien tukena","robots":{"index":"index","follow":"follow","max-snippet":"max-snippet:-1","max-image-preview":"max-image-preview:large","max-video-preview":"max-video-preview:-1"},"canonical":"https:\/\/blogi.eoppimispalvelut.fi\/ehospitality\/tietosuojaseloste\/","og_locale":"fi_FI","og_type":"article","og_title":"Tietosuojaseloste - Teko\u00e4ly matkailun myynti- ja markkinointiprosessien tukena","og_description":"Tietosuojaseloste Rekisterinpit\u00e4j\u00e4: Teko\u00e4ly matkailun markkinointi- ja myyntiprosessien tukena. Jokiv\u00e4yl\u00e4 11, 96300 ROVANIEMI. Ker\u00e4tt\u00e4v\u00e4t tiedot: Ker\u00e4\u00e4mme seuraavia henkil\u00f6tietoja uutiskirjeen tilaajilta: Tietojen k\u00e4ytt\u00f6tarkoitus: Henkil\u00f6tietoja k\u00e4ytet\u00e4\u00e4n uutiskirjeen l\u00e4hett\u00e4miseen ja hankkeen tiedottamiseen. Tietojen s\u00e4ilytysaika: S\u00e4ilyt\u00e4mme henkil\u00f6tietoja niin kauan kuin uutiskirjeen tilaaja haluaa vastaanottaa uutiskirjeit\u00e4. Tilaaja voi peruuttaa tilauksen milloin tahansa, jolloin tiedot poistetaan. Rekister\u00f6idyn oikeudet: Tilaajalla on oikeus: Tietojen [&hellip;]","og_url":"https:\/\/blogi.eoppimispalvelut.fi\/ehospitality\/tietosuojaseloste\/","og_site_name":"Teko\u00e4ly matkailun myynti- ja markkinointiprosessien tukena","twitter_card":"summary_large_image","twitter_misc":{"Est. reading time":"1 minuutti"},"schema":{"@context":"https:\/\/schema.org","@graph":[{"@type":"WebPage","@id":"https:\/\/blogi.eoppimispalvelut.fi\/ehospitality\/tietosuojaseloste\/","url":"https:\/\/blogi.eoppimispalvelut.fi\/ehospitality\/tietosuojaseloste\/","name":"Tietosuojaseloste - Teko\u00e4ly matkailun myynti- ja markkinointiprosessien tukena","isPartOf":{"@id":"https:\/\/blogi.eoppimispalvelut.fi\/ehospitality\/#website"},"datePublished":"2025-03-21T12:31:29+00:00","breadcrumb":{"@id":"https:\/\/blogi.eoppimispalvelut.fi\/ehospitality\/tietosuojaseloste\/#breadcrumb"},"inLanguage":"fi","potentialAction":[{"@type":"ReadAction","target":["https:\/\/blogi.eoppimispalvelut.fi\/ehospitality\/tietosuojaseloste\/"]}]},{"@type":"BreadcrumbList","@id":"https:\/\/blogi.eoppimispalvelut.fi\/ehospitality\/tietosuojaseloste\/#breadcrumb","itemListElement":[{"@type":"ListItem","position":1,"name":"Home","item":"https:\/\/blogi.eoppimispalvelut.fi\/ehospitality\/"},{"@type":"ListItem","position":2,"name":"Tietosuojaseloste"}]},{"@type":"WebSite","@id":"https:\/\/blogi.eoppimispalvelut.fi\/ehospitality\/#website","url":"https:\/\/blogi.eoppimispalvelut.fi\/ehospitality\/","name":"Teko\u00e4ly matkailun myynti- ja markkinointiprosessien tukena","description":"","potentialAction":[{"@type":"SearchAction","target":{"@type":"EntryPoint","urlTemplate":"https:\/\/blogi.eoppimispalvelut.fi\/ehospitality\/?s={search_term_string}"},"query-input":{"@type":"PropertyValueSpecification","valueRequired":true,"valueName":"search_term_string"}}],"inLanguage":"fi"}]}},"_links":{"self":[{"href":"https:\/\/blogi.eoppimispalvelut.fi\/ehospitality\/wp-json\/wp\/v2\/pages\/1147","targetHints":{"allow":["GET"]}}],"collection":[{"href":"https:\/\/blogi.eoppimispalvelut.fi\/ehospitality\/wp-json\/wp\/v2\/pages"}],"about":[{"href":"https:\/\/blogi.eoppimispalvelut.fi\/ehospitality\/wp-json\/wp\/v2\/types\/page"}],"author":[{"embeddable":true,"href":"https:\/\/blogi.eoppimispalvelut.fi\/ehospitality\/wp-json\/wp\/v2\/users\/1712"}],"replies":[{"embeddable":true,"href":"https:\/\/blogi.eoppimispalvelut.fi\/ehospitality\/wp-json\/wp\/v2\/comments?post=1147"}],"version-history":[{"count":1,"href":"https:\/\/blogi.eoppimispalvelut.fi\/ehospitality\/wp-json\/wp\/v2\/pages\/1147\/revisions"}],"predecessor-version":[{"id":1148,"href":"https:\/\/blogi.eoppimispalvelut.fi\/ehospitality\/wp-json\/wp\/v2\/pages\/1147\/revisions\/1148"}],"wp:attachment":[{"href":"https:\/\/blogi.eoppimispalvelut.fi\/ehospitality\/wp-json\/wp\/v2\/media?parent=1147"}],"curies":[{"name":"wp","href":"https:\/\/api.w.org\/{rel}","templated":true}]}}