{"id":1604,"date":"2026-04-28T14:12:24","date_gmt":"2026-04-28T11:12:24","guid":{"rendered":"https:\/\/blogi.eoppimispalvelut.fi\/ehospitality\/?page_id=1604"},"modified":"2026-04-28T14:24:15","modified_gmt":"2026-04-28T11:24:15","slug":"muut-julkaisut","status":"publish","type":"page","link":"https:\/\/blogi.eoppimispalvelut.fi\/ehospitality\/muut-julkaisut\/","title":{"rendered":"Muut julkaisut"},"content":{"rendered":"\n<p>T\u00e4lle sivulle on koottu t\u00e4m\u00e4n AImama-blogin ja &#8211;<a href=\"https:\/\/blogi.eoppimispalvelut.fi\/ehospitality\/uutiskirjeet\/\" target=\"_blank\" rel=\"noreferrer noopener\">uutiskirjeiden<\/a> ulkopuolella julkaistut hankkeen tuotokset.<\/p>\n\n\n\n<div data-wp-context=\"{ &quot;autoclose&quot;: false, &quot;accordionItems&quot;: [] }\" data-wp-interactive=\"core\/accordion\" role=\"group\" class=\"wp-block-accordion is-layout-flow wp-block-accordion-is-layout-flow\">\n<div data-wp-class--is-open=\"state.isOpen\" data-wp-context=\"{ &quot;id&quot;: &quot;accordion-item-1&quot;, &quot;openByDefault&quot;: false }\" data-wp-init=\"callbacks.initAccordionItems\" data-wp-on-window--hashchange=\"callbacks.hashChange\" class=\"wp-block-accordion-item is-layout-flow wp-block-accordion-item-is-layout-flow\">\n<h3 class=\"wp-block-accordion-heading\"><button aria-expanded=\"false\" aria-controls=\"accordion-item-1-panel\" data-wp-bind--aria-expanded=\"state.isOpen\" data-wp-on--click=\"actions.toggle\" data-wp-on--keydown=\"actions.handleKeyDown\" id=\"accordion-item-1\" type=\"button\" class=\"wp-block-accordion-heading__toggle\"><span class=\"wp-block-accordion-heading__toggle-title\">Konferenssijulkaisut<\/span><span class=\"wp-block-accordion-heading__toggle-icon\" aria-hidden=\"true\">+<\/span><\/button><\/h3>\n\n\n\n<div inert aria-labelledby=\"accordion-item-1\" data-wp-bind--inert=\"!state.isOpen\" id=\"accordion-item-1-panel\" role=\"region\" class=\"wp-block-accordion-panel is-layout-flow wp-block-accordion-panel-is-layout-flow\">\n<ol start=\"1\" class=\"wp-block-list\">\n<li><a href=\"https:\/\/www.theseus.fi\/bitstream\/handle\/10024\/913304\/Artificial_Intelligence_in_Tourism_and_Hospitality_Marketing.pdf?sequence=-1\">ENTER25 WP Proceedings v1.2<\/a>&nbsp;Artificial Intelligence in Tourism and Hospitality Marketing \u2013 Nexus of Human and Nonhuman Practices<br>2025 Hanni-Vaara, P. &amp; Paloniemi, P.<br>Teko\u00e4ly muuttaa matkailu- ja hospitality-alan markkinointia kohti dataohjautuvia ja yh\u00e4 personoidumpia ratkaisuja. Sen avulla yritykset voivat ymm\u00e4rt\u00e4\u00e4 asiakkaitaan paremmin ja kehitt\u00e4\u00e4 tehokkaampia markkinointik\u00e4yt\u00e4nt\u00f6j\u00e4. T\u00e4m\u00e4 tutkimus on osa kansainv\u00e4lisen ENTER eTourism -konferenssin (IFITT) working paper -julkaisua, joka kokoaa ajankohtaista tutkimusta matkailun ja teknologian rajapinnasta. Julkaisussa tarkastellaan teko\u00e4lyn roolia erityisesti Lapin matkailukontekstissa sek\u00e4 sit\u00e4, miten organisaatiot hy\u00f6dynt\u00e4v\u00e4t teko\u00e4ly\u00e4 markkinoinnissaan. Samalla se tuo esiin sek\u00e4 mahdollisuuksia ett\u00e4 haasteita, kuten osaamisen ja resurssien riitt\u00e4vyyden.<\/li>\n<\/ol>\n<\/div>\n<\/div>\n<\/div>\n\n\n\n<div data-wp-context=\"{ &quot;autoclose&quot;: false, &quot;accordionItems&quot;: [] }\" data-wp-interactive=\"core\/accordion\" role=\"group\" class=\"wp-block-accordion is-layout-flow wp-block-accordion-is-layout-flow\">\n<div data-wp-class--is-open=\"state.isOpen\" data-wp-context=\"{ &quot;id&quot;: &quot;accordion-item-3&quot;, &quot;openByDefault&quot;: false }\" data-wp-init=\"callbacks.initAccordionItems\" data-wp-on-window--hashchange=\"callbacks.hashChange\" class=\"wp-block-accordion-item is-layout-flow wp-block-accordion-item-is-layout-flow\">\n<h3 class=\"wp-block-accordion-heading\"><button aria-expanded=\"false\" aria-controls=\"accordion-item-3-panel\" data-wp-bind--aria-expanded=\"state.isOpen\" data-wp-on--click=\"actions.toggle\" data-wp-on--keydown=\"actions.handleKeyDown\" id=\"accordion-item-3\" type=\"button\" class=\"wp-block-accordion-heading__toggle\"><span class=\"wp-block-accordion-heading__toggle-title\">Muut artikkelit<\/span><span class=\"wp-block-accordion-heading__toggle-icon\" aria-hidden=\"true\">+<\/span><\/button><\/h3>\n\n\n\n<div inert aria-labelledby=\"accordion-item-3\" data-wp-bind--inert=\"!state.isOpen\" id=\"accordion-item-3-panel\" role=\"region\" class=\"wp-block-accordion-panel is-layout-flow wp-block-accordion-panel-is-layout-flow\">\n<ol start=\"1\" class=\"wp-block-list\">\n<li><a href=\"https:\/\/lapinamk.fi\/blogiartikkeli\/kuinka-tekoaly-kesytetaan-tekoalyn-toiminta-tutuksi-tekemalla-oma-kielimalli\/\" target=\"_blank\" rel=\"noreferrer noopener\">Kuinka teko\u00e4ly kesytet\u00e4\u00e4n. Teko\u00e4lyn toiminta tutuksi tekem\u00e4ll\u00e4 oma kielimalli&nbsp; &nbsp; \u2013 Lapin ammattikorkeakoulu<\/a><br>16.6.2025 Pajula, M.<br>Teko\u00e4ly tuntuu usein mustalta laatikolta: se antaa vastauksia, mutta sen toimintaa on vaikea ymm\u00e4rt\u00e4\u00e4 tai hallita. Ent\u00e4 jos teko\u00e4lyn voisi ottaa haltuun palanen kerrallaan? T\u00e4ss\u00e4 Pohjoisen tekij\u00e4t -blogitekstiss\u00e4 avataan k\u00e4yt\u00e4nn\u00f6nl\u00e4heisesti, miten teko\u00e4lyn toimintaa voi oppia ymm\u00e4rt\u00e4m\u00e4\u00e4n ja kesytt\u00e4m\u00e4\u00e4n rakentamalla oman yksinkertaisen kielimallin \u2013 ilman syv\u00e4llist\u00e4 ohjelmointiosaamista. Kun teko\u00e4lyn logiikka tulee tutuksi tekemisen kautta, my\u00f6s sen mahdollisuudet avautuvat aivan uudella tavalla.<br><\/li>\n\n\n\n<li><a href=\"https:\/\/blogi.eoppimispalvelut.fi\/lumenlehti\/2025\/10\/30\/tasapainoilua-tekoalyn-ja-luonnon-valilla-lapin-matkailussa\/\">Tasapainoilua teko\u00e4lyn ja luonnon v\u00e4lill\u00e4 Lapin matkailussa \u2013 Lumen<\/a><br>30.10.2025 Hanni-Vaara, P., K\u00e4hk\u00f6nen, O., Pajula, M. &amp; Paloniemi, P.<br>Matkailualalla etsit\u00e4\u00e4n laadukkaita, resurssiviisaita ja operaatioita sujuvoittavia teko\u00e4lyratkaisuja, jotka helpottaisivat yritt\u00e4jien arkea. Samalla ratkaisujen tulisi tukea entist\u00e4 kitkattomammin matkailijoiden kokemuksia palvelupolun jokaisessa kosketuspisteess\u00e4. Luonto ja lappilaisuus kaikkine erityispiirteineen asettavat t\u00e4rke\u00e4n vastapainon teko\u00e4lylle ja sen verhon takaiselle toiminnalle. Luonto vastuuttaa meid\u00e4t alueen toimijoina eettiseen, osin kriittiseenkin tarkasteluun etsiess\u00e4mme teko\u00e4lyratkaisuja tulevaisuuteen. Artikkelissa tarkastellaan digitalisaatiota, erityisesti teko\u00e4ly\u00e4 matkailun myynniss\u00e4 ja markkinoinnissa.<br><\/li>\n\n\n\n<li><a href=\"https:\/\/blogi.eoppimispalvelut.fi\/lumenlehti\/2026\/02\/05\/tekoaly-matkailun-myynti-ja-markkinointiprosessien-tukena-lapin-matkailuyritysten-nykytilaselvityksen-havainnot\/\" target=\"_blank\" rel=\"noreferrer noopener\">Teko\u00e4ly matkailun myynti- ja markkinointiprosessien tukena: Lapin matkailuyritysten nykytilaselvityksen havainnot \u2013 Lumen<\/a><br>5.2.2026 Paloniemi, P., Hanni-Vaara, P. &amp; K\u00e4hk\u00f6nen, O.<br>Teko\u00e4ly matkailun myynti- ja markkinointiprosessien tukena hankkeen laadullisen nykytilaselvityksen tavoitteena oli tarkastella teko\u00e4lyn (AI) hy\u00f6dynt\u00e4miseen liittyvi\u00e4 myynti- ja markkinointik\u00e4yt\u00e4nt\u00f6j\u00e4 Lapin matkailuyrityksiss\u00e4. Selvitys pohjautuu kolmeen eri aineistoon, jotka on ker\u00e4tty huhtikuun 2024 ja tammikuun 2025 v\u00e4lisen\u00e4 aikana Lapin matkailuyrityksiss\u00e4.<br><\/li>\n\n\n\n<li><a href=\"https:\/\/blogi.eoppimispalvelut.fi\/lumenlehti\/2026\/02\/05\/tekoaly-kielimuurien-murtajana-7-vinkkia\/\" target=\"_blank\" rel=\"noreferrer noopener\">Teko\u00e4ly kielimuurien murtajana \u2013 7 vinkki\u00e4 \u2013 Lumen<\/a><br>5.2.2026 K\u00e4hk\u00f6nen, O.<br>Yleiset kielimallit kuten ChatGPT, Gemini ja Copilot ovat n\u00e4pp\u00e4ri\u00e4 k\u00e4\u00e4nt\u00e4m\u00e4\u00e4n teksti\u00e4.&nbsp; Laatu on parantunut huomattavasti alkuajoista. Teko\u00e4ly tarjoaa aikaa s\u00e4\u00e4st\u00e4vi\u00e4 keinoja ylitt\u00e4\u00e4 kielimuureja sek\u00e4 opetuksessa ett\u00e4 liiketoiminnassa. T\u00e4ss\u00e4 artikkelissa k\u00e4yd\u00e4\u00e4n l\u00e4pi osin tuttujakin sovelluksia, jotka auttavat murtamaan kielimuureja arjessa. Mukana on hy\u00f6dyllisi\u00e4 ja helppok\u00e4ytt\u00f6isi\u00e4 sovelluksia ja ratkaisuja niin korkeakouluyhteis\u00f6lle kuin yritt\u00e4jillekin.<br><\/li>\n\n\n\n<li><a href=\"https:\/\/blogi.eoppimispalvelut.fi\/lumenlehti\/2026\/02\/05\/monimediaisen-hankeviestinnan-kokeiluja-tekoalyn-avulla\/\" target=\"_blank\" rel=\"noreferrer noopener\">Monimediaisen hankeviestinn\u00e4n kokeiluja teko\u00e4lyn avulla \u2013 Lumen<\/a><br>5.2.2026 K\u00e4hk\u00f6nen, O.<br>Teko\u00e4lyn kokeileminen kannattaa aloittaa uteliaalla asenteella. Leikkimielisyys ja lupa ep\u00e4onnistua tekev\u00e4t oppimisesta nopeampaa. AImama-hankkeen yhten\u00e4 tavoitteena on ollut kokeilla generatiivisen teko\u00e4lyn hy\u00f6dynt\u00e4mist\u00e4 my\u00f6s hankeviestinn\u00e4ss\u00e4 mahdollisimman monipuolisesti. Tavoitteena ei ollut automatisoida viestint\u00e4\u00e4, vaan k\u00e4yt\u00e4nn\u00f6n kokeilujen kautta ymm\u00e4rt\u00e4\u00e4, millaisia uusia mahdollisuuksia teko\u00e4ly tarjoaa. L\u00e4ht\u00f6kohtana on ollut ajatus siit\u00e4, ett\u00e4 opit ja ty\u00f6kalut olisivat sovellettavissa my\u00f6s ilman viestinn\u00e4n tai visuaalisen suunnittelun koulutusta. <\/li>\n<\/ol>\n\n\n\n<div data-wp-context=\"{ &quot;autoclose&quot;: false, &quot;accordionItems&quot;: [] }\" data-wp-interactive=\"core\/accordion\" role=\"group\" class=\"wp-block-accordion is-layout-flow wp-block-accordion-is-layout-flow\"><\/div>\n<\/div>\n<\/div>\n<\/div>\n\n\n\n<div data-wp-context=\"{ &quot;autoclose&quot;: false, &quot;accordionItems&quot;: [] }\" data-wp-interactive=\"core\/accordion\" role=\"group\" class=\"wp-block-accordion is-layout-flow wp-block-accordion-is-layout-flow\">\n<div data-wp-class--is-open=\"state.isOpen\" data-wp-context=\"{ &quot;id&quot;: &quot;accordion-item-4&quot;, &quot;openByDefault&quot;: false }\" data-wp-init=\"callbacks.initAccordionItems\" data-wp-on-window--hashchange=\"callbacks.hashChange\" class=\"wp-block-accordion-item is-layout-flow wp-block-accordion-item-is-layout-flow\">\n<h3 class=\"wp-block-accordion-heading\"><button aria-expanded=\"false\" aria-controls=\"accordion-item-4-panel\" data-wp-bind--aria-expanded=\"state.isOpen\" data-wp-on--click=\"actions.toggle\" data-wp-on--keydown=\"actions.handleKeyDown\" id=\"accordion-item-4\" type=\"button\" class=\"wp-block-accordion-heading__toggle\"><span class=\"wp-block-accordion-heading__toggle-title\">Videot ja podcastit<\/span><span class=\"wp-block-accordion-heading__toggle-icon\" aria-hidden=\"true\">+<\/span><\/button><\/h3>\n\n\n\n<div inert aria-labelledby=\"accordion-item-4\" data-wp-bind--inert=\"!state.isOpen\" id=\"accordion-item-4-panel\" role=\"region\" class=\"wp-block-accordion-panel is-layout-flow wp-block-accordion-panel-is-layout-flow\">\n<ol start=\"1\" class=\"wp-block-list\">\n<li><a href=\"https:\/\/www.youtube.com\/@aimama-lapinamk\" target=\"_blank\" rel=\"noreferrer noopener\">AImama-hankkeen oma YouTube-kanava<\/a><br><\/li>\n\n\n\n<li><a href=\"https:\/\/soundcloud.com\/ehospitality\/sets\" target=\"_blank\" rel=\"noreferrer noopener\">AImama-hankkeen oma SoundCloud-soittolista<\/a><br><\/li>\n\n\n\n<li><a href=\"https:\/\/www.youtube.com\/watch?v=QvY_sVHr6rg\">Miten teko\u00e4ly toimii<\/a><br>4.6.2025 Pajula, M.<br>Uusi ja uljas teko\u00e4lyn aikakausi on jo koittanut, ja vaikka se lupaa mullistuksia, se her\u00e4tt\u00e4\u00e4 my\u00f6s ymm\u00e4rrett\u00e4v\u00e4sti huolta ja jopa pelkoja dystopian mahdollisuudesta.\u00a0\u201dMiten teko\u00e4ly toimii\u201d pyrkii h\u00e4lvent\u00e4m\u00e4\u00e4n t\u00e4t\u00e4 hype-usvaa ja demystifioimaan teko\u00e4ly\u00e4 kutsumalla meid\u00e4t kurkistamaan sen \u201dkonepellin alle\u201d. Kuten h\u00f6yryveturit 1800-luvulla her\u00e4ttiv\u00e4t h\u00e4mmennyst\u00e4 ja pelkoa tuntemattomuudellaan, teko\u00e4lyn toimintaperiaatteiden ymm\u00e4rt\u00e4minen voi muuttaa sen pelottavasta tutuksi ja arkiseksi.<\/li>\n<\/ol>\n<\/div>\n<\/div>\n<\/div>\n\n\n\n<p><br><\/p>\n","protected":false},"excerpt":{"rendered":"<p>T\u00e4lle sivulle on koottu t\u00e4m\u00e4n AImama-blogin ja &#8211;uutiskirjeiden ulkopuolella julkaistut hankkeen tuotokset.<\/p>\n","protected":false},"author":1712,"featured_media":0,"parent":0,"menu_order":0,"comment_status":"closed","ping_status":"closed","template":"","meta":{"_monsterinsights_skip_tracking":false,"_monsterinsights_sitenote_active":false,"_monsterinsights_sitenote_note":"","_monsterinsights_sitenote_category":0,"footnotes":""},"class_list":["post-1604","page","type-page","status-publish","hentry"],"yoast_head":"<!-- This site is optimized with the Yoast SEO plugin v27.4 - https:\/\/yoast.com\/product\/yoast-seo-wordpress\/ -->\n<title>Muut julkaisut - Teko\u00e4ly matkailun myynti- ja markkinointiprosessien tukena<\/title>\n<meta name=\"robots\" content=\"index, follow, max-snippet:-1, max-image-preview:large, max-video-preview:-1\" \/>\n<link rel=\"canonical\" href=\"https:\/\/blogi.eoppimispalvelut.fi\/ehospitality\/muut-julkaisut\/\" \/>\n<meta property=\"og:locale\" content=\"fi_FI\" \/>\n<meta property=\"og:type\" content=\"article\" \/>\n<meta property=\"og:title\" content=\"Muut julkaisut - Teko\u00e4ly matkailun myynti- ja markkinointiprosessien tukena\" \/>\n<meta property=\"og:description\" content=\"T\u00e4lle sivulle on koottu t\u00e4m\u00e4n AImama-blogin ja &#8211;uutiskirjeiden ulkopuolella julkaistut hankkeen tuotokset.\" \/>\n<meta property=\"og:url\" content=\"https:\/\/blogi.eoppimispalvelut.fi\/ehospitality\/muut-julkaisut\/\" \/>\n<meta property=\"og:site_name\" content=\"Teko\u00e4ly matkailun myynti- ja markkinointiprosessien tukena\" \/>\n<meta property=\"article:modified_time\" content=\"2026-04-28T11:24:15+00:00\" \/>\n<meta name=\"twitter:card\" content=\"summary_large_image\" \/>\n<meta name=\"twitter:label1\" content=\"Est. reading time\" \/>\n\t<meta name=\"twitter:data1\" content=\"4 minuuttia\" \/>\n<script type=\"application\/ld+json\" class=\"yoast-schema-graph\">{\"@context\":\"https:\\\/\\\/schema.org\",\"@graph\":[{\"@type\":\"WebPage\",\"@id\":\"https:\\\/\\\/blogi.eoppimispalvelut.fi\\\/ehospitality\\\/muut-julkaisut\\\/\",\"url\":\"https:\\\/\\\/blogi.eoppimispalvelut.fi\\\/ehospitality\\\/muut-julkaisut\\\/\",\"name\":\"Muut julkaisut - Teko\u00e4ly matkailun myynti- ja markkinointiprosessien tukena\",\"isPartOf\":{\"@id\":\"https:\\\/\\\/blogi.eoppimispalvelut.fi\\\/ehospitality\\\/#website\"},\"datePublished\":\"2026-04-28T11:12:24+00:00\",\"dateModified\":\"2026-04-28T11:24:15+00:00\",\"breadcrumb\":{\"@id\":\"https:\\\/\\\/blogi.eoppimispalvelut.fi\\\/ehospitality\\\/muut-julkaisut\\\/#breadcrumb\"},\"inLanguage\":\"fi\",\"potentialAction\":[{\"@type\":\"ReadAction\",\"target\":[\"https:\\\/\\\/blogi.eoppimispalvelut.fi\\\/ehospitality\\\/muut-julkaisut\\\/\"]}]},{\"@type\":\"BreadcrumbList\",\"@id\":\"https:\\\/\\\/blogi.eoppimispalvelut.fi\\\/ehospitality\\\/muut-julkaisut\\\/#breadcrumb\",\"itemListElement\":[{\"@type\":\"ListItem\",\"position\":1,\"name\":\"Home\",\"item\":\"https:\\\/\\\/blogi.eoppimispalvelut.fi\\\/ehospitality\\\/\"},{\"@type\":\"ListItem\",\"position\":2,\"name\":\"Muut julkaisut\"}]},{\"@type\":\"WebSite\",\"@id\":\"https:\\\/\\\/blogi.eoppimispalvelut.fi\\\/ehospitality\\\/#website\",\"url\":\"https:\\\/\\\/blogi.eoppimispalvelut.fi\\\/ehospitality\\\/\",\"name\":\"Teko\u00e4ly matkailun myynti- ja markkinointiprosessien tukena\",\"description\":\"\",\"potentialAction\":[{\"@type\":\"SearchAction\",\"target\":{\"@type\":\"EntryPoint\",\"urlTemplate\":\"https:\\\/\\\/blogi.eoppimispalvelut.fi\\\/ehospitality\\\/?s={search_term_string}\"},\"query-input\":{\"@type\":\"PropertyValueSpecification\",\"valueRequired\":true,\"valueName\":\"search_term_string\"}}],\"inLanguage\":\"fi\"}]}<\/script>\n<!-- \/ Yoast SEO plugin. -->","yoast_head_json":{"title":"Muut julkaisut - Teko\u00e4ly matkailun myynti- ja markkinointiprosessien tukena","robots":{"index":"index","follow":"follow","max-snippet":"max-snippet:-1","max-image-preview":"max-image-preview:large","max-video-preview":"max-video-preview:-1"},"canonical":"https:\/\/blogi.eoppimispalvelut.fi\/ehospitality\/muut-julkaisut\/","og_locale":"fi_FI","og_type":"article","og_title":"Muut julkaisut - Teko\u00e4ly matkailun myynti- ja markkinointiprosessien tukena","og_description":"T\u00e4lle sivulle on koottu t\u00e4m\u00e4n AImama-blogin ja &#8211;uutiskirjeiden ulkopuolella julkaistut hankkeen tuotokset.","og_url":"https:\/\/blogi.eoppimispalvelut.fi\/ehospitality\/muut-julkaisut\/","og_site_name":"Teko\u00e4ly matkailun myynti- ja markkinointiprosessien tukena","article_modified_time":"2026-04-28T11:24:15+00:00","twitter_card":"summary_large_image","twitter_misc":{"Est. reading time":"4 minuuttia"},"schema":{"@context":"https:\/\/schema.org","@graph":[{"@type":"WebPage","@id":"https:\/\/blogi.eoppimispalvelut.fi\/ehospitality\/muut-julkaisut\/","url":"https:\/\/blogi.eoppimispalvelut.fi\/ehospitality\/muut-julkaisut\/","name":"Muut julkaisut - Teko\u00e4ly matkailun myynti- ja markkinointiprosessien tukena","isPartOf":{"@id":"https:\/\/blogi.eoppimispalvelut.fi\/ehospitality\/#website"},"datePublished":"2026-04-28T11:12:24+00:00","dateModified":"2026-04-28T11:24:15+00:00","breadcrumb":{"@id":"https:\/\/blogi.eoppimispalvelut.fi\/ehospitality\/muut-julkaisut\/#breadcrumb"},"inLanguage":"fi","potentialAction":[{"@type":"ReadAction","target":["https:\/\/blogi.eoppimispalvelut.fi\/ehospitality\/muut-julkaisut\/"]}]},{"@type":"BreadcrumbList","@id":"https:\/\/blogi.eoppimispalvelut.fi\/ehospitality\/muut-julkaisut\/#breadcrumb","itemListElement":[{"@type":"ListItem","position":1,"name":"Home","item":"https:\/\/blogi.eoppimispalvelut.fi\/ehospitality\/"},{"@type":"ListItem","position":2,"name":"Muut julkaisut"}]},{"@type":"WebSite","@id":"https:\/\/blogi.eoppimispalvelut.fi\/ehospitality\/#website","url":"https:\/\/blogi.eoppimispalvelut.fi\/ehospitality\/","name":"Teko\u00e4ly matkailun myynti- ja markkinointiprosessien tukena","description":"","potentialAction":[{"@type":"SearchAction","target":{"@type":"EntryPoint","urlTemplate":"https:\/\/blogi.eoppimispalvelut.fi\/ehospitality\/?s={search_term_string}"},"query-input":{"@type":"PropertyValueSpecification","valueRequired":true,"valueName":"search_term_string"}}],"inLanguage":"fi"}]}},"_links":{"self":[{"href":"https:\/\/blogi.eoppimispalvelut.fi\/ehospitality\/wp-json\/wp\/v2\/pages\/1604","targetHints":{"allow":["GET"]}}],"collection":[{"href":"https:\/\/blogi.eoppimispalvelut.fi\/ehospitality\/wp-json\/wp\/v2\/pages"}],"about":[{"href":"https:\/\/blogi.eoppimispalvelut.fi\/ehospitality\/wp-json\/wp\/v2\/types\/page"}],"author":[{"embeddable":true,"href":"https:\/\/blogi.eoppimispalvelut.fi\/ehospitality\/wp-json\/wp\/v2\/users\/1712"}],"replies":[{"embeddable":true,"href":"https:\/\/blogi.eoppimispalvelut.fi\/ehospitality\/wp-json\/wp\/v2\/comments?post=1604"}],"version-history":[{"count":5,"href":"https:\/\/blogi.eoppimispalvelut.fi\/ehospitality\/wp-json\/wp\/v2\/pages\/1604\/revisions"}],"predecessor-version":[{"id":1612,"href":"https:\/\/blogi.eoppimispalvelut.fi\/ehospitality\/wp-json\/wp\/v2\/pages\/1604\/revisions\/1612"}],"wp:attachment":[{"href":"https:\/\/blogi.eoppimispalvelut.fi\/ehospitality\/wp-json\/wp\/v2\/media?parent=1604"}],"curies":[{"name":"wp","href":"https:\/\/api.w.org\/{rel}","templated":true}]}}