{"id":591,"date":"2023-05-22T15:55:12","date_gmt":"2023-05-22T12:55:12","guid":{"rendered":"https:\/\/blogi.eoppimispalvelut.fi\/ehospitality\/?page_id=591"},"modified":"2023-08-14T09:31:00","modified_gmt":"2023-08-14T06:31:00","slug":"nykytila-analyysi","status":"publish","type":"page","link":"https:\/\/blogi.eoppimispalvelut.fi\/ehospitality\/nykytila-analyysi\/","title":{"rendered":"Nykytila-analyysi"},"content":{"rendered":"\n<p><strong>T\u00e4m\u00e4 osio esittelee digitaalisen matkailun nykytilaa Lapissa, jota selvitimme monipuolisesti alkuvuodesta 2022.<\/strong> <strong>Mit\u00e4 kuuluu Lapin matkailuyritt\u00e4jien digiarkeen, -haasteisiin ja -n\u00e4kymiin? <\/strong><\/p>\n\n\n\n<p>Tutustu aiheeseen nykytila-analyysikoosteen sek\u00e4 konferenssiesityksien ja opinn\u00e4ytet\u00f6iden avulla.<\/p>\n\n\n\n<div style=\"height:62px\" aria-hidden=\"true\" class=\"wp-block-spacer\"><\/div>\n\n\n\n<p class=\"wp-block-pdfemb-pdf-embedder-viewer\"><\/p>\n\n\n\n<p>Esittelimme hankkeen tuloksia <\/p>\n\n\n\n<ul class=\"wp-block-list\">\n<li>ICRT <a href=\"https:\/\/www.jamk.fi\/en\/project\/icrt-finland\/responsible-tourism-in-destinations-conference\" target=\"_blank\" rel=\"noreferrer noopener\">Responsible Tourism in Destinations<\/a>  -konferenssissa Helsingiss\u00e4 9.\u201310. kes\u00e4kuuta 2022 ja <a href=\"https:\/\/urn.fi\/URN:ISBN:978-951-830-667-5\" target=\"_blank\" rel=\"noreferrer noopener\">Special Issues in Responsible Tourism Vol. 2<\/a> -julkaisun artikkelissa  <a href=\"https:\/\/urn.fi\/URN:ISBN:978-951-830-667-5\" target=\"_blank\" rel=\"noreferrer noopener\">RESPONSIBLE STRATEGIES AND PRACTICES IN DIGITAL TOURISM \u2013 CASE DESTINATION FINNISH LAPLAND<\/a> (sivut 88-99)&nbsp;&nbsp;sek\u00e4<\/li>\n\n\n\n<li><a href=\"https:\/\/www.nordicsymposium2022.fi\/\" target=\"_blank\" rel=\"noreferrer noopener\">Nordic Symposiumissa<\/a> Porvoossa, 26.-29. syyskuuta 2022, <a href=\"https:\/\/www.nordicsymposium2022.fi\/files\/2022\/09\/Book-of-Abstracts.pdf\" target=\"_blank\" rel=\"noreferrer noopener\">lue abstraktimme s. 156<\/a>.<\/li>\n<\/ul>\n\n\n\n<p><\/p>\n\n\n\n<p>Restonomiopiskelijat tutkivat Visit Sallan toimeksiannosta digitaalista vieraanvaraisuutta<\/p>\n\n\n\n<ul class=\"wp-block-list\">\n<li><a href=\"https:\/\/www.theseus.fi\/handle\/10024\/750815\" target=\"_blank\" rel=\"noreferrer noopener\">Digitaalinen vieraanvaraisuus palvelukohtaamisissa ennen matkaa &#8211; Theseus<\/a>&nbsp;<\/li>\n\n\n\n<li><a href=\"https:\/\/www.theseus.fi\/handle\/10024\/783869\" target=\"_blank\" rel=\"noreferrer noopener\">Digitaalinen vieraanvaraisuus palvelukohtaamisissa matkan aikana &#8211; Theseus<\/a><\/li>\n<\/ul>\n\n\n\n<div style=\"height:24px\" aria-hidden=\"true\" class=\"wp-block-spacer\"><\/div>\n\n\n\n<p>Nykytila-analyysin ja muun tutkimustiedon pohjalta teimme digikokeiluja lappilaisten yritysten ja yhteis\u00f6jen kanssa. P\u00e4\u00e4set tutustumaan niihin <a href=\"https:\/\/blogi.eoppimispalvelut.fi\/ehospitality\/tutustu-mediajulkaisuumme\/\" target=\"_blank\" rel=\"noreferrer noopener\">infograafin<\/a> muiden palluroiden kautta. <\/p>\n","protected":false},"excerpt":{"rendered":"<p>T\u00e4m\u00e4 osio esittelee digitaalisen matkailun nykytilaa Lapissa, jota selvitimme monipuolisesti alkuvuodesta 2022. Mit\u00e4 kuuluu Lapin matkailuyritt\u00e4jien digiarkeen, -haasteisiin ja -n\u00e4kymiin? Tutustu aiheeseen nykytila-analyysikoosteen sek\u00e4 konferenssiesityksien ja opinn\u00e4ytet\u00f6iden avulla. Esittelimme hankkeen tuloksia Restonomiopiskelijat tutkivat Visit Sallan toimeksiannosta digitaalista vieraanvaraisuutta Nykytila-analyysin ja muun tutkimustiedon pohjalta teimme digikokeiluja lappilaisten yritysten ja yhteis\u00f6jen kanssa. P\u00e4\u00e4set tutustumaan niihin infograafin muiden [&hellip;]<\/p>\n","protected":false},"author":1712,"featured_media":0,"parent":0,"menu_order":0,"comment_status":"closed","ping_status":"closed","template":"","meta":{"_monsterinsights_skip_tracking":false,"_monsterinsights_sitenote_active":false,"_monsterinsights_sitenote_note":"","_monsterinsights_sitenote_category":0,"footnotes":""},"class_list":["post-591","page","type-page","status-publish","hentry"],"yoast_head":"<!-- This site is optimized with the Yoast SEO plugin v27.1.1 - https:\/\/yoast.com\/product\/yoast-seo-wordpress\/ -->\n<title>Nykytila-analyysi - Teko\u00e4ly matkailun myynti- ja markkinointiprosessien tukena<\/title>\n<meta name=\"description\" content=\"Mediajulkaisumme nykytila-analyysiosio esittelee digitaalisen matkailun nykytilaa Lapissa, jota selvitimme eHospitality-hankkeessa monipuolisesti alkuvuodesta 2022.\" \/>\n<meta name=\"robots\" content=\"index, follow, max-snippet:-1, max-image-preview:large, max-video-preview:-1\" \/>\n<link rel=\"canonical\" href=\"https:\/\/blogi.eoppimispalvelut.fi\/ehospitality\/nykytila-analyysi\/\" \/>\n<meta property=\"og:locale\" content=\"fi_FI\" \/>\n<meta property=\"og:type\" content=\"article\" \/>\n<meta property=\"og:title\" content=\"Nykytila-analyysi - Teko\u00e4ly matkailun myynti- ja markkinointiprosessien tukena\" \/>\n<meta property=\"og:description\" content=\"Mediajulkaisumme nykytila-analyysiosio esittelee digitaalisen matkailun nykytilaa Lapissa, jota selvitimme eHospitality-hankkeessa monipuolisesti alkuvuodesta 2022.\" \/>\n<meta property=\"og:url\" content=\"https:\/\/blogi.eoppimispalvelut.fi\/ehospitality\/nykytila-analyysi\/\" \/>\n<meta property=\"og:site_name\" content=\"Teko\u00e4ly matkailun myynti- ja markkinointiprosessien tukena\" \/>\n<meta property=\"article:modified_time\" content=\"2023-08-14T06:31:00+00:00\" \/>\n<meta name=\"twitter:card\" content=\"summary_large_image\" \/>\n<meta name=\"twitter:label1\" content=\"Est. reading time\" \/>\n\t<meta name=\"twitter:data1\" content=\"1 minuutti\" \/>\n<script type=\"application\/ld+json\" class=\"yoast-schema-graph\">{\"@context\":\"https:\/\/schema.org\",\"@graph\":[{\"@type\":\"WebPage\",\"@id\":\"https:\/\/blogi.eoppimispalvelut.fi\/ehospitality\/nykytila-analyysi\/\",\"url\":\"https:\/\/blogi.eoppimispalvelut.fi\/ehospitality\/nykytila-analyysi\/\",\"name\":\"Nykytila-analyysi - Teko\u00e4ly matkailun myynti- ja markkinointiprosessien tukena\",\"isPartOf\":{\"@id\":\"https:\/\/blogi.eoppimispalvelut.fi\/ehospitality\/#website\"},\"datePublished\":\"2023-05-22T12:55:12+00:00\",\"dateModified\":\"2023-08-14T06:31:00+00:00\",\"description\":\"Mediajulkaisumme nykytila-analyysiosio esittelee digitaalisen matkailun nykytilaa Lapissa, jota selvitimme eHospitality-hankkeessa monipuolisesti alkuvuodesta 2022.\",\"breadcrumb\":{\"@id\":\"https:\/\/blogi.eoppimispalvelut.fi\/ehospitality\/nykytila-analyysi\/#breadcrumb\"},\"inLanguage\":\"fi\",\"potentialAction\":[{\"@type\":\"ReadAction\",\"target\":[\"https:\/\/blogi.eoppimispalvelut.fi\/ehospitality\/nykytila-analyysi\/\"]}]},{\"@type\":\"BreadcrumbList\",\"@id\":\"https:\/\/blogi.eoppimispalvelut.fi\/ehospitality\/nykytila-analyysi\/#breadcrumb\",\"itemListElement\":[{\"@type\":\"ListItem\",\"position\":1,\"name\":\"Home\",\"item\":\"https:\/\/blogi.eoppimispalvelut.fi\/ehospitality\/\"},{\"@type\":\"ListItem\",\"position\":2,\"name\":\"Nykytila-analyysi\"}]},{\"@type\":\"WebSite\",\"@id\":\"https:\/\/blogi.eoppimispalvelut.fi\/ehospitality\/#website\",\"url\":\"https:\/\/blogi.eoppimispalvelut.fi\/ehospitality\/\",\"name\":\"Teko\u00e4ly matkailun myynti- ja markkinointiprosessien tukena\",\"description\":\"\",\"potentialAction\":[{\"@type\":\"SearchAction\",\"target\":{\"@type\":\"EntryPoint\",\"urlTemplate\":\"https:\/\/blogi.eoppimispalvelut.fi\/ehospitality\/?s={search_term_string}\"},\"query-input\":{\"@type\":\"PropertyValueSpecification\",\"valueRequired\":true,\"valueName\":\"search_term_string\"}}],\"inLanguage\":\"fi\"}]}<\/script>\n<!-- \/ Yoast SEO plugin. -->","yoast_head_json":{"title":"Nykytila-analyysi - Teko\u00e4ly matkailun myynti- ja markkinointiprosessien tukena","description":"Mediajulkaisumme nykytila-analyysiosio esittelee digitaalisen matkailun nykytilaa Lapissa, jota selvitimme eHospitality-hankkeessa monipuolisesti alkuvuodesta 2022.","robots":{"index":"index","follow":"follow","max-snippet":"max-snippet:-1","max-image-preview":"max-image-preview:large","max-video-preview":"max-video-preview:-1"},"canonical":"https:\/\/blogi.eoppimispalvelut.fi\/ehospitality\/nykytila-analyysi\/","og_locale":"fi_FI","og_type":"article","og_title":"Nykytila-analyysi - Teko\u00e4ly matkailun myynti- ja markkinointiprosessien tukena","og_description":"Mediajulkaisumme nykytila-analyysiosio esittelee digitaalisen matkailun nykytilaa Lapissa, jota selvitimme eHospitality-hankkeessa monipuolisesti alkuvuodesta 2022.","og_url":"https:\/\/blogi.eoppimispalvelut.fi\/ehospitality\/nykytila-analyysi\/","og_site_name":"Teko\u00e4ly matkailun myynti- ja markkinointiprosessien tukena","article_modified_time":"2023-08-14T06:31:00+00:00","twitter_card":"summary_large_image","twitter_misc":{"Est. reading time":"1 minuutti"},"schema":{"@context":"https:\/\/schema.org","@graph":[{"@type":"WebPage","@id":"https:\/\/blogi.eoppimispalvelut.fi\/ehospitality\/nykytila-analyysi\/","url":"https:\/\/blogi.eoppimispalvelut.fi\/ehospitality\/nykytila-analyysi\/","name":"Nykytila-analyysi - Teko\u00e4ly matkailun myynti- ja markkinointiprosessien tukena","isPartOf":{"@id":"https:\/\/blogi.eoppimispalvelut.fi\/ehospitality\/#website"},"datePublished":"2023-05-22T12:55:12+00:00","dateModified":"2023-08-14T06:31:00+00:00","description":"Mediajulkaisumme nykytila-analyysiosio esittelee digitaalisen matkailun nykytilaa Lapissa, jota selvitimme eHospitality-hankkeessa monipuolisesti alkuvuodesta 2022.","breadcrumb":{"@id":"https:\/\/blogi.eoppimispalvelut.fi\/ehospitality\/nykytila-analyysi\/#breadcrumb"},"inLanguage":"fi","potentialAction":[{"@type":"ReadAction","target":["https:\/\/blogi.eoppimispalvelut.fi\/ehospitality\/nykytila-analyysi\/"]}]},{"@type":"BreadcrumbList","@id":"https:\/\/blogi.eoppimispalvelut.fi\/ehospitality\/nykytila-analyysi\/#breadcrumb","itemListElement":[{"@type":"ListItem","position":1,"name":"Home","item":"https:\/\/blogi.eoppimispalvelut.fi\/ehospitality\/"},{"@type":"ListItem","position":2,"name":"Nykytila-analyysi"}]},{"@type":"WebSite","@id":"https:\/\/blogi.eoppimispalvelut.fi\/ehospitality\/#website","url":"https:\/\/blogi.eoppimispalvelut.fi\/ehospitality\/","name":"Teko\u00e4ly matkailun myynti- ja markkinointiprosessien tukena","description":"","potentialAction":[{"@type":"SearchAction","target":{"@type":"EntryPoint","urlTemplate":"https:\/\/blogi.eoppimispalvelut.fi\/ehospitality\/?s={search_term_string}"},"query-input":{"@type":"PropertyValueSpecification","valueRequired":true,"valueName":"search_term_string"}}],"inLanguage":"fi"}]}},"_links":{"self":[{"href":"https:\/\/blogi.eoppimispalvelut.fi\/ehospitality\/wp-json\/wp\/v2\/pages\/591","targetHints":{"allow":["GET"]}}],"collection":[{"href":"https:\/\/blogi.eoppimispalvelut.fi\/ehospitality\/wp-json\/wp\/v2\/pages"}],"about":[{"href":"https:\/\/blogi.eoppimispalvelut.fi\/ehospitality\/wp-json\/wp\/v2\/types\/page"}],"author":[{"embeddable":true,"href":"https:\/\/blogi.eoppimispalvelut.fi\/ehospitality\/wp-json\/wp\/v2\/users\/1712"}],"replies":[{"embeddable":true,"href":"https:\/\/blogi.eoppimispalvelut.fi\/ehospitality\/wp-json\/wp\/v2\/comments?post=591"}],"version-history":[{"count":23,"href":"https:\/\/blogi.eoppimispalvelut.fi\/ehospitality\/wp-json\/wp\/v2\/pages\/591\/revisions"}],"predecessor-version":[{"id":886,"href":"https:\/\/blogi.eoppimispalvelut.fi\/ehospitality\/wp-json\/wp\/v2\/pages\/591\/revisions\/886"}],"wp:attachment":[{"href":"https:\/\/blogi.eoppimispalvelut.fi\/ehospitality\/wp-json\/wp\/v2\/media?parent=591"}],"curies":[{"name":"wp","href":"https:\/\/api.w.org\/{rel}","templated":true}]}}