{"id":692,"date":"2023-05-22T15:57:47","date_gmt":"2023-05-22T12:57:47","guid":{"rendered":"https:\/\/blogi.eoppimispalvelut.fi\/ehospitality\/?page_id=692"},"modified":"2023-06-15T10:29:08","modified_gmt":"2023-06-15T07:29:08","slug":"hotjar","status":"publish","type":"page","link":"https:\/\/blogi.eoppimispalvelut.fi\/ehospitality\/hotjar\/","title":{"rendered":"Hotjar-dataa verkkosivujen k\u00e4ytt\u00e4j\u00e4kokemuksesta"},"content":{"rendered":"\n<p><strong>T\u00e4m\u00e4 osio esittelee, miten Hotjarin visuaalista ty\u00f6kalua voi k\u00e4ytt\u00e4\u00e4 verkkosivuvieraan k\u00e4ytt\u00e4ytymisen analysointiin.&nbsp;<\/strong><\/p>\n\n\n\n<p>Yhteisty\u00f6ss\u00e4 Visit Sallan kanssa testasimme visuaalista Hotjar-analytiikkaty\u00f6kalua. Lue kokeilusta n\u00e4ist\u00e4 <a href=\"https:\/\/blogi.eoppimispalvelut.fi\/ehospitality\/tag\/hotjar\/\" target=\"_blank\" rel=\"noreferrer noopener\">Hotjar-postauksista.<\/a><\/p>\n\n\n\n<p>T\u00e4ss\u00e4 kurkistus Hotjarin ohjausn\u00e4kym\u00e4\u00e4n<\/p>\n\n\n\n<figure class=\"wp-block-embed is-type-video is-provider-youtube wp-block-embed-youtube wp-embed-aspect-16-9 wp-has-aspect-ratio\"><div class=\"wp-block-embed__wrapper\">\n<iframe loading=\"lazy\" title=\"Kurkistus_Hotjarin_sis\u00e4lle\" width=\"768\" height=\"432\" src=\"https:\/\/www.youtube.com\/embed\/vAO08tlQ6fA?feature=oembed\" frameborder=\"0\" allow=\"accelerometer; autoplay; clipboard-write; encrypted-media; gyroscope; picture-in-picture; web-share\" allowfullscreen><\/iframe>\n<\/div><\/figure>\n\n\n\n<p>Kiinnostuitko? <a href=\"https:\/\/www.hotjar.com\/\" target=\"_blank\" rel=\"noreferrer noopener\">Hotjarin<\/a> perusk\u00e4ytt\u00f6 on ilmaista, joten kannattaa kokeilla!<\/p>\n","protected":false},"excerpt":{"rendered":"<p>T\u00e4m\u00e4 osio esittelee, miten Hotjarin visuaalista ty\u00f6kalua voi k\u00e4ytt\u00e4\u00e4 verkkosivuvieraan k\u00e4ytt\u00e4ytymisen analysointiin.&nbsp; Yhteisty\u00f6ss\u00e4 Visit Sallan kanssa testasimme visuaalista Hotjar-analytiikkaty\u00f6kalua. Lue kokeilusta n\u00e4ist\u00e4 Hotjar-postauksista. T\u00e4ss\u00e4 kurkistus Hotjarin ohjausn\u00e4kym\u00e4\u00e4n Kiinnostuitko? Hotjarin perusk\u00e4ytt\u00f6 on ilmaista, joten kannattaa kokeilla!<\/p>\n","protected":false},"author":1712,"featured_media":0,"parent":0,"menu_order":0,"comment_status":"closed","ping_status":"closed","template":"","meta":{"_monsterinsights_skip_tracking":false,"_monsterinsights_sitenote_active":false,"_monsterinsights_sitenote_note":"","_monsterinsights_sitenote_category":0,"footnotes":""},"class_list":["post-692","page","type-page","status-publish","hentry"],"yoast_head":"<!-- This site is optimized with the Yoast SEO plugin v27.1.1 - https:\/\/yoast.com\/product\/yoast-seo-wordpress\/ -->\n<title>Hotjar-dataa verkkosivujen k\u00e4ytt\u00e4j\u00e4kokemuksesta - Teko\u00e4ly matkailun myynti- ja markkinointiprosessien tukena<\/title>\n<meta name=\"description\" content=\"Mediajulkaisumme Hotjar-osio esittelee, miten Hotjarin visuaalista ty\u00f6kalua voi k\u00e4ytt\u00e4\u00e4 verkkosivuvieraan k\u00e4ytt\u00e4ytymisen analysointiin.\u00a0\" \/>\n<meta name=\"robots\" content=\"index, follow, max-snippet:-1, max-image-preview:large, max-video-preview:-1\" \/>\n<link rel=\"canonical\" href=\"https:\/\/blogi.eoppimispalvelut.fi\/ehospitality\/hotjar\/\" \/>\n<meta property=\"og:locale\" content=\"fi_FI\" \/>\n<meta property=\"og:type\" content=\"article\" \/>\n<meta property=\"og:title\" content=\"Hotjar-dataa verkkosivujen k\u00e4ytt\u00e4j\u00e4kokemuksesta - Teko\u00e4ly matkailun myynti- ja markkinointiprosessien tukena\" \/>\n<meta property=\"og:description\" content=\"Mediajulkaisumme Hotjar-osio esittelee, miten Hotjarin visuaalista ty\u00f6kalua voi k\u00e4ytt\u00e4\u00e4 verkkosivuvieraan k\u00e4ytt\u00e4ytymisen analysointiin.\u00a0\" \/>\n<meta property=\"og:url\" content=\"https:\/\/blogi.eoppimispalvelut.fi\/ehospitality\/hotjar\/\" \/>\n<meta property=\"og:site_name\" content=\"Teko\u00e4ly matkailun myynti- ja markkinointiprosessien tukena\" \/>\n<meta property=\"article:modified_time\" content=\"2023-06-15T07:29:08+00:00\" \/>\n<meta name=\"twitter:card\" content=\"summary_large_image\" \/>\n<meta name=\"twitter:label1\" content=\"Est. reading time\" \/>\n\t<meta name=\"twitter:data1\" content=\"1 minuutti\" \/>\n<script type=\"application\/ld+json\" class=\"yoast-schema-graph\">{\"@context\":\"https:\/\/schema.org\",\"@graph\":[{\"@type\":\"WebPage\",\"@id\":\"https:\/\/blogi.eoppimispalvelut.fi\/ehospitality\/hotjar\/\",\"url\":\"https:\/\/blogi.eoppimispalvelut.fi\/ehospitality\/hotjar\/\",\"name\":\"Hotjar-dataa verkkosivujen k\u00e4ytt\u00e4j\u00e4kokemuksesta - Teko\u00e4ly matkailun myynti- ja markkinointiprosessien tukena\",\"isPartOf\":{\"@id\":\"https:\/\/blogi.eoppimispalvelut.fi\/ehospitality\/#website\"},\"datePublished\":\"2023-05-22T12:57:47+00:00\",\"dateModified\":\"2023-06-15T07:29:08+00:00\",\"description\":\"Mediajulkaisumme Hotjar-osio esittelee, miten Hotjarin visuaalista ty\u00f6kalua voi k\u00e4ytt\u00e4\u00e4 verkkosivuvieraan k\u00e4ytt\u00e4ytymisen analysointiin.\u00a0\",\"breadcrumb\":{\"@id\":\"https:\/\/blogi.eoppimispalvelut.fi\/ehospitality\/hotjar\/#breadcrumb\"},\"inLanguage\":\"fi\",\"potentialAction\":[{\"@type\":\"ReadAction\",\"target\":[\"https:\/\/blogi.eoppimispalvelut.fi\/ehospitality\/hotjar\/\"]}]},{\"@type\":\"BreadcrumbList\",\"@id\":\"https:\/\/blogi.eoppimispalvelut.fi\/ehospitality\/hotjar\/#breadcrumb\",\"itemListElement\":[{\"@type\":\"ListItem\",\"position\":1,\"name\":\"Home\",\"item\":\"https:\/\/blogi.eoppimispalvelut.fi\/ehospitality\/\"},{\"@type\":\"ListItem\",\"position\":2,\"name\":\"Hotjar-dataa verkkosivujen k\u00e4ytt\u00e4j\u00e4kokemuksesta\"}]},{\"@type\":\"WebSite\",\"@id\":\"https:\/\/blogi.eoppimispalvelut.fi\/ehospitality\/#website\",\"url\":\"https:\/\/blogi.eoppimispalvelut.fi\/ehospitality\/\",\"name\":\"Teko\u00e4ly matkailun myynti- ja markkinointiprosessien tukena\",\"description\":\"\",\"potentialAction\":[{\"@type\":\"SearchAction\",\"target\":{\"@type\":\"EntryPoint\",\"urlTemplate\":\"https:\/\/blogi.eoppimispalvelut.fi\/ehospitality\/?s={search_term_string}\"},\"query-input\":{\"@type\":\"PropertyValueSpecification\",\"valueRequired\":true,\"valueName\":\"search_term_string\"}}],\"inLanguage\":\"fi\"}]}<\/script>\n<!-- \/ Yoast SEO plugin. -->","yoast_head_json":{"title":"Hotjar-dataa verkkosivujen k\u00e4ytt\u00e4j\u00e4kokemuksesta - Teko\u00e4ly matkailun myynti- ja markkinointiprosessien tukena","description":"Mediajulkaisumme Hotjar-osio esittelee, miten Hotjarin visuaalista ty\u00f6kalua voi k\u00e4ytt\u00e4\u00e4 verkkosivuvieraan k\u00e4ytt\u00e4ytymisen analysointiin.\u00a0","robots":{"index":"index","follow":"follow","max-snippet":"max-snippet:-1","max-image-preview":"max-image-preview:large","max-video-preview":"max-video-preview:-1"},"canonical":"https:\/\/blogi.eoppimispalvelut.fi\/ehospitality\/hotjar\/","og_locale":"fi_FI","og_type":"article","og_title":"Hotjar-dataa verkkosivujen k\u00e4ytt\u00e4j\u00e4kokemuksesta - Teko\u00e4ly matkailun myynti- ja markkinointiprosessien tukena","og_description":"Mediajulkaisumme Hotjar-osio esittelee, miten Hotjarin visuaalista ty\u00f6kalua voi k\u00e4ytt\u00e4\u00e4 verkkosivuvieraan k\u00e4ytt\u00e4ytymisen analysointiin.\u00a0","og_url":"https:\/\/blogi.eoppimispalvelut.fi\/ehospitality\/hotjar\/","og_site_name":"Teko\u00e4ly matkailun myynti- ja markkinointiprosessien tukena","article_modified_time":"2023-06-15T07:29:08+00:00","twitter_card":"summary_large_image","twitter_misc":{"Est. reading time":"1 minuutti"},"schema":{"@context":"https:\/\/schema.org","@graph":[{"@type":"WebPage","@id":"https:\/\/blogi.eoppimispalvelut.fi\/ehospitality\/hotjar\/","url":"https:\/\/blogi.eoppimispalvelut.fi\/ehospitality\/hotjar\/","name":"Hotjar-dataa verkkosivujen k\u00e4ytt\u00e4j\u00e4kokemuksesta - Teko\u00e4ly matkailun myynti- ja markkinointiprosessien tukena","isPartOf":{"@id":"https:\/\/blogi.eoppimispalvelut.fi\/ehospitality\/#website"},"datePublished":"2023-05-22T12:57:47+00:00","dateModified":"2023-06-15T07:29:08+00:00","description":"Mediajulkaisumme Hotjar-osio esittelee, miten Hotjarin visuaalista ty\u00f6kalua voi k\u00e4ytt\u00e4\u00e4 verkkosivuvieraan k\u00e4ytt\u00e4ytymisen analysointiin.\u00a0","breadcrumb":{"@id":"https:\/\/blogi.eoppimispalvelut.fi\/ehospitality\/hotjar\/#breadcrumb"},"inLanguage":"fi","potentialAction":[{"@type":"ReadAction","target":["https:\/\/blogi.eoppimispalvelut.fi\/ehospitality\/hotjar\/"]}]},{"@type":"BreadcrumbList","@id":"https:\/\/blogi.eoppimispalvelut.fi\/ehospitality\/hotjar\/#breadcrumb","itemListElement":[{"@type":"ListItem","position":1,"name":"Home","item":"https:\/\/blogi.eoppimispalvelut.fi\/ehospitality\/"},{"@type":"ListItem","position":2,"name":"Hotjar-dataa verkkosivujen k\u00e4ytt\u00e4j\u00e4kokemuksesta"}]},{"@type":"WebSite","@id":"https:\/\/blogi.eoppimispalvelut.fi\/ehospitality\/#website","url":"https:\/\/blogi.eoppimispalvelut.fi\/ehospitality\/","name":"Teko\u00e4ly matkailun myynti- ja markkinointiprosessien tukena","description":"","potentialAction":[{"@type":"SearchAction","target":{"@type":"EntryPoint","urlTemplate":"https:\/\/blogi.eoppimispalvelut.fi\/ehospitality\/?s={search_term_string}"},"query-input":{"@type":"PropertyValueSpecification","valueRequired":true,"valueName":"search_term_string"}}],"inLanguage":"fi"}]}},"_links":{"self":[{"href":"https:\/\/blogi.eoppimispalvelut.fi\/ehospitality\/wp-json\/wp\/v2\/pages\/692","targetHints":{"allow":["GET"]}}],"collection":[{"href":"https:\/\/blogi.eoppimispalvelut.fi\/ehospitality\/wp-json\/wp\/v2\/pages"}],"about":[{"href":"https:\/\/blogi.eoppimispalvelut.fi\/ehospitality\/wp-json\/wp\/v2\/types\/page"}],"author":[{"embeddable":true,"href":"https:\/\/blogi.eoppimispalvelut.fi\/ehospitality\/wp-json\/wp\/v2\/users\/1712"}],"replies":[{"embeddable":true,"href":"https:\/\/blogi.eoppimispalvelut.fi\/ehospitality\/wp-json\/wp\/v2\/comments?post=692"}],"version-history":[{"count":8,"href":"https:\/\/blogi.eoppimispalvelut.fi\/ehospitality\/wp-json\/wp\/v2\/pages\/692\/revisions"}],"predecessor-version":[{"id":868,"href":"https:\/\/blogi.eoppimispalvelut.fi\/ehospitality\/wp-json\/wp\/v2\/pages\/692\/revisions\/868"}],"wp:attachment":[{"href":"https:\/\/blogi.eoppimispalvelut.fi\/ehospitality\/wp-json\/wp\/v2\/media?parent=692"}],"curies":[{"name":"wp","href":"https:\/\/api.w.org\/{rel}","templated":true}]}}