{"id":7,"date":"2022-02-03T15:07:18","date_gmt":"2022-02-03T13:07:18","guid":{"rendered":"https:\/\/blogi.eoppimispalvelut.fi\/ehospitality\/?page_id=7"},"modified":"2026-02-19T14:40:41","modified_gmt":"2026-02-19T12:40:41","slug":"toimituskunta","status":"publish","type":"page","link":"https:\/\/blogi.eoppimispalvelut.fi\/ehospitality\/toimituskunta\/","title":{"rendered":"Toimituskunta"},"content":{"rendered":"<p>eHospitality-toimituskunta (vuoteen 2023 asti) ja AImama-toimituskunta (vuodesta 2025) on tarkastanut ne blogipostaukset, joiden kategoriaksi on merkitty &#8221;Toimituskunnan kautta&#8221;.<\/p>\n<h2>Eljas Johansson, Kajaanin ammattikorkeakoulu<\/h2>\n<p>V\u00e4ittelin tohtoriksi 2025 Gdanskin teknillisest\u00e4 yliopistosta Puolassa, jossa tutkimusty\u00f6ni liittyi lentoliikennealan vastuullisuusraportointiin. Kiinnostuksen kohteita tutkimuksen saralla minulle ovat yritysten vastuullisuus, viestint\u00e4 sek\u00e4 matkailualan toiminta. Olen aiemmin suorittanut maisterintutkinnon Service Management -koulutusohjelmassa Lundin yliopistossa Ruotsissa sek\u00e4 opiskellut MBA-tutkintoa Turun ammattikorkeakoulussa. Lis\u00e4ksi olen ty\u00f6skennellyt vastaavana tapahtumatuottajana Suomessa sek\u00e4 tehnyt t\u00f6it\u00e4 ravintola-alalla eri puolilla maailmaa, Kanariansaarilta Kanadaan.<\/p>\n<p>Uskon Suomen matkailualan monipuolisiin mahdollisuuksiin niin kotimaanmatkailussa kuin kansainv\u00e4lisell\u00e4kin mittapuulla mitattuna.\u00a0<\/p>\n<p><a href=\"https:\/\/www.linkedin.com\/in\/eljasjohansson\/\" target=\"_blank\" rel=\"noopener\">https:\/\/www.linkedin.com\/in\/eljasjohansson\/<\/a><\/p>\n<h2>Outi K\u00e4hk\u00f6nen, FM, Lapin ammattikorkeakoulu<\/h2>\n<p>Olen viestinn\u00e4n ja digimarkkinoinnin lehtori Lapin ammattikorkeakoulussa. Vastaan t\u00e4m\u00e4n blogin ulkoasusta ja optimoinnista. Olen kokeilemalla oppija; esimerkiksi t\u00e4t\u00e4 WordPress-alustaa olen opiskellut tutoriaalien avulla sek\u00e4 kokeilemalla yrityksen ja joskus erehdyksenkin kautta. Opetan bloggaamista ja yleisemminkin verkkokirjoittamista my\u00f6s digimarkkinoinnin opintojaksolla. Kieltenopettajana pid\u00e4n my\u00f6s pilkunviilauksesta.\u00a0 Yleens\u00e4 vastaan \u201ckyll\u00e4\u201d kaikkiin uusiin haasteisiin.<br \/><a href=\"https:\/\/www.linkedin.com\/in\/outimariakahkonen\" target=\"_blank\" rel=\"noopener\">https:\/\/www.linkedin.com\/in\/outimariakahkonen<\/a><\/p>\n<h2>Jouko Nuottila, TkT, DI, Lapin yliopisto<\/h2>\n<p>Ty\u00f6skentelen tutkijatohtorina Lapin yliopiston oikeustieteiden tiedekunnassa. Parhaillaan keskityn tutkimuksessani kest\u00e4v\u00e4n kehityksen mukaisten teknologioiden immateriaalioikeuksien hallintaan ja teknologiajohtamiseen. Olen v\u00e4itellyt Oulun yliopistossa tuotantotalouden alalta. V\u00e4it\u00f6stutkimuksessani tarkastelin joustavuuden ilmenemist\u00e4 ketteriss\u00e4 ohjelmistoprojekteissa johtamisen ja ennakoivan sopimisen n\u00e4k\u00f6kulmista.<\/p>\n<p>Olen opiskellut matkailututkimusta yhteiskuntatieteiden tiedekunnassa Lapin yliopistossa ja tehnyt pro gradu -tutkielman vastuullisen matkailun aihepiirist\u00e4. Olen my\u00f6s opiskellut matkailun markkinointia ja johtamista It\u00e4-Suomen yliopistossa. Olen ty\u00f6skennellyt useissa matkailun kehitt\u00e4misprojekteissa ja minulla on kokemusta liiketoiminnan kehitt\u00e4misteht\u00e4vist\u00e4 matkailun toimialalta. Ennen yliopistouraa ty\u00f6skentelin sovellusten tuotehallinnan ja digitaalisten palveluiden teknologiamarkkinoinnin teht\u00e4viss\u00e4 Nokia Oyj:ss\u00e4.<\/p>\n<p><a href=\"https:\/\/www.linkedin.com\/in\/joukonuottila\/\" target=\"_blank\" rel=\"noopener\">https:\/\/www.linkedin.com\/in\/joukonuottila\/<\/a><\/p>\n<h2>Mervi Palander, Founder, CEO GraphoGame, Founder Claned<\/h2>\n<p>(vuoteen 2023 asti)<\/p>\n<p>Ty\u00f6skentelen t\u00e4ll\u00e4 hetkell\u00e4 Startup-yritt\u00e4j\u00e4n\u00e4, terapeuttina, ty\u00f6nohjaajana ja konsulttina. Peruskoulutukseltani olen kasvatustieteiden maisteri. Olen suorittanut psykoterapeutin tutkinnon Englannissa ja ty\u00f6nohjaajaksi valmistuin tammikuussa 2022.<\/p>\n<p>Aloitin ty\u00f6urani Nokia Oyj:ss\u00e4 ja olen sen j\u00e4lkeen ty\u00f6skennellyt Suomessa ja ulkomailla, p\u00f6rssiyhti\u00f6ss\u00e4, perheyhti\u00f6iss\u00e4, valtiolla sek\u00e4 Startup-yrityksiss\u00e4. Olen perustanut nelj\u00e4 yrityst\u00e4, joista kaksi koulutusteknologia-alalle.\u00a0 Konsultoin kasvuyrityksi\u00e4 strategian, palvelumuotoilun ja viennin kehitt\u00e4misess\u00e4.<\/p>\n<p>Olen ollut perustamassa Suomen koulutusvientitoimintoja, EdTech Finland toimialaj\u00e4rjest\u00f6\u00e4, TeachMillions palvelua ja toimin aktiivisesti kolmen yrityksen hallituksessa.<\/p>\n<p><a href=\"http:\/\/linkedin.com\/in\/mervipalander\" target=\"_blank\" rel=\"noopener\">http:\/\/linkedin.com\/in\/mervipalander<\/a><\/p>\n\n\n<h2 class=\"wp-block-heading\">Riitta Raekallio-Wunderink, Halipuu<\/h2>\n\n\n\n<p>(vuodesta 2025)<\/p>\n\n\n\n<p><a href=\"https:\/\/www.linkedin.com\/in\/riitta-raekallio-wunderink-97131a159\">https:\/\/www.linkedin.com\/in\/riitta-raekallio-wunderink-97131a159<\/a><\/p>\n\n\n\n<p><\/p>\n","protected":false},"excerpt":{"rendered":"<p>eHospitality-toimituskunta (vuoteen 2023 asti) ja AImama-toimituskunta (vuodesta 2025) on tarkastanut ne blogipostaukset, joiden kategoriaksi on merkitty &#8221;Toimituskunnan kautta&#8221;. Eljas Johansson, Kajaanin ammattikorkeakoulu V\u00e4ittelin tohtoriksi 2025 Gdanskin teknillisest\u00e4 yliopistosta Puolassa, jossa tutkimusty\u00f6ni liittyi lentoliikennealan vastuullisuusraportointiin. Kiinnostuksen kohteita tutkimuksen saralla minulle ovat yritysten vastuullisuus, viestint\u00e4 sek\u00e4 matkailualan toiminta. Olen aiemmin suorittanut maisterintutkinnon Service Management -koulutusohjelmassa Lundin yliopistossa [&hellip;]<\/p>\n","protected":false},"author":1712,"featured_media":0,"parent":0,"menu_order":0,"comment_status":"closed","ping_status":"closed","template":"","meta":{"_monsterinsights_skip_tracking":false,"_monsterinsights_sitenote_active":false,"_monsterinsights_sitenote_note":"","_monsterinsights_sitenote_category":0,"footnotes":""},"class_list":["post-7","page","type-page","status-publish","hentry"],"yoast_head":"<!-- This site is optimized with the Yoast SEO plugin v27.1.1 - https:\/\/yoast.com\/product\/yoast-seo-wordpress\/ -->\n<title>Toimituskunta - Teko\u00e4ly matkailun myynti- ja markkinointiprosessien tukena<\/title>\n<meta name=\"robots\" content=\"index, follow, max-snippet:-1, max-image-preview:large, max-video-preview:-1\" \/>\n<link rel=\"canonical\" href=\"https:\/\/blogi.eoppimispalvelut.fi\/ehospitality\/toimituskunta\/\" \/>\n<meta property=\"og:locale\" content=\"fi_FI\" \/>\n<meta property=\"og:type\" content=\"article\" \/>\n<meta property=\"og:title\" content=\"Toimituskunta - Teko\u00e4ly matkailun myynti- ja markkinointiprosessien tukena\" \/>\n<meta property=\"og:description\" content=\"eHospitality-toimituskunta (vuoteen 2023 asti) ja AImama-toimituskunta (vuodesta 2025) on tarkastanut ne blogipostaukset, joiden kategoriaksi on merkitty &#8221;Toimituskunnan kautta&#8221;. Eljas Johansson, Kajaanin ammattikorkeakoulu V\u00e4ittelin tohtoriksi 2025 Gdanskin teknillisest\u00e4 yliopistosta Puolassa, jossa tutkimusty\u00f6ni liittyi lentoliikennealan vastuullisuusraportointiin. Kiinnostuksen kohteita tutkimuksen saralla minulle ovat yritysten vastuullisuus, viestint\u00e4 sek\u00e4 matkailualan toiminta. Olen aiemmin suorittanut maisterintutkinnon Service Management -koulutusohjelmassa Lundin yliopistossa [&hellip;]\" \/>\n<meta property=\"og:url\" content=\"https:\/\/blogi.eoppimispalvelut.fi\/ehospitality\/toimituskunta\/\" \/>\n<meta property=\"og:site_name\" content=\"Teko\u00e4ly matkailun myynti- ja markkinointiprosessien tukena\" \/>\n<meta property=\"article:modified_time\" content=\"2026-02-19T12:40:41+00:00\" \/>\n<meta name=\"twitter:card\" content=\"summary_large_image\" \/>\n<meta name=\"twitter:label1\" content=\"Est. reading time\" \/>\n\t<meta name=\"twitter:data1\" content=\"2 minuuttia\" \/>\n<script type=\"application\/ld+json\" class=\"yoast-schema-graph\">{\"@context\":\"https:\/\/schema.org\",\"@graph\":[{\"@type\":\"WebPage\",\"@id\":\"https:\/\/blogi.eoppimispalvelut.fi\/ehospitality\/toimituskunta\/\",\"url\":\"https:\/\/blogi.eoppimispalvelut.fi\/ehospitality\/toimituskunta\/\",\"name\":\"Toimituskunta - Teko\u00e4ly matkailun myynti- ja markkinointiprosessien tukena\",\"isPartOf\":{\"@id\":\"https:\/\/blogi.eoppimispalvelut.fi\/ehospitality\/#website\"},\"datePublished\":\"2022-02-03T13:07:18+00:00\",\"dateModified\":\"2026-02-19T12:40:41+00:00\",\"breadcrumb\":{\"@id\":\"https:\/\/blogi.eoppimispalvelut.fi\/ehospitality\/toimituskunta\/#breadcrumb\"},\"inLanguage\":\"fi\",\"potentialAction\":[{\"@type\":\"ReadAction\",\"target\":[\"https:\/\/blogi.eoppimispalvelut.fi\/ehospitality\/toimituskunta\/\"]}]},{\"@type\":\"BreadcrumbList\",\"@id\":\"https:\/\/blogi.eoppimispalvelut.fi\/ehospitality\/toimituskunta\/#breadcrumb\",\"itemListElement\":[{\"@type\":\"ListItem\",\"position\":1,\"name\":\"Home\",\"item\":\"https:\/\/blogi.eoppimispalvelut.fi\/ehospitality\/\"},{\"@type\":\"ListItem\",\"position\":2,\"name\":\"Toimituskunta\"}]},{\"@type\":\"WebSite\",\"@id\":\"https:\/\/blogi.eoppimispalvelut.fi\/ehospitality\/#website\",\"url\":\"https:\/\/blogi.eoppimispalvelut.fi\/ehospitality\/\",\"name\":\"Teko\u00e4ly matkailun myynti- ja markkinointiprosessien tukena\",\"description\":\"\",\"potentialAction\":[{\"@type\":\"SearchAction\",\"target\":{\"@type\":\"EntryPoint\",\"urlTemplate\":\"https:\/\/blogi.eoppimispalvelut.fi\/ehospitality\/?s={search_term_string}\"},\"query-input\":{\"@type\":\"PropertyValueSpecification\",\"valueRequired\":true,\"valueName\":\"search_term_string\"}}],\"inLanguage\":\"fi\"}]}<\/script>\n<!-- \/ Yoast SEO plugin. -->","yoast_head_json":{"title":"Toimituskunta - Teko\u00e4ly matkailun myynti- ja markkinointiprosessien tukena","robots":{"index":"index","follow":"follow","max-snippet":"max-snippet:-1","max-image-preview":"max-image-preview:large","max-video-preview":"max-video-preview:-1"},"canonical":"https:\/\/blogi.eoppimispalvelut.fi\/ehospitality\/toimituskunta\/","og_locale":"fi_FI","og_type":"article","og_title":"Toimituskunta - Teko\u00e4ly matkailun myynti- ja markkinointiprosessien tukena","og_description":"eHospitality-toimituskunta (vuoteen 2023 asti) ja AImama-toimituskunta (vuodesta 2025) on tarkastanut ne blogipostaukset, joiden kategoriaksi on merkitty &#8221;Toimituskunnan kautta&#8221;. Eljas Johansson, Kajaanin ammattikorkeakoulu V\u00e4ittelin tohtoriksi 2025 Gdanskin teknillisest\u00e4 yliopistosta Puolassa, jossa tutkimusty\u00f6ni liittyi lentoliikennealan vastuullisuusraportointiin. Kiinnostuksen kohteita tutkimuksen saralla minulle ovat yritysten vastuullisuus, viestint\u00e4 sek\u00e4 matkailualan toiminta. Olen aiemmin suorittanut maisterintutkinnon Service Management -koulutusohjelmassa Lundin yliopistossa [&hellip;]","og_url":"https:\/\/blogi.eoppimispalvelut.fi\/ehospitality\/toimituskunta\/","og_site_name":"Teko\u00e4ly matkailun myynti- ja markkinointiprosessien tukena","article_modified_time":"2026-02-19T12:40:41+00:00","twitter_card":"summary_large_image","twitter_misc":{"Est. reading time":"2 minuuttia"},"schema":{"@context":"https:\/\/schema.org","@graph":[{"@type":"WebPage","@id":"https:\/\/blogi.eoppimispalvelut.fi\/ehospitality\/toimituskunta\/","url":"https:\/\/blogi.eoppimispalvelut.fi\/ehospitality\/toimituskunta\/","name":"Toimituskunta - Teko\u00e4ly matkailun myynti- ja markkinointiprosessien tukena","isPartOf":{"@id":"https:\/\/blogi.eoppimispalvelut.fi\/ehospitality\/#website"},"datePublished":"2022-02-03T13:07:18+00:00","dateModified":"2026-02-19T12:40:41+00:00","breadcrumb":{"@id":"https:\/\/blogi.eoppimispalvelut.fi\/ehospitality\/toimituskunta\/#breadcrumb"},"inLanguage":"fi","potentialAction":[{"@type":"ReadAction","target":["https:\/\/blogi.eoppimispalvelut.fi\/ehospitality\/toimituskunta\/"]}]},{"@type":"BreadcrumbList","@id":"https:\/\/blogi.eoppimispalvelut.fi\/ehospitality\/toimituskunta\/#breadcrumb","itemListElement":[{"@type":"ListItem","position":1,"name":"Home","item":"https:\/\/blogi.eoppimispalvelut.fi\/ehospitality\/"},{"@type":"ListItem","position":2,"name":"Toimituskunta"}]},{"@type":"WebSite","@id":"https:\/\/blogi.eoppimispalvelut.fi\/ehospitality\/#website","url":"https:\/\/blogi.eoppimispalvelut.fi\/ehospitality\/","name":"Teko\u00e4ly matkailun myynti- ja markkinointiprosessien tukena","description":"","potentialAction":[{"@type":"SearchAction","target":{"@type":"EntryPoint","urlTemplate":"https:\/\/blogi.eoppimispalvelut.fi\/ehospitality\/?s={search_term_string}"},"query-input":{"@type":"PropertyValueSpecification","valueRequired":true,"valueName":"search_term_string"}}],"inLanguage":"fi"}]}},"_links":{"self":[{"href":"https:\/\/blogi.eoppimispalvelut.fi\/ehospitality\/wp-json\/wp\/v2\/pages\/7","targetHints":{"allow":["GET"]}}],"collection":[{"href":"https:\/\/blogi.eoppimispalvelut.fi\/ehospitality\/wp-json\/wp\/v2\/pages"}],"about":[{"href":"https:\/\/blogi.eoppimispalvelut.fi\/ehospitality\/wp-json\/wp\/v2\/types\/page"}],"author":[{"embeddable":true,"href":"https:\/\/blogi.eoppimispalvelut.fi\/ehospitality\/wp-json\/wp\/v2\/users\/1712"}],"replies":[{"embeddable":true,"href":"https:\/\/blogi.eoppimispalvelut.fi\/ehospitality\/wp-json\/wp\/v2\/comments?post=7"}],"version-history":[{"count":7,"href":"https:\/\/blogi.eoppimispalvelut.fi\/ehospitality\/wp-json\/wp\/v2\/pages\/7\/revisions"}],"predecessor-version":[{"id":1499,"href":"https:\/\/blogi.eoppimispalvelut.fi\/ehospitality\/wp-json\/wp\/v2\/pages\/7\/revisions\/1499"}],"wp:attachment":[{"href":"https:\/\/blogi.eoppimispalvelut.fi\/ehospitality\/wp-json\/wp\/v2\/media?parent=7"}],"curies":[{"name":"wp","href":"https:\/\/api.w.org\/{rel}","templated":true}]}}