{"id":761,"date":"2023-06-06T21:17:31","date_gmt":"2023-06-06T18:17:31","guid":{"rendered":"https:\/\/blogi.eoppimispalvelut.fi\/ehospitality\/?page_id=761"},"modified":"2024-10-01T12:21:15","modified_gmt":"2024-10-01T09:21:15","slug":"tutustu-mediajulkaisuumme","status":"publish","type":"page","link":"https:\/\/blogi.eoppimispalvelut.fi\/ehospitality\/tutustu-mediajulkaisuumme\/","title":{"rendered":"Tutustu ehospitality-mediajulkaisuumme"},"content":{"rendered":"\n<p>T\u00e4m\u00e4 eHospitality-hankkeen mediajulkaisu esittelee hanketiimin, lappilaisten matkailun toimijoiden sek\u00e4 opiskelijoiden hankkeessa tuottamia tuloksia. Hanke k\u00e4ynnistyi loppuvuodesta 2021 ja kesti kes\u00e4kuun loppuun 2023.\u00a0\u00a0<\/p>\n\n\n\n<p>Hankkeen tavoitteena oli edist\u00e4\u00e4 ja vauhdittaa Lapin matkailutoimijoiden digitaalista kilpailukyky\u00e4. Keskityimme tutkimaan asiakaskokemusta sek\u00e4 kokeilemaan monipuolisesti teknologioita, jotka edist\u00e4isiv\u00e4t vieraanvaraisuutta matkailun toimijoiden sek\u00e4 asiakkaiden digitaalisissa palvelukohtaamisissa. Tutkimme muun muassa asiakas- ja k\u00e4ytt\u00e4j\u00e4kokemuksia, joissa keskityimme analysoimaan palvelun saavutettavuutta ja saumattomuutta. Asiakasymm\u00e4rryksen menetelmien tueksi nostimme kokeiluihin teknologisia ratkaisuja, jotka tukivat ty\u00f6t\u00e4mme mm. datan ker\u00e4\u00e4misess\u00e4, sen tulkinnassa sek\u00e4 tiedon esitt\u00e4misess\u00e4 ja levitt\u00e4misess\u00e4.&nbsp;&nbsp;&nbsp;&nbsp;&nbsp;<\/p>\n\n\n\n<p>Voit tutustua hankkeen muihin konkreettisiin tuloksiin <a href=\"https:\/\/blogi.eoppimispalvelut.fi\/ehospitality\/\" target=\"_blank\" rel=\"noreferrer noopener\">eHospitality-blogissamme<\/a>, jossa on varsin kattavasti kansallisen tason esimerkkej\u00e4 ihmisl\u00e4heisest\u00e4 digitaalisesta vuorovaikutuksesta sek\u00e4 teknologioiden hy\u00f6dynt\u00e4misest\u00e4 palvelukohtaamisissa.<\/p>\n\n\n\n<p>Aloita tutustumalla P\u00e4ivi Hanni-Vaaran pohdintaan digitaalisesta vieraanvaraisuudesta. Youtube-soittolista sis\u00e4lt\u00e4\u00e4 5 videota, yhteens\u00e4 40 min. Vaihtoehtoisesti voit lukea sis\u00e4ll\u00f6t my\u00f6s pdf-tiedostona: <a href=\"https:\/\/blogi.eoppimispalvelut.fi\/ehospitality\/files\/2023\/06\/2023_eHospitality_Digitaalinen_vieraanvaraisuus_eTourismista_matkailun_metaversumiin_Paivi_Hanni-Vaara.pdf\" target=\"_blank\" rel=\"noreferrer noopener\">Digitaalinen vieraanvaraisuus eTourismista matkailun metaversumiin<\/a>.<\/p>\n\n\n\n<figure class=\"wp-block-embed is-type-video is-provider-youtube wp-block-embed-youtube wp-embed-aspect-16-9 wp-has-aspect-ratio\"><div class=\"wp-block-embed__wrapper\">\n<iframe loading=\"lazy\" title=\"eHospitality: Mediajulkaisu\" width=\"768\" height=\"432\" src=\"https:\/\/www.youtube.com\/embed\/videoseries?list=PLR2cQ5G-Aj-bRmmmTWPHyskvQO_JPTSBh\" frameborder=\"0\" allow=\"accelerometer; autoplay; clipboard-write; encrypted-media; gyroscope; picture-in-picture; web-share\" allowfullscreen><\/iframe>\n<\/div><\/figure>\n\n\n\n<div style=\"height:45px\" aria-hidden=\"true\" class=\"wp-block-spacer\"><\/div>\n\n\n\n<p>eHospitality-mediajulkaisu sis\u00e4lt\u00e4\u00e4 maukkaita nostoja digitaalisen yhteiskehitt\u00e4misen matkan varrelta. P\u00e4\u00e4set tutustumaan sis\u00e4lt\u00f6ihin alla olevan infograafin <strong>+<\/strong>-kuvakkeita klikkaamalla.<\/p>\n\n\n\n<p>L\u00e4mpim\u00e4sti tervetuloa mediajulkaisumme pariin. Toivottavasti viihdyt seurassamme!<\/p>\n\n\n\n<div class=\"h5p-iframe-wrapper\"><iframe id=\"h5p-iframe-4\" class=\"h5p-iframe\" data-content-id=\"4\" style=\"height:1px\" src=\"about:blank\" frameBorder=\"0\" scrolling=\"no\" title=\"Tutustu-mediajulkaisuumme\"><\/iframe><\/div>\n","protected":false},"excerpt":{"rendered":"<p>T\u00e4m\u00e4 eHospitality-hankkeen mediajulkaisu esittelee hanketiimin, lappilaisten matkailun toimijoiden sek\u00e4 opiskelijoiden hankkeessa tuottamia tuloksia. Hanke k\u00e4ynnistyi loppuvuodesta 2021 ja kesti kes\u00e4kuun loppuun 2023.\u00a0\u00a0 Hankkeen tavoitteena oli edist\u00e4\u00e4 ja vauhdittaa Lapin matkailutoimijoiden digitaalista kilpailukyky\u00e4. Keskityimme tutkimaan asiakaskokemusta sek\u00e4 kokeilemaan monipuolisesti teknologioita, jotka edist\u00e4isiv\u00e4t vieraanvaraisuutta matkailun toimijoiden sek\u00e4 asiakkaiden digitaalisissa palvelukohtaamisissa. Tutkimme muun muassa asiakas- ja k\u00e4ytt\u00e4j\u00e4kokemuksia, joissa [&hellip;]<\/p>\n","protected":false},"author":1712,"featured_media":0,"parent":0,"menu_order":0,"comment_status":"closed","ping_status":"closed","template":"","meta":{"_monsterinsights_skip_tracking":false,"_monsterinsights_sitenote_active":false,"_monsterinsights_sitenote_note":"","_monsterinsights_sitenote_category":0,"footnotes":""},"class_list":["post-761","page","type-page","status-publish","hentry"],"yoast_head":"<!-- This site is optimized with the Yoast SEO plugin v27.4 - https:\/\/yoast.com\/product\/yoast-seo-wordpress\/ -->\n<title>Tutustu ehospitality-mediajulkaisuumme - Teko\u00e4ly matkailun myynti- ja markkinointiprosessien tukena<\/title>\n<meta name=\"description\" content=\"T\u00e4m\u00e4 eHospitality-hankkeen mediajulkaisu esittelee hanketiimin, lappilaisten matkailun toimijoiden sek\u00e4 opiskelijoiden hankkeessa tuottamia tuloksia.\" \/>\n<meta name=\"robots\" content=\"index, follow, max-snippet:-1, max-image-preview:large, max-video-preview:-1\" \/>\n<link rel=\"canonical\" href=\"https:\/\/blogi.eoppimispalvelut.fi\/ehospitality\/tutustu-mediajulkaisuumme\/\" \/>\n<meta property=\"og:locale\" content=\"fi_FI\" \/>\n<meta property=\"og:type\" content=\"article\" \/>\n<meta property=\"og:title\" content=\"Tutustu ehospitality-mediajulkaisuumme - Teko\u00e4ly matkailun myynti- ja markkinointiprosessien tukena\" \/>\n<meta property=\"og:description\" content=\"T\u00e4m\u00e4 eHospitality-hankkeen mediajulkaisu esittelee hanketiimin, lappilaisten matkailun toimijoiden sek\u00e4 opiskelijoiden hankkeessa tuottamia tuloksia.\" \/>\n<meta property=\"og:url\" content=\"https:\/\/blogi.eoppimispalvelut.fi\/ehospitality\/tutustu-mediajulkaisuumme\/\" \/>\n<meta property=\"og:site_name\" content=\"Teko\u00e4ly matkailun myynti- ja markkinointiprosessien tukena\" \/>\n<meta property=\"article:modified_time\" content=\"2024-10-01T09:21:15+00:00\" \/>\n<meta name=\"twitter:card\" content=\"summary_large_image\" \/>\n<meta name=\"twitter:label1\" content=\"Est. reading time\" \/>\n\t<meta name=\"twitter:data1\" content=\"1 minuutti\" \/>\n<script type=\"application\/ld+json\" class=\"yoast-schema-graph\">{\"@context\":\"https:\\\/\\\/schema.org\",\"@graph\":[{\"@type\":\"WebPage\",\"@id\":\"https:\\\/\\\/blogi.eoppimispalvelut.fi\\\/ehospitality\\\/tutustu-mediajulkaisuumme\\\/\",\"url\":\"https:\\\/\\\/blogi.eoppimispalvelut.fi\\\/ehospitality\\\/tutustu-mediajulkaisuumme\\\/\",\"name\":\"Tutustu ehospitality-mediajulkaisuumme - Teko\u00e4ly matkailun myynti- ja markkinointiprosessien tukena\",\"isPartOf\":{\"@id\":\"https:\\\/\\\/blogi.eoppimispalvelut.fi\\\/ehospitality\\\/#website\"},\"datePublished\":\"2023-06-06T18:17:31+00:00\",\"dateModified\":\"2024-10-01T09:21:15+00:00\",\"description\":\"T\u00e4m\u00e4 eHospitality-hankkeen mediajulkaisu esittelee hanketiimin, lappilaisten matkailun toimijoiden sek\u00e4 opiskelijoiden hankkeessa tuottamia tuloksia.\",\"breadcrumb\":{\"@id\":\"https:\\\/\\\/blogi.eoppimispalvelut.fi\\\/ehospitality\\\/tutustu-mediajulkaisuumme\\\/#breadcrumb\"},\"inLanguage\":\"fi\",\"potentialAction\":[{\"@type\":\"ReadAction\",\"target\":[\"https:\\\/\\\/blogi.eoppimispalvelut.fi\\\/ehospitality\\\/tutustu-mediajulkaisuumme\\\/\"]}]},{\"@type\":\"BreadcrumbList\",\"@id\":\"https:\\\/\\\/blogi.eoppimispalvelut.fi\\\/ehospitality\\\/tutustu-mediajulkaisuumme\\\/#breadcrumb\",\"itemListElement\":[{\"@type\":\"ListItem\",\"position\":1,\"name\":\"Home\",\"item\":\"https:\\\/\\\/blogi.eoppimispalvelut.fi\\\/ehospitality\\\/\"},{\"@type\":\"ListItem\",\"position\":2,\"name\":\"Tutustu ehospitality-mediajulkaisuumme\"}]},{\"@type\":\"WebSite\",\"@id\":\"https:\\\/\\\/blogi.eoppimispalvelut.fi\\\/ehospitality\\\/#website\",\"url\":\"https:\\\/\\\/blogi.eoppimispalvelut.fi\\\/ehospitality\\\/\",\"name\":\"Teko\u00e4ly matkailun myynti- ja markkinointiprosessien tukena\",\"description\":\"\",\"potentialAction\":[{\"@type\":\"SearchAction\",\"target\":{\"@type\":\"EntryPoint\",\"urlTemplate\":\"https:\\\/\\\/blogi.eoppimispalvelut.fi\\\/ehospitality\\\/?s={search_term_string}\"},\"query-input\":{\"@type\":\"PropertyValueSpecification\",\"valueRequired\":true,\"valueName\":\"search_term_string\"}}],\"inLanguage\":\"fi\"}]}<\/script>\n<!-- \/ Yoast SEO plugin. -->","yoast_head_json":{"title":"Tutustu ehospitality-mediajulkaisuumme - Teko\u00e4ly matkailun myynti- ja markkinointiprosessien tukena","description":"T\u00e4m\u00e4 eHospitality-hankkeen mediajulkaisu esittelee hanketiimin, lappilaisten matkailun toimijoiden sek\u00e4 opiskelijoiden hankkeessa tuottamia tuloksia.","robots":{"index":"index","follow":"follow","max-snippet":"max-snippet:-1","max-image-preview":"max-image-preview:large","max-video-preview":"max-video-preview:-1"},"canonical":"https:\/\/blogi.eoppimispalvelut.fi\/ehospitality\/tutustu-mediajulkaisuumme\/","og_locale":"fi_FI","og_type":"article","og_title":"Tutustu ehospitality-mediajulkaisuumme - Teko\u00e4ly matkailun myynti- ja markkinointiprosessien tukena","og_description":"T\u00e4m\u00e4 eHospitality-hankkeen mediajulkaisu esittelee hanketiimin, lappilaisten matkailun toimijoiden sek\u00e4 opiskelijoiden hankkeessa tuottamia tuloksia.","og_url":"https:\/\/blogi.eoppimispalvelut.fi\/ehospitality\/tutustu-mediajulkaisuumme\/","og_site_name":"Teko\u00e4ly matkailun myynti- ja markkinointiprosessien tukena","article_modified_time":"2024-10-01T09:21:15+00:00","twitter_card":"summary_large_image","twitter_misc":{"Est. reading time":"1 minuutti"},"schema":{"@context":"https:\/\/schema.org","@graph":[{"@type":"WebPage","@id":"https:\/\/blogi.eoppimispalvelut.fi\/ehospitality\/tutustu-mediajulkaisuumme\/","url":"https:\/\/blogi.eoppimispalvelut.fi\/ehospitality\/tutustu-mediajulkaisuumme\/","name":"Tutustu ehospitality-mediajulkaisuumme - Teko\u00e4ly matkailun myynti- ja markkinointiprosessien tukena","isPartOf":{"@id":"https:\/\/blogi.eoppimispalvelut.fi\/ehospitality\/#website"},"datePublished":"2023-06-06T18:17:31+00:00","dateModified":"2024-10-01T09:21:15+00:00","description":"T\u00e4m\u00e4 eHospitality-hankkeen mediajulkaisu esittelee hanketiimin, lappilaisten matkailun toimijoiden sek\u00e4 opiskelijoiden hankkeessa tuottamia tuloksia.","breadcrumb":{"@id":"https:\/\/blogi.eoppimispalvelut.fi\/ehospitality\/tutustu-mediajulkaisuumme\/#breadcrumb"},"inLanguage":"fi","potentialAction":[{"@type":"ReadAction","target":["https:\/\/blogi.eoppimispalvelut.fi\/ehospitality\/tutustu-mediajulkaisuumme\/"]}]},{"@type":"BreadcrumbList","@id":"https:\/\/blogi.eoppimispalvelut.fi\/ehospitality\/tutustu-mediajulkaisuumme\/#breadcrumb","itemListElement":[{"@type":"ListItem","position":1,"name":"Home","item":"https:\/\/blogi.eoppimispalvelut.fi\/ehospitality\/"},{"@type":"ListItem","position":2,"name":"Tutustu ehospitality-mediajulkaisuumme"}]},{"@type":"WebSite","@id":"https:\/\/blogi.eoppimispalvelut.fi\/ehospitality\/#website","url":"https:\/\/blogi.eoppimispalvelut.fi\/ehospitality\/","name":"Teko\u00e4ly matkailun myynti- ja markkinointiprosessien tukena","description":"","potentialAction":[{"@type":"SearchAction","target":{"@type":"EntryPoint","urlTemplate":"https:\/\/blogi.eoppimispalvelut.fi\/ehospitality\/?s={search_term_string}"},"query-input":{"@type":"PropertyValueSpecification","valueRequired":true,"valueName":"search_term_string"}}],"inLanguage":"fi"}]}},"_links":{"self":[{"href":"https:\/\/blogi.eoppimispalvelut.fi\/ehospitality\/wp-json\/wp\/v2\/pages\/761","targetHints":{"allow":["GET"]}}],"collection":[{"href":"https:\/\/blogi.eoppimispalvelut.fi\/ehospitality\/wp-json\/wp\/v2\/pages"}],"about":[{"href":"https:\/\/blogi.eoppimispalvelut.fi\/ehospitality\/wp-json\/wp\/v2\/types\/page"}],"author":[{"embeddable":true,"href":"https:\/\/blogi.eoppimispalvelut.fi\/ehospitality\/wp-json\/wp\/v2\/users\/1712"}],"replies":[{"embeddable":true,"href":"https:\/\/blogi.eoppimispalvelut.fi\/ehospitality\/wp-json\/wp\/v2\/comments?post=761"}],"version-history":[{"count":14,"href":"https:\/\/blogi.eoppimispalvelut.fi\/ehospitality\/wp-json\/wp\/v2\/pages\/761\/revisions"}],"predecessor-version":[{"id":1053,"href":"https:\/\/blogi.eoppimispalvelut.fi\/ehospitality\/wp-json\/wp\/v2\/pages\/761\/revisions\/1053"}],"wp:attachment":[{"href":"https:\/\/blogi.eoppimispalvelut.fi\/ehospitality\/wp-json\/wp\/v2\/media?parent=761"}],"curies":[{"name":"wp","href":"https:\/\/api.w.org\/{rel}","templated":true}]}}