{"id":764,"date":"2023-06-06T21:15:45","date_gmt":"2023-06-06T18:15:45","guid":{"rendered":"https:\/\/blogi.eoppimispalvelut.fi\/ehospitality\/?page_id=764"},"modified":"2023-06-15T10:32:53","modified_gmt":"2023-06-15T07:32:53","slug":"podcasteilla-eloa-verkkosisaltoon","status":"publish","type":"page","link":"https:\/\/blogi.eoppimispalvelut.fi\/ehospitality\/podcasteilla-eloa-verkkosisaltoon\/","title":{"rendered":"Podcasteilla eloa verkkosis\u00e4lt\u00f6\u00f6n"},"content":{"rendered":"\n<p><strong>Podcast-osio antaa vinkkej\u00e4 podcastin tekemiseen ja esittelee kokeilujamme.  Mit\u00e4 voisi oppia vaikkapa teemasta: \u201cEi en\u00e4\u00e4 tylsi\u00e4 asiakaskokemuksia!\u201d<\/strong><\/p>\n\n\n\n<p>Podcastit ovat mobiilin k\u00e4yt\u00f6n my\u00f6t\u00e4 ilahduttavasti lis\u00e4nneet suosiotaan. eHospitality-hankkeessamme kokeilimme matalalla kynnyksell\u00e4 podcastin tekoa. <\/p>\n\n\n\n<p>Lue <a href=\"https:\/\/blogi.eoppimispalvelut.fi\/ehospitality\/kuinka-teet-podcastin-vinkkeja-matkailuyrittajalle\/\" target=\"_blank\" rel=\"noreferrer noopener\">vinkkimme podcastin tekoon<\/a> ja kuuntele digiaiheiset podcastimme:<\/p>\n\n\n\n<figure class=\"wp-block-embed is-type-rich is-provider-soundcloud wp-block-embed-soundcloud wp-embed-aspect-4-3 wp-has-aspect-ratio\"><div class=\"wp-block-embed__wrapper\">\n<iframe loading=\"lazy\" title=\"ehospitality\" width=\"768\" height=\"450\" scrolling=\"no\" frameborder=\"no\" src=\"https:\/\/w.soundcloud.com\/player\/?visual=true&#038;url=https%3A%2F%2Fapi.soundcloud.com%2Fusers%2F741299482&#038;show_artwork=true&#038;maxheight=1000&#038;maxwidth=768\"><\/iframe>\n<\/div><\/figure>\n\n\n\n<p>Voisiko podcast olla sinulle luonteva tapa kertoa yrityksesi tarinaa? <\/p>\n","protected":false},"excerpt":{"rendered":"<p>Podcast-osio antaa vinkkej\u00e4 podcastin tekemiseen ja esittelee kokeilujamme. Mit\u00e4 voisi oppia vaikkapa teemasta: \u201cEi en\u00e4\u00e4 tylsi\u00e4 asiakaskokemuksia!\u201d Podcastit ovat mobiilin k\u00e4yt\u00f6n my\u00f6t\u00e4 ilahduttavasti lis\u00e4nneet suosiotaan. eHospitality-hankkeessamme kokeilimme matalalla kynnyksell\u00e4 podcastin tekoa. Lue vinkkimme podcastin tekoon ja kuuntele digiaiheiset podcastimme: Voisiko podcast olla sinulle luonteva tapa kertoa yrityksesi tarinaa?<\/p>\n","protected":false},"author":1712,"featured_media":0,"parent":0,"menu_order":0,"comment_status":"closed","ping_status":"closed","template":"","meta":{"_monsterinsights_skip_tracking":false,"_monsterinsights_sitenote_active":false,"_monsterinsights_sitenote_note":"","_monsterinsights_sitenote_category":0,"footnotes":""},"class_list":["post-764","page","type-page","status-publish","hentry"],"yoast_head":"<!-- This site is optimized with the Yoast SEO plugin v27.1.1 - https:\/\/yoast.com\/product\/yoast-seo-wordpress\/ -->\n<title>Podcasteilla eloa verkkosis\u00e4lt\u00f6\u00f6n - Teko\u00e4ly matkailun myynti- ja markkinointiprosessien tukena<\/title>\n<meta name=\"description\" content=\"eHospitality-hankkeemme mediajulkaisun podcast-osio antaa vinkkej\u00e4 podcastin tekemiseen ja esittelee kokeilujamme.\" \/>\n<meta name=\"robots\" content=\"index, follow, max-snippet:-1, max-image-preview:large, max-video-preview:-1\" \/>\n<link rel=\"canonical\" href=\"https:\/\/blogi.eoppimispalvelut.fi\/ehospitality\/podcasteilla-eloa-verkkosisaltoon\/\" \/>\n<meta property=\"og:locale\" content=\"fi_FI\" \/>\n<meta property=\"og:type\" content=\"article\" \/>\n<meta property=\"og:title\" content=\"Podcasteilla eloa verkkosis\u00e4lt\u00f6\u00f6n - Teko\u00e4ly matkailun myynti- ja markkinointiprosessien tukena\" \/>\n<meta property=\"og:description\" content=\"eHospitality-hankkeemme mediajulkaisun podcast-osio antaa vinkkej\u00e4 podcastin tekemiseen ja esittelee kokeilujamme.\" \/>\n<meta property=\"og:url\" content=\"https:\/\/blogi.eoppimispalvelut.fi\/ehospitality\/podcasteilla-eloa-verkkosisaltoon\/\" \/>\n<meta property=\"og:site_name\" content=\"Teko\u00e4ly matkailun myynti- ja markkinointiprosessien tukena\" \/>\n<meta property=\"article:modified_time\" content=\"2023-06-15T07:32:53+00:00\" \/>\n<meta name=\"twitter:card\" content=\"summary_large_image\" \/>\n<meta name=\"twitter:label1\" content=\"Est. reading time\" \/>\n\t<meta name=\"twitter:data1\" content=\"1 minuutti\" \/>\n<script type=\"application\/ld+json\" class=\"yoast-schema-graph\">{\"@context\":\"https:\/\/schema.org\",\"@graph\":[{\"@type\":\"WebPage\",\"@id\":\"https:\/\/blogi.eoppimispalvelut.fi\/ehospitality\/podcasteilla-eloa-verkkosisaltoon\/\",\"url\":\"https:\/\/blogi.eoppimispalvelut.fi\/ehospitality\/podcasteilla-eloa-verkkosisaltoon\/\",\"name\":\"Podcasteilla eloa verkkosis\u00e4lt\u00f6\u00f6n - Teko\u00e4ly matkailun myynti- ja markkinointiprosessien tukena\",\"isPartOf\":{\"@id\":\"https:\/\/blogi.eoppimispalvelut.fi\/ehospitality\/#website\"},\"datePublished\":\"2023-06-06T18:15:45+00:00\",\"dateModified\":\"2023-06-15T07:32:53+00:00\",\"description\":\"eHospitality-hankkeemme mediajulkaisun podcast-osio antaa vinkkej\u00e4 podcastin tekemiseen ja esittelee kokeilujamme.\",\"breadcrumb\":{\"@id\":\"https:\/\/blogi.eoppimispalvelut.fi\/ehospitality\/podcasteilla-eloa-verkkosisaltoon\/#breadcrumb\"},\"inLanguage\":\"fi\",\"potentialAction\":[{\"@type\":\"ReadAction\",\"target\":[\"https:\/\/blogi.eoppimispalvelut.fi\/ehospitality\/podcasteilla-eloa-verkkosisaltoon\/\"]}]},{\"@type\":\"BreadcrumbList\",\"@id\":\"https:\/\/blogi.eoppimispalvelut.fi\/ehospitality\/podcasteilla-eloa-verkkosisaltoon\/#breadcrumb\",\"itemListElement\":[{\"@type\":\"ListItem\",\"position\":1,\"name\":\"Home\",\"item\":\"https:\/\/blogi.eoppimispalvelut.fi\/ehospitality\/\"},{\"@type\":\"ListItem\",\"position\":2,\"name\":\"Podcasteilla eloa verkkosis\u00e4lt\u00f6\u00f6n\"}]},{\"@type\":\"WebSite\",\"@id\":\"https:\/\/blogi.eoppimispalvelut.fi\/ehospitality\/#website\",\"url\":\"https:\/\/blogi.eoppimispalvelut.fi\/ehospitality\/\",\"name\":\"Teko\u00e4ly matkailun myynti- ja markkinointiprosessien tukena\",\"description\":\"\",\"potentialAction\":[{\"@type\":\"SearchAction\",\"target\":{\"@type\":\"EntryPoint\",\"urlTemplate\":\"https:\/\/blogi.eoppimispalvelut.fi\/ehospitality\/?s={search_term_string}\"},\"query-input\":{\"@type\":\"PropertyValueSpecification\",\"valueRequired\":true,\"valueName\":\"search_term_string\"}}],\"inLanguage\":\"fi\"}]}<\/script>\n<!-- \/ Yoast SEO plugin. -->","yoast_head_json":{"title":"Podcasteilla eloa verkkosis\u00e4lt\u00f6\u00f6n - Teko\u00e4ly matkailun myynti- ja markkinointiprosessien tukena","description":"eHospitality-hankkeemme mediajulkaisun podcast-osio antaa vinkkej\u00e4 podcastin tekemiseen ja esittelee kokeilujamme.","robots":{"index":"index","follow":"follow","max-snippet":"max-snippet:-1","max-image-preview":"max-image-preview:large","max-video-preview":"max-video-preview:-1"},"canonical":"https:\/\/blogi.eoppimispalvelut.fi\/ehospitality\/podcasteilla-eloa-verkkosisaltoon\/","og_locale":"fi_FI","og_type":"article","og_title":"Podcasteilla eloa verkkosis\u00e4lt\u00f6\u00f6n - Teko\u00e4ly matkailun myynti- ja markkinointiprosessien tukena","og_description":"eHospitality-hankkeemme mediajulkaisun podcast-osio antaa vinkkej\u00e4 podcastin tekemiseen ja esittelee kokeilujamme.","og_url":"https:\/\/blogi.eoppimispalvelut.fi\/ehospitality\/podcasteilla-eloa-verkkosisaltoon\/","og_site_name":"Teko\u00e4ly matkailun myynti- ja markkinointiprosessien tukena","article_modified_time":"2023-06-15T07:32:53+00:00","twitter_card":"summary_large_image","twitter_misc":{"Est. reading time":"1 minuutti"},"schema":{"@context":"https:\/\/schema.org","@graph":[{"@type":"WebPage","@id":"https:\/\/blogi.eoppimispalvelut.fi\/ehospitality\/podcasteilla-eloa-verkkosisaltoon\/","url":"https:\/\/blogi.eoppimispalvelut.fi\/ehospitality\/podcasteilla-eloa-verkkosisaltoon\/","name":"Podcasteilla eloa verkkosis\u00e4lt\u00f6\u00f6n - Teko\u00e4ly matkailun myynti- ja markkinointiprosessien tukena","isPartOf":{"@id":"https:\/\/blogi.eoppimispalvelut.fi\/ehospitality\/#website"},"datePublished":"2023-06-06T18:15:45+00:00","dateModified":"2023-06-15T07:32:53+00:00","description":"eHospitality-hankkeemme mediajulkaisun podcast-osio antaa vinkkej\u00e4 podcastin tekemiseen ja esittelee kokeilujamme.","breadcrumb":{"@id":"https:\/\/blogi.eoppimispalvelut.fi\/ehospitality\/podcasteilla-eloa-verkkosisaltoon\/#breadcrumb"},"inLanguage":"fi","potentialAction":[{"@type":"ReadAction","target":["https:\/\/blogi.eoppimispalvelut.fi\/ehospitality\/podcasteilla-eloa-verkkosisaltoon\/"]}]},{"@type":"BreadcrumbList","@id":"https:\/\/blogi.eoppimispalvelut.fi\/ehospitality\/podcasteilla-eloa-verkkosisaltoon\/#breadcrumb","itemListElement":[{"@type":"ListItem","position":1,"name":"Home","item":"https:\/\/blogi.eoppimispalvelut.fi\/ehospitality\/"},{"@type":"ListItem","position":2,"name":"Podcasteilla eloa verkkosis\u00e4lt\u00f6\u00f6n"}]},{"@type":"WebSite","@id":"https:\/\/blogi.eoppimispalvelut.fi\/ehospitality\/#website","url":"https:\/\/blogi.eoppimispalvelut.fi\/ehospitality\/","name":"Teko\u00e4ly matkailun myynti- ja markkinointiprosessien tukena","description":"","potentialAction":[{"@type":"SearchAction","target":{"@type":"EntryPoint","urlTemplate":"https:\/\/blogi.eoppimispalvelut.fi\/ehospitality\/?s={search_term_string}"},"query-input":{"@type":"PropertyValueSpecification","valueRequired":true,"valueName":"search_term_string"}}],"inLanguage":"fi"}]}},"_links":{"self":[{"href":"https:\/\/blogi.eoppimispalvelut.fi\/ehospitality\/wp-json\/wp\/v2\/pages\/764","targetHints":{"allow":["GET"]}}],"collection":[{"href":"https:\/\/blogi.eoppimispalvelut.fi\/ehospitality\/wp-json\/wp\/v2\/pages"}],"about":[{"href":"https:\/\/blogi.eoppimispalvelut.fi\/ehospitality\/wp-json\/wp\/v2\/types\/page"}],"author":[{"embeddable":true,"href":"https:\/\/blogi.eoppimispalvelut.fi\/ehospitality\/wp-json\/wp\/v2\/users\/1712"}],"replies":[{"embeddable":true,"href":"https:\/\/blogi.eoppimispalvelut.fi\/ehospitality\/wp-json\/wp\/v2\/comments?post=764"}],"version-history":[{"count":6,"href":"https:\/\/blogi.eoppimispalvelut.fi\/ehospitality\/wp-json\/wp\/v2\/pages\/764\/revisions"}],"predecessor-version":[{"id":870,"href":"https:\/\/blogi.eoppimispalvelut.fi\/ehospitality\/wp-json\/wp\/v2\/pages\/764\/revisions\/870"}],"wp:attachment":[{"href":"https:\/\/blogi.eoppimispalvelut.fi\/ehospitality\/wp-json\/wp\/v2\/media?parent=764"}],"curies":[{"name":"wp","href":"https:\/\/api.w.org\/{rel}","templated":true}]}}