{"id":110,"date":"2015-08-03T15:50:04","date_gmt":"2015-08-03T12:50:04","guid":{"rendered":"https:\/\/blogi.eoppimispalvelut.fi\/ekku\/?page_id=110"},"modified":"2016-08-05T13:37:16","modified_gmt":"2016-08-05T10:37:16","slug":"ajankohtaista","status":"publish","type":"page","link":"https:\/\/blogi.eoppimispalvelut.fi\/ekku\/ajankohtaista\/","title":{"rendered":"Menossa mukana"},"content":{"rendered":"<p>T\u00e4ll\u00e4 sivulla on tietoa ajankohtaisista <strong>tapahtumista, seminaareista ja koulutuksista<\/strong> Lapissa\u00a0EKKU-hankkeen teemoihin liittyen: ennakoinnista, kumppanuudesta, kehitt\u00e4misest\u00e4, koulutuksesta,\u00a0verkostoitumisesta ja yhteisty\u00f6st\u00e4.<\/p>\n<p>&nbsp;<\/p>\n<p>[stout_gc id=1]<\/p>\n<p><strong>Lapin alueen tapahtumia:<\/strong><\/p>\n<p><a href=\"http:\/\/www.yrittajat.fi\/fi-FI\/lappi\/tapahtumakalenteri\/\">Lapin Yritt\u00e4j\u00e4t ry:n toimintakalenteri<\/a><\/p>\n<p><a href=\"http:\/\/www.ely-keskus.fi\/web\/ely\/tapahtumat-ja-koulutukset?p_p_id=122_INSTANCE_aluevalinta&amp;p_p_lifecycle=0&amp;p_p_state=normal&amp;p_p_mode=view&amp;p_r_p_564233524_resetCur=true&amp;p_r_p_564233524_categoryId=14253#.VlWKSkZUzGk\">Lapin ELY-keskuksen tapahtumat ja koulutukset<\/a><\/p>\n<p><a href=\"http:\/\/www.lappia.fi\/Suomeksi\/Aikuiskoulutus--ja-tyoelamapalvelut\/Koulutustarjonta\/Aikuiskoulutuskalenteri\">Ammattiopisto Lappian Aikuiskoulutuskalenteri<\/a><\/p>\n<p><a href=\"http:\/\/www.lao.fi\/Suomeksi\/Aikuisille\/Aikuiskoulutuskalenteri\">Lapin ammattiopiston aikuiskoulutuskalenteri<\/a><\/p>\n<p><a href=\"http:\/\/www.lapinamk.fi\/fi\/Esittely\/Ajankohtaista\/Tapahtumakalenteri\">Lapin ammattikorkeakoulun tapahtumakalenteri<\/a><\/p>\n<p><a href=\"http:\/\/www.lappi.fi\/lapinliitto\/ajankohtaista\/tapahtumat\">Lapin liiton tapahtumakalenteri<\/a><\/p>\n","protected":false},"excerpt":{"rendered":"<p>T\u00e4ll\u00e4 sivulla on tietoa ajankohtaisista tapahtumista, seminaareista ja koulutuksista Lapissa\u00a0EKKU-hankkeen teemoihin liittyen: ennakoinnista, kumppanuudesta, kehitt\u00e4misest\u00e4, koulutuksesta,\u00a0verkostoitumisesta ja yhteisty\u00f6st\u00e4. &nbsp; [stout_gc id=1] Lapin alueen tapahtumia: Lapin Yritt\u00e4j\u00e4t ry:n toimintakalenteri Lapin ELY-keskuksen tapahtumat ja koulutukset Ammattiopisto Lappian Aikuiskoulutuskalenteri Lapin ammattiopiston aikuiskoulutuskalenteri Lapin ammattikorkeakoulun tapahtumakalenteri Lapin liiton tapahtumakalenteri<\/p>\n","protected":false},"author":6,"featured_media":0,"parent":0,"menu_order":0,"comment_status":"closed","ping_status":"closed","template":"","meta":{"footnotes":""},"class_list":["post-110","page","type-page","status-publish","hentry","nodate","item-wrap"],"_links":{"self":[{"href":"https:\/\/blogi.eoppimispalvelut.fi\/ekku\/wp-json\/wp\/v2\/pages\/110","targetHints":{"allow":["GET"]}}],"collection":[{"href":"https:\/\/blogi.eoppimispalvelut.fi\/ekku\/wp-json\/wp\/v2\/pages"}],"about":[{"href":"https:\/\/blogi.eoppimispalvelut.fi\/ekku\/wp-json\/wp\/v2\/types\/page"}],"author":[{"embeddable":true,"href":"https:\/\/blogi.eoppimispalvelut.fi\/ekku\/wp-json\/wp\/v2\/users\/6"}],"replies":[{"embeddable":true,"href":"https:\/\/blogi.eoppimispalvelut.fi\/ekku\/wp-json\/wp\/v2\/comments?post=110"}],"version-history":[{"count":31,"href":"https:\/\/blogi.eoppimispalvelut.fi\/ekku\/wp-json\/wp\/v2\/pages\/110\/revisions"}],"predecessor-version":[{"id":381,"href":"https:\/\/blogi.eoppimispalvelut.fi\/ekku\/wp-json\/wp\/v2\/pages\/110\/revisions\/381"}],"wp:attachment":[{"href":"https:\/\/blogi.eoppimispalvelut.fi\/ekku\/wp-json\/wp\/v2\/media?parent=110"}],"curies":[{"name":"wp","href":"https:\/\/api.w.org\/{rel}","templated":true}]}}