{"id":197,"date":"2015-11-25T11:37:23","date_gmt":"2015-11-25T09:37:23","guid":{"rendered":"https:\/\/blogi.eoppimispalvelut.fi\/ekku\/?page_id=197"},"modified":"2016-09-20T12:39:23","modified_gmt":"2016-09-20T09:39:23","slug":"ekku-hanke","status":"publish","type":"page","link":"https:\/\/blogi.eoppimispalvelut.fi\/ekku\/ekku-hanke\/","title":{"rendered":"EKKU-hanke"},"content":{"rendered":"<p><strong>MIK\u00c4 EKKU?<\/strong><\/p>\n<p><strong>EKKU-hankkeessa <\/strong>kehitet\u00e4\u00e4n koulutustasojen ja -alojen v\u00e4linen verkostomainen yhteisty\u00f6- ja ennakointimalli tukemaan Lapin maakunnan ty\u00f6el\u00e4m\u00e4n kehittymist\u00e4 ja menestymist\u00e4. Samalla kehitet\u00e4\u00e4n opetushenkil\u00f6st\u00f6n kumppanuusosaamista ja muotoillaan kummitoimintaa.<b>\u00a0<\/b>Hankkeen rahoittaa Pohjois-Pohjanmaan ELY-keskus ESR-ohjelmasta.<\/p>\n<p><strong>MIT\u00c4?<\/strong><\/p>\n<p>Keskeisimm\u00e4t toimenpiteet ovat yritys- ja yhteis\u00f6asiakkaille teht\u00e4v\u00e4t osaamiskartoitukset, joiden avulla asiakkaille r\u00e4\u00e4t\u00e4l\u00f6id\u00e4\u00e4n osaamis- ja kehityssuunnitelmat. Koulutuksella\u00a0varmistetaan osaava ty\u00f6ntekij\u00e4 ty\u00f6el\u00e4m\u00e4n tulevaisuuden tarpeisiin.<\/p>\n<p><strong>KENELLE?<\/strong><\/p>\n<p>EKKU-hankkeen toimenpiteet tukevat Lapin maakunnan ty\u00f6el\u00e4m\u00e4n kehittymist\u00e4 ja menestymist\u00e4 jatkuvissa muutoksissa. Toisen asteen ja korkea-asteen ty\u00f6el\u00e4m\u00e4l\u00e4ht\u00f6isell\u00e4 osaamistarjonnalla\u00a0vastataan\u00a0ty\u00f6el\u00e4m\u00e4n muuttuviin haasteisiin.<\/p>\n<p><strong>HY\u00d6DYT?<\/strong><\/p>\n<p>Lopputuloksena on tehokas osaamisen johtaminen ja osaava ty\u00f6ntekij\u00e4 yritykselle. Osaava ja koulutettu henkil\u00f6st\u00f6 lis\u00e4\u00e4 yritysten tuottavuutta ja edellytyksi\u00e4 p\u00e4rj\u00e4t\u00e4 kilpailussa. Kohdennettu osaaminen\u00a0\u00a0tuo s\u00e4\u00e4st\u00f6\u00e4 muun muassa osaamis- ja kehitt\u00e4miskustannuksissa ja rekrytoinneissa. Koko yrityksen henkil\u00f6st\u00f6\u00e4 koskeva\u00a0osaamisen kehitt\u00e4misen\u00a0suunnitelma oikeuttaa verov\u00e4hennykseen.<\/p>\n<p><strong>Lis\u00e4tietoja<br \/>\n<\/strong><\/p>\n<p>Projektip\u00e4\u00e4llikk\u00f6 Meeri Linna, Ammattiopisto Lappian aikuiskoulutus- ja hankepalvelut, puh: <i>050 314 6448, meeri.linna(a)lappia.fi<\/i><\/p>\n<p>Projektisuunnittelija Pia Nikkinen,\u00a0Rovaniemen koulutuskuntayhtym\u00e4,\u00a0puh: <em>040 736 2643,\u00a0pia.nikkinen(a)redu.fi<\/em><i><\/i><\/p>\n<p>Projektisuunnittelija Sirpa Kokkonen, Lapin ammattikorkeakoulu, Kaupan ja kulttuurin alan TKI-palvelut, puh: <i>040 828 3249, sirpa.kokkonen(a)lapinamk.fi<\/i><\/p>\n<p>Kemi-Tornionlaakson koulutuskuntayhtym\u00e4 Lappia, Rovaniemen koulutuskuntayhtym\u00e4 ja Lapin\u00a0ammattikorkeakoulu ovat valmistelleet ja toimivat yhteisty\u00f6ss\u00e4 EKKU-hankkeessa. Hanketta\u00a0rahoitetaan Euroopan sosiaalirahaston (ESR) Kest\u00e4v\u00e4\u00e4 kasvua ja ty\u00f6t\u00e4 2014 \u2013 2020 Suomen\u00a0rakennerahasto-ohjelmasta. Hankkeen rahoituksesta vastaa Pohjois-Pohjanmaan ELY-keskus.\u00a0Hankkeen kokonaiskustannukset 450 000 euroa, josta ESR-rahoitusta on 360 000 euroa.\u00a0Hanketoimijoiden omarahoitusosuudet jakautuvat: Lappia 40 000 euroa, RKK 30 000 euroa ja Lapin\u00a0amk 20 000 euroa.\u00a0EKKU-hanke on k\u00e4ynnistynyt 1.3.2015 ja jatkuu 28.2.2018 saakka.<\/p>\n<p>Hankkeen kotisivu: https:\/\/blogi.eoppimispalvelut.fi\/ekku<\/p>\n<div id=\"attachment_73\" style=\"width: 580px\" class=\"wp-caption alignleft\"><img loading=\"lazy\" decoding=\"async\" aria-describedby=\"caption-attachment-73\" class=\"wp-image-73 size-medium\" src=\"https:\/\/blogi.eoppimispalvelut.fi\/ekku\/files\/2015\/05\/ekku_kuva_ja_logo-580x336.jpg\" alt=\"Ennakoinnista koulutukseen ja kumppanuuteen\" width=\"580\" height=\"336\" srcset=\"https:\/\/blogi.eoppimispalvelut.fi\/ekku\/files\/2015\/05\/ekku_kuva_ja_logo-580x336.jpg 580w, https:\/\/blogi.eoppimispalvelut.fi\/ekku\/files\/2015\/05\/ekku_kuva_ja_logo.jpg 778w\" sizes=\"auto, (max-width: 580px) 100vw, 580px\" \/><p id=\"caption-attachment-73\" class=\"wp-caption-text\">EKKU &#8211; Ennakoinnista koulutukseen ja kumppanuuteen<\/p><\/div>\n","protected":false},"excerpt":{"rendered":"<p>MIK\u00c4 EKKU? EKKU-hankkeessa kehitet\u00e4\u00e4n koulutustasojen ja -alojen v\u00e4linen verkostomainen yhteisty\u00f6- ja ennakointimalli tukemaan Lapin maakunnan ty\u00f6el\u00e4m\u00e4n kehittymist\u00e4 ja menestymist\u00e4. Samalla kehitet\u00e4\u00e4n opetushenkil\u00f6st\u00f6n kumppanuusosaamista ja muotoillaan kummitoimintaa.\u00a0Hankkeen rahoittaa Pohjois-Pohjanmaan ELY-keskus ESR-ohjelmasta. MIT\u00c4? Keskeisimm\u00e4t toimenpiteet ovat yritys- ja yhteis\u00f6asiakkaille teht\u00e4v\u00e4t osaamiskartoitukset, joiden avulla asiakkaille r\u00e4\u00e4t\u00e4l\u00f6id\u00e4\u00e4n osaamis- ja kehityssuunnitelmat. Koulutuksella\u00a0varmistetaan osaava ty\u00f6ntekij\u00e4 ty\u00f6el\u00e4m\u00e4n tulevaisuuden tarpeisiin. KENELLE? EKKU-hankkeen toimenpiteet &hellip; <\/p>\n<p><a class=\"more-link btn\" href=\"https:\/\/blogi.eoppimispalvelut.fi\/ekku\/ekku-hanke\/\">Jatka lukemista<\/a><\/p>\n","protected":false},"author":6,"featured_media":0,"parent":0,"menu_order":0,"comment_status":"closed","ping_status":"closed","template":"","meta":{"footnotes":""},"class_list":["post-197","page","type-page","status-publish","hentry","nodate","item-wrap"],"_links":{"self":[{"href":"https:\/\/blogi.eoppimispalvelut.fi\/ekku\/wp-json\/wp\/v2\/pages\/197","targetHints":{"allow":["GET"]}}],"collection":[{"href":"https:\/\/blogi.eoppimispalvelut.fi\/ekku\/wp-json\/wp\/v2\/pages"}],"about":[{"href":"https:\/\/blogi.eoppimispalvelut.fi\/ekku\/wp-json\/wp\/v2\/types\/page"}],"author":[{"embeddable":true,"href":"https:\/\/blogi.eoppimispalvelut.fi\/ekku\/wp-json\/wp\/v2\/users\/6"}],"replies":[{"embeddable":true,"href":"https:\/\/blogi.eoppimispalvelut.fi\/ekku\/wp-json\/wp\/v2\/comments?post=197"}],"version-history":[{"count":9,"href":"https:\/\/blogi.eoppimispalvelut.fi\/ekku\/wp-json\/wp\/v2\/pages\/197\/revisions"}],"predecessor-version":[{"id":391,"href":"https:\/\/blogi.eoppimispalvelut.fi\/ekku\/wp-json\/wp\/v2\/pages\/197\/revisions\/391"}],"wp:attachment":[{"href":"https:\/\/blogi.eoppimispalvelut.fi\/ekku\/wp-json\/wp\/v2\/media?parent=197"}],"curies":[{"name":"wp","href":"https:\/\/api.w.org\/{rel}","templated":true}]}}