{"id":2,"date":"2015-05-25T09:40:40","date_gmt":"2015-05-25T06:40:40","guid":{"rendered":"https:\/\/blogi.eoppimispalvelut.fi\/ekku\/?page_id=2"},"modified":"2017-10-03T09:40:41","modified_gmt":"2017-10-03T06:40:41","slug":"sinuapalvelevat","status":"publish","type":"page","link":"https:\/\/blogi.eoppimispalvelut.fi\/ekku\/sinuapalvelevat\/","title":{"rendered":"Sinua palvelevat"},"content":{"rendered":"<p><img loading=\"lazy\" decoding=\"async\" class=\"alignleft size-medium wp-image-445\" src=\"https:\/\/blogi.eoppimispalvelut.fi\/ekku\/files\/2015\/05\/Noita-580x411.jpg\" alt=\"\" width=\"580\" height=\"411\" srcset=\"https:\/\/blogi.eoppimispalvelut.fi\/ekku\/files\/2015\/05\/Noita-580x411.jpg 580w, https:\/\/blogi.eoppimispalvelut.fi\/ekku\/files\/2015\/05\/Noita-768x544.jpg 768w, https:\/\/blogi.eoppimispalvelut.fi\/ekku\/files\/2015\/05\/Noita.jpg 799w\" sizes=\"auto, (max-width: 580px) 100vw, 580px\" \/><\/p>\n<p>&nbsp;<\/p>\n<p>Projektip\u00e4\u00e4llikk\u00f6 <strong>Meeri Linna<\/strong><\/p>\n<p>meeri.linna(a)lappia.fi<br \/>\npuh:\u00a0050\u00a0314 6448<br \/>\n<em>Ammattiopisto Lappia, aikuiskoulutus- ja hankepalvelut<br \/>\n<\/em><em>Urheilukatu 6,\u00a0<\/em><em>95400 Tornio<\/em><\/p>\n<p>Projektisuunnittelija <strong>Pia Nikkinen<\/strong> 1.5.2016 alkaen<br \/>\npia.nikkinen(a)redu.fi<br \/>\npuh: 040 7362643<i><i><br \/>\nRovaniemen koulutuskuntayhtym\u00e4<br \/>\n<\/i>Korvanranta 50, 96\u00a0300 Rovaniemi<br \/>\n<\/i><\/p>\n<p>Projektisuunnittelija <strong>Sirpa Kokkonen\u00a0<\/strong><br \/>\nsirpa.kokkonen(a)lapinamk.fi<br \/>\npuh: <i>040 828 3249<br \/>\nLapin ammattikorkeakoulu, Kaupan ja kulttuurin alan TKI-palvelut<br \/>\nKauppakatu 58, 95400 Tornio<\/i><\/p>\n<p><strong>Ota yhteytt\u00e4!<\/strong><\/p>\n<p>&nbsp;<\/p>\n","protected":false},"excerpt":{"rendered":"<p>&nbsp; Projektip\u00e4\u00e4llikk\u00f6 Meeri Linna meeri.linna(a)lappia.fi puh:\u00a0050\u00a0314 6448 Ammattiopisto Lappia, aikuiskoulutus- ja hankepalvelut Urheilukatu 6,\u00a095400 Tornio Projektisuunnittelija Pia Nikkinen 1.5.2016 alkaen pia.nikkinen(a)redu.fi puh: 040 7362643 Rovaniemen koulutuskuntayhtym\u00e4 Korvanranta 50, 96\u00a0300 Rovaniemi Projektisuunnittelija Sirpa Kokkonen\u00a0 sirpa.kokkonen(a)lapinamk.fi puh: 040 828 3249 Lapin ammattikorkeakoulu, Kaupan ja kulttuurin alan TKI-palvelut Kauppakatu 58, 95400 Tornio Ota yhteytt\u00e4! &nbsp;<\/p>\n","protected":false},"author":6,"featured_media":0,"parent":0,"menu_order":0,"comment_status":"open","ping_status":"open","template":"","meta":{"footnotes":""},"class_list":["post-2","page","type-page","status-publish","hentry","nodate","item-wrap"],"_links":{"self":[{"href":"https:\/\/blogi.eoppimispalvelut.fi\/ekku\/wp-json\/wp\/v2\/pages\/2","targetHints":{"allow":["GET"]}}],"collection":[{"href":"https:\/\/blogi.eoppimispalvelut.fi\/ekku\/wp-json\/wp\/v2\/pages"}],"about":[{"href":"https:\/\/blogi.eoppimispalvelut.fi\/ekku\/wp-json\/wp\/v2\/types\/page"}],"author":[{"embeddable":true,"href":"https:\/\/blogi.eoppimispalvelut.fi\/ekku\/wp-json\/wp\/v2\/users\/6"}],"replies":[{"embeddable":true,"href":"https:\/\/blogi.eoppimispalvelut.fi\/ekku\/wp-json\/wp\/v2\/comments?post=2"}],"version-history":[{"count":25,"href":"https:\/\/blogi.eoppimispalvelut.fi\/ekku\/wp-json\/wp\/v2\/pages\/2\/revisions"}],"predecessor-version":[{"id":472,"href":"https:\/\/blogi.eoppimispalvelut.fi\/ekku\/wp-json\/wp\/v2\/pages\/2\/revisions\/472"}],"wp:attachment":[{"href":"https:\/\/blogi.eoppimispalvelut.fi\/ekku\/wp-json\/wp\/v2\/media?parent=2"}],"curies":[{"name":"wp","href":"https:\/\/api.w.org\/{rel}","templated":true}]}}