{"id":1087,"date":"2012-11-09T16:13:13","date_gmt":"2012-11-09T13:13:13","guid":{"rendered":"https:\/\/blogi.eoppimispalvelut.fi\/elavalappi\/?page_id=1087"},"modified":"2014-09-08T14:38:53","modified_gmt":"2014-09-08T11:38:53","slug":"syksy-2012","status":"publish","type":"page","link":"https:\/\/blogi.eoppimispalvelut.fi\/elavalappi\/about\/ounasvaara-living-lab\/syksy-2012\/","title":{"rendered":"2011-2012"},"content":{"rendered":"<h3>Ounasvaaran kes\u00e4liikkujan profiili<\/h3>\n<p>Kes\u00e4 ja syksyn aikana Rovaniemen ammattikorkeakoulun liikunnan ja vapaa-ajan koulutusohjelman opiskelijat toteuttivat Ounasvaaran kes\u00e4liikkujista liikuntaprofiilit. He ker\u00e4siv\u00e4t Ounasvaaran k\u00e4ytt\u00e4jilt\u00e4 aineiston haastattelemalla ja hy\u00f6dynt\u00e4m\u00e4ll\u00e4 muotoiluluotainta, jolla tutkittiin liikuntak\u00e4ytt\u00e4ytymist\u00e4.<\/p>\n<p>Opiskelijat l\u00f6ysiv\u00e4t 7 erilaista liikuntaprofiilia.<\/p>\n<ul>\n<li><em>Sosiaaliset liikkujat<\/em>: T\u00e4m\u00e4n ryhm\u00e4n motiivi liikkumiseen l\u00f6ytyy kavereista. Heille on t\u00e4rke\u00e4\u00e4 kuulumisten vaihto lenkin yhteydess\u00e4.<\/li>\n<li><em>N\u00e4ytt\u00e4j\u00e4t<\/em>: N\u00e4ytt\u00e4jien erikoisuus ovat varusteet ja vaatetus, jotka ovat uuden karheat ja n\u00e4kyv\u00e4t kilometrien p\u00e4\u00e4h\u00e4n. Jos tarjolla on kilpailuja, he ovat varmasti l\u00e4ht\u00f6viivalla<\/li>\n<li><em>Puurtajat<\/em>: Kaikki liikunta on jollain tavalla pakollista ja syyt liikkumiseen ovat yleisesti laihtuminen ja kunnossa pysyminen. Kesken liikuntasuorituksen hymy\u00e4 on vaikea havaita, koska kilpailullisuus ja totisuus ovat heill\u00e4 veress\u00e4.<\/li>\n<li><em>Ty\u00f6myyr\u00e4t<\/em>:\u00a0 He ovat tietoisia mit\u00e4 tekev\u00e4t ja ovat m\u00e4\u00e4r\u00e4tietoisia harjoitellessaan. He k\u00e4ytt\u00e4v\u00e4t valmentajaa, testauspalveluita, ravinto-ohjausta, fysioterapiaa\u00a0 ja hierontaa taatakseen parhaan tuloksen.<\/li>\n<li><em>Er\u00e4jorma<\/em>: Heille luonto on suuressa roolissa liikunnassa. Heit\u00e4 voisi kuvailla el\u00e4m\u00e4ntapapanostajiksi. Liikunnalta haetaan kokemuksia ja el\u00e4myksi\u00e4.<\/li>\n<li><em>Sunnuntailenkkeilij\u00e4<\/em>: Ty\u00f6kiireet ja muut menot vaikuttavat Sunnuntailenkkeilijoiden harrastuksiin. Liikunta j\u00e4\u00e4 yleisesti kaiken muun tekemisen varjoon.<\/li>\n<li><em>Terveysliikkujat:<\/em> He hakevat liikunnasta hyvinvointia arkeen. Syit\u00e4 liikkumiseen ovat halu pysy\u00e4 terveen\u00e4 ja pit\u00e4\u00e4 mieli virke\u00e4n\u00e4<\/li>\n<\/ul>\n<p>Lataa t\u00e4st\u00e4 raportti <a href=\"https:\/\/blogi.eoppimispalvelut.fi\/elavalappi\/files\/2012\/11\/Ounasvaaran-kes\u00e4liikkujan-profiilit.pdf\">Ounasvaaran kes\u00e4liikkujan profiilit<\/a><\/p>\n<p><a href=\"https:\/\/blogi.eoppimispalvelut.fi\/elavalappi\/files\/2012\/10\/kuplarivi.png\"><img loading=\"lazy\" decoding=\"async\" class=\"alignnone size-large wp-image-1082\" alt=\"\" src=\"https:\/\/blogi.eoppimispalvelut.fi\/elavalappi\/files\/2012\/10\/kuplarivi-1024x56.png\" width=\"640\" height=\"35\" srcset=\"https:\/\/blogi.eoppimispalvelut.fi\/elavalappi\/files\/2012\/10\/kuplarivi-1024x56.png 1024w, https:\/\/blogi.eoppimispalvelut.fi\/elavalappi\/files\/2012\/10\/kuplarivi-300x16.png 300w\" sizes=\"auto, (max-width: 640px) 100vw, 640px\" \/><\/a><\/p>\n<h3>\u00a0Luontoliikuntapalveluiden kehitt\u00e4minen asiakasl\u00e4ht\u00f6isesti<\/h3>\n<p>Syksyn aikana Rovaniemen ammattikorkeakoulun liikunta- ja vapaa-ajan koulutusohjelman opiskelijat kehittiv\u00e4t Ounasvaaran alueelle asiakasl\u00e4ht\u00f6isesti uusia luontoliikuntapalveluita. Kehitt\u00e4misty\u00f6 alkoi ker\u00e4\u00e4m\u00e4ll\u00e4 syyskuussa Sampokeskuksessa rovaniemel\u00e4isilt\u00e4 kehitt\u00e4misideoita Ounasvaaralle. Opiskelijat kontaktoivat suoraan asiakkaisiin, jotka kattoivat laajan ik\u00e4ryhm\u00e4n aina lapsista ik\u00e4ihmisiin.<\/p>\n<p>Opiskelijat ker\u00e4siv\u00e4t p\u00e4iv\u00e4n aikana 165 kehitt\u00e4misideaa, joita hy\u00f6dynt\u00e4en he tekiv\u00e4t pienryhmiss\u00e4 palvelukonseptit. N\u00e4ist\u00e4 luotiin palveluprototyypit, joita testattiin<a href=\"http:\/\/sinco.fi\/\"> SINCOssa<\/a>. Prototypoimalla palvelukonseptit muuttuivat konkreettisimmaksi ja kehittyiv\u00e4t eteenp\u00e4in.<\/p>\n<p>Alla opiskelijoiden kehitt\u00e4m\u00e4t palvelukonseptit:<\/p>\n<ul>\n<li><em>Senioripolku<\/em>-liikuntapalvelun tavoitteena on saada vanhuksia saapumaan Ounasvaaralle virkistym\u00e4\u00e4n luonnon ja liikunnan avulla. Lataa t\u00e4st\u00e4 koko raportti <a href=\"https:\/\/blogi.eoppimispalvelut.fi\/elavalappi\/files\/2012\/11\/Senioripolku.pdf\">Senioripolku<\/a>-palvelukonseptista<\/li>\n<li><em>Ounasvaaran lenkkeilypolkujen opasteiden kehitt\u00e4misen<\/em> tavoitteena oli lis\u00e4t\u00e4 polkujen k\u00e4ytett\u00e4vyytt\u00e4 ja tuoda lis\u00e4\u00e4 liikuntaharjoitteita polkujen varrelle. Lataa t\u00e4st\u00e4 koko raportti <a href=\"https:\/\/blogi.eoppimispalvelut.fi\/elavalappi\/files\/2012\/11\/Lenkkeilypolkujen-opasteiden-kehitt\u00e4minen.pdf\">Lenkkeilypolkujen opasteiden kehitt\u00e4minen<\/a>-palvelukonseptista.<\/li>\n<li><em>Koirapuisto<\/em> &#8211; liikuntapalvelun tavoitteena oli kehitt\u00e4\u00e4 palvelu, jossa huomioidaan koiran omistajien tarpeet. Lataa t\u00e4st\u00e4 koko raportti <a href=\"https:\/\/blogi.eoppimispalvelut.fi\/elavalappi\/files\/2012\/11\/Koirapuisto.pdf\">Koirapuisto<\/a>-palvelukonseptista.<\/li>\n<\/ul>\n<p><a href=\"https:\/\/blogi.eoppimispalvelut.fi\/elavalappi\/files\/2012\/10\/kuplarivi.png\"><img loading=\"lazy\" decoding=\"async\" class=\"alignnone size-large wp-image-1082\" alt=\"\" src=\"https:\/\/blogi.eoppimispalvelut.fi\/elavalappi\/files\/2012\/10\/kuplarivi-1024x56.png\" width=\"640\" height=\"35\" srcset=\"https:\/\/blogi.eoppimispalvelut.fi\/elavalappi\/files\/2012\/10\/kuplarivi-1024x56.png 1024w, https:\/\/blogi.eoppimispalvelut.fi\/elavalappi\/files\/2012\/10\/kuplarivi-300x16.png 300w\" sizes=\"auto, (max-width: 640px) 100vw, 640px\" \/><\/a><\/p>\n<p>Liikuntapalveluiden asiakasl\u00e4ht\u00f6inen markkinointi<\/p>\n<p>RAMKn opiskelijat ovat suunnitelleet liikuntapalveluiden markkinointia toteuttamalla suunnitelmat, joissa painottuu liikuntapalveluiden tuotteistaminen ja palveluiden asiakasl\u00e4ht\u00f6inen kehitt\u00e4minen. Opiskelijat ovat toteuttaneet suunnitelmat Ounasvaaran hiihtokeskukselle, mutta ne ovat hy\u00f6dynnett\u00e4viss\u00e4 laajemmin liikunta-alan ja muiden alojen yritysten asiakasl\u00e4ht\u00f6isen toiminnan kehitt\u00e4misess\u00e4. Esitykset l\u00f6ytyv\u00e4t kohderyhmitt\u00e4in t\u00e4st\u00e4:<\/p>\n<p>Esitykset l\u00f6ytyv\u00e4t kohderyhmitt\u00e4in t\u00e4st\u00e4:<\/p>\n<ul>\n<li><a href=\"https:\/\/blogi.eoppimispalvelut.fi\/elavalappi\/files\/2012\/11\/Markkinointi-erityisryhm\u00e4t.pdf\">Markkinointi erityisryhm\u00e4t<\/a><\/li>\n<li><a href=\"https:\/\/blogi.eoppimispalvelut.fi\/elavalappi\/files\/2012\/11\/Markkinointi-harrastajat.pdf\">Markkinointi harrastajat<\/a><\/li>\n<li><a href=\"https:\/\/blogi.eoppimispalvelut.fi\/elavalappi\/files\/2012\/11\/Markkinointi-kilpaurheilijoille.pdf\">Markkinointi kilpaurheilijoille<\/a><\/li>\n<li><a href=\"https:\/\/blogi.eoppimispalvelut.fi\/elavalappi\/files\/2012\/11\/Markkinointi-lapsiperheille.pdf\">Markkinointi lapsiperheille<\/a><\/li>\n<li><a href=\"https:\/\/blogi.eoppimispalvelut.fi\/elavalappi\/files\/2012\/11\/Markkinointi-liikunnallisesti-passiiviset.pdf\">Markkinointi liikunnallisesti passiiviset<\/a><\/li>\n<li><a href=\"https:\/\/blogi.eoppimispalvelut.fi\/elavalappi\/files\/2012\/11\/Markkinointi-turistit.pdf\">Markkinointi turistit<\/a><\/li>\n<li><a href=\"https:\/\/blogi.eoppimispalvelut.fi\/elavalappi\/files\/2012\/11\/Markkinointi-Werneri-Park.pdf\">Markkinointi Werneri Park<\/a><\/li>\n<\/ul>\n","protected":false},"excerpt":{"rendered":"<p>Ounasvaaran kes\u00e4liikkujan profiili Kes\u00e4 ja syksyn aikana Rovaniemen ammattikorkeakoulun liikunnan ja vapaa-ajan koulutusohjelman opiskelijat toteuttivat Ounasvaaran kes\u00e4liikkujista liikuntaprofiilit. He ker\u00e4siv\u00e4t Ounasvaaran k\u00e4ytt\u00e4jilt\u00e4 aineiston haastattelemalla ja hy\u00f6dynt\u00e4m\u00e4ll\u00e4 muotoiluluotainta, jolla tutkittiin liikuntak\u00e4ytt\u00e4ytymist\u00e4. Opiskelijat l\u00f6ysiv\u00e4t 7 erilaista liikuntaprofiilia. Sosiaaliset liikkujat: T\u00e4m\u00e4n ryhm\u00e4n motiivi &hellip; <a href=\"https:\/\/blogi.eoppimispalvelut.fi\/elavalappi\/about\/ounasvaara-living-lab\/syksy-2012\/\">Continue reading <span class=\"meta-nav\">&rarr;<\/span><\/a><\/p>\n","protected":false},"author":243,"featured_media":0,"parent":526,"menu_order":2,"comment_status":"closed","ping_status":"closed","template":"","meta":{"footnotes":""},"class_list":["post-1087","page","type-page","status-publish","hentry"],"_links":{"self":[{"href":"https:\/\/blogi.eoppimispalvelut.fi\/elavalappi\/wp-json\/wp\/v2\/pages\/1087","targetHints":{"allow":["GET"]}}],"collection":[{"href":"https:\/\/blogi.eoppimispalvelut.fi\/elavalappi\/wp-json\/wp\/v2\/pages"}],"about":[{"href":"https:\/\/blogi.eoppimispalvelut.fi\/elavalappi\/wp-json\/wp\/v2\/types\/page"}],"author":[{"embeddable":true,"href":"https:\/\/blogi.eoppimispalvelut.fi\/elavalappi\/wp-json\/wp\/v2\/users\/243"}],"replies":[{"embeddable":true,"href":"https:\/\/blogi.eoppimispalvelut.fi\/elavalappi\/wp-json\/wp\/v2\/comments?post=1087"}],"version-history":[{"count":19,"href":"https:\/\/blogi.eoppimispalvelut.fi\/elavalappi\/wp-json\/wp\/v2\/pages\/1087\/revisions"}],"predecessor-version":[{"id":1453,"href":"https:\/\/blogi.eoppimispalvelut.fi\/elavalappi\/wp-json\/wp\/v2\/pages\/1087\/revisions\/1453"}],"up":[{"embeddable":true,"href":"https:\/\/blogi.eoppimispalvelut.fi\/elavalappi\/wp-json\/wp\/v2\/pages\/526"}],"wp:attachment":[{"href":"https:\/\/blogi.eoppimispalvelut.fi\/elavalappi\/wp-json\/wp\/v2\/media?parent=1087"}],"curies":[{"name":"wp","href":"https:\/\/api.w.org\/{rel}","templated":true}]}}