{"id":1173,"date":"2013-01-25T16:56:01","date_gmt":"2013-01-25T13:56:01","guid":{"rendered":"https:\/\/blogi.eoppimispalvelut.fi\/elavalappi\/?page_id=1173"},"modified":"2014-09-08T14:38:48","modified_gmt":"2014-09-08T11:38:48","slug":"2010-2011","status":"publish","type":"page","link":"https:\/\/blogi.eoppimispalvelut.fi\/elavalappi\/about\/ounasvaara-living-lab\/2010-2011\/","title":{"rendered":"2010-2011"},"content":{"rendered":"<h3>Hyv\u00e4 p\u00e4iv\u00e4 &#8211; tiedonkeruu<\/h3>\n<p style=\"text-align: justify\">Kev\u00e4\u00e4n 2011 toteutettiin aikana tiedonkeruun Ounasvaaran hiihtokeskuksen asiakkailta. Tiedonkeruussa haastettiin aikuisia miettim\u00e4\u00e4n ja unelmoimaan perheens\u00e4 hyv\u00e4st\u00e4 p\u00e4iv\u00e4st\u00e4. Asiakkaat saivat t\u00e4ytt\u00e4\u00e4 24 tunnin kellon kuvan ja kuvata siihen oman perheens\u00e4 p\u00e4iv\u00e4\u00e4, jolloin kaikki menisi upeasti. Vastaavasti lapset saivat mahdollisuuden tuoda esille piirt\u00e4m\u00e4ll\u00e4 asioita, jotka tekiv\u00e4t heid\u00e4t iloiseksi. Ounasvaaralla hiihtokeskuksessa asiakkaat olivat kiinnostuneita osallistumaan ja tuloksena oli materiaalia, jota hy\u00f6dynnett\u00e4\u00e4n kehitt\u00e4misalustan suunnitteluty\u00f6ss\u00e4.<\/p>\n<p><a href=\"https:\/\/blogi.eoppimispalvelut.fi\/elavalappi\/files\/2012\/10\/kuplarivi.png\"><img loading=\"lazy\" decoding=\"async\" alt=\"\" src=\"https:\/\/blogi.eoppimispalvelut.fi\/elavalappi\/files\/2012\/10\/kuplarivi-1024x56.png\" width=\"640\" height=\"35\" \/><\/a><\/p>\n<h3>Keskustelupalsta k\u00e4ytt\u00e4j\u00e4tiedonkeruussa<\/h3>\n<p style=\"text-align: justify\">Liikuntapalvelun konseptointiin tarvittiin syvent\u00e4v\u00e4\u00e4 k\u00e4ytt\u00e4j\u00e4tietoa, jota haimme suomalaisilta keskustelufoorumeilta. Tavoitteena oli saada tietoa, mist\u00e4 perheet t\u00e4ll\u00e4 hetkell\u00e4 puhuvat. Kohderyhm\u00e4n\u00e4 olivat\u00a0 suomalainen lapsiperhe, jossa lapset ovat aktiivisia (5v-16v) ja harrastavat liikuntaa.<\/p>\n<p style=\"text-align: justify\">Vanhempien suhde lastensa urheiluharrastuksiin m\u00e4\u00e4rittyy aika pitk\u00e4lti sen mukaan, miten urheiluharrastusten tavoitteet on asetettu. Ovatko ne tavoitteellisia vai suhtaudutaanko kilpailuun varauksella. Eroja on luonnollisesti my\u00f6s eri lajien v\u00e4lill\u00e4. Varsinkin taitolajit vaativat lapselta\/nuorelta enemm\u00e4n pitk\u00e4j\u00e4nteisyytt\u00e4 ja m\u00e4\u00e4r\u00e4tietoisuutta kuin esimerkiksi joukkuelajit.(Nieminen &amp; R\u00e4s\u00e4nen, 2000) Vapaa-ajan liiketoiminnan kohderyhmien n\u00e4k\u00f6kulmasta t\u00e4m\u00e4 tarkoittaa, ett\u00e4 urheilevien perheiden vanhemmat ovat kirjava joukko.<\/p>\n<p style=\"text-align: justify\">Ensin teimme yleiskatsauksen erilaisiin keskustelupalstoille ja valitsimme keskustelufoorumit aktiivisuuden ja teemojen mukaan. Teemoja olivat nuorten vapaa-aika, perheet ja harrastaminen, urheilu ja hyvinvointi. Emme osallistuneet keskusteluihin vaan k\u00e4vimme useita keskustelujonoja l\u00e4vitse ulkopuolisina havainnoitsijoina. Keskustelufoorumeiden viestit on analysoitu sis\u00e4ll\u00f6n analyysin mukaisesti.<\/p>\n<p style=\"text-align: justify\">Keskustelufoorumit nostivat esille monia ajatuksia ja ideoita, joista p\u00e4\u00e4llimm\u00e4iset liikuntapalvelun sopivuutta erilaisille perheille. Kohderyhm\u00e4 hakee heille r\u00e4\u00e4t\u00e4l\u00f6ityj\u00e4 ratkaisuja. N\u00e4k\u00f6kulma tulisi ottaa huomioon tuotteiden paketoinnissa ja tarkastella, kuinka palvelu voidaan personoida asiakkaille.<\/p>\n<p><a href=\"https:\/\/blogi.eoppimispalvelut.fi\/elavalappi\/files\/2012\/10\/kuplarivi.png\"><img loading=\"lazy\" decoding=\"async\" alt=\"\" src=\"https:\/\/blogi.eoppimispalvelut.fi\/elavalappi\/files\/2012\/10\/kuplarivi-1024x56.png\" width=\"640\" height=\"35\" \/><\/a><\/p>\n<h3>Kysely liikuntapalveluista<\/h3>\n<p style=\"text-align: justify\">Ramk:n liikunnan ja vapaa-ajan opiskelijat tekiv\u00e4t pienryhmiss\u00e4 syksyn 2011 aikan kyselyn, jolla ker\u00e4ttiin millaisista ymp\u00e4rivuotisista palveluista liikuntaa harrastava perhe on kiinnostunut ja miksi. Kysely suoritetaan suomalaisille urheiluseuran j\u00e4senille. Kyselyn kohderyhm\u00e4n\u00e4 olivat suomalaiset lapsiperheet, jossa lapset ovat aktiivisia (5v-16v) ja harrastavat liikuntaa.<\/p>\n<ul>\n<li><a href=\"https:\/\/blogi.eoppimispalvelut.fi\/elavalappi\/ounasvaara-living-lab\/2010-2011\/lataa-ryhman-1-kyselyn-tulokset-tasta\/\" rel=\"attachment wp-att-1182\">Lataa ryhm\u00e4n 1 kyselyn tulokset t\u00e4st\u00e4<\/a><\/li>\n<li><a href=\"https:\/\/blogi.eoppimispalvelut.fi\/elavalappi\/ounasvaara-living-lab\/2010-2011\/lataa-tasta-ryhma-2-kyselyn-tulokset\/\" rel=\"attachment wp-att-1181\">Lataa t\u00e4st\u00e4 ryhm\u00e4 2 kyselyn tulokset<\/a><\/li>\n<li><a href=\"https:\/\/blogi.eoppimispalvelut.fi\/elavalappi\/ounasvaara-living-lab\/2010-2011\/lataa-tasta-ryhma-3-kyselyn-tulokset\/\" rel=\"attachment wp-att-1180\">Lataa t\u00e4st\u00e4 ryhm\u00e4 3 kyselyn tulokset<\/a><\/li>\n<\/ul>\n<p>&nbsp;<\/p>\n","protected":false},"excerpt":{"rendered":"<p>Hyv\u00e4 p\u00e4iv\u00e4 &#8211; tiedonkeruu Kev\u00e4\u00e4n 2011 toteutettiin aikana tiedonkeruun Ounasvaaran hiihtokeskuksen asiakkailta. Tiedonkeruussa haastettiin aikuisia miettim\u00e4\u00e4n ja unelmoimaan perheens\u00e4 hyv\u00e4st\u00e4 p\u00e4iv\u00e4st\u00e4. Asiakkaat saivat t\u00e4ytt\u00e4\u00e4 24 tunnin kellon kuvan ja kuvata siihen oman perheens\u00e4 p\u00e4iv\u00e4\u00e4, jolloin kaikki menisi upeasti. Vastaavasti lapset &hellip; <a href=\"https:\/\/blogi.eoppimispalvelut.fi\/elavalappi\/about\/ounasvaara-living-lab\/2010-2011\/\">Continue reading <span class=\"meta-nav\">&rarr;<\/span><\/a><\/p>\n","protected":false},"author":243,"featured_media":0,"parent":526,"menu_order":1,"comment_status":"closed","ping_status":"closed","template":"","meta":{"footnotes":""},"class_list":["post-1173","page","type-page","status-publish","hentry"],"_links":{"self":[{"href":"https:\/\/blogi.eoppimispalvelut.fi\/elavalappi\/wp-json\/wp\/v2\/pages\/1173","targetHints":{"allow":["GET"]}}],"collection":[{"href":"https:\/\/blogi.eoppimispalvelut.fi\/elavalappi\/wp-json\/wp\/v2\/pages"}],"about":[{"href":"https:\/\/blogi.eoppimispalvelut.fi\/elavalappi\/wp-json\/wp\/v2\/types\/page"}],"author":[{"embeddable":true,"href":"https:\/\/blogi.eoppimispalvelut.fi\/elavalappi\/wp-json\/wp\/v2\/users\/243"}],"replies":[{"embeddable":true,"href":"https:\/\/blogi.eoppimispalvelut.fi\/elavalappi\/wp-json\/wp\/v2\/comments?post=1173"}],"version-history":[{"count":5,"href":"https:\/\/blogi.eoppimispalvelut.fi\/elavalappi\/wp-json\/wp\/v2\/pages\/1173\/revisions"}],"predecessor-version":[{"id":1455,"href":"https:\/\/blogi.eoppimispalvelut.fi\/elavalappi\/wp-json\/wp\/v2\/pages\/1173\/revisions\/1455"}],"up":[{"embeddable":true,"href":"https:\/\/blogi.eoppimispalvelut.fi\/elavalappi\/wp-json\/wp\/v2\/pages\/526"}],"wp:attachment":[{"href":"https:\/\/blogi.eoppimispalvelut.fi\/elavalappi\/wp-json\/wp\/v2\/media?parent=1173"}],"curies":[{"name":"wp","href":"https:\/\/api.w.org\/{rel}","templated":true}]}}