{"id":1211,"date":"2013-03-13T15:00:12","date_gmt":"2013-03-13T12:00:12","guid":{"rendered":"https:\/\/blogi.eoppimispalvelut.fi\/elavalappi\/?page_id=1211"},"modified":"2014-09-08T14:51:28","modified_gmt":"2014-09-08T11:51:28","slug":"innostava-verkkopalaute","status":"publish","type":"page","link":"https:\/\/blogi.eoppimispalvelut.fi\/elavalappi\/ideoi-ja-kehita\/yhteistyo-rajalla-pa-gransen-kauppakeskuksen-kanssa\/innostava-verkkopalaute\/","title":{"rendered":"Innostava verkkopalaute"},"content":{"rendered":"<p><a href=\"https:\/\/blogi.eoppimispalvelut.fi\/elavalappi\/files\/2013\/03\/arviointi_symboli1.jpg\"><img loading=\"lazy\" decoding=\"async\" class=\"size-full wp-image-1218 alignright\" alt=\"arviointi_symboli\" src=\"https:\/\/blogi.eoppimispalvelut.fi\/elavalappi\/files\/2013\/03\/arviointi_symboli1.jpg\" width=\"267\" height=\"288\" \/><\/a><\/p>\n<p><b>MIKSI SE ON NIIN HANKALAA?<\/b><\/p>\n<p>Mill\u00e4 tavalla voisimme tehd\u00e4 kauppakeskusten palautteenannon houkuttelevammaksi?<\/p>\n<p>a)\u00a0\u00a0\u00a0 Lis\u00e4\u00e4m\u00e4ll\u00e4 palautekanavia? Mit\u00e4 kanavaa haluaisit k\u00e4ytt\u00e4\u00e4 mieluiten? esim. suoraan liikkeeseen, Facebook, verkkokysely, mobiilikysely (ilmainen tekstiviesti) tai joku muu?<\/p>\n<p>b) Palkkion mahdollisuus annetusta palautteesta esim. pieni lahjakortti tai joku muu?<\/p>\n<p>c) Ehdota oma ideasi<\/p>\n<p>Ker\u00e4\u00e4mme k\u00e4ytt\u00e4jien ajatuksia aiheesta, j\u00e4t\u00e4 sin\u00e4kin omat ideasi kommenttina!<\/p>\n<p><a href=\"https:\/\/blogi.eoppimispalvelut.fi\/elavalappi\/files\/2012\/10\/kuplarivi.png\"><img loading=\"lazy\" decoding=\"async\" class=\"aligncenter size-full wp-image-1082\" alt=\"kuplarivi\" src=\"https:\/\/blogi.eoppimispalvelut.fi\/elavalappi\/files\/2012\/10\/kuplarivi.png\" width=\"3644\" height=\"200\" srcset=\"https:\/\/blogi.eoppimispalvelut.fi\/elavalappi\/files\/2012\/10\/kuplarivi.png 3644w, https:\/\/blogi.eoppimispalvelut.fi\/elavalappi\/files\/2012\/10\/kuplarivi-300x16.png 300w, https:\/\/blogi.eoppimispalvelut.fi\/elavalappi\/files\/2012\/10\/kuplarivi-1024x56.png 1024w\" sizes=\"auto, (max-width: 3644px) 100vw, 3644px\" \/><\/a><\/p>\n<p>&nbsp;<\/p>\n","protected":false},"excerpt":{"rendered":"<p>MIKSI SE ON NIIN HANKALAA? Mill\u00e4 tavalla voisimme tehd\u00e4 kauppakeskusten palautteenannon houkuttelevammaksi? a)\u00a0\u00a0\u00a0 Lis\u00e4\u00e4m\u00e4ll\u00e4 palautekanavia? Mit\u00e4 kanavaa haluaisit k\u00e4ytt\u00e4\u00e4 mieluiten? esim. suoraan liikkeeseen, Facebook, verkkokysely, mobiilikysely (ilmainen tekstiviesti) tai joku muu? b) Palkkion mahdollisuus annetusta palautteesta esim. pieni lahjakortti tai &hellip; <a href=\"https:\/\/blogi.eoppimispalvelut.fi\/elavalappi\/ideoi-ja-kehita\/yhteistyo-rajalla-pa-gransen-kauppakeskuksen-kanssa\/innostava-verkkopalaute\/\">Continue reading <span class=\"meta-nav\">&rarr;<\/span><\/a><\/p>\n","protected":false},"author":643,"featured_media":0,"parent":1462,"menu_order":1,"comment_status":"open","ping_status":"closed","template":"","meta":{"footnotes":""},"class_list":["post-1211","page","type-page","status-publish","hentry"],"_links":{"self":[{"href":"https:\/\/blogi.eoppimispalvelut.fi\/elavalappi\/wp-json\/wp\/v2\/pages\/1211","targetHints":{"allow":["GET"]}}],"collection":[{"href":"https:\/\/blogi.eoppimispalvelut.fi\/elavalappi\/wp-json\/wp\/v2\/pages"}],"about":[{"href":"https:\/\/blogi.eoppimispalvelut.fi\/elavalappi\/wp-json\/wp\/v2\/types\/page"}],"author":[{"embeddable":true,"href":"https:\/\/blogi.eoppimispalvelut.fi\/elavalappi\/wp-json\/wp\/v2\/users\/643"}],"replies":[{"embeddable":true,"href":"https:\/\/blogi.eoppimispalvelut.fi\/elavalappi\/wp-json\/wp\/v2\/comments?post=1211"}],"version-history":[{"count":8,"href":"https:\/\/blogi.eoppimispalvelut.fi\/elavalappi\/wp-json\/wp\/v2\/pages\/1211\/revisions"}],"predecessor-version":[{"id":1220,"href":"https:\/\/blogi.eoppimispalvelut.fi\/elavalappi\/wp-json\/wp\/v2\/pages\/1211\/revisions\/1220"}],"up":[{"embeddable":true,"href":"https:\/\/blogi.eoppimispalvelut.fi\/elavalappi\/wp-json\/wp\/v2\/pages\/1462"}],"wp:attachment":[{"href":"https:\/\/blogi.eoppimispalvelut.fi\/elavalappi\/wp-json\/wp\/v2\/media?parent=1211"}],"curies":[{"name":"wp","href":"https:\/\/api.w.org\/{rel}","templated":true}]}}