{"id":1221,"date":"2013-03-15T14:20:37","date_gmt":"2013-03-15T11:20:37","guid":{"rendered":"https:\/\/blogi.eoppimispalvelut.fi\/elavalappi\/?page_id=1221"},"modified":"2014-09-08T14:52:24","modified_gmt":"2014-09-08T11:52:24","slug":"virtuaalinen-lapsiparkki","status":"publish","type":"page","link":"https:\/\/blogi.eoppimispalvelut.fi\/elavalappi\/ideoi-ja-kehita\/yhteistyo-rajalla-pa-gransen-kauppakeskuksen-kanssa\/virtuaalinen-lapsiparkki\/","title":{"rendered":"Virtuaalinen lapsiparkki"},"content":{"rendered":"<p>Olemme kehitt\u00e4m\u00e4ss\u00e4 uudenlaisia lapsiparkkeja ja haluaisimme kuulla, miten sinun lapsesi kuluttaa aikaa k\u00e4ydess\u00e4nne yhdess\u00e4 kauppakeskuksessa?<\/p>\n<p><a href=\"https:\/\/blogi.eoppimispalvelut.fi\/elavalappi\/files\/2012\/10\/kuplarivi.png\"><img loading=\"lazy\" decoding=\"async\" class=\"aligncenter size-full wp-image-1082\" alt=\"kuplarivi\" src=\"https:\/\/blogi.eoppimispalvelut.fi\/elavalappi\/files\/2012\/10\/kuplarivi.png\" width=\"3644\" height=\"200\" srcset=\"https:\/\/blogi.eoppimispalvelut.fi\/elavalappi\/files\/2012\/10\/kuplarivi.png 3644w, https:\/\/blogi.eoppimispalvelut.fi\/elavalappi\/files\/2012\/10\/kuplarivi-300x16.png 300w, https:\/\/blogi.eoppimispalvelut.fi\/elavalappi\/files\/2012\/10\/kuplarivi-1024x56.png 1024w\" sizes=\"auto, (max-width: 3644px) 100vw, 3644px\" \/><\/a><\/p>\n","protected":false},"excerpt":{"rendered":"<p>Olemme kehitt\u00e4m\u00e4ss\u00e4 uudenlaisia lapsiparkkeja ja haluaisimme kuulla, miten sinun lapsesi kuluttaa aikaa k\u00e4ydess\u00e4nne yhdess\u00e4 kauppakeskuksessa?<\/p>\n","protected":false},"author":643,"featured_media":0,"parent":1462,"menu_order":5,"comment_status":"open","ping_status":"closed","template":"","meta":{"footnotes":""},"class_list":["post-1221","page","type-page","status-publish","hentry"],"_links":{"self":[{"href":"https:\/\/blogi.eoppimispalvelut.fi\/elavalappi\/wp-json\/wp\/v2\/pages\/1221","targetHints":{"allow":["GET"]}}],"collection":[{"href":"https:\/\/blogi.eoppimispalvelut.fi\/elavalappi\/wp-json\/wp\/v2\/pages"}],"about":[{"href":"https:\/\/blogi.eoppimispalvelut.fi\/elavalappi\/wp-json\/wp\/v2\/types\/page"}],"author":[{"embeddable":true,"href":"https:\/\/blogi.eoppimispalvelut.fi\/elavalappi\/wp-json\/wp\/v2\/users\/643"}],"replies":[{"embeddable":true,"href":"https:\/\/blogi.eoppimispalvelut.fi\/elavalappi\/wp-json\/wp\/v2\/comments?post=1221"}],"version-history":[{"count":2,"href":"https:\/\/blogi.eoppimispalvelut.fi\/elavalappi\/wp-json\/wp\/v2\/pages\/1221\/revisions"}],"predecessor-version":[{"id":1223,"href":"https:\/\/blogi.eoppimispalvelut.fi\/elavalappi\/wp-json\/wp\/v2\/pages\/1221\/revisions\/1223"}],"up":[{"embeddable":true,"href":"https:\/\/blogi.eoppimispalvelut.fi\/elavalappi\/wp-json\/wp\/v2\/pages\/1462"}],"wp:attachment":[{"href":"https:\/\/blogi.eoppimispalvelut.fi\/elavalappi\/wp-json\/wp\/v2\/media?parent=1221"}],"curies":[{"name":"wp","href":"https:\/\/api.w.org\/{rel}","templated":true}]}}