{"id":1224,"date":"2013-03-17T13:22:48","date_gmt":"2013-03-17T10:22:48","guid":{"rendered":"https:\/\/blogi.eoppimispalvelut.fi\/elavalappi\/?page_id=1224"},"modified":"2014-09-08T14:52:17","modified_gmt":"2014-09-08T11:52:17","slug":"sosiaalinen-media-kauppakeskuksessa","status":"publish","type":"page","link":"https:\/\/blogi.eoppimispalvelut.fi\/elavalappi\/ideoi-ja-kehita\/yhteistyo-rajalla-pa-gransen-kauppakeskuksen-kanssa\/sosiaalinen-media-kauppakeskuksessa\/","title":{"rendered":"Sosiaalinen media kauppakeskukseSSA"},"content":{"rendered":"<p><img loading=\"lazy\" decoding=\"async\" class=\" wp-image-1225 alignright\" alt=\"some_kuva\" src=\"https:\/\/blogi.eoppimispalvelut.fi\/elavalappi\/files\/2013\/03\/some_kuva.jpg\" width=\"352\" height=\"205\" srcset=\"https:\/\/blogi.eoppimispalvelut.fi\/elavalappi\/files\/2013\/03\/some_kuva.jpg 634w, https:\/\/blogi.eoppimispalvelut.fi\/elavalappi\/files\/2013\/03\/some_kuva-300x175.jpg 300w\" sizes=\"auto, (max-width: 352px) 100vw, 352px\" \/><\/p>\n<p style=\"text-align: justify\">Kaupat ja kauppakeskukset hy\u00f6dyn-t\u00e4v\u00e4t yh\u00e4 enemm\u00e4n sosiaalista mediaa markkinoinnissa ja asiakas-palvelussa.<\/p>\n<ul>\n<li>Mit\u00e4 sosiaalisen median palveluja sin\u00e4 k\u00e4yt\u00e4t shoppaillessasi?<\/li>\n<li>Millaisia sosiaalisen median palveluja haluaisit hy\u00f6dynt\u00e4\u00e4 asioidessasi kauppakeskuksessa?<\/li>\n<\/ul>\n<p><a href=\"https:\/\/blogi.eoppimispalvelut.fi\/elavalappi\/files\/2012\/10\/kuplarivi.png\"><img loading=\"lazy\" decoding=\"async\" class=\"aligncenter size-full wp-image-1082\" alt=\"kuplarivi\" src=\"https:\/\/blogi.eoppimispalvelut.fi\/elavalappi\/files\/2012\/10\/kuplarivi.png\" width=\"3644\" height=\"200\" srcset=\"https:\/\/blogi.eoppimispalvelut.fi\/elavalappi\/files\/2012\/10\/kuplarivi.png 3644w, https:\/\/blogi.eoppimispalvelut.fi\/elavalappi\/files\/2012\/10\/kuplarivi-300x16.png 300w, https:\/\/blogi.eoppimispalvelut.fi\/elavalappi\/files\/2012\/10\/kuplarivi-1024x56.png 1024w\" sizes=\"auto, (max-width: 3644px) 100vw, 3644px\" \/><\/a><\/p>\n","protected":false},"excerpt":{"rendered":"<p>Kaupat ja kauppakeskukset hy\u00f6dyn-t\u00e4v\u00e4t yh\u00e4 enemm\u00e4n sosiaalista mediaa markkinoinnissa ja asiakas-palvelussa. Mit\u00e4 sosiaalisen median palveluja sin\u00e4 k\u00e4yt\u00e4t shoppaillessasi? Millaisia sosiaalisen median palveluja haluaisit hy\u00f6dynt\u00e4\u00e4 asioidessasi kauppakeskuksessa?<\/p>\n","protected":false},"author":643,"featured_media":0,"parent":1462,"menu_order":4,"comment_status":"open","ping_status":"closed","template":"","meta":{"footnotes":""},"class_list":["post-1224","page","type-page","status-publish","hentry"],"_links":{"self":[{"href":"https:\/\/blogi.eoppimispalvelut.fi\/elavalappi\/wp-json\/wp\/v2\/pages\/1224","targetHints":{"allow":["GET"]}}],"collection":[{"href":"https:\/\/blogi.eoppimispalvelut.fi\/elavalappi\/wp-json\/wp\/v2\/pages"}],"about":[{"href":"https:\/\/blogi.eoppimispalvelut.fi\/elavalappi\/wp-json\/wp\/v2\/types\/page"}],"author":[{"embeddable":true,"href":"https:\/\/blogi.eoppimispalvelut.fi\/elavalappi\/wp-json\/wp\/v2\/users\/643"}],"replies":[{"embeddable":true,"href":"https:\/\/blogi.eoppimispalvelut.fi\/elavalappi\/wp-json\/wp\/v2\/comments?post=1224"}],"version-history":[{"count":5,"href":"https:\/\/blogi.eoppimispalvelut.fi\/elavalappi\/wp-json\/wp\/v2\/pages\/1224\/revisions"}],"predecessor-version":[{"id":1230,"href":"https:\/\/blogi.eoppimispalvelut.fi\/elavalappi\/wp-json\/wp\/v2\/pages\/1224\/revisions\/1230"}],"up":[{"embeddable":true,"href":"https:\/\/blogi.eoppimispalvelut.fi\/elavalappi\/wp-json\/wp\/v2\/pages\/1462"}],"wp:attachment":[{"href":"https:\/\/blogi.eoppimispalvelut.fi\/elavalappi\/wp-json\/wp\/v2\/media?parent=1224"}],"curies":[{"name":"wp","href":"https:\/\/api.w.org\/{rel}","templated":true}]}}